{"id":103,"date":"2015-03-13T07:58:09","date_gmt":"2015-03-13T07:58:09","guid":{"rendered":"http:\/\/eastpress.de\/lifis\/?page_id=103"},"modified":"2017-09-16T09:38:11","modified_gmt":"2017-09-16T09:38:11","slug":"1-leibniz-konferenz-nanoscience-2005","status":"publish","type":"page","link":"https:\/\/leibniz-institut.de\/en\/konferenzen\/konferenz-archiv\/1-leibniz-konferenz-nanoscience-2005\/","title":{"rendered":"1. Leibniz-Konferenz Nanoscience 2005"},"content":{"rendered":"<h1 class=\"artikel\">Nanoscience 2005<\/h1>\n<div class=\"artikel\">6. &#8211; 8. Oktober 2005<\/div>\n<div class=\"artikel\">Best Western Hotel am Schlosspark, 09577 Lichtenwalde (Sachsen), Deutschland<\/div>\n<h2>Veranstalter:<\/h2>\n<div class=\"artikel\">LEIBNIZ-INSTITUT f\u00fcr interdisziplin\u00e4re Studien e.V. (LIFIS)<br \/>\nSchloss Lichtenwalde in Zusammenarbeit mit<br \/>\nLEIBNIZ-SOZIET\u00c4T e.V., Berlin<br \/>\nund IHP Frankfurt (Oder)<\/div>\n<div class=\"artikel\"><\/div>\n<h2>Programminhalte:<\/h2>\n<p>Die Konferenz l\u00e4dt zum Dialog unter dem Begriff \u201eNanoscience\u201c ein. Mit der Ann\u00e4herung an die molekularen und atomaren Dimensionen werden die Dominanz klassischer physikalischer Prinzipien weitgehend aufgehoben und neue Eigenschaften beobachtet. Als Nanostrukturen werden solche Strukturen betrachtet, die in mindestens 2 Dimensionen kleiner als 100 nm sind. Als ein interessanter Aspekt wird die Kombination von Materialwissenschaften und Molekularbiologie angesehen, die den interdisziplin\u00e4ren Charakter der Nanowissenschaften deutlich unterstreicht. Diesem Anliegen sind folgende Schwerpunkte gewidmet:<\/p>\n<ul>\n<li>Nanoeffekte; vorrangig bezogen auf Elektronik, Photonik und Biologie<\/li>\n<li>Nanomaterialien<\/li>\n<li>Nanosysteme<\/li>\n<\/ul>\n<h2>Konferenzleitung:<\/h2>\n<ul>\n<li>H. Richter, IHP, Frankfurt (Oder)<\/li>\n<li>H. Brunner, FhG Institut f\u00fcr Grenzfl\u00e4chen- und Bioverfahrenstechnik, Stuttgart<\/li>\n<li>B. Junghans, Silicon Saxony e.V. und ZMD, Dresden<\/li>\n<li>M. K\u00f6hler, TU Ilmenau, Institut f\u00fcr Physik, Ilmenau<\/li>\n<li>B. Michel, FhG Institut f\u00fcr Zuverl\u00e4ssigkeit und Mikrointegration, Berlin<\/li>\n<li>G. Wangermann, LIFIS, Berlin<\/li>\n<\/ul>\n<h2>Programmbeirat:<\/h2>\n<ul>\n<li>H. Brunner, Stuttgart<\/li>\n<li>D. Falkenhagen, Krems (\u00d6sterreich)<\/li>\n<li>H. G. Grimmeiss, Lund (Schweden)<\/li>\n<li>H. Klinkmann, Rostock<\/li>\n<li>M. K\u00f6hler, Ilmenau<\/li>\n<li>H. Richter, Frankfurt (Oder)<\/li>\n<li>W. Sch\u00fctt, Krems (\u00d6sterreich)<\/li>\n<li>G. von Sengbusch, St. Dionys<\/li>\n<li>J. Vienken, Usingen<\/li>\n<li>G. Wangermann, Berlin<\/li>\n<li>B. Wilhelmi, Jena<\/li>\n<\/ul>\n<h2>Weitere Informationen und Downloads<\/h2>\n<ul>\n<li><a href=\"http:\/\/www.leibniz-institut.de\/usr_files\/3_nanoscience_programm.pdf\" target=\"_blank\">Programm <\/a>(90KB, PDF-Format)<\/li>\n<li><a href=\"http:\/\/www.leibniz-institut.de\/usr_files\/4_teilnehmer_nanoscience.pdf\" target=\"_blank\">Teilnehmerliste <\/a>(60KB, PDF-Format)<\/li>\n<li><a href=\"http:\/\/www.leibniz-institut.de\/usr_files\/5_nanoscience_teilnehmer.jpg\" target=\"_blank\">Teilnehmerfoto <\/a>(220KB, JPG-Format)<\/li>\n<\/ul>\n","protected":false},"excerpt":{"rendered":"<p>Nanoscience 2005 6. &#8211; 8. Oktober 2005 Best Western Hotel am Schlosspark, 09577 Lichtenwalde (Sachsen), Deutschland Veranstalter: LEIBNIZ-INSTITUT f\u00fcr interdisziplin\u00e4re Studien e.V. (LIFIS) Schloss Lichtenwalde in Zusammenarbeit mit LEIBNIZ-SOZIET\u00c4T e.V., <a class=\"more-link\" href=\"https:\/\/leibniz-institut.de\/en\/konferenzen\/konferenz-archiv\/1-leibniz-konferenz-nanoscience-2005\/\">Weiterlesen \u2192<\/a><\/p>\n","protected":false},"author":2,"featured_media":0,"parent":315,"menu_order":1,"comment_status":"closed","ping_status":"closed","template":"","meta":{"footnotes":""},"class_list":["post-103","page","type-page","status-publish","hentry"],"translation":{"provider":"WPGlobus","version":"3.0.2","language":"en","enabled_languages":["de","en","ru"],"languages":{"de":{"title":true,"content":true,"excerpt":false},"en":{"title":false,"content":false,"excerpt":false},"ru":{"title":false,"content":false,"excerpt":false}}},"_links":{"self":[{"href":"https:\/\/leibniz-institut.de\/en\/wp-json\/wp\/v2\/pages\/103","targetHints":{"allow":["GET"]}}],"collection":[{"href":"https:\/\/leibniz-institut.de\/en\/wp-json\/wp\/v2\/pages"}],"about":[{"href":"https:\/\/leibniz-institut.de\/en\/wp-json\/wp\/v2\/types\/page"}],"author":[{"embeddable":true,"href":"https:\/\/leibniz-institut.de\/en\/wp-json\/wp\/v2\/users\/2"}],"replies":[{"embeddable":true,"href":"https:\/\/leibniz-institut.de\/en\/wp-json\/wp\/v2\/comments?post=103"}],"version-history":[{"count":5,"href":"https:\/\/leibniz-institut.de\/en\/wp-json\/wp\/v2\/pages\/103\/revisions"}],"predecessor-version":[{"id":662,"href":"https:\/\/leibniz-institut.de\/en\/wp-json\/wp\/v2\/pages\/103\/revisions\/662"}],"up":[{"embeddable":true,"href":"https:\/\/leibniz-institut.de\/en\/wp-json\/wp\/v2\/pages\/315"}],"wp:attachment":[{"href":"https:\/\/leibniz-institut.de\/en\/wp-json\/wp\/v2\/media?parent=103"}],"curies":[{"name":"wp","href":"https:\/\/api.w.org\/{rel}","templated":true}]}}