{"id":106,"date":"2015-03-13T08:04:38","date_gmt":"2015-03-13T08:04:38","guid":{"rendered":"http:\/\/eastpress.de\/lifis\/?page_id=106"},"modified":"2017-09-16T09:38:22","modified_gmt":"2017-09-16T09:38:22","slug":"2-leibniz-konferenz-solarzeitalter-2006","status":"publish","type":"page","link":"https:\/\/leibniz-institut.de\/en\/konferenzen\/konferenz-archiv\/2-leibniz-konferenz-solarzeitalter-2006\/","title":{"rendered":"2. Leibniz-Konferenz Solarzeitalter 2006"},"content":{"rendered":"<h1>SOLARZEITALTER\u00a02006 &#8211; Stoffproduktion im Solarzeitalter<\/h1>\n<p>11. &#8211; 13.\u00a0Mai 2006<br \/>\nBest Western Hotel am Schlosspark, 09577 Lichtenwalde (Sachsen), Deutschland<\/p>\n<h2>Veranstalter:<\/h2>\n<div class=\"artikel\">LEIBNIZ-INSTITUT f\u00fcr interdisziplin\u00e4re Studien e.V. (LIFIS)<br \/>\nSchloss Lichtenwalde<br \/>\nin Zusammenarbeit mit<br \/>\nLEIBNIZ-SOZIET\u00c4T e.V., Berlin<\/div>\n<h2>Schirmherrschaft:<\/h2>\n<p>EUROSOLAR e.V., Bonn<\/p>\n<h2>Programminhalte:<\/h2>\n<p>Die 2. Leibniz-Konferenz steht konzeptionell in der Nachfolge der im September 2003 veranstalteten 8. Augustusburg-Konferenz \u201eSolarzeitalter &#8211; Vision und Realit\u00e4t\u201c. Die folgende Konferenz setzt die Bedeutung und die spezifischen Probleme der Stoffwirtschaft im Solarzeitalter in den Mittelpunkt der Betrachtung.<br \/>\nDabei wird als Solarzeitalter ein Szenario der Vollversorgung mit regenerativen Energien verstanden, in dem aus Gr\u00fcnden des Klimaschutzes und der Ressourcen-Ersch\u00f6pfung ausschlie\u00dflich die flie\u00dfenden Energien der Natur \u2013 Sonne, Wind, Wasser, Biomasse, Meeresstr\u00f6mung, Erdw\u00e4rme \u2013 und als einzige Kohlenstoffquellen Biomasse sowie das Kohlenstoffdioxid der Atmosph\u00e4re, der Meere und technischer Abgase zur Verf\u00fcgung stehen.<\/p>\n<h2>Schwerpunkte des Konferenzprogramms sind u.a.:<\/h2>\n<ul>\n<li>Das System Solare Gesellschaft<\/li>\n<li>Verbindungen aus Biomasse<\/li>\n<li>Stoffe aus nat\u00fcrlichem Kohlenstoffdioxid<\/li>\n<li>Wasserstoffwirtschaft<\/li>\n<li>Photochemische Synthesen<\/li>\n<li>Solarthermische Synthesen<\/li>\n<li>Kreislaufwirtschaft im Solarzeitalter<\/li>\n<li>Technikfolgen im Solarzeitalter.<\/li>\n<\/ul>\n<h2>Programmkomitee:<\/h2>\n<ul>\n<li>D. M\u00f6ller, BTU Cottbus (Vorsitz)<\/li>\n<li>H.Brunner, FhG IGB, Stuttgart<\/li>\n<li>G. \u00d6hlmann, Leibniz-Soziet\u00e4t, Berlin<\/li>\n<li>D. Sp\u00e4nkuch, Leibniz-Soziet\u00e4t, Berlin<\/li>\n<li>H. Tributsch, Hahn-Meitner-Institut, Berlin<\/li>\n<li>G. Wangermann, LIFIS e.V., Schloss Lichtenwalde<\/li>\n<\/ul>\n<h2>Weitere Informationen und Downloads<\/h2>\n<ul>\n<li><a href=\"http:\/\/www.leibniz-institut.de\/usr_files\/6_solarzeitalter_programm.pdf\" target=\"_blank\"><strong>Programm <\/strong><\/a>(45KB, PDF-Format)<\/li>\n<li><a href=\"http:\/\/www.leibniz-institut.de\/usr_files\/7_solarzeitalter_teilnehmer.pdf\" target=\"_blank\"><strong>Teilnehmerliste<\/strong><\/a> (115KB, PDF-Format)<\/li>\n<\/ul>\n","protected":false},"excerpt":{"rendered":"<p>SOLARZEITALTER\u00a02006 &#8211; Stoffproduktion im Solarzeitalter 11. &#8211; 13.\u00a0Mai 2006 Best Western Hotel am Schlosspark, 09577 Lichtenwalde (Sachsen), Deutschland Veranstalter: LEIBNIZ-INSTITUT f\u00fcr interdisziplin\u00e4re Studien e.V. (LIFIS) Schloss Lichtenwalde in Zusammenarbeit mit <a class=\"more-link\" href=\"https:\/\/leibniz-institut.de\/en\/konferenzen\/konferenz-archiv\/2-leibniz-konferenz-solarzeitalter-2006\/\">Weiterlesen \u2192<\/a><\/p>\n","protected":false},"author":2,"featured_media":0,"parent":315,"menu_order":2,"comment_status":"closed","ping_status":"closed","template":"","meta":{"footnotes":""},"class_list":["post-106","page","type-page","status-publish","hentry"],"translation":{"provider":"WPGlobus","version":"3.0.2","language":"en","enabled_languages":["de","en","ru"],"languages":{"de":{"title":true,"content":true,"excerpt":false},"en":{"title":false,"content":false,"excerpt":false},"ru":{"title":false,"content":false,"excerpt":false}}},"_links":{"self":[{"href":"https:\/\/leibniz-institut.de\/en\/wp-json\/wp\/v2\/pages\/106","targetHints":{"allow":["GET"]}}],"collection":[{"href":"https:\/\/leibniz-institut.de\/en\/wp-json\/wp\/v2\/pages"}],"about":[{"href":"https:\/\/leibniz-institut.de\/en\/wp-json\/wp\/v2\/types\/page"}],"author":[{"embeddable":true,"href":"https:\/\/leibniz-institut.de\/en\/wp-json\/wp\/v2\/users\/2"}],"replies":[{"embeddable":true,"href":"https:\/\/leibniz-institut.de\/en\/wp-json\/wp\/v2\/comments?post=106"}],"version-history":[{"count":4,"href":"https:\/\/leibniz-institut.de\/en\/wp-json\/wp\/v2\/pages\/106\/revisions"}],"predecessor-version":[{"id":663,"href":"https:\/\/leibniz-institut.de\/en\/wp-json\/wp\/v2\/pages\/106\/revisions\/663"}],"up":[{"embeddable":true,"href":"https:\/\/leibniz-institut.de\/en\/wp-json\/wp\/v2\/pages\/315"}],"wp:attachment":[{"href":"https:\/\/leibniz-institut.de\/en\/wp-json\/wp\/v2\/media?parent=106"}],"curies":[{"name":"wp","href":"https:\/\/api.w.org\/{rel}","templated":true}]}}