{"id":110,"date":"2015-03-13T08:16:38","date_gmt":"2015-03-13T08:16:38","guid":{"rendered":"http:\/\/eastpress.de\/lifis\/?page_id=110"},"modified":"2017-09-16T09:38:54","modified_gmt":"2017-09-16T09:38:54","slug":"5-leibniz-konferenz-nanoscience-2007","status":"publish","type":"page","link":"https:\/\/leibniz-institut.de\/en\/konferenzen\/konferenz-archiv\/5-leibniz-konferenz-nanoscience-2007\/","title":{"rendered":"5. Leibniz-Konferenz Nanoscience 2007"},"content":{"rendered":"<h1 class=\"artikel\">Nanoscience 2007<\/h1>\n<div class=\"artikel\">18. &#8211; 20. Oktober\u00a02007<br \/>\nBest Western Hotel am Schlosspark, 09577 Lichtenwalde (Sachsen), Deutschland<\/div>\n<h2>Veranstalter:<\/h2>\n<p>LEIBNIZ-INSTITUT f\u00fcr interdisziplin\u00e4re Studien e.V. (LIFIS)<br \/>\nSchloss Lichtenwalde<br \/>\nin Zusammenarbeit mit<br \/>\nLEIBNIZ-SOZIET\u00c4T e.V., Berlin<br \/>\nFRAUNHOFER MICRO MATERIALS CENTER, IZM Berlin<br \/>\nEUROPEAN CENTER FOR MICRO- AND NANORELIABILITY (EUCEMAN)<\/p>\n<h2>Programminhalte:<\/h2>\n<p>Die Tagung ist ein Forum f\u00fcr den Dialog zum Thema \u201eNano\u201c \u2013 zu aktuellen Entwicklungen, Trends, M\u00f6glichkeiten und zu potentiellen Risiken der \u201eNanowissenschaften\u201c.<br \/>\nDer interdisziplin\u00e4re Charakter der Konferenz kommt durch Teilnahme von Vertretern der Naturwissenschaften (insbesondere Physik, Materialwissenschaften, Biowissenschaften) aber zugleich von Vertretern der Ingenieurwissenschaften (z.B. Elektronik, Automobilbau und mehreren anwendungsorientierten Fachgebiete) zum Ausdruck.<\/p>\n<p>Wie bereits zur NANOSCIENCE 2005 werden folgende Schwerpunkte behandelt:<\/p>\n<ul>\n<li>Nanoeffekte<\/li>\n<li>Nanomaterialien<\/li>\n<li>Nanokomponenten und Nanosysteme<\/li>\n<\/ul>\n<p>und dar\u00fcber hinaus:<\/p>\n<ul>\n<li>Zuverl\u00e4ssigkeit von Nanokomponenten (\u201eNanoreliability\u201c)<\/li>\n<li>Nanowissenschaften und Gesellschaft<\/li>\n<li>Nanowissenschaften \u2013 Risiken und Sicherheit (\u201eNanosecuritiy\u201c)<\/li>\n<\/ul>\n<h2>Programmkomitee:<\/h2>\n<ul>\n<li>B. Michel, FhG IZM Berlin (Chair)<\/li>\n<li>J. Dual, ETH Z\u00fcrich<\/li>\n<li>W. Eisenberg, Arnold-Sommerfeld-Gesellschaft, Leipzig<\/li>\n<li>H. Fecht, Universit\u00e4t Ulm\/FZ Karlsruhe<\/li>\n<li>L.-G. Fleischer, LIFIS Lichtenwalde<\/li>\n<li>T. Ge\u00dfner, TU7 FhG IZM Chemnitz<\/li>\n<li>A. Leson, FhG IWS Dresden<\/li>\n<li>B. Junghans, Simtek GmbH, Dresden<\/li>\n<li>H. Richter, IHP Frankfurt(Oder)<\/li>\n<li>W. Totzauer, HTW Mittweida<\/li>\n<li>G. Wangermann, LIFIS Lichtenwalde<\/li>\n<li>B. Weiss, Universit\u00e4t Wien<\/li>\n<li>B. Wilhelmi, Jena<\/li>\n<li>O. Wittler, FhG IZM Berlin<\/li>\n<li>E. Wolfgang, Siemens AG, M\u00fcnchen<\/li>\n<li>W. Wondra, DaimlerChrysler AG, Sindelfingen<\/li>\n<\/ul>\n<h2>Weitere Informationen und Downloads<\/h2>\n<ul>\n<li><a href=\"http:\/\/www.leibniz-institut.de\/usr_files\/11_nanoscience2007_programm.pdf\" target=\"_blank\"><strong>Programm <\/strong><\/a>(117KB, PDF-Format)<\/li>\n<li><a href=\"http:\/\/www.leibniz-institut.de\/usr_files\/12_nanoscience2007_teilnehmer.pdf\" target=\"_blank\"><strong>Teilnehmerliste <\/strong><\/a>(102KB, PDF-Format)<\/li>\n<\/ul>\n","protected":false},"excerpt":{"rendered":"<p>Nanoscience 2007 18. &#8211; 20. Oktober\u00a02007 Best Western Hotel am Schlosspark, 09577 Lichtenwalde (Sachsen), Deutschland Veranstalter: LEIBNIZ-INSTITUT f\u00fcr interdisziplin\u00e4re Studien e.V. (LIFIS) Schloss Lichtenwalde in Zusammenarbeit mit LEIBNIZ-SOZIET\u00c4T e.V., Berlin <a class=\"more-link\" href=\"https:\/\/leibniz-institut.de\/en\/konferenzen\/konferenz-archiv\/5-leibniz-konferenz-nanoscience-2007\/\">Weiterlesen \u2192<\/a><\/p>\n","protected":false},"author":2,"featured_media":0,"parent":315,"menu_order":5,"comment_status":"closed","ping_status":"closed","template":"","meta":{"footnotes":""},"class_list":["post-110","page","type-page","status-publish","hentry"],"translation":{"provider":"WPGlobus","version":"3.0.2","language":"en","enabled_languages":["de","en","ru"],"languages":{"de":{"title":true,"content":true,"excerpt":false},"en":{"title":false,"content":false,"excerpt":false},"ru":{"title":false,"content":false,"excerpt":false}}},"_links":{"self":[{"href":"https:\/\/leibniz-institut.de\/en\/wp-json\/wp\/v2\/pages\/110","targetHints":{"allow":["GET"]}}],"collection":[{"href":"https:\/\/leibniz-institut.de\/en\/wp-json\/wp\/v2\/pages"}],"about":[{"href":"https:\/\/leibniz-institut.de\/en\/wp-json\/wp\/v2\/types\/page"}],"author":[{"embeddable":true,"href":"https:\/\/leibniz-institut.de\/en\/wp-json\/wp\/v2\/users\/2"}],"replies":[{"embeddable":true,"href":"https:\/\/leibniz-institut.de\/en\/wp-json\/wp\/v2\/comments?post=110"}],"version-history":[{"count":4,"href":"https:\/\/leibniz-institut.de\/en\/wp-json\/wp\/v2\/pages\/110\/revisions"}],"predecessor-version":[{"id":137,"href":"https:\/\/leibniz-institut.de\/en\/wp-json\/wp\/v2\/pages\/110\/revisions\/137"}],"up":[{"embeddable":true,"href":"https:\/\/leibniz-institut.de\/en\/wp-json\/wp\/v2\/pages\/315"}],"wp:attachment":[{"href":"https:\/\/leibniz-institut.de\/en\/wp-json\/wp\/v2\/media?parent=110"}],"curies":[{"name":"wp","href":"https:\/\/api.w.org\/{rel}","templated":true}]}}