{"id":1115,"date":"2019-04-12T17:46:02","date_gmt":"2019-04-12T17:46:02","guid":{"rendered":"https:\/\/leibniz-institut.de\/?page_id=1115"},"modified":"2022-04-23T07:00:11","modified_gmt":"2022-04-23T07:00:11","slug":"25-leibniz-konferenz-kreativitaet-4-0","status":"publish","type":"page","link":"https:\/\/leibniz-institut.de\/en\/konferenzen\/25-leibniz-konferenz-kreativitaet-4-0\/","title":{"rendered":"25. Leibniz-Konferenz 2019 \u2013 Kreativit\u00e4t 4.0"},"content":{"rendered":"\n<h3 class=\"wp-block-heading\">TRIZ, Design Thinking, Open Innovation und andere Kreativit\u00e4tstechniken im Kontext von Digitaler Transformation<\/h3>\n\n\n\n<h3 class=\"wp-block-heading\">Termin<\/h3>\n\n\n\n<p>13.-14. November 2019 in Berlin Adlershof<br>Pasteur Kabinett, Rudower Chaussee 17<\/p>\n\n\n\n<h3 class=\"wp-block-heading\">Veranstalter<\/h3>\n\n\n\n<p>LEIBNIZ-INSTITUT<br>f\u00fcr interdisziplin\u00e4re Studien e.V. (LIFIS)<br>Berlin-Adlershof<\/p>\n\n\n\n<h3 class=\"wp-block-heading\"><strong>Wissenschaftliche Leitung<\/strong><\/h3>\n\n\n\n<p><strong>Reiner Creutzburg<br><\/strong>LIFIS Berlin und Technische Hochschule Brandenburg<br><a href=\"mailto:creutzburg@th-brandenburg.de\">creutzburg@th-brandenburg.de<\/a><br>Tel.: 0177 304 6561<\/p>\n\n\n\n<p><strong>Ulrich Weinberg<br><\/strong>Hasso-Plattner Institut<br>HPI School of Design Thinking<br><a href=\"mailto:u.weinberg@hpi.de\">u.weinberg@hpi.de<\/a><br>Tel.: 0331 5509-123  <\/p>\n\n\n\n<h3 class=\"wp-block-heading\">Inhalt und Ziel<\/h3>\n\n\n\n<p>Es wird immer wieder betont,  dass wir  in vielen Bereichen disruptive L\u00f6sungen brauchen, also die Entwicklung von Neuem, welches nicht auf den bisherigen Paradigmen und Prozessen aufsetzt und unbekannte Wege nutzt, um zu alternativen Produkten und Diensten zu kommen.<\/p>\n\n\n\n<ul class=\"wp-block-list\"><li>Bedingt Industrie 4.0 auch Kreativit\u00e4t 4.0?<\/li><li>Ist Nachhaltigkeit noch gefragt, wenn Agilit\u00e4t, also st\u00e4ndige Anpassung an aktuelle Bedingungen im Wertsch\u00f6pfungsprozess, das bestimmende Element wird?<\/li><li> Welche Rolle spielt der Kunde im Wertsch\u00f6pfungsprozess von Industrie 4.0?  <\/li><li>Welchen Stellenwert haben  strukturiertes Denken, Heuristiken und K\u00fcnstliche Intelligenz im Kontext von Industrie 4.0?<\/li><li>Welche Zukunft und Anwendung haben agile Prozesse und Arbeitsweisen im Zeitalter der digitalen Transformation? <\/li><\/ul>\n\n\n\n<p>Innovationen k\u00f6nnen in der heutigen vernetzten Welt nur noch kollektiv entstehen.<\/p>\n\n\n\n<ul class=\"wp-block-list\"><li>Was bedeutet das f\u00fcr die Schutzf\u00e4higkeit von Wissen? <\/li><li>Welche neuartigen Ans\u00e4tze werden hierzu im Kontext von Open Innovation gebraucht? Ist Guided Brainstorming oder kreatives probleml\u00f6sendes Denken daf\u00fcr besser geeignet? <\/li><li>Besteht die  Zukunft in der gleichzeitigen Verwendung mehrerer  Innovationsstrategien oder sollten Auswahlverfahren f\u00fcr die jeweils optimale Strategie entwickelt werden? <\/li><li>Wie kann kreatives Denken als Bildungsziel in unserer Gesellschaft etabliert werden?<\/li><\/ul>\n\n\n\n<p>Diese und weitere Fragen im Zusammenhang mit aktuellen gesellschaftlichen Trends im Bereich der Kreativit\u00e4t und des Innovationsmanagements wollen das Leibniz Institut f\u00fcr Interdisziplin\u00e4re Studien (LIFIS) gemeinsam mit dem Hasso-Plattner Institut Potsdam in der 25. Leibniz-Konferenz mit Experten aus verschiedenen Wissensrichtungen und gesellschaftlichen Bereichen er\u00f6rtern. <\/p>\n\n\n\n<ul class=\"wp-block-list\"><li><a href=\"https:\/\/leibniz-institut.de\/Konferenzen\/Kreativitaet-2019\/Ankuendigung.pdf\">Ank\u00fcndigung<\/a><\/li><li><a href=\"https:\/\/leibniz-institut.de\/Konferenzen\/Kreativitaet-2019\/Programm.pdf\">Programm<\/a><\/li><li><a href=\"https:\/\/leibniz-institut.de\/Konferenzen\/Kreativitaet-2019\/Abstractbook.pdf\">Abstractbook<\/a><\/li><li><a href=\"https:\/\/leibniz-institut.de\/programm-der-25-leibniz-konferenz\/\n\">Abstracts zur Konferenz<\/a> mit Downloadoption der Folien zu den Beitr\u00e4gen.<\/li><\/ul>\n\n\n\n<p><\/p>\n","protected":false},"excerpt":{"rendered":"<p>TRIZ, Design Thinking, Open Innovation und andere Kreativit\u00e4tstechniken im Kontext von Digitaler Transformation Termin 13.-14. November 2019 in Berlin AdlershofPasteur Kabinett, Rudower Chaussee 17 Veranstalter LEIBNIZ-INSTITUTf\u00fcr interdisziplin\u00e4re Studien e.V. (LIFIS)Berlin-Adlershof <a class=\"more-link\" href=\"https:\/\/leibniz-institut.de\/en\/konferenzen\/25-leibniz-konferenz-kreativitaet-4-0\/\">Weiterlesen \u2192<\/a><\/p>\n","protected":false},"author":2,"featured_media":0,"parent":31,"menu_order":25,"comment_status":"closed","ping_status":"closed","template":"","meta":{"footnotes":""},"class_list":["post-1115","page","type-page","status-publish","hentry"],"translation":{"provider":"WPGlobus","version":"3.0.2","language":"en","enabled_languages":["de","en","ru"],"languages":{"de":{"title":true,"content":true,"excerpt":false},"en":{"title":false,"content":false,"excerpt":false},"ru":{"title":false,"content":false,"excerpt":false}}},"_links":{"self":[{"href":"https:\/\/leibniz-institut.de\/en\/wp-json\/wp\/v2\/pages\/1115","targetHints":{"allow":["GET"]}}],"collection":[{"href":"https:\/\/leibniz-institut.de\/en\/wp-json\/wp\/v2\/pages"}],"about":[{"href":"https:\/\/leibniz-institut.de\/en\/wp-json\/wp\/v2\/types\/page"}],"author":[{"embeddable":true,"href":"https:\/\/leibniz-institut.de\/en\/wp-json\/wp\/v2\/users\/2"}],"replies":[{"embeddable":true,"href":"https:\/\/leibniz-institut.de\/en\/wp-json\/wp\/v2\/comments?post=1115"}],"version-history":[{"count":15,"href":"https:\/\/leibniz-institut.de\/en\/wp-json\/wp\/v2\/pages\/1115\/revisions"}],"predecessor-version":[{"id":1582,"href":"https:\/\/leibniz-institut.de\/en\/wp-json\/wp\/v2\/pages\/1115\/revisions\/1582"}],"up":[{"embeddable":true,"href":"https:\/\/leibniz-institut.de\/en\/wp-json\/wp\/v2\/pages\/31"}],"wp:attachment":[{"href":"https:\/\/leibniz-institut.de\/en\/wp-json\/wp\/v2\/media?parent=1115"}],"curies":[{"name":"wp","href":"https:\/\/api.w.org\/{rel}","templated":true}]}}