{"id":114,"date":"2015-03-13T08:31:54","date_gmt":"2015-03-13T08:31:54","guid":{"rendered":"http:\/\/eastpress.de\/lifis\/?page_id=114"},"modified":"2017-09-16T09:39:17","modified_gmt":"2017-09-16T09:39:17","slug":"7-leibnizkonferenz-sensorsysteme-2008","status":"publish","type":"page","link":"https:\/\/leibniz-institut.de\/en\/konferenzen\/konferenz-archiv\/7-leibnizkonferenz-sensorsysteme-2008\/","title":{"rendered":"7. Leibniz-Konferenz Sensorsysteme 2008"},"content":{"rendered":"<h1>SENSORSYSTEME 2008. Sensornetzwerke, Stand der Forschung, Konsequenzen f\u00fcr die Gesellschaft<\/h1>\n<div class=\"artikel\">16. &#8211; 18.Oktober\u00a02008<br \/>\nBest Western Hotel am Schlosspark, 09577 Lichtenwalde (Sachsen), Deutschland<\/div>\n<h2>Veranstalter:<\/h2>\n<div class=\"artikel\">LEIBNIZ-INSTITUT f\u00fcr interdisziplin\u00e4re Studien e.V. (LIFIS), Schloss Lichtenwalde<br \/>\nin Zusammenarbeit mit<br \/>\nLEIBNIZ-SOZIET\u00c4T DER WISSENSCHAFTEN ZU BERLIN<\/div>\n<h2>Programminhalte:<\/h2>\n<p>Die Konferenz \u2013 in der Nachfolge der 3. Leibniz-Konferenz vom Oktober 2006 \u2013 bildet eine Plattform f\u00fcr den interdisziplin\u00e4ren Dialog \u00fcber das weit gespannte Thema Sensorsysteme.<\/p>\n<p>Sensorsysteme, insbesondere drahtlose Sensorsysteme, finden zunehmend Verbreitung in immer mehr Bereichen menschlicher T\u00e4tigkeit \u2013 in der Geb\u00e4ude-, Verkehrs- und Industrieautomatisierung, in der Medizintechnik u.a. zur Patienten\u00fcberwachung, im Sicherheitsbereich, in der Milit\u00e4rtechnik ebenso wie bei der Umwelt\u00fcberwachung und der Pr\u00e4zisionslandwirtschaft.<\/p>\n<p>Als Folge der enormen Produktivit\u00e4tssch\u00fcbe, die mit dieser Technik m\u00f6glich werden, beginnt sich ein Massenmarkt f\u00fcr Produkte der Sensorsystemtechnik zu entwickeln, der das Potential hat, die bisherigen \u201eVolumentreiber\u201c f\u00fcr elektronische Massenproduktionen \u2013 Personalcomputer und Mobiltelefone \u2013 um wenigstens zwei Gr\u00f6\u00dfenordnungen zu \u00fcbertreffen. Ein Markt, der aber zugleich durch die enorme Breite und Vielfalt der Anwendungsm\u00f6glichkeiten sehr fragmentiert ist und ausgezeichnete Chancen f\u00fcr hoch spezialisierte KMUs bietet.<\/p>\n<p>Zugleich werden v\u00f6llig neue Herausforderungen an die Entwicklung der Komponenten, aus denen Sensornetzwerke bestehen, gestellt. Diese Herausforderungen ergeben sich aus den f\u00fcr den wirtschaftlichen Erfolg solcher Systeme notwendigen Forderungen nach minimalen Herstellungs- und Betriebskosten, zeitlich nahezu unbegrenztem energieautarken Betrieb, h\u00f6chster Zuverl\u00e4ssigkeit und Sicherheit sowie minimaler Baugr\u00f6\u00dfe und minimalem Energieverbrauch. Deshalb werden heute bereits vielf\u00e4ltige Entwicklungen f\u00fcr Miniatursensoren, extrem energiesparende Hard- und Softwarel\u00f6sungen, autarke Energiegeneratoren und selbstorganisierende Netzwerke in gro\u00dfer Breite betrieben.<\/p>\n<p>Die im Jahr 2006 veranstaltete 3. Leibnizkonferenz, die diesem Thema gewidmet war, hat ein ausgezeichnetes Forum f\u00fcr die lebhafte Diskussion des aktuellen Standes der Entwicklung auf diesem Gebiet und seiner Perspektiven geboten. Im Vordergrund stand dabei der interdisziplin\u00e4re Ansatz, der so charakteristisch f\u00fcr Sensorsysteme ist. Daher \u00f6ffnet die auf Sensorsystemen beruhende \u201eubiquit\u00e4re Elektronik\u201c (auch als \u201eambient intelligence\u201c bezeichnet) ein weites Feld f\u00fcr Innovationen, insbesondere an den Schnittstellen unterschiedlicher Fachdisziplinen. Dies zu initiieren und zu f\u00f6rdern ist das haupts\u00e4chliche Ziel auch der diesj\u00e4hrigen Leibniz-Konferenz \u201eSensorsysteme 2008\u201c. \u00dcberdies liegt ein wesentlicher Schwerpunkt auf dem Gebiet der Energieeinsparung in Sensorsystemen und mit Hilfe von Sensorsystemen. Die volkswirtschaftlichen Reserven auf diesem Gebiet sind ebenso exorbitant wie die Herausforderungen beim Erreichen dieser Ziele.<\/p>\n<h2>Schwerpunkte<\/h2>\n<p><strong>1. Sensorsysteme f\u00fcr Prozess- und Zustands\u00fcberwachung<\/strong><\/p>\n<ul>\n<li>Industrieautomatisierung (Einsatz drahtloser sowie lichtleiterverbundener<br \/>\nSensorsysteme)<\/li>\n<li>Umweltmonitoring (Umwelt\u00fcberwachung von Fl\u00fcssen oder unbewohnten Gegenden, Pr\u00e4zisionslandwirtschaft)<\/li>\n<li>Health-Monitoring f\u00fcr kritische Komponenten, Ger\u00e4te, Systeme, Anlagen in Industrie, Verkehr und Service<\/li>\n<li>Sensorsysteme in Wertsch\u00f6pfungsketten (\u00dcberwachung und Optimierung von Produktions- und Logistikprozessen)<\/li>\n<\/ul>\n<p><strong>2. Energieversorgung und -einsparung<\/strong><\/p>\n<ul>\n<li>Autarke Energieversorgung durch mechanische, thermische, Strahlungs- und andere Wandler<\/li>\n<li>Energiegewinnung und optimierte Verteilung im Netz<\/li>\n<li>Energiespeicherung in Batterien und Superkondensatoren zur Bufferung<\/li>\n<li>Energieverbrauchsminimierung durch Hardware und Software<\/li>\n<li>Energieeinsparung mit Hilfe von Sensorsystemen<\/li>\n<\/ul>\n<p><strong>3. Drahtlose Sensorsysteme<\/strong><\/p>\n<ul>\n<li>Drahtgebundene und drahtlose Sensornetzwerke<\/li>\n<li>Betriebssysteme f\u00fcr Sensornetzwerke<\/li>\n<li>Netzarchitekturen (Struktur, Datenweiterleitung, daten- und ereigniszentrierte Kommunikation, Speicherung im Netz, Fernprogrammierung)<\/li>\n<li>Sicherheit im Netz (physische Sicherheit, Datensicherheit)<\/li>\n<li>Selbstorganisation, Robustheit, Fehlertoleranz<\/li>\n<li>Leistungsarme Schaltungstechniken<\/li>\n<li>Konditionierung und Kalibrierung von Sensorsignalen<\/li>\n<li>Zuverl\u00e4ssigkeit, Sicherheit und Lebensdauer von Sensorsystemen<\/li>\n<li>Echtzeitsysteme<\/li>\n<li>Datenspeicherung<\/li>\n<li>Protokollumsetzung und Verschl\u00fcsselung (incl. Standards)<\/li>\n<\/ul>\n<p><strong>4. Sensorsysteme im Verkehrswesen<\/strong><\/p>\n<ul>\n<li>drahtlose und drahtgebundene Sensorsysteme in Verkehrssystemen<\/li>\n<li>Sensorsysteme im Kraftfahrzeug und zur Kommunikation zwischen Kraftfahrzeugen sowie Kraftfahrzeugen und Infrastruktur<\/li>\n<li>Sensorsysteme in Flugzeugen und Bahnsystemen<\/li>\n<li>Sicherheitstechnik, Antiterrorsysteme (\u00dcberwachung von Personen und Objekten &#8211; station\u00e4r und mobil)<\/li>\n<\/ul>\n<p><strong>5. Sensorsysteme zur Haus- und Geb\u00e4udeautomatisierung<\/strong><\/p>\n<ul>\n<li>Haus- und Geb\u00e4udeautomatisierung<\/li>\n<li>Automatische Verbrauchserfassung von Energie und Medien<\/li>\n<li>Hausger\u00e4teautomatisierung<\/li>\n<\/ul>\n<p><strong>6. Sensorsysteme zur Zustandsdiagnose und Zustands\u00fcberwachung f\u00fcr Personen\u00a0und deren individuellem Umfeld<\/strong><\/p>\n<ul>\n<li>Telemedizin (insbesondere Telemonitoring)<\/li>\n<li>Arbeit in Haus und Garten<\/li>\n<li>Freizeit, Wellness<\/li>\n<li>Freizeit- und Leistungssport<\/li>\n<li>Individuelle Sicherheit (Safety) in allen Bereichen<\/li>\n<li>Kinder und \u00e4ltere Menschen<\/li>\n<li>Netzwerksysteme f\u00fcr Safety und Security<\/li>\n<\/ul>\n<p><strong>7. Humane und Gesellschaftliche Aspekte des massenhaften Einsatzes von\u00a0Sensorsystemen<\/strong><\/p>\n<ul>\n<li>Schnittstelle Mensch-Sensorsystem<\/li>\n<li>Akzeptanz allgegenw\u00e4rtigen Monitorings (Datenschutz versus Sicherheit und Bequemlichkeit)<\/li>\n<li>Umweltaspekte und Energiebilanz<\/li>\n<li>Chancen f\u00fcr kleine und mittelst\u00e4ndische Unternehmen (KMU) auf dem Gebiet der Sensorsysteme<\/li>\n<li>Ver\u00e4nderung von Arbeitsinhalten (etwa Kraftfahrer, B\u00fcro- oder Industriearbeiter) und Qualifizierungsanforderungen<\/li>\n<li>Langfristige Konsequenzen der drastischen Arbeitsproduktivit\u00e4tssteigerung in Folge des durchg\u00e4ngigen und massenhaften Einsatzes von Sensorsystemen<\/li>\n<li>Milit\u00e4r- und sicherheitspolitische Konsequenzen<\/li>\n<\/ul>\n<h2>Programmkomitee:<\/h2>\n<ul>\n<li>Bernd Junghans, Simtek GmbH, Dresden (Vorsitz)<\/li>\n<li>Gerhard Banse, Institut f\u00fcr Technikfolgenabsch\u00e4tzung GmbH, Karlsruhe<\/li>\n<li>Lutz-G\u00fcnther Fleischer, Leibniz-Institut f\u00fcr interdisziplin\u00e4re Studien (LIFIS)<\/li>\n<li>Uwe Meinberg, FhG-Anwendungszentrum f\u00fcr Logistiksystemplanung und Informationssysteme, Cottbus<\/li>\n<li>Norbert Meyendorf, FhG-Institut f\u00fcr Zerst\u00f6rungsfreie Pr\u00fcfverfahren, Dresden<\/li>\n<li>Horst Symanzik, Bosch Sensortec GmbH, Reutlingen<\/li>\n<li>Hans Richter, IHP, Frankfurt (Oder)<\/li>\n<li>Gert Wangermann, Leibniz-Institut f\u00fcr interdisziplin\u00e4re Studien (LIFIS)<\/li>\n<li>Bernd Wilhelmi, Jenoptik AG, Jena<\/li>\n<\/ul>\n<h2>Weitere Informationen und Downloads<\/h2>\n<ul>\n<li><a href=\"http:\/\/www.leibniz-institut.de\/usr_files\/15_sensorsysteme2008_programm.pdf\" target=\"_blank\"><strong>Programm <\/strong><\/a>(115KB, PDF-Format)<\/li>\n<li><a href=\"http:\/\/www.leibniz-institut.de\/usr_files\/16_sensorsysteme2008_teilnehmer.pdf\" target=\"_blank\"><strong>Teilnehmerliste <\/strong><\/a>(111KB, PDF-Format)<\/li>\n<li><a href=\"http:\/\/www.leibniz-institut.de\/usr_files\/17_foto_sensorsysteme2008.jpg\" target=\"_blank\"><strong>Teilnehmerfoto <\/strong><\/a>(107KB, JPG-Format)<\/li>\n<li><strong><a href=\"http:\/\/leibniz-institut.de\/lk7-detail\">Programm und Vortr\u00e4ge mit Downloadoption<\/a><\/strong><\/li>\n<\/ul>\n","protected":false},"excerpt":{"rendered":"<p>SENSORSYSTEME 2008. Sensornetzwerke, Stand der Forschung, Konsequenzen f\u00fcr die Gesellschaft 16. &#8211; 18.Oktober\u00a02008 Best Western Hotel am Schlosspark, 09577 Lichtenwalde (Sachsen), Deutschland Veranstalter: LEIBNIZ-INSTITUT f\u00fcr interdisziplin\u00e4re Studien e.V. (LIFIS), Schloss <a class=\"more-link\" href=\"https:\/\/leibniz-institut.de\/en\/konferenzen\/konferenz-archiv\/7-leibnizkonferenz-sensorsysteme-2008\/\">Weiterlesen \u2192<\/a><\/p>\n","protected":false},"author":2,"featured_media":0,"parent":315,"menu_order":7,"comment_status":"closed","ping_status":"closed","template":"","meta":{"footnotes":""},"class_list":["post-114","page","type-page","status-publish","hentry"],"translation":{"provider":"WPGlobus","version":"3.0.2","language":"en","enabled_languages":["de","en","ru"],"languages":{"de":{"title":true,"content":true,"excerpt":false},"en":{"title":false,"content":false,"excerpt":false},"ru":{"title":false,"content":false,"excerpt":false}}},"_links":{"self":[{"href":"https:\/\/leibniz-institut.de\/en\/wp-json\/wp\/v2\/pages\/114","targetHints":{"allow":["GET"]}}],"collection":[{"href":"https:\/\/leibniz-institut.de\/en\/wp-json\/wp\/v2\/pages"}],"about":[{"href":"https:\/\/leibniz-institut.de\/en\/wp-json\/wp\/v2\/types\/page"}],"author":[{"embeddable":true,"href":"https:\/\/leibniz-institut.de\/en\/wp-json\/wp\/v2\/users\/2"}],"replies":[{"embeddable":true,"href":"https:\/\/leibniz-institut.de\/en\/wp-json\/wp\/v2\/comments?post=114"}],"version-history":[{"count":9,"href":"https:\/\/leibniz-institut.de\/en\/wp-json\/wp\/v2\/pages\/114\/revisions"}],"predecessor-version":[{"id":739,"href":"https:\/\/leibniz-institut.de\/en\/wp-json\/wp\/v2\/pages\/114\/revisions\/739"}],"up":[{"embeddable":true,"href":"https:\/\/leibniz-institut.de\/en\/wp-json\/wp\/v2\/pages\/315"}],"wp:attachment":[{"href":"https:\/\/leibniz-institut.de\/en\/wp-json\/wp\/v2\/media?parent=114"}],"curies":[{"name":"wp","href":"https:\/\/api.w.org\/{rel}","templated":true}]}}