{"id":1175,"date":"2019-11-04T16:05:12","date_gmt":"2019-11-04T16:05:12","guid":{"rendered":"https:\/\/leibniz-institut.de\/?page_id=1175"},"modified":"2022-05-01T15:53:02","modified_gmt":"2022-05-01T15:53:02","slug":"programm-der-25-leibniz-konferenz","status":"publish","type":"page","link":"https:\/\/leibniz-institut.de\/en\/konferenzen\/25-leibniz-konferenz-kreativitaet-4-0\/programm-der-25-leibniz-konferenz\/","title":{"rendered":"Programm der 25. Leibniz-Konferenz"},"content":{"rendered":"\n<h3 class=\"has-text-align-left wp-block-heading\">Kreativit\u00e4t 4.0. TRIZ, Design Thinking, Open Innovation und andere Kreativit\u00e4tstechniken im Kontext von Digitaler Transformation<\/h3>\n\n\n<h3>Beitr\u00e4ge<\/h3><div class=\"talks\">\n<div itemscope itemtype=\"http:\/\/schema.org\/CreativeWork\" class=\"talk\">\n  <h4 itemprop=\"title\" class=\"talktitle\">Design Thinking<\/h4>\n  <div class=\"referent\"><p><strong>Autor(en):<\/strong> <span itemprop=\"creator\">Ulrich Weinberg<\/span><\/p><\/div>\n<\/div> <!-- end class talk -->\n<div itemscope itemtype=\"http:\/\/schema.org\/CreativeWork\" class=\"talk\">\n  <h4 itemprop=\"title\" class=\"talktitle\">Die Einheit von K\u00fcnstlicher Intelligenz und Allgemeiner Technologie als Koordinator von Innovationsprozessen<\/h4>\n  <div class=\"referent\"><p><strong>Autor(en):<\/strong> <span itemprop=\"creator\">Dietrich Balzer<\/span>, <span itemprop=\"creator\">Frieder Sieber<\/span>, <span itemprop=\"creator\">Dieter Skrobotz<\/span><\/p><\/div>\n  <div itemprop=\"description\" class=\"abstract\"><p><strong>Abstract:<\/strong> Bisherige Vorstellungen zur Bedeutung und Wirkung von\nInnovationen f\u00fcr die Wirtschaftsentwicklung gingen vor allem von\nTransferinnovationen aus. Inzwischen hat aber ein deutlicher Paradigmenwechsel\neingesetzt: Gegenw\u00e4rtig setzt sich immer deutlicher das Paradigma der \u201aOpen\nInnovations\u2019 durch. Diese sind dadurch gekennzeichnet, dass Innovationen nicht\nnur in der geschlossenen Struktur einer Organisation entstehen, sondern in\neinem kooperativ-kreativen Prozess unter Beteiligung verschiedener, auch\nwirtschaftlich unabh\u00e4ngiger Partner (\u201aoffen\u2019). Diese Organisationen bilden\nvielfach eine territorial verteilte Struktur mit heterogener Vernetzung. Die\nterritorial verteilte Struktur mit heterogener Vernetzung der Partner, die\ntypisch f\u00fcr \u201aOpen Innovations\u2019 ist, bedeutet au\u00dferdem, dass in einem konkreten\nkooperativen Prozess der Entwicklung neuer L\u00f6sungen eine Vielfalt von\nInnovationsmethoden zu koordinieren sind, was durch K\u00fcnstliche Intelligenz und\nAllgemeine Technologie erfolgen kann. K\u00fcnstliche Intelligenz im Zusammenhang\nmit Open Innovations bedeutet Nachbildung des menschlichen Denkprozesses.\nAllgemeine Technologie liefert die systemtheoretische Analyse des gesamten\nLebenszyklus eines technologischen Systems.  Mit ihren Erkenntnissen zur einer\n\u00fcbergreifende Systematik technischer Funktions- und Strukturprinzipien ist sie\nein wichtiges Element f\u00fcr die Entwicklung disruptiver L\u00f6sungen mit neuartigen\ntechnologischen Ans\u00e4tzen.  An zwei konkreten Beispielen automatisierter\ntechnologischer Systeme in der Prozessindustrie (Katalytische drucklose\nVer\u00f6lung mit Sauerstoffinjektion, Nutzung von Restw\u00e4rme zur Stromerzeugung)\nwird gezeigt, wie durch Koordinierung von Innovationsmethoden neue nachhaltige\nenergie- und ressourceneffiziente technologische Systeme geschaffen und\nbetrieben werden k\u00f6nnen.<\/p><\/div>\n<\/div> <!-- end class talk -->\n<div itemscope itemtype=\"http:\/\/schema.org\/CreativeWork\" class=\"talk\">\n  <h4 itemprop=\"title\" class=\"talktitle\">TRIZ, Nachhaltigkeit und das Erbe der DDR-Erfinderschulen<\/h4>\n  <div class=\"referent\"><p><strong>Autor(en):<\/strong> <span itemprop=\"creator\">Hans-Gert Gr\u00e4be<\/span><\/p><\/div>\n  <div class=\"slides\"> <img decoding=\"async\" alt=\"\" src=\"https:\/\/www.leibniz-institut.de\/images\/13_icon_pdf.gif\" width=\"18px\"\/>&nbsp;<a href=\"http:\/\/leibniz-institut.de\/Konferenzen\/Kreativitaet-2019\/Graebe.pdf\">Vortragsfolien<\/a> <\/div>\n  <div itemprop=\"description\" class=\"abstract\"><p><strong>Abstract:<\/strong> Auf der Basis eines selbst an TRIZ orientierten\nAnalyseschemas wird das theoretische Erbes der Erfinderschulbewegung in der\nDDR vorgestellt und mit moderneren TRIZ-Entwicklungen, insbesondere \"TRIZ und\nBusiness\" verglichen. Es zeigt sich, dass eine Reihe von heute deutlicher\nwahrgenommenen Herausforderungen, die \u00fcber die sp\u00f6ttisch \"iron TRIZ\"\ngenannte klassisch auf technische Prozesse orientierte Methodik hinausgehen,\nbereits in der DDR der 1980er Jahre auf dem Radar waren, als die\nKombinatsdirektoren bereits deutlich mehr zu sagen hatten als noch die\nParteib\u00fcrokratie. Ich analysiere die Spannung zwischen\ntheoretisch-methodischen Positionen und produktiv-praktischen Dynamiken in der\nkurzen Zeit des Booms der DDR-Erfinderschulen in den 1980er Jahren und\nbeschreibe die wichtigsten theoretischen Ergebnisse der\nErfinderschulsystematik. <\/p><\/div>\n<\/div> <!-- end class talk -->\n<div itemscope itemtype=\"http:\/\/schema.org\/CreativeWork\" class=\"talk\">\n  <h4 itemprop=\"title\" class=\"talktitle\">Heuristiken als methodische Grundlage zum Umgang mit Unsicherheit und probabilistischen Informationen<\/h4>\n  <div class=\"referent\"><p><strong>Autor(en):<\/strong> <span itemprop=\"creator\">Dieter Skrobotz<\/span><\/p><\/div>\n<\/div> <!-- end class talk -->\n<div itemscope itemtype=\"http:\/\/schema.org\/CreativeWork\" class=\"talk\">\n  <h4 itemprop=\"title\" class=\"talktitle\">Transformationale F\u00fchrung in agilen Umfeldern &ndash; Neue Paradigmen f\u00fcr Souver\u00e4nit\u00e4t und Kreativit\u00e4t in der Digitalen Transformation<\/h4>\n  <div class=\"referent\"><p><strong>Autor(en):<\/strong> <span itemprop=\"creator\">Andreas Johannsen<\/span><\/p><\/div>\n  <div itemprop=\"description\" class=\"abstract\"><p><strong>Abstract:<\/strong> Es wird eingangs in dem Vortrag unter anderem auf\nBasis einer vom Autor erstellten Schulungsma\u00dfnahme f\u00fcr deutsche Aufsichtsr\u00e4te\nsowie eines bundesweiten F\u00f6rderprojekts im Mittelstand die heutige\nUnternehmenswirklichkeit mit den technologischen und sozialen Umw\u00e4lzungen\nkontrastiert, die eine Antwort auf F\u00fchrungs- und Innovationsfragen und\n-Probleme erfordern. Bisher wurden hohe Kreativit\u00e4ts- und\nInnovations-Erwartungen rein an Investitionen in neue Technologien verbunden\n(&#8222Schulen ans Netz&#8221). Zentrale These des Vortrags ist, dass bei der zum gro\u00dfen\nTeil noch vor uns liegenden digitalen Transformation Kreativit\u00e4t und\nInnovation in Wirtschaft und Gesellschaft nur durch komplett neue\nF\u00fchrungsmodelle fruchtbar und erfolgreich sein werden, die eine sehr hohe\nInteraktion der Bereiche Mensch, Organisation und Technik beinhalten.  Als\nAntwort wird im Vortrag daher ein neues Modell der Kreativit\u00e4t 4.0 f\u00fcr\nUnternehmen vorgestellt, indem seine Elemente aus den Bereichen &#8222Mensch&#8221\n(&#8222Transformationale F\u00fchrung&#8221), Organisation (&#8222Orgware&#8221 and &#8222Roomware&#8221), sowie\n&#8222Technologie&#8221 beziehungsweise die klassischen technischen Elemente der\nDigitalisierung (&#8222Hard- und Software&#8221) vorgestellt werden. Hierbei werden\nbisherige Forschungsarbeiten und Publikationen des Autors zu den Elementen als\nBeispiele genutzt.<\/p><\/div>\n<\/div> <!-- end class talk -->\n<div itemscope itemtype=\"http:\/\/schema.org\/CreativeWork\" class=\"talk\">\n  <h4 itemprop=\"title\" class=\"talktitle\">Menschliche Entwicklung im Zeitalter der K\u00fcnstlichen Intelligenz - Kreatives Denken und Probleml\u00f6sen zur individuellen und gesellschaftlichen Potentialentfaltung<\/h4>\n  <div class=\"referent\"><p><strong>Autor(en):<\/strong> <span itemprop=\"creator\">Olaf Weber<\/span><\/p><\/div>\n  <div itemprop=\"description\" class=\"abstract\"><p><strong>Abstract:<\/strong> Warum brauchen wir einen Paradigmenwechsel in der\nBildung und wie kann dieser gelingen? <br\/> Der Autor teilt Erfahrungen und\nErkenntnisse aus 12 Jahren SOMALES-Robotik-Workshops an Schulen sowie deren\nEinbindung in zukunftsorientierte Modelle und Strategien f\u00fcr &#8222Next Generation\nEducation&#8221.  Unter anderem werden Zusammenh\u00e4nge zwischen\nProbleml\u00f6sungskompetenz und Probleml\u00f6sungszuversicht erl\u00e4utert. Antworten auf\ndie Frage, was es braucht, um individuelles Potential zu entfalten.\nIndividuelles Potential ist die Basis f\u00fcr gesellschaftliches Potential.  Das\nalte Paradigma, Fachkompetenz durch Nachahmung und \u00dcbung zu erlangen, muss\ndurch bewusstes Denken auf h\u00f6heren Ebenen erweitert werden. Mit der\nYUNING-Taxonomie wird ein neues Modell vorgestellt, um den Reifegrad von\nKreativit\u00e4ts- und Probleml\u00f6sungsmethoden, beziehungsweise eines\nBildungsangebotes, zu evaluieren. <br\/> Das Zusammenspiel aus Softskills\n(Pers\u00f6nlichkeits- und Sozialkompetenz), Fachkompetenz und Methodenkompetenz\n(u.a. Kreativit\u00e4ts- und Probleml\u00f6sungsmethoden) wird erst durch Projektarbeit\nsichtbar. Durch die Verwendung von universellen Denkwerkzeugen im\nFachunterricht im ersten Schritt, kann im zweiten Schritt, nun\nf\u00e4cher\u00fcbergreifend, Projektarbeit und somit Potentialentfaltung an\nBildungseinrichtungen gelingen! Ein neuer Ansatz, der auf Metaebene T\u00fcren zur\nEvaluation unterschiedlichster Kreativit\u00e4ts- und Probleml\u00f6sungsmethoden \u00f6ffnet\nund somit ein neues Bewusstsein f\u00fcr Bildungsqualit\u00e4t liefert. <br\/> \u00dcber den\nAutor: Olaf Weber Dipl. Ing (FH) ist Gr\u00fcnder und Leiter zweier kleiner\nBildungsunternehmen: Der Mobilen Privatschule SOMALES und der gemeinn\u00fctzigen\nUnternehmensgesellschaft &#8222Next Generation Education&#8221. Als Quereinsteiger und\nQuerdenker bringt er Theorie und Praxis unterschiedlichster Modelle und\nFachrichtungen zusammen. Er ist mit Herzblut und Leidenschaft immer offen f\u00fcr\nden n\u00e4chsten Schritt, kennt aber auch die unterschiedlichen Sichtweisen der\nbeteiligten Personen. Ihm ist bewusst, dass Geduld und Durchhalteverm\u00f6gen die\nwichtigsten Kriterien f\u00fcr nachhaltigen Erfolg sind. <\/p><\/div>\n<\/div> <!-- end class talk -->\n<div itemscope itemtype=\"http:\/\/schema.org\/CreativeWork\" class=\"talk\">\n  <h4 itemprop=\"title\" class=\"talktitle\">Impulsvortrag KI<\/h4>\n  <div class=\"referent\"><p><strong>Autor(en):<\/strong> <span itemprop=\"creator\">Ken Pierre Kleemann<\/span><\/p><\/div>\n<\/div> <!-- end class talk -->\n<div itemscope itemtype=\"http:\/\/schema.org\/CreativeWork\" class=\"talk\">\n  <h4 itemprop=\"title\" class=\"talktitle\">Smarte Tagungsr\u00e4ume der Zukunft mit 360-Grad-Projektion<\/h4>\n  <div class=\"referent\"><p><strong>Autor(en):<\/strong> <span itemprop=\"creator\">Florian Carstens<\/span>, <span itemprop=\"creator\">Reiner Creutzburg<\/span><\/p><\/div>\n<\/div> <!-- end class talk -->\n<div itemscope itemtype=\"http:\/\/schema.org\/CreativeWork\" class=\"talk\">\n  <h4 itemprop=\"title\" class=\"talktitle\">Probleml\u00f6sung Bildungsnotstand Lehrermangel<\/h4>\n  <div class=\"referent\"><p><strong>Autor(en):<\/strong> <span itemprop=\"creator\">Hans-Georg Torkel<\/span><\/p><\/div>\n<\/div> <!-- end class talk -->\n<div itemscope itemtype=\"http:\/\/schema.org\/CreativeWork\" class=\"talk\">\n  <h4 itemprop=\"title\" class=\"talktitle\">Kreativit\u00e4t anstelle von Industrie 4.0. - Interdisziplin\u00e4re Konsequenzen<\/h4>\n  <div class=\"referent\"><p><strong>Autor(en):<\/strong> <span itemprop=\"creator\">Rainer Thiel<\/span><\/p><\/div>\n<\/div> <!-- end class talk -->\n<div itemscope itemtype=\"http:\/\/schema.org\/CreativeWork\" class=\"talk\">\n  <h4 itemprop=\"title\" class=\"talktitle\">Roadmapping als Methode der Technologiefr\u00fchaufkl\u00e4rung und -planung: Stand der methodischen Ausdifferenzierung und Weiterentwicklung<\/h4>\n  <div class=\"referent\"><p><strong>Autor(en):<\/strong> <span itemprop=\"creator\">Christian Mieke<\/span><\/p><\/div>\n<\/div> <!-- end class talk -->\n<div itemscope itemtype=\"http:\/\/schema.org\/CreativeWork\" class=\"talk\">\n  <h4 itemprop=\"title\" class=\"talktitle\">KI in bionischer Zeit<\/h4>\n  <div class=\"referent\"><p><strong>Autor(en):<\/strong> <span itemprop=\"creator\">Dirk La\u00dfner<\/span><\/p><\/div>\n<\/div> <!-- end class talk -->\n<div itemscope itemtype=\"http:\/\/schema.org\/CreativeWork\" class=\"talk\">\n  <h4 itemprop=\"title\" class=\"talktitle\">Vermittlungs-Minimum zum Vorgehen zu Kreativit\u00e4t der Zukunft<\/h4>\n  <div class=\"referent\"><p><strong>Autor(en):<\/strong> <span itemprop=\"creator\">Klaus Stanke<\/span><\/p><\/div>\n<\/div> <!-- end class talk -->\n<\/div> <!-- end class talks --><h3>Referenten<\/h3>\n<div class=\"people\">\n<div itemscope itemtype=\"http:\/\/schema.org\/Person\" class=\"creator\"><p><span itemprop=\"name\" class=\"foaf:name\">Dietrich Balzer<\/span><br\/><span itemprop=\"affiliation\" class=\"foaf:affil\">LIFIS Berlin<\/span><\/p><\/div>\n<div itemscope itemtype=\"http:\/\/schema.org\/Person\" class=\"creator\"><p><span itemprop=\"name\" class=\"foaf:name\">Florian Carstens<\/span><br\/><span itemprop=\"affiliation\" class=\"foaf:affil\">Hotel Park Soltau<\/span><\/p><\/div>\n<div itemscope itemtype=\"http:\/\/schema.org\/Person\" class=\"creator\"><p><span itemprop=\"name\" class=\"foaf:name\">Reiner Creutzburg<\/span><br\/><span itemprop=\"affiliation\" class=\"foaf:affil\">TH Brandenburg<\/span><\/p><\/div>\n<div itemscope itemtype=\"http:\/\/schema.org\/Person\" class=\"creator\"><p><span itemprop=\"name\" class=\"foaf:name\">Hans-Gert Gr\u00e4be<\/span><br\/><span itemprop=\"affiliation\" class=\"foaf:affil\">LIFIS Berlin und Uni Leipzig<\/span><\/p><\/div>\n<div itemscope itemtype=\"http:\/\/schema.org\/Person\" class=\"creator\"><p><span itemprop=\"name\" class=\"foaf:name\">Barbara Gronauer<\/span><br\/><span itemprop=\"affiliation\" class=\"foaf:affil\">StrategieInnovation H\u00fcnfeld<\/span><\/p><\/div>\n<div itemscope itemtype=\"http:\/\/schema.org\/Person\" class=\"creator\"><p><span itemprop=\"name\" class=\"foaf:name\">Hans Haase<\/span><br\/><span itemprop=\"affiliation\" class=\"foaf:affil\">Berlin<\/span><\/p><\/div>\n<div itemscope itemtype=\"http:\/\/schema.org\/Person\" class=\"creator\"><p><span itemprop=\"name\" class=\"foaf:name\">Andreas Johannsen<\/span><br\/><span itemprop=\"affiliation\" class=\"foaf:affil\">TH Brandenburg<\/span><\/p><\/div>\n<div itemscope itemtype=\"http:\/\/schema.org\/Person\" class=\"creator\"><p><span itemprop=\"name\" class=\"foaf:name\">Ken Pierre Kleemann<\/span><br\/><span itemprop=\"affiliation\" class=\"foaf:affil\">Uni Leipzig<\/span><\/p><\/div>\n<div itemscope itemtype=\"http:\/\/schema.org\/Person\" class=\"creator\"><p><span itemprop=\"name\" class=\"foaf:name\">Boris Kneisel<\/span><br\/><span itemprop=\"affiliation\" class=\"foaf:affil\">herontix GmbH Walldorf<\/span><\/p><\/div>\n<div itemscope itemtype=\"http:\/\/schema.org\/Person\" class=\"creator\"><p><span itemprop=\"name\" class=\"foaf:name\">Dirk La\u00dfner<\/span><br\/><span itemprop=\"affiliation\" class=\"foaf:affil\">LIFIS Berlin<\/span><\/p><\/div>\n<div itemscope itemtype=\"http:\/\/schema.org\/Person\" class=\"creator\"><p><span itemprop=\"name\" class=\"foaf:name\">Volker Maier<\/span><br\/><span itemprop=\"affiliation\" class=\"foaf:affil\">system180 Berlin<\/span><\/p><\/div>\n<div itemscope itemtype=\"http:\/\/schema.org\/Person\" class=\"creator\"><p><span itemprop=\"name\" class=\"foaf:name\">Christian Mieke<\/span><br\/><span itemprop=\"affiliation\" class=\"foaf:affil\">TH Brandenburg<\/span><\/p><\/div>\n<div itemscope itemtype=\"http:\/\/schema.org\/Person\" class=\"creator\"><p><span itemprop=\"name\" class=\"foaf:name\">Axel Popp<\/span><br\/><span itemprop=\"affiliation\" class=\"foaf:affil\">Potsdam<\/span><\/p><\/div>\n<div itemscope itemtype=\"http:\/\/schema.org\/Person\" class=\"creator\"><p><span itemprop=\"name\" class=\"foaf:name\">Martin Sachse<\/span><br\/><span itemprop=\"affiliation\" class=\"foaf:affil\">Leipzig<\/span><\/p><\/div>\n<div itemscope itemtype=\"http:\/\/schema.org\/Person\" class=\"creator\"><p><span itemprop=\"name\" class=\"foaf:name\">Frieder Sieber<\/span><br\/><span itemprop=\"affiliation\" class=\"foaf:affil\">LIFIS Berlin<\/span><\/p><\/div>\n<div itemscope itemtype=\"http:\/\/schema.org\/Person\" class=\"creator\"><p><span itemprop=\"name\" class=\"foaf:name\">Dieter Skrobotz<\/span><br\/><span itemprop=\"affiliation\" class=\"foaf:affil\">LIFIS Berlin<\/span><\/p><\/div>\n<div itemscope itemtype=\"http:\/\/schema.org\/Person\" class=\"creator\"><p><span itemprop=\"name\" class=\"foaf:name\">Klaus Stanke<\/span><br\/><span itemprop=\"affiliation\" class=\"foaf:affil\"><\/span><\/p><\/div>\n<div itemscope itemtype=\"http:\/\/schema.org\/Person\" class=\"creator\"><p><span itemprop=\"name\" class=\"foaf:name\">Rainer Thiel<\/span><br\/><span itemprop=\"affiliation\" class=\"foaf:affil\">Storkow<\/span><\/p><\/div>\n<div itemscope itemtype=\"http:\/\/schema.org\/Person\" class=\"creator\"><p><span itemprop=\"name\" class=\"foaf:name\">Hans-Georg Torkel<\/span><br\/><span itemprop=\"affiliation\" class=\"foaf:affil\">KIT-Initiative Deutschland e.V., M\u00fclheim an der Ruhr<\/span><\/p><\/div>\n<div itemscope itemtype=\"http:\/\/schema.org\/Person\" class=\"creator\"><p><span itemprop=\"name\" class=\"foaf:name\">Olaf Weber<\/span><br\/><span itemprop=\"affiliation\" class=\"foaf:affil\">somales.de, Berlin<\/span><\/p><\/div>\n<div itemscope itemtype=\"http:\/\/schema.org\/Person\" class=\"creator\"><p><span itemprop=\"name\" class=\"foaf:name\">Ulrich Weinberg<\/span><br\/><span itemprop=\"affiliation\" class=\"foaf:affil\">HPI Potsdam<\/span><\/p><\/div>\n<\/div> <!-- end class people -->\n\n\n<p><\/p>\n","protected":false},"excerpt":{"rendered":"<p>Kreativit\u00e4t 4.0. TRIZ, Design Thinking, Open Innovation und andere Kreativit\u00e4tstechniken im Kontext von Digitaler Transformation<\/p>\n","protected":false},"author":2,"featured_media":0,"parent":1115,"menu_order":0,"comment_status":"closed","ping_status":"closed","template":"","meta":{"footnotes":""},"class_list":["post-1175","page","type-page","status-publish","hentry"],"translation":{"provider":"WPGlobus","version":"3.0.2","language":"en","enabled_languages":["de","en","ru"],"languages":{"de":{"title":true,"content":true,"excerpt":false},"en":{"title":false,"content":false,"excerpt":false},"ru":{"title":false,"content":false,"excerpt":false}}},"_links":{"self":[{"href":"https:\/\/leibniz-institut.de\/en\/wp-json\/wp\/v2\/pages\/1175","targetHints":{"allow":["GET"]}}],"collection":[{"href":"https:\/\/leibniz-institut.de\/en\/wp-json\/wp\/v2\/pages"}],"about":[{"href":"https:\/\/leibniz-institut.de\/en\/wp-json\/wp\/v2\/types\/page"}],"author":[{"embeddable":true,"href":"https:\/\/leibniz-institut.de\/en\/wp-json\/wp\/v2\/users\/2"}],"replies":[{"embeddable":true,"href":"https:\/\/leibniz-institut.de\/en\/wp-json\/wp\/v2\/comments?post=1175"}],"version-history":[{"count":4,"href":"https:\/\/leibniz-institut.de\/en\/wp-json\/wp\/v2\/pages\/1175\/revisions"}],"predecessor-version":[{"id":1607,"href":"https:\/\/leibniz-institut.de\/en\/wp-json\/wp\/v2\/pages\/1175\/revisions\/1607"}],"up":[{"embeddable":true,"href":"https:\/\/leibniz-institut.de\/en\/wp-json\/wp\/v2\/pages\/1115"}],"wp:attachment":[{"href":"https:\/\/leibniz-institut.de\/en\/wp-json\/wp\/v2\/media?parent=1175"}],"curies":[{"name":"wp","href":"https:\/\/api.w.org\/{rel}","templated":true}]}}