{"id":1247,"date":"2020-03-31T19:28:12","date_gmt":"2020-03-31T19:28:12","guid":{"rendered":"https:\/\/leibniz-institut.de\/?page_id=1247"},"modified":"2025-09-30T13:45:41","modified_gmt":"2025-09-30T13:45:41","slug":"kreativitaet-4-0","status":"publish","type":"page","link":"https:\/\/leibniz-institut.de\/en\/schwerpunktthemen\/kreativitaet-4-0\/","title":{"rendered":"General technology and creativity 4.0"},"content":{"rendered":"\n<p><strong>Koordination:<\/strong> <a href=\"https:\/\/leibniz-institut.de\/startseite\/mitglieder\/\">Dr. Dieter Skrobotz<\/a><\/p>\n\n\n\n<h2 class=\"wp-block-heading\">Hintergrund<\/h2>\n\n\n\n<p>Die aktuelle Entwicklung in unserer Gesellschaft ist von immer komplexeren Systemen, Strukturen und Handlungsr\u00e4umen gepr\u00e4gt. Wer&nbsp; in diesem Umfeld weiter gefragt und&nbsp; leistungsf\u00e4hig&nbsp; sein will,  muss mit speziellen kreativen F\u00e4higkeiten ausgestattet sein und  innovatives Handeln und Gestalten beherrschen. Kreativit\u00e4tstechniken und Heuristiken sind daf\u00fcr wichtige methodische Hilfsmittel. <a href=\"https:\/\/www.kreativitaetundheuristik.net\/\">HeuKrea<\/a>  ist eine Plattform, die&nbsp; Wissen f\u00fcr das Kennenlernen und die Arbeit mit  diesen Methodiken bereitstellen&nbsp; sowie&nbsp; ihre&nbsp; weitere Erforschung und  Anwendung im Innovationsprozess aktiv unterst\u00fctzen m\u00f6chte. <\/p>\n","protected":false},"excerpt":{"rendered":"<p>Koordination: Dr. Dieter Skrobotz Hintergrund Die aktuelle Entwicklung in unserer Gesellschaft ist von immer komplexeren Systemen, Strukturen und Handlungsr\u00e4umen gepr\u00e4gt. Wer&nbsp; in diesem Umfeld weiter gefragt und&nbsp; leistungsf\u00e4hig&nbsp; sein will, <a class=\"more-link\" href=\"https:\/\/leibniz-institut.de\/en\/schwerpunktthemen\/kreativitaet-4-0\/\">Weiterlesen \u2192<\/a><\/p>\n","protected":false},"author":2,"featured_media":0,"parent":357,"menu_order":6,"comment_status":"closed","ping_status":"closed","template":"","meta":{"footnotes":""},"class_list":["post-1247","page","type-page","status-publish","hentry"],"translation":{"provider":"WPGlobus","version":"3.0.2","language":"en","enabled_languages":["de","en","ru"],"languages":{"de":{"title":true,"content":true,"excerpt":false},"en":{"title":true,"content":false,"excerpt":false},"ru":{"title":true,"content":true,"excerpt":false}}},"_links":{"self":[{"href":"https:\/\/leibniz-institut.de\/en\/wp-json\/wp\/v2\/pages\/1247","targetHints":{"allow":["GET"]}}],"collection":[{"href":"https:\/\/leibniz-institut.de\/en\/wp-json\/wp\/v2\/pages"}],"about":[{"href":"https:\/\/leibniz-institut.de\/en\/wp-json\/wp\/v2\/types\/page"}],"author":[{"embeddable":true,"href":"https:\/\/leibniz-institut.de\/en\/wp-json\/wp\/v2\/users\/2"}],"replies":[{"embeddable":true,"href":"https:\/\/leibniz-institut.de\/en\/wp-json\/wp\/v2\/comments?post=1247"}],"version-history":[{"count":9,"href":"https:\/\/leibniz-institut.de\/en\/wp-json\/wp\/v2\/pages\/1247\/revisions"}],"predecessor-version":[{"id":1447,"href":"https:\/\/leibniz-institut.de\/en\/wp-json\/wp\/v2\/pages\/1247\/revisions\/1447"}],"up":[{"embeddable":true,"href":"https:\/\/leibniz-institut.de\/en\/wp-json\/wp\/v2\/pages\/357"}],"wp:attachment":[{"href":"https:\/\/leibniz-institut.de\/en\/wp-json\/wp\/v2\/media?parent=1247"}],"curies":[{"name":"wp","href":"https:\/\/api.w.org\/{rel}","templated":true}]}}