{"id":1262,"date":"2020-04-04T07:03:38","date_gmt":"2020-04-04T07:03:38","guid":{"rendered":"https:\/\/leibniz-institut.de\/?page_id=1262"},"modified":"2025-10-02T14:07:51","modified_gmt":"2025-10-02T14:07:51","slug":"publikationen","status":"publish","type":"page","link":"https:\/\/leibniz-institut.de\/en\/publikationen\/","title":{"rendered":"Publikationen"},"content":{"rendered":"\n<p>LIFIS und seine Arbeitsgruppen haben eine Reihe von Publikationen auf dem Weg gebracht.<\/p>\n\n\n\n<h2 class=\"wp-block-heading\" id=\"sammelbande\">Sammelb\u00e4nde<\/h2>\n\n\n\n<div class=\"wp-block-group\"><div class=\"wp-block-group__inner-container is-layout-flow wp-block-group-is-layout-flow\">\n<ul class=\"wp-block-list\">\n<li>Gerhard Banse, Werner Regen, Frieder Sieber (Hrsg.). Einblicke in die Ergebnisse Interdisziplin\u00e4rer Arbeit \u2013 Kreative T\u00e4tigkeiten im Fokus des LIFIS e.V. <a href=\"https:\/\/leibnizsozietaet.de\/__trashed-6\/\">Abhandlungen der Leibniz-Soziet\u00e4t, Band 69.<\/a> Berlin 2021. ISBN 978-3-86464-221-0.<\/li>\n\n\n\n<li>Gerhard Banse, Frieder Sieber (Hrsg.). Einblicke in Ergebnisse interdisziplin\u00e4rer Arbeit \u2013 Eine Auswahl von Arbeiten des Leibniz-Instituts f\u00fcr interdisziplin\u00e4re Studien (LIFIS) aus den Jahren 2012 bis 2019. <a href=\"https:\/\/leibnizsozietaet.de\/band-57-der-abhandlungen-erschienen\/\">Abhandlungen der Leibniz-Soziet\u00e4t, Band 57<\/a>. Berlin 2019. ISBN 978-3-86464-204-3.<\/li>\n\n\n\n<li>Gerhard Banse, Hermann Grimmeiss (Hrsg.): Wissenschaft \u2013 Innovation \u2013 Technologie. <a href=\"https:\/\/leibnizsozietaet.de\/abhandlungen-der-leibniz-sozietaet-band-37-erscheint-in-kuerze\/\">Abhandlungen der Leibniz-Soziet\u00e4t, Band 37<\/a>. Berlin 2014. ISBN 978-3-8664-053-7.<\/li>\n\n\n\n<li>Bernd Junghans, Gerd Wangermann (Hrsg.). 10 Jahre LIFIS. 5 Jahre LIFIS-Online. Eine Auswahl von Beitr\u00e4gen aus den Jahren 2007 bis 2012. Eigenverlag, Berlin, Mai 2012.<\/li>\n\n\n\n<li>Gerhard Banse, Lutz-G\u00fcnther Fleischer (Hrsg.): Wissenschaft im Kontext. Inter- und Transdisziplinarit\u00e4t in Theorie und Praxis.  Abhandlungen der Leibniz-Soziet\u00e4t der Wissenschaften, Band 27. Berlin 2011. ISBN 978-3-89626-896-9\n<ul class=\"wp-block-list\">\n<li>Mit Beitr\u00e4gen der 8. Leibniz-Konferenz \u201eWissenschaft im Kontext\u201c 2009<\/li>\n<\/ul>\n<\/li>\n\n\n\n<li>Bernd Michel, Lutz-G\u00fcnther Fleischer, Gert Wangermann (Hrsg.): Nano-Science 2007. Volume of Abstracts. In: Micromaterials and Nanomaterials, Issue 07 (2007), pp. 3\u201391.<\/li>\n\n\n\n<li>Gert Wangermann, Bernd Junghans, Gerhard \u00d6hlmann, Hans Richter (Hrsg.): Theoria cum praxi. F\u00fcnf Jahre Leibniz-Institut f\u00fcr interdisziplin\u00e4re Studien e. V. (LIFIS).  <a href=\"https:\/\/leibnizsozietaet.de\/wp-content\/uploads\/2012\/10\/Gesamtband-SB-090-2017.pdf\">Sitzungsberichte der Leibniz-Soziet\u00e4t, Band 90<\/a>. Berlin 2007. S. 5-19.<\/li>\n\n\n\n<li>Gert Blumenthal, Gerhard \u00d6hlmann (Hrsg.): Solarzeitalter \u2013 Vision und Realit\u00e4t. 8. Leibniz-Konferenz, 11.-13. September 2003 auf Schlo\u00df Augustusburg. Abhandlungen der Leibniz-Soziet\u00e4t, Band 15. Berlin 2004. ISBN 3-89626-472-9<\/li>\n<\/ul>\n\n\n\n<h2 class=\"wp-block-heading\" id=\"lifis-aktuell\">LIFIS-Aktuell<\/h2>\n\n\n\n<ul class=\"wp-block-list\">\n<li><a href=\"https:\/\/leibniz-institut.de\/LIFIS-Aktuell\/Heft_1.pdf\">Heft 1 (20 MB)<\/a>: Zum 80. Geburtstag von Bernd Junghans. LIFIS, Berlin 2021. ISBN 978-3-949366-03-1<\/li>\n\n\n\n<li>Heft 2: Automatisierung &#8211; Fluch oder Segen. Zum 80. Geburtstag von Dietrich Balzer. <a href=\"https:\/\/leibniz-institut.de\/LIFIS-Aktuell\/Heft_2-1.pdf\">Teil 1 (23 MB)<\/a>, <a href=\"https:\/\/leibniz-institut.de\/LIFIS-Aktuell\/Heft_2-2.pdf\">Teil 2 (7 MB)<\/a>. LIFIS, Berlin 2021. ISBN: 978-3-949366-16-1, 978-3-949366-17-8<\/li>\n\n\n\n<li><a href=\"https:\/\/leibniz-institut.de\/LIFIS-Aktuell\/Heft_3.pdf\">Heft 3 (13 MB)<\/a>: 20 Jahre LIFIS \u2013 20 Jahre in Tradition mit Leibniz. LIFIS, Berlin 2022. ISBN 978-3-949366-25-3<\/li>\n\n\n\n<li><a href=\"https:\/\/leibniz-institut.de\/LIFIS-Aktuell\/Heft_4.pdf\">Heft 4 (172 MB):<\/a> Einblicke in das interdisziplin\u00e4re Bauwesen. Klaus Frieder Sieber zum 80. Geburtstag. LIFIS, Berlin 2023. ISBN 978-3-949366-33-8<\/li>\n\n\n\n<li><a href=\"https:\/\/leibniz-institut.de\/LIFIS-Aktuell\/Heft_5.pdf\">Heft 5 (52 MB):<\/a> Dietrich Balzer, Frieder Sieber (Hrsg.): 25 Jahre Kreislaufwirtschaft. LIFIS, Berlin 2024. ISBN 978-3-949366-34-5<\/li>\n\n\n\n<li><a href=\"https:\/\/leibniz-institut.de\/LIFIS-Aktuell\/Heft_6.pdf\">Heft 6:<\/a> Dietrich Balzer, Frieder Sieber: KI &#8212; K\u00fcnstliche Intelligenz Interdisziplin\u00e4r und im Alltag. LIFIS, Berlin 2025. ISBN 978-3-949366-44-4 (in Vorbereitung)<\/li>\n<\/ul>\n<\/div><\/div>\n\n\n\n<h2 class=\"wp-block-heading\" id=\"journal-lifis-online\"><a href=\"https:\/\/leibniz-institut.de\/lifis-online\/\">Journal LIFIS-Online<\/a><\/h2>\n\n\n\n<h2 class=\"wp-block-heading\" id=\"publikationen-des-rohrbacher-kreises\">Publikationen des <a href=\"https:\/\/leibniz-institut.de\/rohrbacher-kreis\/\">Rohrbacher Kreises<\/a><\/h2>\n\n\n\n<ul class=\"wp-block-list\">\n<li>Peter Koch. Methodische Grundlagen des kreativen, innovativen Problem-Bearbeitungs-Prozesses <br>Rohrbacher Manuskripte, Heft 24. Erschienen bei <a href=\"https:\/\/buchshop.bod.de\/methodische-grundlagen-des-kreativen-innovativen-problem-bearbeitungs-prozesses-peter-koch-9783757827656\">Book on Demand 2023<\/a>. 188 S. ISBN 978-3-75-782765-6.<br>Open Access Publikation: <a href=\"https:\/\/nbn-resolving.org\/urn:nbn:de:bsz:15-qucosa2-869973\">urn:nbn:de:bsz:15-qucosa2-869973<\/a><\/li>\n\n\n\n<li>Peter Koch, Klaus Stanke. 50 Jahre Systematische Heuristik. <br>Rohrbacher Manuskripte, Heft 23. Erschienen bei <a href=\"https:\/\/www.bod.de\/buchshop\/50-jahre-systematische-heuristik-peter-koch-9783754308394\">Book on Demand 2021<\/a>. 232 S. ISBN 978-3-75-430839-4.<br>Open Access Publikation: <a href=\"https:\/\/nbn-resolving.org\/urn:nbn:de:bsz:15-qucosa2-755699\">urn:nbn:de:bsz:15-qucosa2-755699<\/a><\/li>\n\n\n\n<li>Hans-Gert Gr\u00e4be, Ken Pierre Kleemann. Seminar Systemtheorie. Universit\u00e4t Leipzig. Wintersemester 2019\/20. <br>Rohrbacher Manuskripte, Heft 22. Erschienen bei <a href=\"https:\/\/www.bod.de\/buchshop\/seminar-systemtheorie-9783752620023\">Book on Demand 2020<\/a>. 110 S. ISBN 978-3-75-262002-3. <br>Open Access Publikation: <a href=\"https:\/\/nbn-resolving.org\/urn:nbn:de:bsz:15-qucosa2-748430\">urn:nbn:de:bsz:15-qucosa2-748430<\/a><\/li>\n\n\n\n<li>Rainer Thiel. Dialektik, TRIZ und ProHEAL. Erweiterte Neuauflage eines KdT-Materials f\u00fcr Erfinderschul-Trainer.<br>Rohrbacher Manuskripte, Heft 21. Erschienen bei <a href=\"https:\/\/www.bod.de\/buchshop\/dialektik-triz-und-proheal-rainer-thiel-9783752620153\">Book on Demand 2020<\/a>. 174 S. ISBN 978-3-75-262015-3.<br>Open Access Publikation: <a href=\"https:\/\/nbn-resolving.org\/urn:nbn:de:bsz:15-qucosa2-749491\"> urn:nbn:de:bsz:15-qucosa2-749491<\/a><\/li>\n\n\n\n<li>Hans-Gert Gr\u00e4be (Hrsg.). Erfinderschulen, TRIZ und Dialektik. <br>Rohrbacher Manuskripte, Heft 20. Erschienen bei <a href=\"https:\/\/www.bod.de\/buchshop\/erfinderschulen-triz-und-dialektik-9783751983228\">Book on Demand 2020<\/a>. 150 S. ISBN 978-3-75-198322-8.<br>Open Access Publikation: <a href=\"https:\/\/nbn-resolving.org\/urn:nbn:de:bsz:15-qucosa2-749482\">urn:nbn:de:bsz:15-qucosa2-749482<\/a><\/li>\n\n\n\n<li>Hans-Gert Gr\u00e4be (Hrsg.). Technik und Gesellschaft. Rudolf Rochhausen zum Gedenken. Texte und Erinnerungen zur Dahlener Tagung 2012. Leipzig 2012. <br>Open-Access Publikation. <a href=\"http:\/\/nbn-resolving.de\/urn:nbn:de:bsz:15-qucosa-86158\">urn:nbn:de:bsz:15-qucosa-86158<\/a>\n<ul class=\"wp-block-list\">\n<li>Neuauflage 2020 als Rohrbacher Manuskripte, Heft 19. Erschienen bei <a href=\"https:\/\/www.bod.de\/buchshop\/technik-und-gesellschaft-9783750499669\">Book on Demand 2020<\/a>. 86 S. ISBN 978-3-75-049966-9.<\/li>\n<\/ul>\n<\/li>\n\n\n\n<li>Hans-Gert Gr\u00e4be, Ingo Groepler-Roeser (Hrsg.). MINT &#8211; Zukunft schaffen. Innovation und Arbeit in der modernen Gesellschaft. <br>Leipziger Beitr\u00e4ge zur Informatik, Band 32. Leipzig 2012. ISBN 978-3-941608-19-1. <br>Open Access Publikation <a href=\"http:\/\/nbn-resolving.de\/urn:nbn:de:bsz:15-qucosa-81933\">urn:nbn:de:bsz:15-qucosa-81933<\/a><\/li>\n\n\n\n<li>Reader zu verschiedenen <a href=\"http:\/\/www.dorfwiki.org\/wiki.cgi?HansGertGraebe\/InterdisziplinaeresGespraech\">&#8220;Interdisziplin\u00e4ren Gespr\u00e4chen&#8221;<\/a>.<\/li>\n<\/ul>\n\n\n\n<p>Publikationen aus fr\u00fcheren Jahren, insbesondere ausgew\u00e4hlte Titel der Publikationsreihe &#8220;Rohrbacher Manuskripte&#8221; sind <a href=\"http:\/\/www.dorfwiki.org\/wiki.cgi?HansGertGraebe\/RohrbacherKreis\/RohrbacherManuskripte\/AlteReihe\">im Dorfwiki<\/a> zu finden. <\/p>\n","protected":false},"excerpt":{"rendered":"<p>LIFIS und seine Arbeitsgruppen haben eine Reihe von Publikationen auf dem Weg gebracht. Sammelb\u00e4nde LIFIS-Aktuell Journal LIFIS-Online Publikationen des Rohrbacher Kreises Publikationen aus fr\u00fcheren Jahren, insbesondere ausgew\u00e4hlte Titel der Publikationsreihe <a class=\"more-link\" href=\"https:\/\/leibniz-institut.de\/en\/publikationen\/\">Weiterlesen \u2192<\/a><\/p>\n","protected":false},"author":2,"featured_media":0,"parent":0,"menu_order":0,"comment_status":"closed","ping_status":"closed","template":"","meta":{"footnotes":""},"class_list":["post-1262","page","type-page","status-publish","hentry"],"translation":{"provider":"WPGlobus","version":"3.0.2","language":"en","enabled_languages":["de","en","ru"],"languages":{"de":{"title":true,"content":true,"excerpt":false},"en":{"title":false,"content":false,"excerpt":false},"ru":{"title":false,"content":false,"excerpt":false}}},"_links":{"self":[{"href":"https:\/\/leibniz-institut.de\/en\/wp-json\/wp\/v2\/pages\/1262","targetHints":{"allow":["GET"]}}],"collection":[{"href":"https:\/\/leibniz-institut.de\/en\/wp-json\/wp\/v2\/pages"}],"about":[{"href":"https:\/\/leibniz-institut.de\/en\/wp-json\/wp\/v2\/types\/page"}],"author":[{"embeddable":true,"href":"https:\/\/leibniz-institut.de\/en\/wp-json\/wp\/v2\/users\/2"}],"replies":[{"embeddable":true,"href":"https:\/\/leibniz-institut.de\/en\/wp-json\/wp\/v2\/comments?post=1262"}],"version-history":[{"count":30,"href":"https:\/\/leibniz-institut.de\/en\/wp-json\/wp\/v2\/pages\/1262\/revisions"}],"predecessor-version":[{"id":2210,"href":"https:\/\/leibniz-institut.de\/en\/wp-json\/wp\/v2\/pages\/1262\/revisions\/2210"}],"wp:attachment":[{"href":"https:\/\/leibniz-institut.de\/en\/wp-json\/wp\/v2\/media?parent=1262"}],"curies":[{"name":"wp","href":"https:\/\/api.w.org\/{rel}","templated":true}]}}