{"id":144,"date":"2015-03-14T20:39:24","date_gmt":"2015-03-14T20:39:24","guid":{"rendered":"http:\/\/eastpress.de\/lifis\/?page_id=144"},"modified":"2022-03-06T07:56:43","modified_gmt":"2022-03-06T07:56:43","slug":"11-leibniz-konferenz-solarzeitalter-2011","status":"publish","type":"page","link":"https:\/\/leibniz-institut.de\/en\/konferenzen\/konferenz-archiv\/11-leibniz-konferenz-solarzeitalter-2011\/","title":{"rendered":"11. Leibniz-Konferenz Solarzeitalter 2011"},"content":{"rendered":"<h1>SOLARZEITALTER 2011<\/h1>\n<p>12. &#8211; 13. Mai 2011<br \/>\nBest Western Hotel am Schlosspark, 09577 Lichtenwalde (Sachsen), Deutschland<\/p>\n<h2>Veranstalter:<\/h2>\n<p>LEIBNIZ-INSTITUT f\u00fcr interdisziplin\u00e4re Studien e.V. (LIFIS), Schloss<br \/>\nLichtenwalde<\/p>\n<p>gemeinsam mit <a href=\"http:\/\/www.silicon-saxony.de\" target=\"_blank\" rel=\"noopener\">SILICON SAXONY e.V.<\/a>, Dresden und <a href=\"http:\/\/www.gfww.de\" target=\"_blank\" rel=\"noopener\">GFWW e.V.<\/a>, Frankfurt (Oder)<\/p>\n<h2>Programminhalte:<\/h2>\n<p>Klimawandel und absehbare Ersch\u00f6pfung der Ressourcen an fossilen Brennstoffen legen dringend eine neue Energiepolitik nahe, die auf erneuerbaren Energieressourcen aufbaut. Im Zentrum dieser neuen Energiestrategie steht die Solarenergie in ihren unterschiedlichsten Erscheinungsformen. Die Nutzung der Solarenergie als eine Hauptquelle der Energieversorgung im 21. Jahrhundert ist eine wahrhaft interdisziplin\u00e4re Herausforderung. Davon sind Aspekte der direkten Elektroenergieerzeugung durch Photovoltaik mit den Konsequenzen preiswerter und effektiver Energiespeicher sowie intelligenter Netze ebenso betroffen wie die thermische Nutzung von Solarenergie und die solare Stoffwandlung. Schlie\u00dflich reichen die Konsequenzen des bevorstehenden Energiewandels bis in die pers\u00f6nliche Lebenssph\u00e4re jedes B\u00fcrgers Das Leibniz-Institut f\u00fcr interdisziplin\u00e4re Studien f\u00fchrt deshalb die seit 2006 nunmehr dritte Konferenz \u00fcber die Probleme des Solarzeitalters durch, um eine Plattform f\u00fcr den interdisziplin\u00e4ren Dialog unter Experten der verschiedensten Gebiete zu bieten.<\/p>\n<p>Gegenstand der Konferenz ist der aktuelle Stand und die absehbare Entwicklung der Nutzung der Solarenergie f\u00fcr die photovoltaische und thermische Stromerzeugung und der solaren Stoffwandlung mit den Zielen der chemischen Speicherung der Sonnenenergie durch solarthermische Hochtemperaturprozesse, der Gewinnung von Chemieprodukten aus Biomasse, der gezielten Synthese von hochwertigen Chemikalien sowie die Entgiftung und Wiederaufbereitung von Industrieabf\u00e4llen und anderer Umwelt relevanter Aufgaben durch photochemische und photokatalytische Prozesse. Von Interesse ist gleichfalls der Ersatz fossiler Energie in stark endothermen, konventionellen chemischen Prozessen durch Solarenenergie.<\/p>\n<p>Die f\u00fcr die Nutzung der solaren Elektroenergie besonders interessante Aspekte der Speicherung von W\u00e4rme und Elektroenergie, des optimalen Energiemixes sowie des intelligenten Netzmanagements sind ebenso Gegenstand der Diskussion wie die gesellschaftlichen Aspekte von \u201esmart grids\u201c und \u201esmart metering\u201c.<\/p>\n<h2>Schwerpunkte:<\/h2>\n<p><strong>1. Solare Stoffumwandlung<\/strong><\/p>\n<ul>\n<li>Spaltung von Kohlendioxid und Wasser in solarthermischen Kreisprozessen<\/li>\n<li>Solarthermische Reduktion von Metalloxiden<\/li>\n<li>Solare Wasserreinigung und Meerwasserentsalzung<\/li>\n<li>Biomasse als Rohstoff f\u00fcr chemische Produkte<\/li>\n<li>Photokatalytisch induzierte Synthesen<\/li>\n<li>Technische Realisierung nat\u00fcrlicher Photosynthesen<\/li>\n<li>Koproduktion von Wasserstoff und elementarem Kohlenstoff durch Kohlenwasserstoff-Spaltung (besonders Methan)<\/li>\n<li>Solarchemische Verfahren (z.B. Reformierung von Methan, solarthermische Vergasung von Kohle mit Dampf und Kohlendioxid, Methanol-Gewinnung \u00fcber die solarthermi-sche, katalytische Reformierung von Methan mit Kohlendioxid<\/li>\n<\/ul>\n<p><strong>2. PV-Zellen und -Systeme<\/strong><\/p>\n<ul>\n<li>Neue PV-Zellen mit h\u00f6herer Effektivit\u00e4t<\/li>\n<li>Entwicklung und Einsatz von CPV<\/li>\n<li>PV-Systeme mit integrierter Elektronik und Wandlermodulen<\/li>\n<li>Direktspeicherung elektrischer Energie<\/li>\n<li>Speicherung elektrischer Energie \u00fcber Stoffwandlung (Wasserstoff, Methan)<\/li>\n<\/ul>\n<p><strong>3. Solarthermische Stromerzeugung<\/strong><\/p>\n<ul>\n<li>Verfahren und Anlagen zur thermischen Stromerzeugung<\/li>\n<li>Speicherung von W\u00e4rme<\/li>\n<\/ul>\n<p><strong>4. Intelligente Netze<\/strong><\/p>\n<ul>\n<li>Smart Metering<\/li>\n<li>Netzmanagement im Zeitalter der erneuerbaren Energien<\/li>\n<\/ul>\n<p><strong>5. Gesellschaftliche Aspekte der Energiewende<\/strong><\/p>\n<ul>\n<li>Datenschutz und Smart Metering<\/li>\n<li>Akzeptanzprobleme der Verbrauchssteuerung durch intelligente Netze<\/li>\n<li>Folgen der Energiewende f\u00fcr die Gesellschaft<\/li>\n<\/ul>\n<h2>Programmkomitee:<\/h2>\n<ul>\n<li>Prof. Dr. Bernd Junghans, LIFIS e.V., Dresden (Vorsitz)<\/li>\n<li>Prof. Dr. Lothar Ebner, PROTEKUM, Oranienburg<\/li>\n<li>Prof. Dr. Lutz-G\u00fcnther Fleischer, LIFIS e.V., Schloss Lichtenwalde<\/li>\n<li>Prof. Dr. Thomas Hirth, FhG-IGB, Stuttgart<\/li>\n<li>Prof. Dr. Birgit Kamm, BIOPOS, Teltow-Seehof<\/li>\n<li>Dipl.-Ing. H. Marsch, Maicom Quarz GmbH, Posterstein<\/li>\n<li>Prof. Dr. Detlev M\u00f6ller, BTU Cottbus<\/li>\n<li>Prof. Dr. Gerhard \u00d6hlmann, Leibniz-Soziet\u00e4t der Wissenschaften zu Berlin<\/li>\n<li>Prof. Dr. H. Richter, GFWW e.V., Frankfurt (Oder)<\/li>\n<li>Prof. Dr. Gert Wangermann, LIFIS e.V., Berlin<\/li>\n<\/ul>\n<p>Die 11.Leibniz-Konferenz wurde unterst\u00fctzt durch<\/p>\n<table border=\"0\" width=\"100%\" cellspacing=\"0\" cellpadding=\"0\">\n<tbody>\n<tr>\n<td valign=\"bottom\" width=\"1%\"><img decoding=\"async\" src=\"http:\/\/www.leibniz-institut.de\/usr_pix\/22_logo_hm.gif\" alt=\"\" \/><\/td>\n<td valign=\"bottom\">H.M. Heizk\u00f6rper GmbH &amp; Co. KG, Dingelst\u00e4dt\/Th\u00fcringen<br \/>\n<a href=\"http:\/\/www.muhr.net\/\" target=\"_blank\" rel=\"noopener\">www.muhr.net<\/a><\/td>\n<\/tr>\n<\/tbody>\n<\/table>\n<h2>Weitere Informationen und Downloads<\/h2>\n<ul>\n<li><a href=\"http:\/\/www.leibniz-institut.de\/usr_files\/43_solarzeitalter2011.pdf\" target=\"_blank\" rel=\"noopener\"><strong>Ank\u00fcndigung <\/strong><\/a>(100KB, PDF-Format)<\/li>\n<li><a href=\"http:\/\/www.leibniz-institut.de\/usr_files\/47_solarzeitalter2011_programm.pdf\" target=\"_blank\" rel=\"noopener\"><strong>Programm <\/strong><\/a>(115KB, PDF-Format)<\/li>\n<li><a href=\"http:\/\/www.leibniz-institut.de\/usr_files\/48_solarzeitalter2011_abstracts.pdf\" target=\"_blank\" rel=\"noopener\"><strong>Abstracts <\/strong><\/a>(140KB, PDF-Format)<\/li>\n<li><a href=\"http:\/\/www.leibniz-institut.de\/usr_files\/51_solarzeitalter2011_teilnehmer.pdf\" target=\"_blank\" rel=\"noopener\"><strong>Teilnehmerliste <\/strong><\/a>(86KB, PDF-Format)<\/li>\n<li><strong><a href=\"http:\/\/leibniz-institut.de\/lk11-detail\/\">Programm mit Downloadoption der Vortr\u00e4ge<\/a><\/strong><\/li>\n<\/ul>\n","protected":false},"excerpt":{"rendered":"<p>SOLARZEITALTER 2011 12. &#8211; 13. Mai 2011 Best Western Hotel am Schlosspark, 09577 Lichtenwalde (Sachsen), Deutschland Veranstalter: LEIBNIZ-INSTITUT f\u00fcr interdisziplin\u00e4re Studien e.V. (LIFIS), Schloss Lichtenwalde gemeinsam mit SILICON SAXONY e.V., <a class=\"more-link\" href=\"https:\/\/leibniz-institut.de\/en\/konferenzen\/konferenz-archiv\/11-leibniz-konferenz-solarzeitalter-2011\/\">Weiterlesen \u2192<\/a><\/p>\n","protected":false},"author":2,"featured_media":0,"parent":315,"menu_order":11,"comment_status":"closed","ping_status":"closed","template":"","meta":{"footnotes":""},"class_list":["post-144","page","type-page","status-publish","hentry"],"translation":{"provider":"WPGlobus","version":"3.0.2","language":"en","enabled_languages":["de","en","ru"],"languages":{"de":{"title":true,"content":true,"excerpt":false},"en":{"title":false,"content":false,"excerpt":false},"ru":{"title":false,"content":false,"excerpt":false}}},"_links":{"self":[{"href":"https:\/\/leibniz-institut.de\/en\/wp-json\/wp\/v2\/pages\/144","targetHints":{"allow":["GET"]}}],"collection":[{"href":"https:\/\/leibniz-institut.de\/en\/wp-json\/wp\/v2\/pages"}],"about":[{"href":"https:\/\/leibniz-institut.de\/en\/wp-json\/wp\/v2\/types\/page"}],"author":[{"embeddable":true,"href":"https:\/\/leibniz-institut.de\/en\/wp-json\/wp\/v2\/users\/2"}],"replies":[{"embeddable":true,"href":"https:\/\/leibniz-institut.de\/en\/wp-json\/wp\/v2\/comments?post=144"}],"version-history":[{"count":6,"href":"https:\/\/leibniz-institut.de\/en\/wp-json\/wp\/v2\/pages\/144\/revisions"}],"predecessor-version":[{"id":1572,"href":"https:\/\/leibniz-institut.de\/en\/wp-json\/wp\/v2\/pages\/144\/revisions\/1572"}],"up":[{"embeddable":true,"href":"https:\/\/leibniz-institut.de\/en\/wp-json\/wp\/v2\/pages\/315"}],"wp:attachment":[{"href":"https:\/\/leibniz-institut.de\/en\/wp-json\/wp\/v2\/media?parent=144"}],"curies":[{"name":"wp","href":"https:\/\/api.w.org\/{rel}","templated":true}]}}