{"id":1535,"date":"2022-01-16T19:09:23","date_gmt":"2022-01-16T19:09:23","guid":{"rendered":"https:\/\/leibniz-institut.de\/?page_id=1535"},"modified":"2022-09-16T16:55:47","modified_gmt":"2022-09-16T16:55:47","slug":"26-leibniz-konferenz-2022-unsere-zukunft-im-quartier","status":"publish","type":"page","link":"https:\/\/leibniz-institut.de\/en\/konferenzen\/26-leibniz-konferenz-2022-unsere-zukunft-im-quartier\/","title":{"rendered":"26. Leibniz-Konferenz 2022 &ndash; Unsere Zukunft im Quartier"},"content":{"rendered":"\n<h3 class=\"wp-block-heading\">Bestandsquartiere nachhaltig und systematisch entwickeln.<\/h3>\n\n\n\n<h3 class=\"wp-block-heading\">Veranstalter<\/h3>\n\n\n\n<p>Gemeinsame Konferenz der <a href=\"https:\/\/www.cleantech-ost.de\/\">CLEANTECH Ostdeutschland<\/a>, des LIFIS und des <a href=\"https:\/\/www.theen-ev.de\/de\/\">ThEEN e.V<\/a>.<\/p>\n\n\n\n<h3 class=\"wp-block-heading\">Termin und Ort<\/h3>\n\n\n\n<p>9.-10. Juni 2022 in Jena, <br>L\u00f6bstedter Stra\u00dfe 67, 07749 Jena <br>in den R\u00e4umen der <a href=\"https:\/\/imaginata.de\/\">Imaginata<\/a><\/p>\n\n\n\n<h3 class=\"wp-block-heading\">Inhalt und Ziel<\/h3>\n\n\n\n<p>Die Innovationen auf dem Gebiet der Quartierssanierung f\u00fcr eine systematische Wertsch\u00f6pfung zusammenzuf\u00fchren, ist ein wesentliches Ziel dieser zweit\u00e4gigen Konferenz in den R\u00e4umen der Imaginata, einem Mitmach-Museum f\u00fcr Jugendliche und Kinder in einem ehemaligen Umspannwerk in Jena. Den Quartiersumbau zudem in einem sozio-technischen System zu verstehen, wird zur Grundbedingung f\u00fcr das Gelingen der Transformation mit dem Erreichen einer h\u00f6heren Lebensqualit\u00e4t f\u00fcr die Bewohner:innen. Unternehmen der Wohnungswirtschaft, Stadtwerke und Energieversorger, Hochschulen, Kommunen, Netzwerke, B\u00fcrger:innen:initiativen und Unternehmen des Klein- und Mittelstandes sind herzlich eingeladen. <\/p>\n\n\n\n<h3 class=\"wp-block-heading\">Programmkomitee<\/h3>\n\n\n\n<ul class=\"wp-block-list\"><li>Tony Sch\u00fctze, Netzwerkmanager, CLEANTECH Initiative Ostdeutschland<\/li><li>Dr. Thomas Nitzsche, Oberb\u00fcrgermeister der Lichtstadt Jena<\/li><li>Hermann Marsch, Leibniz-Institut f\u00fcr interdisziplin\u00e4re Studien e.V<\/li><li>Dr. Kersten Roselt, EnergieWerkStadt\u00ae e.G.<\/li><\/ul>\n\n\n\n<h3 class=\"wp-block-heading\">Organisatorisches<\/h3>\n\n\n\n<ul class=\"wp-block-list\"><li><a href=\"https:\/\/leibniz-institut.de\/Konferenzen\/QE-2022\/Programm.pdf\">Programm 1. Tag<\/a><\/li><li><a href=\"https:\/\/leibniz-institut.de\/Konferenzen\/QE-2022\/Workshop.pdf\">Programm 2. Tag<\/a><\/li><li><a href=\"https:\/\/leibniz-institut.de\/programm-der-26-leibniz-konferenz\/\">Beitr\u00e4ge <\/a>mit Downloadoption der Folien zu einzelnen Beitr\u00e4gen.<\/li><\/ul>\n\n\n\n<h3 class=\"wp-block-heading\">Impressionen<\/h3>\n\n\n\n<figure class=\"wp-block-gallery has-nested-images columns-default is-cropped wp-block-gallery-1 is-layout-flex wp-block-gallery-is-layout-flex\">\n<figure class=\"wp-block-image size-large\"><img loading=\"lazy\" decoding=\"async\" width=\"1024\" height=\"683\" data-id=\"1661\" src=\"https:\/\/leibniz-institut.de\/WordPress_01\/wp-content\/uploads\/jena-1-1024x683.jpg\" alt=\"\" class=\"wp-image-1661\" srcset=\"https:\/\/leibniz-institut.de\/WordPress_01\/wp-content\/uploads\/jena-1-1024x683.jpg 1024w, https:\/\/leibniz-institut.de\/WordPress_01\/wp-content\/uploads\/jena-1-300x200.jpg 300w, https:\/\/leibniz-institut.de\/WordPress_01\/wp-content\/uploads\/jena-1-768x512.jpg 768w, https:\/\/leibniz-institut.de\/WordPress_01\/wp-content\/uploads\/jena-1.jpg 1500w\" sizes=\"auto, (max-width: 1024px) 100vw, 1024px\" \/><\/figure>\n\n\n\n<figure class=\"wp-block-image size-large\"><img loading=\"lazy\" decoding=\"async\" width=\"1024\" height=\"768\" data-id=\"1662\" src=\"https:\/\/leibniz-institut.de\/WordPress_01\/wp-content\/uploads\/jena-2-1024x768.jpg\" alt=\"\" class=\"wp-image-1662\" srcset=\"https:\/\/leibniz-institut.de\/WordPress_01\/wp-content\/uploads\/jena-2-1024x768.jpg 1024w, https:\/\/leibniz-institut.de\/WordPress_01\/wp-content\/uploads\/jena-2-300x225.jpg 300w, https:\/\/leibniz-institut.de\/WordPress_01\/wp-content\/uploads\/jena-2-768x576.jpg 768w, https:\/\/leibniz-institut.de\/WordPress_01\/wp-content\/uploads\/jena-2.jpg 1500w\" sizes=\"auto, (max-width: 1024px) 100vw, 1024px\" \/><\/figure>\n\n\n\n<figure class=\"wp-block-image size-large\"><img loading=\"lazy\" decoding=\"async\" width=\"1024\" height=\"768\" data-id=\"1667\" src=\"https:\/\/leibniz-institut.de\/WordPress_01\/wp-content\/uploads\/jena-5-1024x768.jpg\" alt=\"\" class=\"wp-image-1667\" srcset=\"https:\/\/leibniz-institut.de\/WordPress_01\/wp-content\/uploads\/jena-5-1024x768.jpg 1024w, https:\/\/leibniz-institut.de\/WordPress_01\/wp-content\/uploads\/jena-5-300x225.jpg 300w, https:\/\/leibniz-institut.de\/WordPress_01\/wp-content\/uploads\/jena-5-768x576.jpg 768w, https:\/\/leibniz-institut.de\/WordPress_01\/wp-content\/uploads\/jena-5.jpg 1500w\" sizes=\"auto, (max-width: 1024px) 100vw, 1024px\" \/><\/figure>\n\n\n\n<figure class=\"wp-block-image size-large\"><img loading=\"lazy\" decoding=\"async\" width=\"1024\" height=\"768\" data-id=\"1669\" src=\"https:\/\/leibniz-institut.de\/WordPress_01\/wp-content\/uploads\/jena-19-1024x768.jpg\" alt=\"\" class=\"wp-image-1669\" srcset=\"https:\/\/leibniz-institut.de\/WordPress_01\/wp-content\/uploads\/jena-19-1024x768.jpg 1024w, https:\/\/leibniz-institut.de\/WordPress_01\/wp-content\/uploads\/jena-19-300x225.jpg 300w, https:\/\/leibniz-institut.de\/WordPress_01\/wp-content\/uploads\/jena-19-768x576.jpg 768w, https:\/\/leibniz-institut.de\/WordPress_01\/wp-content\/uploads\/jena-19.jpg 1500w\" sizes=\"auto, (max-width: 1024px) 100vw, 1024px\" \/><\/figure>\n\n\n\n<figure class=\"wp-block-image size-large\"><img loading=\"lazy\" decoding=\"async\" width=\"1024\" height=\"768\" data-id=\"1668\" src=\"https:\/\/leibniz-institut.de\/WordPress_01\/wp-content\/uploads\/jena-13-1024x768.jpg\" alt=\"\" class=\"wp-image-1668\" srcset=\"https:\/\/leibniz-institut.de\/WordPress_01\/wp-content\/uploads\/jena-13-1024x768.jpg 1024w, https:\/\/leibniz-institut.de\/WordPress_01\/wp-content\/uploads\/jena-13-300x225.jpg 300w, https:\/\/leibniz-institut.de\/WordPress_01\/wp-content\/uploads\/jena-13-768x576.jpg 768w, https:\/\/leibniz-institut.de\/WordPress_01\/wp-content\/uploads\/jena-13.jpg 1500w\" sizes=\"auto, (max-width: 1024px) 100vw, 1024px\" \/><\/figure>\n\n\n\n<figure class=\"wp-block-image size-large\"><img loading=\"lazy\" decoding=\"async\" width=\"1024\" height=\"768\" data-id=\"1665\" src=\"https:\/\/leibniz-institut.de\/WordPress_01\/wp-content\/uploads\/jena-31-1024x768.jpg\" alt=\"\" class=\"wp-image-1665\" srcset=\"https:\/\/leibniz-institut.de\/WordPress_01\/wp-content\/uploads\/jena-31-1024x768.jpg 1024w, https:\/\/leibniz-institut.de\/WordPress_01\/wp-content\/uploads\/jena-31-300x225.jpg 300w, https:\/\/leibniz-institut.de\/WordPress_01\/wp-content\/uploads\/jena-31-768x576.jpg 768w, https:\/\/leibniz-institut.de\/WordPress_01\/wp-content\/uploads\/jena-31.jpg 1500w\" sizes=\"auto, (max-width: 1024px) 100vw, 1024px\" \/><\/figure>\n\n\n\n<figure class=\"wp-block-image size-large\"><img loading=\"lazy\" decoding=\"async\" width=\"1024\" height=\"768\" data-id=\"1663\" src=\"https:\/\/leibniz-institut.de\/WordPress_01\/wp-content\/uploads\/jena-11-1024x768.jpg\" alt=\"\" class=\"wp-image-1663\" srcset=\"https:\/\/leibniz-institut.de\/WordPress_01\/wp-content\/uploads\/jena-11-1024x768.jpg 1024w, https:\/\/leibniz-institut.de\/WordPress_01\/wp-content\/uploads\/jena-11-300x225.jpg 300w, https:\/\/leibniz-institut.de\/WordPress_01\/wp-content\/uploads\/jena-11-768x576.jpg 768w, https:\/\/leibniz-institut.de\/WordPress_01\/wp-content\/uploads\/jena-11.jpg 1500w\" sizes=\"auto, (max-width: 1024px) 100vw, 1024px\" \/><\/figure>\n\n\n\n<figure class=\"wp-block-image size-large\"><img loading=\"lazy\" decoding=\"async\" width=\"1024\" height=\"768\" data-id=\"1664\" src=\"https:\/\/leibniz-institut.de\/WordPress_01\/wp-content\/uploads\/jena-15-1024x768.jpg\" alt=\"\" class=\"wp-image-1664\" srcset=\"https:\/\/leibniz-institut.de\/WordPress_01\/wp-content\/uploads\/jena-15-1024x768.jpg 1024w, https:\/\/leibniz-institut.de\/WordPress_01\/wp-content\/uploads\/jena-15-300x225.jpg 300w, https:\/\/leibniz-institut.de\/WordPress_01\/wp-content\/uploads\/jena-15-768x576.jpg 768w, https:\/\/leibniz-institut.de\/WordPress_01\/wp-content\/uploads\/jena-15.jpg 1500w\" sizes=\"auto, (max-width: 1024px) 100vw, 1024px\" \/><\/figure>\n\n\n\n<figure class=\"wp-block-image size-large\"><img loading=\"lazy\" decoding=\"async\" width=\"1024\" height=\"768\" data-id=\"1666\" src=\"https:\/\/leibniz-institut.de\/WordPress_01\/wp-content\/uploads\/jena-32-1024x768.jpg\" alt=\"\" class=\"wp-image-1666\" srcset=\"https:\/\/leibniz-institut.de\/WordPress_01\/wp-content\/uploads\/jena-32-1024x768.jpg 1024w, https:\/\/leibniz-institut.de\/WordPress_01\/wp-content\/uploads\/jena-32-300x225.jpg 300w, https:\/\/leibniz-institut.de\/WordPress_01\/wp-content\/uploads\/jena-32-768x576.jpg 768w, https:\/\/leibniz-institut.de\/WordPress_01\/wp-content\/uploads\/jena-32.jpg 1500w\" sizes=\"auto, (max-width: 1024px) 100vw, 1024px\" \/><\/figure>\n<\/figure>\n","protected":false},"excerpt":{"rendered":"<p>Bestandsquartiere nachhaltig und systematisch entwickeln. Veranstalter Gemeinsame Konferenz der CLEANTECH Ostdeutschland, des LIFIS und des ThEEN e.V. Termin und Ort 9.-10. Juni 2022 in Jena, L\u00f6bstedter Stra\u00dfe 67, 07749 Jena <a class=\"more-link\" href=\"https:\/\/leibniz-institut.de\/en\/konferenzen\/26-leibniz-konferenz-2022-unsere-zukunft-im-quartier\/\">Weiterlesen \u2192<\/a><\/p>\n","protected":false},"author":2,"featured_media":0,"parent":31,"menu_order":26,"comment_status":"closed","ping_status":"closed","template":"","meta":{"footnotes":""},"class_list":["post-1535","page","type-page","status-publish","hentry"],"translation":{"provider":"WPGlobus","version":"3.0.2","language":"en","enabled_languages":["de","en","ru"],"languages":{"de":{"title":true,"content":true,"excerpt":false},"en":{"title":false,"content":false,"excerpt":false},"ru":{"title":false,"content":false,"excerpt":false}}},"_links":{"self":[{"href":"https:\/\/leibniz-institut.de\/en\/wp-json\/wp\/v2\/pages\/1535","targetHints":{"allow":["GET"]}}],"collection":[{"href":"https:\/\/leibniz-institut.de\/en\/wp-json\/wp\/v2\/pages"}],"about":[{"href":"https:\/\/leibniz-institut.de\/en\/wp-json\/wp\/v2\/types\/page"}],"author":[{"embeddable":true,"href":"https:\/\/leibniz-institut.de\/en\/wp-json\/wp\/v2\/users\/2"}],"replies":[{"embeddable":true,"href":"https:\/\/leibniz-institut.de\/en\/wp-json\/wp\/v2\/comments?post=1535"}],"version-history":[{"count":23,"href":"https:\/\/leibniz-institut.de\/en\/wp-json\/wp\/v2\/pages\/1535\/revisions"}],"predecessor-version":[{"id":1692,"href":"https:\/\/leibniz-institut.de\/en\/wp-json\/wp\/v2\/pages\/1535\/revisions\/1692"}],"up":[{"embeddable":true,"href":"https:\/\/leibniz-institut.de\/en\/wp-json\/wp\/v2\/pages\/31"}],"wp:attachment":[{"href":"https:\/\/leibniz-institut.de\/en\/wp-json\/wp\/v2\/media?parent=1535"}],"curies":[{"name":"wp","href":"https:\/\/api.w.org\/{rel}","templated":true}]}}