{"id":1557,"date":"2022-02-13T18:52:54","date_gmt":"2022-02-13T18:52:54","guid":{"rendered":"https:\/\/leibniz-institut.de\/?page_id=1557"},"modified":"2022-02-13T18:58:06","modified_gmt":"2022-02-13T18:58:06","slug":"geschichte-des-lifis","status":"publish","type":"page","link":"https:\/\/leibniz-institut.de\/en\/startseite\/geschichte-des-lifis\/","title":{"rendered":"Geschichte des LIFIS"},"content":{"rendered":"\n<p>Das Leibniz-Institut f\u00fcr interdisziplin\u00e4re Studien e.V. \u2013 kurz: LIFIS \u2013 wurde am 3. Mai 2002 auf Anregung des Pr\u00e4sidiums der Leibniz-Soziet\u00e4t der Wissenschaften gegr\u00fcndet. Sein Zweck ist \u2013 entsprechend \u00a7 2 seiner Satzung \u2013 \u201edie Initiierung und F\u00f6rderung der interdisziplin\u00e4ren bzw. fach\u00fcbergreifenden Zusammenarbeit von Forschungs- und Entwicklungspotentialen auf ausgew\u00e4hlten Gebieten der Natur-, Technik-, Wirtschafts-, Sozial- und Geisteswissenschaften, insbesondere<\/p>\n\n\n\n<ul class=\"wp-block-list\"><li>der damit zusammenh\u00e4ngenden Grundlagen- und anwendungsorientierten Forschung,<\/li><li>des wissenschaftlichen Informationsaustauschs,<\/li><li>der Aus- und Weiterbildung des wissenschaftlichen Nachwuchses.\u201c<\/li><\/ul>\n\n\n\n<p>Mit Blick auf die zunehmende Komplexit\u00e4t gegenw\u00e4rtiger und zuk\u00fcnftiger Problemstellungen steht dabei die interdisziplin\u00e4re bzw. fach\u00fcbergreifende Zusammenarbeit von Wissenschaft und Wirtschaft im Mittelpunkt aller Bem\u00fchungen. Dabei will das LIFIS keine Forschungseinrichtung im herk\u00f6mmlichen Sinne sein, sondern als \u201evirtuelle\u201c Institution an anderen Orten verf\u00fcgbare Potenziale organisieren und koordinieren, also Netzwerke jeweils zweckm\u00e4\u00dfiger Kompetenz konstituieren.<\/p>\n\n\n\n<p>Diesem Anliegen \u2013 und damit dem Alleinstellungsmerkmal des LIFIS entsprechend \u2013 setzen sich Vorstand und Mitgliederbestand sowohl aus Vertretern der Wissenschaft als auch der Wirtschaft zusammen. Mitglieder des Instituts k\u00f6nnen Einzelpersonen, Korporationen sowie F\u00f6rdermitglieder werden.<\/p>\n\n\n\n<p>Das LIFIS ist juristisch selbstst\u00e4ndig und hat seinen Sitz in Berlin-Adlershof. Das Institut finanziert seine T\u00e4tigkeit aus Mitgliedsbeitr\u00e4gen, Spenden und anderen Zuwendungen.<\/p>\n","protected":false},"excerpt":{"rendered":"<p>Das Leibniz-Institut f\u00fcr interdisziplin\u00e4re Studien e.V. \u2013 kurz: LIFIS \u2013 wurde am 3. Mai 2002 auf Anregung des Pr\u00e4sidiums der Leibniz-Soziet\u00e4t der Wissenschaften gegr\u00fcndet. Sein Zweck ist \u2013 entsprechend \u00a7 <a class=\"more-link\" href=\"https:\/\/leibniz-institut.de\/en\/startseite\/geschichte-des-lifis\/\">Weiterlesen \u2192<\/a><\/p>\n","protected":false},"author":2,"featured_media":0,"parent":39,"menu_order":5,"comment_status":"closed","ping_status":"closed","template":"","meta":{"footnotes":""},"class_list":["post-1557","page","type-page","status-publish","hentry"],"translation":{"provider":"WPGlobus","version":"3.0.2","language":"en","enabled_languages":["de","en","ru"],"languages":{"de":{"title":true,"content":true,"excerpt":false},"en":{"title":false,"content":false,"excerpt":false},"ru":{"title":false,"content":false,"excerpt":false}}},"_links":{"self":[{"href":"https:\/\/leibniz-institut.de\/en\/wp-json\/wp\/v2\/pages\/1557","targetHints":{"allow":["GET"]}}],"collection":[{"href":"https:\/\/leibniz-institut.de\/en\/wp-json\/wp\/v2\/pages"}],"about":[{"href":"https:\/\/leibniz-institut.de\/en\/wp-json\/wp\/v2\/types\/page"}],"author":[{"embeddable":true,"href":"https:\/\/leibniz-institut.de\/en\/wp-json\/wp\/v2\/users\/2"}],"replies":[{"embeddable":true,"href":"https:\/\/leibniz-institut.de\/en\/wp-json\/wp\/v2\/comments?post=1557"}],"version-history":[{"count":1,"href":"https:\/\/leibniz-institut.de\/en\/wp-json\/wp\/v2\/pages\/1557\/revisions"}],"predecessor-version":[{"id":1559,"href":"https:\/\/leibniz-institut.de\/en\/wp-json\/wp\/v2\/pages\/1557\/revisions\/1559"}],"up":[{"embeddable":true,"href":"https:\/\/leibniz-institut.de\/en\/wp-json\/wp\/v2\/pages\/39"}],"wp:attachment":[{"href":"https:\/\/leibniz-institut.de\/en\/wp-json\/wp\/v2\/media?parent=1557"}],"curies":[{"name":"wp","href":"https:\/\/api.w.org\/{rel}","templated":true}]}}