{"id":1591,"date":"2022-05-01T14:51:31","date_gmt":"2022-05-01T14:51:31","guid":{"rendered":"https:\/\/leibniz-institut.de\/?page_id=1591"},"modified":"2022-09-16T16:58:35","modified_gmt":"2022-09-16T16:58:35","slug":"programm-der-26-leibniz-konferenz","status":"publish","type":"page","link":"https:\/\/leibniz-institut.de\/en\/konferenzen\/26-leibniz-konferenz-2022-unsere-zukunft-im-quartier\/programm-der-26-leibniz-konferenz\/","title":{"rendered":"Programm der 26. Leibniz-Konferenz"},"content":{"rendered":"\n<h3 class=\"wp-block-heading\">Unsere Zukunft im Quartier. Bestandsquartiere nachhaltig und systematisch entwickeln.<\/h3>\n\n\n\n<p>Die Innovationen auf dem Gebiet der Quartierssanierung f\u00fcr eine systematische Wertsch\u00f6pfung zusammenzuf\u00fchren, ist ein wesentliches Ziel dieser zweit\u00e4gigen Konferenz in den R\u00e4umen der Imaginata, einem Mitmach-Museum f\u00fcr Jugendliche und Kinder in einem ehemaligen Umspannwerk in Jena. Den Quartiersumbau zudem in einem sozio-technischen System zu verstehen, wird zur Grundbedingung f\u00fcr das Gelingen der Transformation mit dem Erreichen einer h\u00f6heren Lebensqualit\u00e4t f\u00fcr die Bewohner:innen. Unternehmen der Wohnungswirtschaft, Stadtwerke und Energieversorger, Hochschulen, Kommunen, Netzwerke, B\u00fcrger:innen:initiativen und Unternehmen des Klein- und Mittelstandes sind herzlich eingeladen.<\/p>\n\n\n<h3>Beitr\u00e4ge<\/h3><div class=\"talks\">\n<div itemscope itemtype=\"http:\/\/schema.org\/CreativeWork\" class=\"talk\">\n  <h4 itemprop=\"title\" class=\"talktitle\">Begr\u00fc\u00dfung und thematische Einleitung<\/h4>\n  <div class=\"referent\"><p><strong>Autor(en):<\/strong> <span itemprop=\"creator\">Hermann Marsch<\/span>, <span itemprop=\"creator\">Dr. Thomas Nitzsche<\/span>, <span itemprop=\"creator\">Dr. Kersten Roselt<\/span>, <span itemprop=\"creator\">Tony Sch\u00fctze<\/span><\/p><\/div>\n<\/div> <!-- end class talk -->\n<div itemscope itemtype=\"http:\/\/schema.org\/CreativeWork\" class=\"talk\">\n  <h4 itemprop=\"title\" class=\"talktitle\">Aktuelle Initiativen des Bundes zur Unterst\u00fctzung der nachhaltigen Strukturentwicklung in Ostdeutschland<\/h4>\n  <div class=\"referent\"><p><strong>Autor(en):<\/strong> <span itemprop=\"creator\">Carsten Schneider<\/span><\/p><\/div>\n  <div class=\"section\"><p><strong>Thema:<\/strong> Herausforderung Strukturwandel &ndash; Initiativen des Bundes und Best practices<\/p><\/div>\n<\/div> <!-- end class talk -->\n<div itemscope itemtype=\"http:\/\/schema.org\/CreativeWork\" class=\"talk\">\n  <h4 itemprop=\"title\" class=\"talktitle\">Umweltwirtschaft im Quartier<\/h4>\n  <div class=\"referent\"><p><strong>Autor(en):<\/strong> <span itemprop=\"creator\">Olga Schmidt<\/span><\/p><\/div>\n  <div class=\"section\"><p><strong>Thema:<\/strong> Herausforderung Strukturwandel &ndash; Initiativen des Bundes und Best practices<\/p><\/div>\n  <div class=\"slides\"> <img decoding=\"async\" alt=\"\" src=\"https:\/\/www.leibniz-institut.de\/images\/13_icon_pdf.gif\" width=\"18px\"\/>&nbsp;<a href=\"http:\/\/leibniz-institut.de\/Konferenzen\/QE-2022\/02_Schmidt.pdf\">Vortragsfolien<\/a> <\/div>\n<\/div> <!-- end class talk -->\n<div itemscope itemtype=\"http:\/\/schema.org\/CreativeWork\" class=\"talk\">\n  <h4 itemprop=\"title\" class=\"talktitle\">Brunnsh\u00f6g - Neighborhood development using a holistic approach. Example from Sweden<\/h4>\n  <div class=\"referent\"><p><strong>Autor(en):<\/strong> <span itemprop=\"creator\">Christian Wilke<\/span><\/p><\/div>\n  <div class=\"section\"><p><strong>Thema:<\/strong> Herausforderung Strukturwandel &ndash; Initiativen des Bundes und Best practices<\/p><\/div>\n<\/div> <!-- end class talk -->\n<div itemscope itemtype=\"http:\/\/schema.org\/CreativeWork\" class=\"talk\">\n  <h4 itemprop=\"title\" class=\"talktitle\">Systemischer Quartiersansatz &ndash; Aufgaben. Trends, Wertsch\u00f6pfungspotentiale<\/h4>\n  <div class=\"referent\"><p><strong>Autor(en):<\/strong> <span itemprop=\"creator\">Prof. Peter Bretschneider<\/span>, <span itemprop=\"creator\">Dr. Kersten Roselt<\/span><\/p><\/div>\n  <div class=\"section\"><p><strong>Thema:<\/strong> Systemische Entwicklung von Quartieren &ndash; methodischer Ansatz und praktische Herausforderungen<\/p><\/div>\n<\/div> <!-- end class talk -->\n<div itemscope itemtype=\"http:\/\/schema.org\/CreativeWork\" class=\"talk\">\n  <h4 itemprop=\"title\" class=\"talktitle\">Quartiersumbau aus Sicht der Wohnungsgesellschaft<\/h4>\n  <div class=\"referent\"><p><strong>Autor(en):<\/strong> <span itemprop=\"creator\">Tobias Clermont<\/span><\/p><\/div>\n  <div class=\"section\"><p><strong>Thema:<\/strong> Systemische Entwicklung von Quartieren &ndash; methodischer Ansatz und praktische Herausforderungen<\/p><\/div>\n<\/div> <!-- end class talk -->\n<div itemscope itemtype=\"http:\/\/schema.org\/CreativeWork\" class=\"talk\">\n  <h4 itemprop=\"title\" class=\"talktitle\">Imaginata &ndash; Experimentarium in Jena<\/h4>\n  <div class=\"referent\"><p><strong>Autor(en):<\/strong> <span itemprop=\"creator\">Ramona V\u00f6lkel<\/span><\/p><\/div>\n  <div class=\"section\"><p><strong>Thema:<\/strong> Systemische Entwicklung von Quartieren &ndash; methodischer Ansatz und praktische Herausforderungen<\/p><\/div>\n<\/div> <!-- end class talk -->\n<div itemscope itemtype=\"http:\/\/schema.org\/CreativeWork\" class=\"talk\">\n  <h4 itemprop=\"title\" class=\"talktitle\">Quartier als Lebensraum - soziale Chancen beim Quartiersumbau<\/h4>\n  <div class=\"referent\"><p><strong>Autor(en):<\/strong> <span itemprop=\"creator\">Dr. Gregor Langenbrinck<\/span><\/p><\/div>\n  <div class=\"section\"><p><strong>Thema:<\/strong> Quartier als Lebensraum &ndash; komplexe Herausforderungen f\u00fcr Ver\u00e4nderung und Entwicklung<\/p><\/div>\n<\/div> <!-- end class talk -->\n<div itemscope itemtype=\"http:\/\/schema.org\/CreativeWork\" class=\"talk\">\n  <h4 itemprop=\"title\" class=\"talktitle\">Quartier als Lebensraum &ndash; Biodiversit\u00e4t. Stadtnatur. Klimaanpassung<\/h4>\n  <div class=\"referent\"><p><strong>Autor(en):<\/strong> <span itemprop=\"creator\"><\/span>, <span itemprop=\"creator\">Anne Katzschmann<\/span><\/p><\/div>\n  <div class=\"section\"><p><strong>Thema:<\/strong> Quartier als Lebensraum &ndash; komplexe Herausforderungen f\u00fcr Ver\u00e4nderung und Entwicklung<\/p><\/div>\n  <div class=\"slides\"> <img decoding=\"async\" alt=\"\" src=\"https:\/\/www.leibniz-institut.de\/images\/13_icon_pdf.gif\" width=\"18px\"\/>&nbsp;<a href=\"http:\/\/leibniz-institut.de\/Konferenzen\/QE-2022\/08_Katzschmann_Hennig.pdf\">Vortragsfolien<\/a> <\/div>\n<\/div> <!-- end class talk -->\n<div itemscope itemtype=\"http:\/\/schema.org\/CreativeWork\" class=\"talk\">\n  <h4 itemprop=\"title\" class=\"talktitle\">Empirische Forschung zu den Einstellungen der Bev\u00f6lkerung zur Energiewende und ihren Ma\u00dfnahmen<\/h4>\n  <div class=\"referent\"><p><strong>Autor(en):<\/strong> <span itemprop=\"creator\">Dr. Dorothee Arlt<\/span><\/p><\/div>\n  <div class=\"section\"><p><strong>Thema:<\/strong> Quartier als Lebensraum &ndash; komplexe Herausforderungen f\u00fcr Ver\u00e4nderung und Entwicklung<\/p><\/div>\n  <div class=\"slides\"> <img decoding=\"async\" alt=\"\" src=\"https:\/\/www.leibniz-institut.de\/images\/13_icon_pdf.gif\" width=\"18px\"\/>&nbsp;<a href=\"http:\/\/leibniz-institut.de\/Konferenzen\/QE-2022\/09_Arlt.pdf\">Vortragsfolien<\/a> <\/div>\n<\/div> <!-- end class talk -->\n<div itemscope itemtype=\"http:\/\/schema.org\/CreativeWork\" class=\"talk\">\n  <h4 itemprop=\"title\" class=\"talktitle\">Mitwirkung, Dialog, Akzeptanz: Welchen Beitrag Kommunikation bei der (Weiter-) Entwicklung von Quartieren spielt<\/h4>\n  <div class=\"referent\"><p><strong>Autor(en):<\/strong> <span itemprop=\"creator\">Franziska Ilbring<\/span><\/p><\/div>\n  <div class=\"section\"><p><strong>Thema:<\/strong> Quartier als Lebensraum &ndash; komplexe Herausforderungen f\u00fcr Ver\u00e4nderung und Entwicklung<\/p><\/div>\n  <div class=\"slides\"> <img decoding=\"async\" alt=\"\" src=\"https:\/\/www.leibniz-institut.de\/images\/13_icon_pdf.gif\" width=\"18px\"\/>&nbsp;<a href=\"http:\/\/leibniz-institut.de\/Konferenzen\/QE-2022\/10_Ilbring.pdf\">Vortragsfolien<\/a> <\/div>\n<\/div> <!-- end class talk -->\n<div itemscope itemtype=\"http:\/\/schema.org\/CreativeWork\" class=\"talk\">\n  <h4 itemprop=\"title\" class=\"talktitle\">Nutzbarmachung der rechtlichen Rahmenbedingungen im Quartier<\/h4>\n  <div class=\"referent\"><p><strong>Autor(en):<\/strong> <span itemprop=\"creator\">Dr. Susann Funke<\/span><\/p><\/div>\n  <div class=\"section\"><p><strong>Thema:<\/strong> Wege zu Nachhaltigkeit und Sicherung der Lebensqualit\u00e4t im Quartier<\/p><\/div>\n  <div class=\"slides\"> <img decoding=\"async\" alt=\"\" src=\"https:\/\/www.leibniz-institut.de\/images\/13_icon_pdf.gif\" width=\"18px\"\/>&nbsp;<a href=\"http:\/\/leibniz-institut.de\/Konferenzen\/QE-2022\/11_Funke.pdf\">Vortragsfolien<\/a> <\/div>\n<\/div> <!-- end class talk -->\n<div itemscope itemtype=\"http:\/\/schema.org\/CreativeWork\" class=\"talk\">\n  <h4 itemprop=\"title\" class=\"talktitle\">Integration smarter L\u00f6sungen in Bestandsquartiere &ndash; Modellprojekt Smartes Quartier Jena-Lobeda<\/h4>\n  <div class=\"referent\"><p><strong>Autor(en):<\/strong> <span itemprop=\"creator\">Katja Endres<\/span><\/p><\/div>\n  <div class=\"section\"><p><strong>Thema:<\/strong> Wege zu Nachhaltigkeit und Sicherung der Lebensqualit\u00e4t im Quartier<\/p><\/div>\n  <div class=\"slides\"> <img decoding=\"async\" alt=\"\" src=\"https:\/\/www.leibniz-institut.de\/images\/13_icon_pdf.gif\" width=\"18px\"\/>&nbsp;<a href=\"http:\/\/leibniz-institut.de\/Konferenzen\/QE-2022\/12_Endres.pdf\">Vortragsfolien<\/a> <\/div>\n<\/div> <!-- end class talk -->\n<div itemscope itemtype=\"http:\/\/schema.org\/CreativeWork\" class=\"talk\">\n  <h4 itemprop=\"title\" class=\"talktitle\">Bausteine der Quartierssanierung - klimaneutral. nachhaltig. lebenswert<\/h4>\n  <div class=\"referent\"><p><strong>Autor(en):<\/strong> <span itemprop=\"creator\">Andreas Reich<\/span><\/p><\/div>\n  <div class=\"section\"><p><strong>Thema:<\/strong> Wege zu Nachhaltigkeit und Sicherung der Lebensqualit\u00e4t im Quartier<\/p><\/div>\n<\/div> <!-- end class talk -->\n<div itemscope itemtype=\"http:\/\/schema.org\/CreativeWork\" class=\"talk\">\n  <h4 itemprop=\"title\" class=\"talktitle\">Quartierszukunft: So geht\u2019s - Lessons learned today<\/h4>\n  <div class=\"referent\"><p><strong>Autor(en):<\/strong> <span itemprop=\"creator\">Dr. Jana Liebe<\/span>, <span itemprop=\"creator\">Claudia van Laak<\/span><\/p><\/div>\n  <div class=\"section\"><p><strong>Thema:<\/strong> Wege zu Nachhaltigkeit und Sicherung der Lebensqualit\u00e4t im Quartier<\/p><\/div>\n<\/div> <!-- end class talk -->\n<div itemscope itemtype=\"http:\/\/schema.org\/CreativeWork\" class=\"talk\">\n  <h4 itemprop=\"title\" class=\"talktitle\">Innovative Produkte und Dienstleistungen zur Entwicklung nachhaltiger Quartiere &ndash; Erfahrungen aus der Praxis<\/h4>\n  <div class=\"referent\"><p><strong>Autor(en):<\/strong> <span itemprop=\"creator\">Dr. Jana Liebe<\/span>, <span itemprop=\"creator\">Dr. Katharina Sch\u00f6ps<\/span>, <span itemprop=\"creator\">Tony Sch\u00fctze<\/span>, <span itemprop=\"creator\">Claudia van Laak<\/span><\/p><\/div>\n  <div class=\"section\"><p><strong>Thema:<\/strong> Workshop<\/p><\/div>\n  <div itemprop=\"description\" class=\"abstract\"><p><strong>Abstract:<\/strong> \n<ul>\n<li>Pitches Gesch\u00e4ftsideen und Innovationen, Innovations-Cafe<\/li>\n<li>Poster-Ausstellung<\/li>\n<ul>\n<li> Energie aus dem Quartier<\/li>\n<li> Quartier als Mobilit\u00e4ts-HUB<\/li>\n<li> Quartier als Lebensraum<\/li>\n<li> Quartier als Aufgabe<\/li>\n<\/ul>\n<li>Innovative Produkte und Dienstleistungen f\u00fcr nachhaltige Quartiere erfolgreich in den Markt bringen<\/li>\n<li>Zusammenfassung der Diskussionen, n\u00e4chste Schritte und Aktivit\u00e4ten zur Umsetzung und Unterst\u00fctzung der pr\u00e4sentierten Ideen und Projekte<\/li>\n<\/ul><\/p><\/div>\n<\/div> <!-- end class talk -->\n<\/div> <!-- end class talks --><h3>Referenten<\/h3>\n<div class=\"people\">\n<div itemscope itemtype=\"http:\/\/schema.org\/Person\" class=\"creator\"><p><span itemprop=\"name\" class=\"foaf:name\">Dr. Dorothee Arlt<\/span><br\/><span itemprop=\"affiliation\" class=\"foaf:affil\">TU Ilmenau<\/span><\/p><\/div>\n<div itemscope itemtype=\"http:\/\/schema.org\/Person\" class=\"creator\"><p><span itemprop=\"name\" class=\"foaf:name\">Prof. Peter Bretschneider<\/span><br\/><span itemprop=\"affiliation\" class=\"foaf:affil\">Fraunhofer IOSB-AST, Ilmenau<\/span><\/p><\/div>\n<div itemscope itemtype=\"http:\/\/schema.org\/Person\" class=\"creator\"><p><span itemprop=\"name\" class=\"foaf:name\">Tobias Clermont<\/span><br\/><span itemprop=\"affiliation\" class=\"foaf:affil\">Abteilungsleiter strategische Quartiersentwicklung, LEG Immobilien SE, D\u00fcsseldorf<\/span><\/p><\/div>\n<div itemscope itemtype=\"http:\/\/schema.org\/Person\" class=\"creator\"><p><span itemprop=\"name\" class=\"foaf:name\">Katja Endres<\/span><br\/><span itemprop=\"affiliation\" class=\"foaf:affil\">Projektleiterin Smartes Quartier Jena-Lobeda, Stadtwerke Energie Jena-P\u00f6\u00dfneck GmbH<\/span><\/p><\/div>\n<div itemscope itemtype=\"http:\/\/schema.org\/Person\" class=\"creator\"><p><span itemprop=\"name\" class=\"foaf:name\">Dr. Susann Funke<\/span><br\/><span itemprop=\"affiliation\" class=\"foaf:affil\">Rechtsanw\u00e4ltin bei Regulatory Compliance Partners, Leipzig<\/span><\/p><\/div>\n<div itemscope itemtype=\"http:\/\/schema.org\/Person\" class=\"creator\"><p><span itemprop=\"name\" class=\"foaf:name\">Helene Hennig<\/span><br\/><span itemprop=\"affiliation\" class=\"foaf:affil\">EnergieWerkStadt e.G., JENA-GEOS\u00ae, Jena<\/span><\/p><\/div>\n<div itemscope itemtype=\"http:\/\/schema.org\/Person\" class=\"creator\"><p><span itemprop=\"name\" class=\"foaf:name\">Franziska Ilbring<\/span><br\/><span itemprop=\"affiliation\" class=\"foaf:affil\">Senior Consultant, WeichertMehner<\/span><\/p><\/div>\n<div itemscope itemtype=\"http:\/\/schema.org\/Person\" class=\"creator\"><p><span itemprop=\"name\" class=\"foaf:name\">Anne Katzschmann<\/span><br\/><span itemprop=\"affiliation\" class=\"foaf:affil\">EnergieWerkStadt e.G., JENA-GEOS\u00ae, Jena<\/span><\/p><\/div>\n<div itemscope itemtype=\"http:\/\/schema.org\/Person\" class=\"creator\"><p><span itemprop=\"name\" class=\"foaf:name\">Dr. Gregor Langenbrinck<\/span><br\/><span itemprop=\"affiliation\" class=\"foaf:affil\">Urbanizers, Berlin. Projektleiter Begleitforschung zum KfW-Programm &#8222Energetische Stadtsanierung&#8221<\/span><\/p><\/div>\n<div itemscope itemtype=\"http:\/\/schema.org\/Person\" class=\"creator\"><p><span itemprop=\"name\" class=\"foaf:name\">Dr. Jana Liebe<\/span><br\/><span itemprop=\"affiliation\" class=\"foaf:affil\">Gesch\u00e4ftsf\u00fchrerin des Th\u00fcringer Erneuerbare Energien Netzwerk (ThEEN)<\/span><\/p><\/div>\n<div itemscope itemtype=\"http:\/\/schema.org\/Person\" class=\"creator\"><p><span itemprop=\"name\" class=\"foaf:name\">Hermann Marsch<\/span><br\/><span itemprop=\"affiliation\" class=\"foaf:affil\">Leibniz-Institut f\u00fcr interdisziplin\u00e4re Studien e.V.<\/span><\/p><\/div>\n<div itemscope itemtype=\"http:\/\/schema.org\/Person\" class=\"creator\"><p><span itemprop=\"name\" class=\"foaf:name\">Dr. Thomas Nitzsche<\/span><br\/><span itemprop=\"affiliation\" class=\"foaf:affil\">Oberb\u00fcrgermeister der Lichtstadt Jena<\/span><\/p><\/div>\n<div itemscope itemtype=\"http:\/\/schema.org\/Person\" class=\"creator\"><p><span itemprop=\"name\" class=\"foaf:name\">Andreas Reich<\/span><br\/><span itemprop=\"affiliation\" class=\"foaf:affil\">reich.architekten bda, Weimar<\/span><\/p><\/div>\n<div itemscope itemtype=\"http:\/\/schema.org\/Person\" class=\"creator\"><p><span itemprop=\"name\" class=\"foaf:name\">Dr. Kersten Roselt<\/span><br\/><span itemprop=\"affiliation\" class=\"foaf:affil\">JENA-GEOS\u00ae, EnergieWerkStadt\u00ae e.G.<\/span><\/p><\/div>\n<div itemscope itemtype=\"http:\/\/schema.org\/Person\" class=\"creator\"><p><span itemprop=\"name\" class=\"foaf:name\">Olga Schmidt<\/span><br\/><span itemprop=\"affiliation\" class=\"foaf:affil\">ThEGA Th\u00fcringer Energie- und GreenTech-Agentur<\/span><\/p><\/div>\n<div itemscope itemtype=\"http:\/\/schema.org\/Person\" class=\"creator\"><p><span itemprop=\"name\" class=\"foaf:name\">Carsten Schneider<\/span><br\/><span itemprop=\"affiliation\" class=\"foaf:affil\">MdB, Staatsminister beim Bundeskanzler, Beauftragter der Bundesregierung f\u00fcr Ostdeutschland und gleichwertige Lebensverh\u00e4ltnisse<\/span><\/p><\/div>\n<div itemscope itemtype=\"http:\/\/schema.org\/Person\" class=\"creator\"><p><span itemprop=\"name\" class=\"foaf:name\">Dr. Katharina Sch\u00f6ps<\/span><br\/><span itemprop=\"affiliation\" class=\"foaf:affil\">CLEANTECH Initiative Ostdeutschland<\/span><\/p><\/div>\n<div itemscope itemtype=\"http:\/\/schema.org\/Person\" class=\"creator\"><p><span itemprop=\"name\" class=\"foaf:name\">Tony Sch\u00fctze<\/span><br\/><span itemprop=\"affiliation\" class=\"foaf:affil\">Netzwerkmanager, CLEANTECH Initiative Ostdeutschland<\/span><\/p><\/div>\n<div itemscope itemtype=\"http:\/\/schema.org\/Person\" class=\"creator\"><p><span itemprop=\"name\" class=\"foaf:name\">Ramona V\u00f6lkel<\/span><br\/><span itemprop=\"affiliation\" class=\"foaf:affil\">Gesch\u00e4ftsf\u00fchrerin Imaginata<\/span><\/p><\/div>\n<div itemscope itemtype=\"http:\/\/schema.org\/Person\" class=\"creator\"><p><span itemprop=\"name\" class=\"foaf:name\">Dirk Vogel<\/span><br\/><span itemprop=\"affiliation\" class=\"foaf:affil\">Gesch\u00e4ftsf\u00fchrer RKW Sachsen<\/span><\/p><\/div>\n<div itemscope itemtype=\"http:\/\/schema.org\/Person\" class=\"creator\"><p><span itemprop=\"name\" class=\"foaf:name\">Robert Weichert<\/span><br\/><span itemprop=\"affiliation\" class=\"foaf:affil\">WeichertMehner, Dresden<\/span><\/p><\/div>\n<div itemscope itemtype=\"http:\/\/schema.org\/Person\" class=\"creator\"><p><span itemprop=\"name\" class=\"foaf:name\">Christian Wilke<\/span><br\/><span itemprop=\"affiliation\" class=\"foaf:affil\">Architect at Brunnsh\u00f6g Project Office, Lund Municipality<\/span><\/p><\/div>\n<div itemscope itemtype=\"http:\/\/schema.org\/Person\" class=\"creator\"><p><span itemprop=\"name\" class=\"foaf:name\">Claudia van Laak<\/span><br\/><span itemprop=\"affiliation\" class=\"foaf:affil\">Gesch\u00e4ftsf\u00fchrerin des Open District Hub (ODH)<\/span><\/p><\/div>\n<\/div> <!-- end class people -->\n\n\n\n<p><\/p>\n","protected":false},"excerpt":{"rendered":"<p>Unsere Zukunft im Quartier. Bestandsquartiere nachhaltig und systematisch entwickeln. Die Innovationen auf dem Gebiet der Quartierssanierung f\u00fcr eine systematische Wertsch\u00f6pfung zusammenzuf\u00fchren, ist ein wesentliches Ziel dieser zweit\u00e4gigen Konferenz in den <a class=\"more-link\" href=\"https:\/\/leibniz-institut.de\/en\/konferenzen\/26-leibniz-konferenz-2022-unsere-zukunft-im-quartier\/programm-der-26-leibniz-konferenz\/\">Weiterlesen \u2192<\/a><\/p>\n","protected":false},"author":2,"featured_media":0,"parent":1535,"menu_order":0,"comment_status":"closed","ping_status":"closed","template":"","meta":{"footnotes":""},"class_list":["post-1591","page","type-page","status-publish","hentry"],"translation":{"provider":"WPGlobus","version":"3.0.2","language":"en","enabled_languages":["de","en","ru"],"languages":{"de":{"title":true,"content":true,"excerpt":false},"en":{"title":false,"content":false,"excerpt":false},"ru":{"title":false,"content":false,"excerpt":false}}},"_links":{"self":[{"href":"https:\/\/leibniz-institut.de\/en\/wp-json\/wp\/v2\/pages\/1591","targetHints":{"allow":["GET"]}}],"collection":[{"href":"https:\/\/leibniz-institut.de\/en\/wp-json\/wp\/v2\/pages"}],"about":[{"href":"https:\/\/leibniz-institut.de\/en\/wp-json\/wp\/v2\/types\/page"}],"author":[{"embeddable":true,"href":"https:\/\/leibniz-institut.de\/en\/wp-json\/wp\/v2\/users\/2"}],"replies":[{"embeddable":true,"href":"https:\/\/leibniz-institut.de\/en\/wp-json\/wp\/v2\/comments?post=1591"}],"version-history":[{"count":7,"href":"https:\/\/leibniz-institut.de\/en\/wp-json\/wp\/v2\/pages\/1591\/revisions"}],"predecessor-version":[{"id":1694,"href":"https:\/\/leibniz-institut.de\/en\/wp-json\/wp\/v2\/pages\/1591\/revisions\/1694"}],"up":[{"embeddable":true,"href":"https:\/\/leibniz-institut.de\/en\/wp-json\/wp\/v2\/pages\/1535"}],"wp:attachment":[{"href":"https:\/\/leibniz-institut.de\/en\/wp-json\/wp\/v2\/media?parent=1591"}],"curies":[{"name":"wp","href":"https:\/\/api.w.org\/{rel}","templated":true}]}}