{"id":187,"date":"2015-06-28T18:53:39","date_gmt":"2015-06-28T18:53:39","guid":{"rendered":"http:\/\/wordpress.leibniz-institut.de\/?page_id=187"},"modified":"2025-10-01T19:27:27","modified_gmt":"2025-10-01T19:27:27","slug":"page","status":"publish","type":"page","link":"https:\/\/leibniz-institut.de\/en\/page\/","title":{"rendered":"Das LIFIS"},"content":{"rendered":"\n<p>Erfahren Sie mehr \u00fcber das <a href=\"https:\/\/leibniz-institut.de\/startseite\/\" data-type=\"category\" data-id=\"5\">Leibniz-Institut f\u00fcr interdisziplin\u00e4re Studien e.V.<\/a>, seine Herkunft, grenz\u00fcberschreitenden Absichten, die Zielgruppen, Methoden und aktuellen Themen-Schwerpunkte.<\/p>\n","protected":false},"excerpt":{"rendered":"<p>Erfahren Sie mehr \u00fcber das Leibniz-Institut f\u00fcr interdisziplin\u00e4re Studien e.V., seine Herkunft, grenz\u00fcberschreitenden Absichten, die Zielgruppen, Methoden und aktuellen Themen-Schwerpunkte.<\/p>\n","protected":false},"author":2,"featured_media":0,"parent":0,"menu_order":0,"comment_status":"closed","ping_status":"closed","template":"","meta":{"footnotes":""},"class_list":["post-187","page","type-page","status-publish","hentry"],"translation":{"provider":"WPGlobus","version":"3.0.2","language":"en","enabled_languages":["de","en","ru"],"languages":{"de":{"title":true,"content":true,"excerpt":false},"en":{"title":false,"content":false,"excerpt":false},"ru":{"title":false,"content":false,"excerpt":false}}},"_links":{"self":[{"href":"https:\/\/leibniz-institut.de\/en\/wp-json\/wp\/v2\/pages\/187","targetHints":{"allow":["GET"]}}],"collection":[{"href":"https:\/\/leibniz-institut.de\/en\/wp-json\/wp\/v2\/pages"}],"about":[{"href":"https:\/\/leibniz-institut.de\/en\/wp-json\/wp\/v2\/types\/page"}],"author":[{"embeddable":true,"href":"https:\/\/leibniz-institut.de\/en\/wp-json\/wp\/v2\/users\/2"}],"replies":[{"embeddable":true,"href":"https:\/\/leibniz-institut.de\/en\/wp-json\/wp\/v2\/comments?post=187"}],"version-history":[{"count":10,"href":"https:\/\/leibniz-institut.de\/en\/wp-json\/wp\/v2\/pages\/187\/revisions"}],"predecessor-version":[{"id":2190,"href":"https:\/\/leibniz-institut.de\/en\/wp-json\/wp\/v2\/pages\/187\/revisions\/2190"}],"wp:attachment":[{"href":"https:\/\/leibniz-institut.de\/en\/wp-json\/wp\/v2\/media?parent=187"}],"curies":[{"name":"wp","href":"https:\/\/api.w.org\/{rel}","templated":true}]}}