{"id":2,"date":"2015-01-26T12:40:41","date_gmt":"2015-01-26T12:40:41","guid":{"rendered":"http:\/\/eastpress.de\/lifis\/?page_id=2"},"modified":"2023-03-10T15:03:13","modified_gmt":"2023-03-10T15:03:13","slug":"bildung","status":"publish","type":"page","link":"https:\/\/leibniz-institut.de\/en\/schwerpunktthemen\/bildung\/","title":{"rendered":"Bildung, Interdisziplin\u00e4re Aus- und Weiterbildung"},"content":{"rendered":"<p><strong>Koordination:<\/strong> <a href=\"http:\/\/leibniz-institut.de\/startseite\/mitglieder\/\">Prof. Frieder Sieber<\/a><\/p>\n<h2>Hintergrund<\/h2>\n<p>Die Komplexit\u00e4t gegenw\u00e4rtiger gesellschaftlicher und technischer\u00a0 Entwicklungen\u00a0 fordert nicht allein zu einer verst\u00e4rkten interdisziplin\u00e4ren bzw. fach\u00fcbergreifenden Zusammenarbeit zwischen Wissenschaft und Wirtschaft auf, sondern verpflichtet beide Bereiche gemeinsam zu einem entsprechenden Engagement in der Aus- und Weiterbildung.<\/p>\n<p>Die vorwiegend disziplin\u00e4r ausgerichtete Struktur des \u00f6ffentlich-rechtlichen Bildungswesens erzeugt \u201eSpezialisten\u201c, gen\u00fcgt also solchen Forderungen nicht in ausreichendem Ma\u00dfe. Daher sind zus\u00e4tzliche Bildungsangebote gefragt, die dem Defizit an disziplin- bzw. fach\u00fcbergreifenden Wissen entgegenwirken, also zur Bildung von \u201eGeneralisten\u201c beitragen.<\/p>\n<p>Das LIFIS f\u00f6rdert \u2013 seiner Satzung gem\u00e4\u00df \u2013 die akademische Aus- und Weiterbildung und dabei die Zusammenarbeit von Natur-, Technik-, Sozial- und Geisteswissenschaften.<\/p>\n<p>Deshalb f\u00fchrt LIFIS\u00a0 eigene Bildungsma\u00dfnahmen in Form von Konferenzen, Workshops, Seminaren und Vortr\u00e4gen durch.<\/p>\n<h2>Studienangebot<\/h2>\n<p>LIFIS bietet eigene <a href=\"https:\/\/leibniz-institut.de\/zertifikationsstudium\">Zertifikatsstudieng\u00e4nge<\/a> mit dem <strong>Abschluss als Fachingenieur<\/strong> auf folgenden Gebieten an:<\/p>\n<ul>\n<li>Sicherheitstechnik\/Sicherheitsengineering<\/li>\n<li>Automatisierung und Produktion 4.0<\/li>\n<li>Interdisziplin\u00e4res Innovationsmanagement<\/li>\n<\/ul>\n<p>Die n\u00e4chste Immatrikulation ist zum November 2017 m\u00f6glich. Die Bildungsangebote sind besonders auf die Bed\u00fcrfnisse innovativer kleiner und mittlerer Unternehmen ausgerichtet.<\/p>\n<h2>Zusammenarbeit mit Partnern<\/h2>\n<p>Gleichzeitig werden in Kooperation mit Partnern weitergehende Bildungsma\u00dfnahmen durchgef\u00fchrt, die das LIFIS inhaltlich und durch Bereitstellung von Dozenten begleitet.<\/p>\n<p>Ein solcher Partner ist die\u00a0 AkaTe-Firmengruppe, mit der gegenw\u00e4rtig auf Basis eines Kooperationsvertrages die Fachkr\u00e4fteentwicklung in Deutschland in oben genanntem Sinne\u00a0unterst\u00fctzt wird.<\/p>\n<p>Die AkaTe-Gruppe ist eine Plattform und Unternehmensgruppe mit verschiedenen Unternehmen. LIFIS unterst\u00fctzt speziell\u00a0 die Bachelor-Ausbildung auf dem Gebiet der Sicherheitstechnologie in Zusammenarbeit mit dem Privatinstitut Automatisierung und der Hochschule Mittweida.<\/p>\n<p>LIFIS steht Partnerschaften in der akademischen Aus- und Weiterbildung aufgeschlossen gegen\u00fcber. In diesem Sinne ist LIFIS\u00a0 an Anregungen f\u00fcr weitere interdisziplin\u00e4r orientierte Studieng\u00e4nge ebenso interessiert, wie an weiteren Partnern zu deren Realisierung.<\/p>\n","protected":false},"excerpt":{"rendered":"<p>Koordination: Prof. Frieder Sieber Hintergrund Die Komplexit\u00e4t gegenw\u00e4rtiger gesellschaftlicher und technischer\u00a0 Entwicklungen\u00a0 fordert nicht allein zu einer verst\u00e4rkten interdisziplin\u00e4ren bzw. fach\u00fcbergreifenden Zusammenarbeit zwischen Wissenschaft und Wirtschaft auf, sondern verpflichtet beide <a class=\"more-link\" href=\"https:\/\/leibniz-institut.de\/en\/schwerpunktthemen\/bildung\/\">Weiterlesen \u2192<\/a><\/p>\n","protected":false},"author":1,"featured_media":0,"parent":357,"menu_order":0,"comment_status":"closed","ping_status":"closed","template":"","meta":{"footnotes":""},"class_list":["post-2","page","type-page","status-publish","hentry"],"translation":{"provider":"WPGlobus","version":"3.0.2","language":"en","enabled_languages":["de","en","ru"],"languages":{"de":{"title":true,"content":true,"excerpt":false},"en":{"title":false,"content":false,"excerpt":false},"ru":{"title":false,"content":true,"excerpt":false}}},"_links":{"self":[{"href":"https:\/\/leibniz-institut.de\/en\/wp-json\/wp\/v2\/pages\/2","targetHints":{"allow":["GET"]}}],"collection":[{"href":"https:\/\/leibniz-institut.de\/en\/wp-json\/wp\/v2\/pages"}],"about":[{"href":"https:\/\/leibniz-institut.de\/en\/wp-json\/wp\/v2\/types\/page"}],"author":[{"embeddable":true,"href":"https:\/\/leibniz-institut.de\/en\/wp-json\/wp\/v2\/users\/1"}],"replies":[{"embeddable":true,"href":"https:\/\/leibniz-institut.de\/en\/wp-json\/wp\/v2\/comments?post=2"}],"version-history":[{"count":19,"href":"https:\/\/leibniz-institut.de\/en\/wp-json\/wp\/v2\/pages\/2\/revisions"}],"predecessor-version":[{"id":1755,"href":"https:\/\/leibniz-institut.de\/en\/wp-json\/wp\/v2\/pages\/2\/revisions\/1755"}],"up":[{"embeddable":true,"href":"https:\/\/leibniz-institut.de\/en\/wp-json\/wp\/v2\/pages\/357"}],"wp:attachment":[{"href":"https:\/\/leibniz-institut.de\/en\/wp-json\/wp\/v2\/media?parent=2"}],"curies":[{"name":"wp","href":"https:\/\/api.w.org\/{rel}","templated":true}]}}