{"id":2265,"date":"2025-10-25T15:44:03","date_gmt":"2025-10-25T15:44:03","guid":{"rendered":"https:\/\/leibniz-institut.de\/?page_id=2265"},"modified":"2025-10-26T13:27:50","modified_gmt":"2025-10-26T13:27:50","slug":"vorsitzende-des-lifis","status":"publish","type":"page","link":"https:\/\/leibniz-institut.de\/en\/startseite\/vorsitzende-des-lifis\/","title":{"rendered":"Vorsitzende des LIFIS"},"content":{"rendered":"\n<p>Spiritus Rector der Gr\u00fcndung des LIFIS und langj\u00e4hriges Mitglied war <strong>Prof. Dr. Gerd La\u00dfner<\/strong>.<\/p>\n\n\n\n<p>Zur Gr\u00fcndungsversammlung des LIFIS kamen am 3. Mai 2002 in Berlin zusammen: Professor Dr. Gerhard Banse, MLS, Professor Dr. Heinz Kautzleben, MLS, Dr. Karl-Heinz Klinger, Dipl.-Ing. Heinz Kl\u00f6tzner, Professor Dr. Gerd La\u00dfner, MLS, Dr. Dirk La\u00dfner, Dr. Frank L\u00f6ffler, Dr. G\u00fcnther Mann, Professor Dr. Siegfried Nowak, MLS, Professor Dr. Gerhard Ohlmann, MLS, Dipl.-Ing. Klaus-Peter Steiger, MLS, und Professor Dr. Gert Wangermann, MLS. <\/p>\n\n\n\n<p>Die Vorsitzenden waren:<\/p>\n\n\n\n<ul class=\"wp-block-list\">\n<li>Prof. Dr. Gert Wangermann, MLS (2002-2007)<\/li>\n\n\n\n<li>Prof. Dr. Lutz-G\u00fcnther Fleischer, MLS (2007-2011)<\/li>\n\n\n\n<li>Prof. Dr. Bernd Junghans, MLS (2011-2015)<\/li>\n\n\n\n<li>Prof. Dr.-Ing. Frieder Sieber, MLS (2015-2021)<\/li>\n\n\n\n<li>Prof. Dr. Werner Regen, MLS (seit 2021)<\/li>\n<\/ul>\n","protected":false},"excerpt":{"rendered":"<p>Spiritus Rector der Gr\u00fcndung des LIFIS und langj\u00e4hriges Mitglied war Prof. Dr. Gerd La\u00dfner. Zur Gr\u00fcndungsversammlung des LIFIS kamen am 3. Mai 2002 in Berlin zusammen: Professor Dr. Gerhard Banse, <a class=\"more-link\" href=\"https:\/\/leibniz-institut.de\/en\/startseite\/vorsitzende-des-lifis\/\">Weiterlesen \u2192<\/a><\/p>\n","protected":false},"author":2,"featured_media":0,"parent":39,"menu_order":6,"comment_status":"closed","ping_status":"closed","template":"","meta":{"footnotes":""},"class_list":["post-2265","page","type-page","status-publish","hentry"],"translation":{"provider":"WPGlobus","version":"3.0.2","language":"en","enabled_languages":["de","en","ru"],"languages":{"de":{"title":true,"content":true,"excerpt":false},"en":{"title":false,"content":false,"excerpt":false},"ru":{"title":false,"content":false,"excerpt":false}}},"_links":{"self":[{"href":"https:\/\/leibniz-institut.de\/en\/wp-json\/wp\/v2\/pages\/2265","targetHints":{"allow":["GET"]}}],"collection":[{"href":"https:\/\/leibniz-institut.de\/en\/wp-json\/wp\/v2\/pages"}],"about":[{"href":"https:\/\/leibniz-institut.de\/en\/wp-json\/wp\/v2\/types\/page"}],"author":[{"embeddable":true,"href":"https:\/\/leibniz-institut.de\/en\/wp-json\/wp\/v2\/users\/2"}],"replies":[{"embeddable":true,"href":"https:\/\/leibniz-institut.de\/en\/wp-json\/wp\/v2\/comments?post=2265"}],"version-history":[{"count":4,"href":"https:\/\/leibniz-institut.de\/en\/wp-json\/wp\/v2\/pages\/2265\/revisions"}],"predecessor-version":[{"id":2274,"href":"https:\/\/leibniz-institut.de\/en\/wp-json\/wp\/v2\/pages\/2265\/revisions\/2274"}],"up":[{"embeddable":true,"href":"https:\/\/leibniz-institut.de\/en\/wp-json\/wp\/v2\/pages\/39"}],"wp:attachment":[{"href":"https:\/\/leibniz-institut.de\/en\/wp-json\/wp\/v2\/media?parent=2265"}],"curies":[{"name":"wp","href":"https:\/\/api.w.org\/{rel}","templated":true}]}}