{"id":2321,"date":"2025-11-23T14:56:14","date_gmt":"2025-11-23T14:56:14","guid":{"rendered":"https:\/\/leibniz-institut.de\/?page_id=2321"},"modified":"2025-12-03T17:10:15","modified_gmt":"2025-12-03T17:10:15","slug":"workshop-whole-genome-sequencing","status":"publish","type":"page","link":"https:\/\/leibniz-institut.de\/en\/lifis-akademie\/leibniz-symposia-on-multiomics\/workshop-whole-genome-sequencing\/","title":{"rendered":"Workshop &#8220;Whole Genome Sequencing&#8221;"},"content":{"rendered":"\n<p>Der Workshop fand am 23. Oktober 2025, 14 bis 18 Uhr statt. <\/p>\n\n\n\n<ul class=\"wp-block-list\">\n<li><a href=\"https:\/\/leibniz-institut.de\/WordPress_01\/wp-content\/uploads\/2025-10-23.pdf\">Ank\u00fcndigung<\/a><\/li>\n\n\n\n<li>Premium partner: MGI Tech GmbH<\/li>\n\n\n\n<li>Location: Volmerstra\u00dfe 5-9, 12489 Berlin-Adlerhof<\/li>\n<\/ul>\n\n\n\n<p>Die Durchf\u00fchrung und die Ergebnisse des Human Genome-Projekt Ende des vergangenen Jahrhundert haben der Wissenschaftsgemeinschaft nicht nur einmalige Erkenntnisse beschert, sondern auch die Bedeutung molekularer Daten f\u00fcr die Erforschung und Untersuchung der lebenden Natur betont.<\/p>\n\n\n\n<p>Die Gesamtgenom-Sequenzierung (WGS) ist eine umfassende Methode zur Analyse ganzer Genome. Die heutigen Next Generation Sequencer (NGS) erlauben das Auslesen des menschlichen Genoms mit der gleichzeitigen Erkennung von Einzelbasenver\u00e4nderungen innerhalb von 24h und erlauben mit entsprechender Datenauswertung in k\u00fcrzester Zeit alle vorliegenden Erbkrankheiten zu identifizieren bzw. Mutationen zu charakterisieren, die f\u00fcr ver-schiedene Krankheitsverl\u00e4ufe relevant sind.<\/p>\n\n\n\n<p>Obwohl alle Anbieter st\u00e4ndig sinkende Kosten und Zeitr\u00e4ume f\u00fcr diese Untersuchungen bei bekannter Qualit\u00e4t betonen, unterscheiden sich die renommierten Ger\u00e4tesysteme in der Genauigkeit und in den Anwendungsgebieten.<\/p>\n","protected":false},"excerpt":{"rendered":"<p>Der Workshop fand am 23. Oktober 2025, 14 bis 18 Uhr statt. Die Durchf\u00fchrung und die Ergebnisse des Human Genome-Projekt Ende des vergangenen Jahrhundert haben der Wissenschaftsgemeinschaft nicht nur einmalige <a class=\"more-link\" href=\"https:\/\/leibniz-institut.de\/en\/lifis-akademie\/leibniz-symposia-on-multiomics\/workshop-whole-genome-sequencing\/\">Weiterlesen \u2192<\/a><\/p>\n","protected":false},"author":2,"featured_media":0,"parent":2174,"menu_order":1,"comment_status":"closed","ping_status":"closed","template":"","meta":{"footnotes":""},"class_list":["post-2321","page","type-page","status-publish","hentry"],"translation":{"provider":"WPGlobus","version":"3.0.2","language":"en","enabled_languages":["de","en","ru"],"languages":{"de":{"title":true,"content":true,"excerpt":false},"en":{"title":false,"content":false,"excerpt":false},"ru":{"title":false,"content":false,"excerpt":false}}},"_links":{"self":[{"href":"https:\/\/leibniz-institut.de\/en\/wp-json\/wp\/v2\/pages\/2321","targetHints":{"allow":["GET"]}}],"collection":[{"href":"https:\/\/leibniz-institut.de\/en\/wp-json\/wp\/v2\/pages"}],"about":[{"href":"https:\/\/leibniz-institut.de\/en\/wp-json\/wp\/v2\/types\/page"}],"author":[{"embeddable":true,"href":"https:\/\/leibniz-institut.de\/en\/wp-json\/wp\/v2\/users\/2"}],"replies":[{"embeddable":true,"href":"https:\/\/leibniz-institut.de\/en\/wp-json\/wp\/v2\/comments?post=2321"}],"version-history":[{"count":2,"href":"https:\/\/leibniz-institut.de\/en\/wp-json\/wp\/v2\/pages\/2321\/revisions"}],"predecessor-version":[{"id":2353,"href":"https:\/\/leibniz-institut.de\/en\/wp-json\/wp\/v2\/pages\/2321\/revisions\/2353"}],"up":[{"embeddable":true,"href":"https:\/\/leibniz-institut.de\/en\/wp-json\/wp\/v2\/pages\/2174"}],"wp:attachment":[{"href":"https:\/\/leibniz-institut.de\/en\/wp-json\/wp\/v2\/media?parent=2321"}],"curies":[{"name":"wp","href":"https:\/\/api.w.org\/{rel}","templated":true}]}}