{"id":242,"date":"2015-08-11T13:08:04","date_gmt":"2015-08-11T13:08:04","guid":{"rendered":"http:\/\/wordpress.leibniz-institut.de\/?page_id=242"},"modified":"2016-10-11T16:17:11","modified_gmt":"2016-10-11T16:17:11","slug":"lk11-detail","status":"publish","type":"page","link":"https:\/\/leibniz-institut.de\/en\/konferenzen\/konferenz-archiv\/11-leibniz-konferenz-solarzeitalter-2011\/lk11-detail\/","title":{"rendered":"Programm der 11. Leibniz-Konferenz"},"content":{"rendered":"<p><strong>Donnerstag, 12. Mai 2011<\/strong><\/p>\n<table border=\"0\" width=\"100%\" cellspacing=\"5\" cellpadding=\"5\">\n<tbody>\n<tr align=\"left\" valign=\"top\">\n<td width=\"20%\">09:00 &#8211; 10:00<\/td>\n<td>Anmeldung\/ Registrierung<\/td>\n<\/tr>\n<tr align=\"left\" valign=\"top\">\n<td>10:00 &#8211; 10:30<\/td>\n<td>L.-G. FLEISCHER: <strong><img decoding=\"async\" src=\"\/images\/pdf_icon.gif\" alt=\"\" \/> <a href=\"\/Konferenzen\/sz2011\/fleischer_eroeffnung.pdf\" target=\"_blank\">Zur Er\u00f6ffnung<\/a><\/strong> (0.1MB)<\/p>\n<p>B. JUNGHANS: <strong><img decoding=\"async\" src=\"\/images\/pdf_icon.gif\" alt=\"\" \/> <a href=\"\/Konferenzen\/sz2011\/junghans_eroeffnung.pdf\" target=\"_blank\">Zur Er\u00f6ffnung<\/a><\/strong> (0.1MB)<\/td>\n<\/tr>\n<\/tbody>\n<\/table>\n<table border=\"0\" width=\"100%\" cellspacing=\"5\" cellpadding=\"5\">\n<tbody>\n<tr align=\"left\" valign=\"top\">\n<td width=\"20%\">10:30 &#8211; 11:30<\/td>\n<td><strong><strong>Key Note<\/strong><\/strong><\/p>\n<p>H. M\u00dcLLER-STEINHAGEN<br \/>\nTechnische Universit\u00e4t Dresden, Dresden<br \/>\n<strong><img decoding=\"async\" src=\"\/images\/pdf_icon.gif\" alt=\"\" \/> <a href=\"\/Konferenzen\/sz2011\/mueller-steinhagen_desertec_strom_aus_der_wueste.pdf\" target=\"_blank\">Desertec \u2013 Strom aus der W\u00fcste f\u00fcr eine nachhaltige Energieversorgung Europas<\/a><\/strong> (2.0MB)<\/td>\n<\/tr>\n<tr align=\"left\" valign=\"top\">\n<td width=\"20%\">11:30 &#8211; 13:00<\/td>\n<td><strong>SOLARE STOFFUMWANDLUNG (I)<\/strong><\/td>\n<\/tr>\n<tr align=\"left\" valign=\"top\">\n<td width=\"20%\"><\/td>\n<td>D. M\u00d6LLER<br \/>\nBTU, Cottbus<br \/>\n<img decoding=\"async\" src=\"\/images\/pdf_icon.gif\" alt=\"\" \/> <strong><a href=\"\/Konferenzen\/sz2011\/moeller_solarbasierter_kohlenstoffkreislauf.pdf\" target=\"_blank\">Solarbasierter Kohlenstoffkreislauf<\/a><\/strong> (0.9MB)<\/p>\n<p>Th. HIRTH<br \/>\nUniversit\u00e4t Stuttgart und Fraunhofer IGB, Stuttgart<br \/>\n<strong><img decoding=\"async\" src=\"\/images\/pdf_icon.gif\" alt=\"\" \/> <a href=\"\/Konferenzen\/sz2011\/hirth_nachwachsende_rohstoffe.pdf\" target=\"_blank\">Mit nachwachsenden Rohstoffen dem Wandel begegnen \u2013 von der Erd\u00f6lraffinerie zur Bioraffinerie<\/a><\/strong> (3.3MB)<\/p>\n<p>A. KNOLL<br \/>\nLinde KCA Dresden GmbH, Dresden<br \/>\n<strong><img decoding=\"async\" src=\"\/images\/pdf_icon.gif\" alt=\"\" \/> <a href=\"\/Konferenzen\/sz2011\/knoll_von_der_erdoel_zur_bioraffinerie.pdf\" target=\"_blank\">Von der Erd\u00f6l- zur Bioraffinerie \u2013 schrittweise Umsetzung<br \/>\nintegrativer Anlagenkonzepte<\/a><\/strong> (1.3MB)<\/td>\n<\/tr>\n<tr align=\"left\" valign=\"top\">\n<td width=\"20%\">13:00 &#8211; 14:00<\/td>\n<td>M I T T A G E S S E N<\/td>\n<\/tr>\n<\/tbody>\n<\/table>\n<table border=\"0\" width=\"100%\" cellspacing=\"5\" cellpadding=\"5\">\n<tbody>\n<tr align=\"left\" valign=\"top\">\n<td width=\"20%\">14:00 &#8211; 15:30<\/td>\n<td><strong>SOLARE STOFFWANDLUNG (II)<\/strong><\/td>\n<\/tr>\n<tr align=\"left\" valign=\"top\">\n<td width=\"20%\"><\/td>\n<td>B. KAMM, Ch. HILLE, P. SCH\u00d6NIKE<br \/>\nBiopos e.V., Teltow und BTU, Cottbus<br \/>\n<strong><img decoding=\"async\" src=\"\/images\/pdf_icon.gif\" alt=\"\" \/> <a href=\"\/Konferenzen\/sz2011\/kamm_die_gruende_bioraffinerie.pdf\" target=\"_blank\">Die Gr\u00fcne Bioraffinerie \u2013 Umsetzung im Havelland<\/a><\/strong> (2.5MB)<\/p>\n<p>O. KRUSE<br \/>\nUniversit\u00e4t Bielefeld, Bielefeld<br \/>\n<strong>Sun to fuel with microalgae<\/strong><\/p>\n<p>D. BALZER, B.LINKE<br \/>\nLIFIS, Leibniz-Institut Potsdam-Bornim<br \/>\n<strong><img decoding=\"async\" src=\"\/images\/pdf_icon.gif\" alt=\"\" \/> <a href=\"\/Konferenzen\/sz2011\/balzer_wissensbasierte_steuerung_horizontalfermentern.pdf\" target=\"_blank\">Wissensbasierte Steuerung von Horizontalfermentern als System mit verteilten Parametern<\/a><\/strong> (0.2MB)<\/td>\n<\/tr>\n<tr align=\"left\" valign=\"top\">\n<td width=\"20%\">15:30 &#8211; 16:00<\/td>\n<td>P A U S E<\/td>\n<\/tr>\n<tr align=\"left\" valign=\"top\">\n<td width=\"20%\">16:00 &#8211; 17:30<\/td>\n<td><strong>SOLARE STOFFWANDLUNG (III)<\/strong><\/td>\n<\/tr>\n<tr align=\"left\" valign=\"top\">\n<td width=\"20%\"><\/td>\n<td>D. THR\u00c4N<br \/>\nDeutsches Biomasseforschungszentrum gGmbH (DBFZ), Leipzig<br \/>\n<strong>Rolle der Bioenergie in einer zuk\u00fcnftigen Energieversorgung<\/strong> (1.9MB)<\/p>\n<p>H. J. KRAUTZ, M. KLATT, C. TILLMANN<br \/>\nBTU, Cottbus<br \/>\n<strong><img decoding=\"async\" src=\"\/images\/pdf_icon.gif\" alt=\"\" \/> <a href=\"\/Konferenzen\/sz2011\/krautz_wasserstofferzeugung_speicherung_nutzung.pdf\" target=\"_blank\">Wasserstofferzeugung, -speicherung und -nutzung als Teil des Hybridkraftwerkes<\/a><\/strong> (2.0MB)<\/p>\n<p>M. ROEB, Ch. SATTLER<br \/>\nDeutsches Zentrum f\u00fcr Luft- und Raumfahrt e.V., K\u00f6ln<br \/>\n<strong><img decoding=\"async\" src=\"\/images\/pdf_icon.gif\" alt=\"\" \/> <a href=\"\/Konferenzen\/sz2011\/roeb_synthesegasherstellung_solare_reformierung.pdf\" target=\"_blank\">Synthesegasherstellung durch solare Reformierung und solar thermochemische Kreisprozesse \u2013 Entwicklung vom Labor bis zur Pilotanlage<\/a><\/strong> (2.2MB)<\/td>\n<\/tr>\n<tr align=\"left\" valign=\"top\">\n<td width=\"20%\">17:30 &#8211; 18:30<\/td>\n<td><strong>STROMNETZE UND SPEICHER (I)<\/strong><\/td>\n<\/tr>\n<tr align=\"left\" valign=\"top\">\n<td width=\"20%\"><\/td>\n<td>R. CHRISTIAN<br \/>\nSiemens AG, Erlangen<br \/>\n<strong><img decoding=\"async\" src=\"\/images\/pdf_icon.gif\" alt=\"\" \/> <a href=\"\/Konferenzen\/sz2011\/christian_intelligenten_netze_solar.pdf\" target=\"_blank\">Rolle der intelligenten Netze f\u00fcr PV und Solarthermie<\/a><\/strong> (5.5MB)<\/p>\n<p>St. RIEKE<br \/>\nSolarFuel Technologies GmbH &amp; Co. KG, Stuttgart<br \/>\n<strong><img decoding=\"async\" src=\"\/images\/pdf_icon.gif\" alt=\"\" \/> <a href=\"\/Konferenzen\/sz2011\/rieke_energiespeicherung_durch_synthetisches_erdgas.pdf\" target=\"_blank\">Energiespeicherung durch synthetisches Erdgas und Biomethan<\/a><\/strong> (1.1MB)<\/td>\n<\/tr>\n<tr align=\"left\" valign=\"top\">\n<td width=\"20%\">19:00<\/td>\n<td>E M P F A N G f\u00fcr die Teilnehmer<\/td>\n<\/tr>\n<\/tbody>\n<\/table>\n<p><strong>Freitag, 13. Mai 2011<\/strong><\/p>\n<table border=\"0\" width=\"100%\" cellspacing=\"5\" cellpadding=\"5\">\n<tbody>\n<tr align=\"left\" valign=\"top\">\n<td width=\"20%\">09:00 &#8211; 10.00<\/td>\n<td><strong>STROMNETZE UND SPEICHER (II)<\/strong><\/td>\n<\/tr>\n<tr align=\"left\" valign=\"top\">\n<td width=\"20%\"><\/td>\n<td>A. MICHAELIS<br \/>\nFraunhofer-IKTS, Dresden<br \/>\n<strong><img decoding=\"async\" src=\"\/images\/pdf_icon.gif\" alt=\"\" \/> <a href=\"\/Konferenzen\/sz2011\/\" target=\"_blank\">Keramische Materialien und Systeme f\u00fcr die Energietechnologien: Photovoltaik, Batterien und Brennstoffzellen<\/a><\/strong> (2.5MB)<\/p>\n<p>M. G\u00d6TZE, T. ROSSBACH, W. KATTANEK<br \/>\nIMMS, Ilmenau<br \/>\nSt. NICOLAI, H. R\u00dcTTINGER<br \/>\nFraunhofer Application Center for Systems Engineering, Ilmenau<br \/>\n<strong><img decoding=\"async\" src=\"\/images\/pdf_icon.gif\" alt=\"\" \/> <\/strong><a href=\"\/Konferenzen\/sz2011\/goetze_erweitertes_smart_metering.pdf\" target=\"_blank\"><strong>Erweitertes Smart Metering zur verbesserten Verbrauchsanalyse und f\u00fcr neuartige Smart Home Services<\/strong><\/a> (1.1MB)<\/td>\n<\/tr>\n<\/tbody>\n<\/table>\n<table border=\"0\" width=\"100%\" cellspacing=\"5\" cellpadding=\"5\">\n<tbody>\n<tr align=\"left\" valign=\"top\">\n<td width=\"20%\">10:00 &#8211; 11:30<\/td>\n<td><strong>PV-ZELLEN und -SYSTEME (I)<\/strong><\/td>\n<\/tr>\n<tr align=\"left\" valign=\"top\">\n<td width=\"20%\"><\/td>\n<td>M. FISCHER<br \/>\nQ-Cells SE, Thalheim<br \/>\n<strong><img decoding=\"async\" src=\"\/images\/pdf_icon.gif\" alt=\"\" \/> <a href=\"\/Konferenzen\/sz2011\/fischer_photovoltaik-marktpotenzial.pdf\" target=\"_blank\">Photovoltaik: Marktpotenzial und technologische Trends am Beispiel kristalliner Siliziumtechnologie<\/a><\/strong> (4.7MB)<\/p>\n<p>K. THIESSEN<br \/>\nWista Management GmbH, Berlin<br \/>\n<strong>Photovoltaic in den Staaten der ehemaligen Sowjetunion<\/strong><\/p>\n<p>P. RANDEL<br \/>\nWacker Chemie AG, Burghausen<br \/>\n<strong><img decoding=\"async\" src=\"\/images\/pdf_icon.gif\" alt=\"\" \/> <a href=\"\/Konferenzen\/sz2011\/randel_potentiale_kostenreduktion.pdf\" target=\"_blank\">Potentiale der Kostenreduktion mit dem Einsatz neuer Materialien bei der Modulherstellung<\/a><\/strong> (0.6MB)<\/td>\n<\/tr>\n<tr align=\"left\" valign=\"top\">\n<td width=\"20%\">11:30 &#8211; 12:00<\/td>\n<td>PAUSE<\/td>\n<\/tr>\n<tr align=\"left\" valign=\"top\">\n<td width=\"20%\">12:00 &#8211; 13:00<\/td>\n<td><strong>PV-ZELLEN und -SYSTEME (II)<\/strong><\/td>\n<\/tr>\n<tr align=\"left\" valign=\"top\">\n<td width=\"20%\"><\/td>\n<td>M. G\u00d6TZ<br \/>\nDMOS GmbH, Dresden<br \/>\n<img decoding=\"async\" src=\"\/images\/pdf_icon.gif\" alt=\"\" \/> <strong><a href=\"\/Konferenzen\/sz2011\/goetz_smart_power_ics_fuer_solarmodule.pdf\" target=\"_blank\">Smart-Power ICs f\u00fcr Solarmodule: Nutzen-Kosten-Zuverl\u00e4ssigkeit<\/a><\/strong> (3.5MB)<\/p>\n<p>B. BROICH<br \/>\nBB-TEC-CONSULT, Berlin<br \/>\n<img decoding=\"async\" src=\"\/images\/pdf_icon.gif\" alt=\"\" \/> <strong><a href=\"\/Konferenzen\/sz2011\/broich_dezentrale_autarke_stromerzeugungssysteme.pdf\" target=\"_blank\">Dezentrale, autarke Stromerzeugungssysteme auf Basis erneuerbarer Energien<\/a><\/strong> (1.5MB)<strong><br \/>\n<\/strong><\/td>\n<\/tr>\n<tr align=\"left\" valign=\"top\">\n<td width=\"20%\">13:00 &#8211; 14:00<\/td>\n<td>M I T T A G E S S E N<\/td>\n<\/tr>\n<tr align=\"left\" valign=\"top\">\n<td width=\"20%\">14:00 &#8211; 15:00<\/td>\n<td><strong>SOLARTHERMIE<\/strong><\/td>\n<\/tr>\n<tr align=\"left\" valign=\"top\">\n<td width=\"20%\"><\/td>\n<td>L.-G. FLEISCHER<br \/>\nLIFIS, Berlin<br \/>\n<img decoding=\"async\" src=\"\/images\/pdf_icon.gif\" alt=\"\" \/> <strong><a href=\"\/Konferenzen\/sz2011\/fleischer_reflexionen_zur_ambivalenten_stellung_der_waerme.pdf\" target=\"_blank\">Reflexionen zur ambivalenten Stellung der W\u00c4RME in der Energetik<\/a><\/strong> (0.7MB)<\/p>\n<p>A. GOLBS, St. WEBER<br \/>\nRawema Countertrade Handelsgesellschaft mbH, Bautzen<br \/>\nP. WERNER<br \/>\nBME Dr. Golbs &amp; Partner GmbH, Bautzen<br \/>\n<strong><img decoding=\"async\" src=\"\/images\/pdf_icon.gif\" alt=\"\" \/> <a href=\"http:\/\/www.leibniz-institut.de\/archiv\/golbs_31_05_11.pdf\" target=\"_blank\">Innovative Speicherstrategie als Basis f\u00fcr eine komplette Neuausrichtung der Energieversorgung im individuellen Wohnbereich<\/a><\/strong><\/td>\n<\/tr>\n<tr align=\"left\" valign=\"top\">\n<td width=\"20%\">15:00 &#8211; 16:30<\/td>\n<td><strong>TECHNISCHE UND GESELLSCHAFTLICHE ASPEKTE DES ENERGIEWANDELS<\/strong><\/td>\n<\/tr>\n<tr align=\"left\" valign=\"top\">\n<td width=\"20%\"><\/td>\n<td>H. LEHMANN<br \/>\nUmweltbundesamt, Dessau<br \/>\n<strong><img decoding=\"async\" src=\"\/images\/pdf_icon.gif\" alt=\"\" \/> <a href=\"\/Konferenzen\/sz2011\/lehmann_2050-100prozent_strom_aus_erneuerbaren_energien.pdf\" target=\"_blank\">2050 \u2013 100% Strom aus erneuerbaren Energien in Deutschland<\/a><\/strong> (4.8MB)<\/p>\n<p>K. RENOLDNER<br \/>\nArzt, Neup\u00f6lla; \u00d6sterreich<br \/>\n<strong><img decoding=\"async\" src=\"\/images\/pdf_icon.gif\" alt=\"\" \/> <a href=\"\/Konferenzen\/sz2011\/renolder_prinzip_dreifachen_entlastung.pdf\" target=\"_blank\">Das Prinzip der dreifachen Entlastung<\/a><\/strong> (5.5MB)<br \/>\n<img decoding=\"async\" src=\"\/images\/pdf_icon.gif\" alt=\"\" \/> <a href=\"\/Konferenzen\/sz2011\/renolder_prinzip_dreifachen_entlastung_2.pdf\" target=\"_blank\">Zusammenfassung des Vortrags<\/a> (30kB)<\/p>\n<p>G. BANSE<br \/>\nKarlsruher Institut f\u00fcr Technologie, Eggenstein-Leopoldshafen<br \/>\n<strong><img decoding=\"async\" src=\"\/images\/pdf_icon.gif\" alt=\"\" \/> <a href=\"\/Konferenzen\/sz2011\/banse_chancen_risiken_solartechnology.pdf\" target=\"_blank\">Chancen und Risiken der Solartechnologien<\/a><\/strong> (0.9MB)<\/td>\n<\/tr>\n<tr align=\"left\" valign=\"top\">\n<td width=\"20%\">16:30<\/td>\n<td><strong>SCHLUSSWORT<\/strong><\/td>\n<\/tr>\n<\/tbody>\n<\/table>\n","protected":false},"excerpt":{"rendered":"<p>Donnerstag, 12. Mai 2011 09:00 &#8211; 10:00 Anmeldung\/ Registrierung 10:00 &#8211; 10:30 L.-G. FLEISCHER: Zur Er\u00f6ffnung (0.1MB) B. JUNGHANS: Zur Er\u00f6ffnung (0.1MB) 10:30 &#8211; 11:30 Key Note H. M\u00dcLLER-STEINHAGEN Technische <a class=\"more-link\" href=\"https:\/\/leibniz-institut.de\/en\/konferenzen\/konferenz-archiv\/11-leibniz-konferenz-solarzeitalter-2011\/lk11-detail\/\">Weiterlesen \u2192<\/a><\/p>\n","protected":false},"author":2,"featured_media":0,"parent":144,"menu_order":0,"comment_status":"closed","ping_status":"closed","template":"","meta":{"footnotes":""},"class_list":["post-242","page","type-page","status-publish","hentry"],"translation":{"provider":"WPGlobus","version":"3.0.2","language":"en","enabled_languages":["de","en","ru"],"languages":{"de":{"title":true,"content":true,"excerpt":false},"en":{"title":false,"content":false,"excerpt":false},"ru":{"title":false,"content":false,"excerpt":false}}},"_links":{"self":[{"href":"https:\/\/leibniz-institut.de\/en\/wp-json\/wp\/v2\/pages\/242","targetHints":{"allow":["GET"]}}],"collection":[{"href":"https:\/\/leibniz-institut.de\/en\/wp-json\/wp\/v2\/pages"}],"about":[{"href":"https:\/\/leibniz-institut.de\/en\/wp-json\/wp\/v2\/types\/page"}],"author":[{"embeddable":true,"href":"https:\/\/leibniz-institut.de\/en\/wp-json\/wp\/v2\/users\/2"}],"replies":[{"embeddable":true,"href":"https:\/\/leibniz-institut.de\/en\/wp-json\/wp\/v2\/comments?post=242"}],"version-history":[{"count":8,"href":"https:\/\/leibniz-institut.de\/en\/wp-json\/wp\/v2\/pages\/242\/revisions"}],"predecessor-version":[{"id":714,"href":"https:\/\/leibniz-institut.de\/en\/wp-json\/wp\/v2\/pages\/242\/revisions\/714"}],"up":[{"embeddable":true,"href":"https:\/\/leibniz-institut.de\/en\/wp-json\/wp\/v2\/pages\/144"}],"wp:attachment":[{"href":"https:\/\/leibniz-institut.de\/en\/wp-json\/wp\/v2\/media?parent=242"}],"curies":[{"name":"wp","href":"https:\/\/api.w.org\/{rel}","templated":true}]}}