{"id":264,"date":"2015-08-11T14:42:30","date_gmt":"2015-08-11T14:42:30","guid":{"rendered":"http:\/\/wordpress.leibniz-institut.de\/?page_id=264"},"modified":"2016-03-06T08:34:00","modified_gmt":"2016-03-06T08:34:00","slug":"lk14-detail","status":"publish","type":"page","link":"https:\/\/leibniz-institut.de\/en\/konferenzen\/konferenz-archiv\/14-leibniz-konferenz-sensorsysteme-2012\/lk14-detail\/","title":{"rendered":"Programm der 14. Leibniz-Konferenz"},"content":{"rendered":"<p><strong>Donnerstag, 18. Oktober 2012<\/strong><\/p>\n<table border=\"0\" width=\"100%\" cellspacing=\"5\" cellpadding=\"5\">\n<tbody>\n<tr align=\"left\" valign=\"top\">\n<td width=\"20%\">08:45 \u2013 09:45<\/td>\n<td>Anmeldung\/ Registrierung<\/td>\n<\/tr>\n<tr align=\"left\" valign=\"top\">\n<td>09:45 \u2013 10:00<\/td>\n<td><strong>Begr\u00fc\u00dfung und Er\u00f6ffnung<\/strong><br \/>\nB. Junghans, H.-G. Giering<\/td>\n<\/tr>\n<tr align=\"left\" valign=\"top\">\n<td>10:00 \u2013 10:30<\/td>\n<td>J. Berger<br \/>\nVDI\/VDE-IT, Berlin<br \/>\n<strong>\u201cSensorsysteme f\u00fcr die Mensch-Technik-Interaktion\u201d<br \/>\n<img decoding=\"async\" src=\"\/images\/pdf_icon.gif\" alt=\"\" \/><\/strong> <a href=\"\/Konferenzen\/ss2012\/berger_sensorsysteme-mensch-technik-interaktion.pdf\" target=\"_blank\"><strong>PDF-Download<\/strong><\/a> (2.0MB)<\/td>\n<\/tr>\n<\/tbody>\n<\/table>\n<table border=\"0\" width=\"100%\" cellspacing=\"5\" cellpadding=\"5\">\n<tbody>\n<tr align=\"left\" valign=\"top\">\n<td width=\"20%\">10:30 \u2013 12:30<\/td>\n<td><strong>SENSOREN (I)<br \/>\n<\/strong><\/td>\n<\/tr>\n<tr align=\"left\" valign=\"top\">\n<td width=\"20%\">10:10 \u2013 10:50<\/td>\n<td>V. KEMPE<br \/>\nehem. SensorDynamics AG, Graz, \u00d6sterreich<br \/>\n\u201cInertial MEMS \u2013 ein Streifzug\u201d<br \/>\n<img decoding=\"async\" src=\"\/images\/pdf_icon.gif\" alt=\"\" \/> <a href=\"\/Konferenzen\/ss2012\/kempe_inertial_mems.pdf\" target=\"_blank\"><strong>PDF-Download<\/strong><\/a> (1.4MB)M. NOWACK(1), P. KRAUSE(1), A. BERTZ(2), T. THIEME(1)<br \/>\n(1) First Sensor AG, Berlin<br \/>\n(2) FhG-ENAS, Chemnitz<br \/>\n\u201cEin MEMS basiertes Low-g-Sensorsystem f\u00fcr  Pr\u00e4zisionsanwendungen\u201d<br \/>\n<img decoding=\"async\" src=\"\/images\/pdf_icon.gif\" alt=\"\" \/> <a href=\"\/Konferenzen\/ss2012\/nowack_ein_mems_basiertes_low-g-sensorsystem.pdf\" target=\"_blank\"><strong>PDF-Download<\/strong><\/a> (3.0MB)Ch. HAGLEITNER<br \/>\nIBM Research &#8212; Zurich Research Laboratory, Z\u00fcrich, Schweiz<br \/>\n\u201cNEMS for ultra-low power logic applications\u201d<br \/>\n<img decoding=\"async\" src=\"\/images\/pdf_icon.gif\" alt=\"\" \/> <a href=\"\/Konferenzen\/ss2012\/hagleitner_nems-for-ultra-low-power-logic-applications.pdf\" target=\"_blank\"><strong>PDF-Download<\/strong><\/a> (2.2MB)<\/p>\n<p>A. WILDE<br \/>\nFhG IIS\/EAS, Dresden<br \/>\n\u201cIntelligente Multisensoren\u201d<br \/>\n<img decoding=\"async\" src=\"\/images\/pdf_icon.gif\" alt=\"\" \/> <a href=\"\/Konferenzen\/ss2012\/wilde_intelligente_multisensoren.pdf\" target=\"_blank\"><strong>PDF-Download<\/strong><\/a> (2.6MB)<\/td>\n<\/tr>\n<tr align=\"left\" valign=\"top\">\n<td width=\"20%\">12:30 \u2013 13:30<\/td>\n<td>M I T T A G E S S E N<\/td>\n<\/tr>\n<tr align=\"left\" valign=\"top\">\n<td width=\"20%\">13:30 \u201315:55<\/td>\n<td><strong>SENSOREN (II)<\/strong><\/td>\n<\/tr>\n<tr align=\"left\" valign=\"top\">\n<td width=\"20%\">10:45 &#8211; 11:15<\/td>\n<td>E. K\u00dcHNICKE<br \/>\nTU Dresden, Dresden<br \/>\n\u201cUltraschall-Sensorarrays\u201d<br \/>\n<img decoding=\"async\" src=\"\/images\/pdf_icon.gif\" alt=\"\" \/> <a href=\"\/Konferenzen\/ss2012\/kuhnicke_ultraschall-sensorarrays.pdf\" target=\"_blank\"><strong>PDF-Download<\/strong><\/a> (5.0MB)B. SUMPF<br \/>\nFerdinand-Braun-Institut, Berlin<br \/>\n\u201cDiodenlaser f\u00fcr sensorische Anwendungen \u2013 Anforderungen, Herstellung und M\u00f6glichkeiten\u201d<br \/>\n<img decoding=\"async\" src=\"\/images\/pdf_icon.gif\" alt=\"\" \/> <a href=\"\/Konferenzen\/ss2012\/sumpf_diode_lasers.pdf\" target=\"_blank\"><strong>PDF-Download<\/strong><\/a> (2.0MB)R. RIESENBERG, J. SCHREIBER<br \/>\nIPHT, Jena<br \/>\nFhG IZFP Dresden<br \/>\n\u201cHolographische Mikroskope als linsenlose miniaturisierte bildgebende Sensoren\u201c<br \/>\n<img decoding=\"async\" src=\"\/images\/pdf_icon.gif\" alt=\"\" \/> <a href=\"\/Konferenzen\/ss2012\/riesenberg_holografische_mikroskope.pdf\" target=\"_blank\"><strong>PDF-Download<\/strong><\/a> (3.6MB)<\/p>\n<p>V. NORKUS, G. GERLACH<br \/>\nTU Dresden, Dresden<br \/>\n\u201cAnwenderspezifische pyroelektrische Infrarotsensoren\u201c<br \/>\n<img decoding=\"async\" src=\"\/images\/pdf_icon.gif\" alt=\"\" \/> <a href=\"\/Konferenzen\/ss2012\/norkus_anwenderspezifische_pyroelektrische_infrarotsensoren.pdf\" target=\"_blank\"><strong>PDF-Download<\/strong><\/a> (0.9MB)<\/p>\n<p>W. OSTEN, V. FERRERAS PAZ, K. FRENNER<br \/>\nUniversit\u00e4t Stuttgart , Stuttgart<br \/>\n\u201cModel-based reconstruction of periodic sub-lambda features\u201d<br \/>\n<img decoding=\"async\" src=\"\/images\/pdf_icon.gif\" alt=\"\" \/> <a href=\"\/Konferenzen\/ss2012\/osten_model-based_reconstruction_of_periodic_sub-lambda_features.pdf\" target=\"_blank\"><strong>PDF-Download<\/strong><\/a> (3.5MB)<\/td>\n<\/tr>\n<tr align=\"left\" valign=\"top\">\n<td width=\"20%\">15:55 \u2013 16:15<\/td>\n<td>P A U S E<\/td>\n<\/tr>\n<\/tbody>\n<\/table>\n<table border=\"0\" width=\"100%\" cellspacing=\"5\" cellpadding=\"5\">\n<tbody>\n<tr align=\"left\" valign=\"top\">\n<td width=\"20%\">16:15 \u201318:15<\/td>\n<td><strong>SENSOREN (III)<\/strong><\/td>\n<\/tr>\n<tr align=\"left\" valign=\"top\">\n<td width=\"20%\"><\/td>\n<td>J. M\u00dcLLER<br \/>\nFirst Sensor AG, Puchheim<br \/>\n\u201cNeue Sensor-Messprinzipien im Niederdruckbereich unter 10 mbar\u201d<br \/>\n<img decoding=\"async\" src=\"\/images\/pdf_icon.gif\" alt=\"\" \/> <a href=\"\/Konferenzen\/ss2012\/muller_neue_sensor-messprinzipien_im_niederdruckbereich_unter_10_mbar.pdf\" target=\"_blank\"><strong>PDF-Download<\/strong><\/a> (0.6MB)G. SCH\u00d6NFELDER<br \/>\nPrignitz Mikrosystemtechnik GmbH \/ ADZ Nagano, Ottendorf-Okrilla<br \/>\n\u201cEntwurf und Umsetzung von Low-Power Sensoren\u201d<br \/>\n<img decoding=\"async\" src=\"\/images\/pdf_icon.gif\" alt=\"\" \/> <a href=\"\/Konferenzen\/ss2012\/schonfelder_entwurf_und_umsetzung_von_low-power-sensoren.pdf\" target=\"_blank\"><strong>PDF-Download<\/strong><\/a> (0.3MB)E. STARKE(1), A. T\u00dcRKE(1), H.-J. HOLLAND(2), W.-J. FISCHER(2),<br \/>\nF. KRIEBEL(3)<br \/>\n(1) TU Dresden, Dresden,<br \/>\n(2) FhG-IPMS, Dresden<br \/>\n(3) SMARTRAC TECHNOLOGY Dresden GmbH, Dresden<br \/>\n\u201cDrahtloses UHF-Label mit InkJet-gedrucktem Feuchtesensor\u201d<br \/>\n<img decoding=\"async\" src=\"\/images\/pdf_icon.gif\" alt=\"\" \/> <a href=\"\/Konferenzen\/ss2012\/starke_drahtloses_uhf-label_mit_inkjet-gedrucktem_feuchtesensor.pdf\" target=\"_blank\"><strong>PDF-Download<\/strong><\/a> (1.7MB)<\/p>\n<p>M. NEUBERT(2), ST. HEINZ(1,2), K. ERLER(1,2), J.T. HORSTMANN(1), R. SEIDEL(1), A. POHLE(2), Ch. GRO\u00df(3), A. R\u00d6NISCH(3),<br \/>\nP.D. GABRIEL(2)<br \/>\n(1) Chemnitz University of Technology, Chemnitz;<br \/>\n(2) EDC Electronic Design Chemnitz GmbH, Chemnitz<br \/>\n(3) TURCK duotec GmbH, Beierfeld<br \/>\n\u201cA monolithic integrated MEMS in a 350 nm technology for filter monitoring applications\u201d<br \/>\n<img decoding=\"async\" src=\"\/images\/pdf_icon.gif\" alt=\"\" \/> <a href=\"\/Konferenzen\/ss2012\/neubert_a_monolithic_integrated_mems.pdf\" target=\"_blank\"><strong>PDF-Download<\/strong><\/a> (2.5MB)<\/td>\n<\/tr>\n<tr align=\"left\" valign=\"top\">\n<td width=\"20%\">19:00<\/td>\n<td>E M P F A N G<br \/>\nf\u00fcr die Teilnehmer im Hotelrestaurant<\/td>\n<\/tr>\n<\/tbody>\n<\/table>\n<p><strong>Freitag, 19. Oktober 2012<\/strong><\/p>\n<table border=\"0\" width=\"100%\" cellspacing=\"5\" cellpadding=\"5\">\n<tbody>\n<tr align=\"left\" valign=\"top\">\n<td width=\"20%\">08:30 \u2013 10:00<\/td>\n<td><strong>SENSOREN F\u00dcR LEBENSWISSENSCHAFTEN<\/strong><\/td>\n<\/tr>\n<tr align=\"left\" valign=\"top\">\n<td width=\"20%\"><\/td>\n<td>Th. OTTO, J. NESTLER<br \/>\nFhG-ENAS, Chemnitz<br \/>\n\u201cLab-on-Chip f\u00fcr Point-of-care diagnostics\u201d<br \/>\n<img decoding=\"async\" src=\"\/images\/pdf_icon.gif\" alt=\"\" \/> <a href=\"\/Konferenzen\/ss2012\/otto_lab-on-chips-systems_platforms_for_biosensor.pdf\" target=\"_blank\"><strong>PDF-Download<\/strong><\/a> (6.0MB)E. JUNG<br \/>\nFhG-IZM, Berlin<br \/>\n\u201cMEMS, MOEMS and MNBS \u2013 their role in next generation medical diagnostic and therapy\u201d<br \/>\n<img decoding=\"async\" src=\"\/images\/pdf_icon.gif\" alt=\"\" \/> <a href=\"\/Konferenzen\/ss2012\/jung_mems-moems-and-mnbs.pdf\" target=\"_blank\"><strong>PDF-Download<\/strong><\/a> (1.8MB)T. G\u00d6BEL<br \/>\nFirst Sensor AG, Berlin<br \/>\n\u201cNeue L\u00f6sungen f\u00fcr vielf\u00e4ltig einsetzbare, hochaufl\u00f6sende Detektoren im Bereich der R\u00f6ntgenanalytik\u201d<br \/>\n<img decoding=\"async\" src=\"\/images\/pdf_icon.gif\" alt=\"\" \/> <a href=\"\/Konferenzen\/ss2012\/goebel_neue-loesungen.pdf\" target=\"_blank\"><strong>PDF-Download<\/strong><\/a> (0.9MB)<\/td>\n<\/tr>\n<tr align=\"left\" valign=\"top\">\n<td width=\"20%\">10:15 \u2013 10:30<\/td>\n<td>PAUSE<\/td>\n<\/tr>\n<\/tbody>\n<\/table>\n<table border=\"0\" width=\"100%\" cellspacing=\"5\" cellpadding=\"5\">\n<tbody>\n<tr align=\"left\" valign=\"top\">\n<td width=\"20%\">10:30 \u2013 12:00<\/td>\n<td><strong>TECHNOLOGIEN F\u00dcR SENSORSYSTEME<\/strong><\/td>\n<\/tr>\n<tr align=\"left\" valign=\"top\">\n<td width=\"20%\"><\/td>\n<td>G. WOLDT, W. SCHNEIDER<br \/>\nMPD, Dresden<br \/>\n\u201cAVT f\u00fcr optische Sensoren\u201d<br \/>\n<img decoding=\"async\" src=\"\/images\/pdf_icon.gif\" alt=\"\" \/> <a href=\"\/Konferenzen\/ss2012\/schneider_aufbau-_und_verbindungstechnik_fur_optische_sensoren.pdf\" target=\"_blank\"><strong>PDF-Download<\/strong><\/a> (1.6MB)R. DITTRICH, M. G\u00dcNTHEL, J. H\u00dcBSCHER,  M. MAZIK, F. MERTENS, Y. JOSEPH<br \/>\nTU Bergakademie Freiberg, Freiberg<br \/>\n\u201cAnorganische\/organische Nanohybride: Chemische Sensoren aus dem Baukasten\u201dTh. R\u00d6DIG<br \/>\nFhG-IKTS, Dresden<br \/>\n\u201cVergleich piezokeramischer Werkstoffe f\u00fcr Generatoranwendungen\u201d<br \/>\n<img decoding=\"async\" src=\"\/images\/pdf_icon.gif\" alt=\"\" \/> <a href=\"\/Konferenzen\/ss2012\/roedig_benchmarking_of_piezoceramic_materials_for_generator_application.pdf\" target=\"_blank\"><strong>PDF-Download<\/strong><\/a> (2.4MB)<\/td>\n<\/tr>\n<tr align=\"left\" valign=\"top\">\n<td width=\"20%\">12:00 \u2013 12:30<\/td>\n<td>Einf\u00fchrung in die POSTER SESSION<\/td>\n<\/tr>\n<tr align=\"left\" valign=\"top\">\n<td width=\"20%\">12:30 \u2013 14:00<\/td>\n<td>M I T T A G E S S E N und <strong>POSTER SESSION<\/strong><\/td>\n<\/tr>\n<tr align=\"left\" valign=\"top\">\n<td width=\"20%\"><\/td>\n<td>St. BARTL<br \/>\nFirst Sensor AG, Berlin<br \/>\n\u201cLIDAR-Sensorik in Automobilapplikationen\u201d<br \/>\n<img decoding=\"async\" src=\"\/images\/pdf_icon.gif\" alt=\"\" \/> <a href=\"\/Konferenzen\/ss2012\/bartel_lidar-sensorik-automobilapplikationen.pdf\" target=\"_blank\"><strong>PDF-Download<\/strong><\/a> (0.6MB)M. FALK, R. DITTRICH, Y. JOSEPH<br \/>\nTU Bergakademie Freiberg, Freiberg<br \/>\n\u201cSelbstorganisierende Schichten aus Au-Nanopartikeln und organischen Linkern f\u00fcr sensorische Anwendungen\u201dF. GRUNERT<br \/>\nMAZeT, Jena<br \/>\n\u201cMiniaturisierte Spektralsensoren zur LED-Lichtsteuerung,  Analytik und Qualit\u00e4tssicherung\u201d<\/p>\n<p>F. G\u00dcTH, M. FALK, Y. JOSEPH, R. DITTRICH<br \/>\nTU Bergakademie Freiberg, Freiberg<br \/>\n\u201cAns\u00e4tze zur industriellen Prozessintegration von Metall-Nanopartikel-Komposit-Sensoren\u201d<\/p>\n<p>M. H\u00c4CKEL, H. ZIMMERMANN<br \/>\nNEOPLAS CONTROL GmbH, Greifswald<br \/>\n\u201cHigh precision (ppb) gas analytics in real-time with quantum cascade laser systems\u201d<br \/>\n<img decoding=\"async\" src=\"\/images\/pdf_icon.gif\" alt=\"\" \/> <a href=\"\/Konferenzen\/ss2012\/gas_and_plasma_analysis-poster.pdf\" target=\"_blank\"><strong>PDF-Download<\/strong><\/a> (1.7MB)<\/p>\n<p>St. HEINZ(1), M NEUBERT(1), M BOLL(1), D. GABRIEL(2),<br \/>\nA R\u00d6NSCH(2), Ch. GRO\u00df(2), G. H\u00d6LZER(3)<br \/>\n(1) EDC Electronic Design Chemnitz GmbH, Chemnitz<br \/>\n(2) TURCK duotec GmbH, Beierfeld<br \/>\n(3) X-FAB Semiconductor Foundries AG, Erfurt<br \/>\n\u201cVon der Idee zum Produkt \u2013 CMOS- und MEMS-Packaging in der Serienfertigung\u201c<br \/>\n<img decoding=\"async\" src=\"\/images\/pdf_icon.gif\" alt=\"\" \/> <a href=\"\/Konferenzen\/ss2012\/d_duotec_poster.pdf\" target=\"_blank\"><strong>PDF-Download<\/strong><\/a> (2.0MB)<\/p>\n<p>D. K\u00d6HLER(1), K. HILLER(3), R. FORKE(2), S. KONIETZA(1),<br \/>\nD. BILLEP(2), S. HEINZ(1), A. LANGE(1)<br \/>\n(1) EDC Electronic Design Chemnitz GmbH, Chemnitz<br \/>\n(2) Fraunhofer ENAS, Chemnitz<br \/>\n(3) TU Chemnitz, Center for Microtechnologies, Chemnitz<br \/>\n\u201cDevelopment and characterization of a high precision vibratory MEMS gyroscope system with low-noise integrated readout and control electronics\u201d<\/p>\n<p>W. LINNEMANS<br \/>\nLinear Technology GmbH, M\u00fcnchen<br \/>\n\u201cEnergy harvesting for sensor systems\u201d<br \/>\n<img decoding=\"async\" src=\"\/images\/pdf_icon.gif\" alt=\"\" \/> <a href=\"\/Konferenzen\/ss2012\/liinnemans_energy_harvesting_for_sensor_systems.pdf\" target=\"_blank\"><strong>PDF-Download<\/strong><\/a> (1.4MB)<\/p>\n<p>W. LINNEMANS<br \/>\nLinear Technology GmbH, M\u00fcnchen<br \/>\n\u201cLow power, high-reliable wireless mesh networks for sensor applications\u201d<br \/>\n<img decoding=\"async\" src=\"\/images\/pdf_icon.gif\" alt=\"\" \/> <a href=\"\/Konferenzen\/ss2012\/linnemans_wireless_sensor_networks.pdf\" target=\"_blank\"><strong>PDF-Download<\/strong><\/a> (1.4MB)<\/p>\n<p>A. SCADE(1), A. LAUTE(2), E. F\u00dcGERT(1)<br \/>\n(1) Anvo-Systems-Dresden GmbH, Dresden<br \/>\n(2) Melexis AG, Erfurt<br \/>\n\u201cDesign requirements for medical sensor systems\u201d<br \/>\n<img decoding=\"async\" src=\"\/images\/pdf_icon.gif\" alt=\"\" \/> <a href=\"\/Konferenzen\/ss2012\/scade_design_requirements_for_medical_sensor_systems.pdf\" target=\"_blank\"><strong>PDF-Download<\/strong><\/a> (0.4MB)<\/p>\n<p>J. SCHREIBER(1), RIESENBERG(2), B. FISCHER(1), Ch. WOLF(1)<br \/>\n(1) FhG-IZFP, Dresden<br \/>\n(2) IPHT, Jena<br \/>\n\u201cNeue Speckle- und OCT Verfahren f\u00fcr Biologie und Medizin\u201d<\/p>\n<p>St. SCHUBERT<br \/>\nProductivity Engineering Gesellschaft f\u00fcr Prozessintegration mbH, Kesselsdorf<br \/>\n\u201cCyber-Physical Systeme brauchen smarte Sensor ICs\u201d<br \/>\n<img decoding=\"async\" src=\"\/images\/pdf_icon.gif\" alt=\"\" \/> <a href=\"\/Konferenzen\/ss2012\/schubert_cyber-physical_systeme_brauchen_smarte_sensor_ics.pdf\" target=\"_blank\"><strong>PDF-Download<\/strong><\/a> (0.8MB)<\/p>\n<p>C. STEINBR\u00dcCKER(1,2),  Ch. STEINBACH(2), K.WEBER(1,2),<br \/>\nJ. POPP(1)<br \/>\n(1) Friedrich-Schiller-Universit\u00e4t Jena<br \/>\n(2) IPHT, Jena<br \/>\n\u201cMonitoring diagnostischer Biomarker mittels chipbasierter Analysetechniken\u201d<\/p>\n<p>A. WOLF<br \/>\nDr. Wolf Wireless GmbH, Berlin<br \/>\n\u201cFunkabdeckungstests mit Sensor-Funkmodulen\u201c<\/td>\n<\/tr>\n<tr align=\"left\" valign=\"top\">\n<td width=\"20%\">14:00 \u2013 16:00<\/td>\n<td><strong>ANWENDUNG VON SENSORSYSTEMEN (I)<\/strong><\/td>\n<\/tr>\n<tr align=\"left\" valign=\"top\">\n<td width=\"20%\"><\/td>\n<td>W. HUFENBACH, W.-J. FISCHER, N. MODLER, E. STARKE<br \/>\nTU Dresden, Dresden<br \/>\n\u201cSerienf\u00e4hige Integration von Sensornetzwerken in langfaser- und textilverst\u00e4rkte Leichtbaukomponenten\u201d<br \/>\n<img decoding=\"async\" src=\"\/images\/pdf_icon.gif\" alt=\"\" \/> <a href=\"\/Konferenzen\/ss2012\/hufenbach_modler_sensornetzwerke.pdf\" target=\"_blank\"><strong>PDF-Download<\/strong><\/a> (1.5MB)L. G\u00d6PFERT<br \/>\nZMDI, Dresden<br \/>\n\u201cEnergy Harvesting and Power Management IC Implementation for Energy-Autarkic Wireless Sensor Nodes\u201dM. KOPYCINSKA-M\u00dcLLER(1), B. K\u00d6HLER(2)<br \/>\n(1) FhG-IZFP-D, Dresden<br \/>\n(2) TU Dresden, Dresden<br \/>\n\u201cMapping and evaluation of visco-elastic properties on micro- and nanoscale by use of modified atomic force microscopy\u201d<br \/>\n<img decoding=\"async\" src=\"\/images\/pdf_icon.gif\" alt=\"\" \/> <a href=\"\/Konferenzen\/ss2012\/kopycinska-muller_visco-elastic_properties.pdf\" target=\"_blank\"><strong>PDF-Download<\/strong><\/a> (1.4MB)<\/p>\n<p>E. KLOSE<br \/>\nINNO-Concept GmbH, Strausberg<br \/>\n\u201cRobuste Sauerstoff-Sensorsysteme f\u00fcr Kontroll- und Optimierungsaufgaben in Land- und Forstwirtschaft\u201c<\/td>\n<\/tr>\n<tr align=\"left\" valign=\"top\">\n<td width=\"20%\">16:00 \u2013 16:20<\/td>\n<td>PAUSE<\/td>\n<\/tr>\n<tr align=\"left\" valign=\"top\">\n<td width=\"20%\">16:20 \u2013 17:50<\/td>\n<td><strong>ANWENDUNG VON SENSORSYSTEMEN (II)<\/strong><\/td>\n<\/tr>\n<tr align=\"left\" valign=\"top\">\n<td width=\"20%\"><\/td>\n<td>R. KOCH<br \/>\nDiehl BGT Defence, Ueberlingen<br \/>\n\u201cSense&amp;Avoid f\u00fcr UAVs\u201d<br \/>\n<img decoding=\"async\" src=\"\/images\/pdf_icon.gif\" alt=\"\" \/> <a href=\"\/Konferenzen\/ss2012\/koch_sense__avoid_fur_uavs.pdf\" target=\"_blank\"><strong>PDF-Download<\/strong><\/a> (2.6MB)B. WILHELMI<br \/>\nCTB WILHELMI, Jena<br \/>\n\u201cPr\u00e4zise und schnelle Messung von geometrischen Parametern mit Lasern\u201d<br \/>\n<img decoding=\"async\" src=\"\/images\/pdf_icon.gif\" alt=\"\" \/> <a href=\"\/Konferenzen\/ss2012\/wilhelmi_messung-geometrischen-parametern.pdf\" target=\"_blank\"><strong>PDF-Download<\/strong><\/a> (2.6MB)W. SINN<br \/>\nIMMS GmbH, Ilmenau<br \/>\n\u201cVon der Sensorik zur Umwelterkennung \u2013 strategische Herausforderungen\u201d<br \/>\n<img decoding=\"async\" src=\"\/images\/pdf_icon.gif\" alt=\"\" \/> <a href=\"\/Konferenzen\/ss2012\/sinn_von_der_sensorik_zur_umwelterkennung.pdf\" target=\"_blank\"><strong>PDF-Download<\/strong><\/a> (1.0MB)<\/td>\n<\/tr>\n<tr align=\"left\" valign=\"top\">\n<td width=\"20%\">17:50<\/td>\n<td><strong>SCHLUSSWORT<\/strong><\/td>\n<\/tr>\n<\/tbody>\n<\/table>\n<p style=\"text-align: left;\" align=\"center\"><strong>Die Konferenz wurde unterst\u00fctzt von First Sensor AG, Berlin.<\/strong><\/p>\n","protected":false},"excerpt":{"rendered":"<p>Donnerstag, 18. Oktober 2012 08:45 \u2013 09:45 Anmeldung\/ Registrierung 09:45 \u2013 10:00 Begr\u00fc\u00dfung und Er\u00f6ffnung B. Junghans, H.-G. Giering 10:00 \u2013 10:30 J. Berger VDI\/VDE-IT, Berlin \u201cSensorsysteme f\u00fcr die Mensch-Technik-Interaktion\u201d <a class=\"more-link\" href=\"https:\/\/leibniz-institut.de\/en\/konferenzen\/konferenz-archiv\/14-leibniz-konferenz-sensorsysteme-2012\/lk14-detail\/\">Weiterlesen \u2192<\/a><\/p>\n","protected":false},"author":2,"featured_media":0,"parent":260,"menu_order":0,"comment_status":"closed","ping_status":"closed","template":"","meta":{"footnotes":""},"class_list":["post-264","page","type-page","status-publish","hentry"],"translation":{"provider":"WPGlobus","version":"3.0.2","language":"en","enabled_languages":["de","en","ru"],"languages":{"de":{"title":true,"content":true,"excerpt":false},"en":{"title":false,"content":false,"excerpt":false},"ru":{"title":false,"content":false,"excerpt":false}}},"_links":{"self":[{"href":"https:\/\/leibniz-institut.de\/en\/wp-json\/wp\/v2\/pages\/264","targetHints":{"allow":["GET"]}}],"collection":[{"href":"https:\/\/leibniz-institut.de\/en\/wp-json\/wp\/v2\/pages"}],"about":[{"href":"https:\/\/leibniz-institut.de\/en\/wp-json\/wp\/v2\/types\/page"}],"author":[{"embeddable":true,"href":"https:\/\/leibniz-institut.de\/en\/wp-json\/wp\/v2\/users\/2"}],"replies":[{"embeddable":true,"href":"https:\/\/leibniz-institut.de\/en\/wp-json\/wp\/v2\/comments?post=264"}],"version-history":[{"count":3,"href":"https:\/\/leibniz-institut.de\/en\/wp-json\/wp\/v2\/pages\/264\/revisions"}],"predecessor-version":[{"id":488,"href":"https:\/\/leibniz-institut.de\/en\/wp-json\/wp\/v2\/pages\/264\/revisions\/488"}],"up":[{"embeddable":true,"href":"https:\/\/leibniz-institut.de\/en\/wp-json\/wp\/v2\/pages\/260"}],"wp:attachment":[{"href":"https:\/\/leibniz-institut.de\/en\/wp-json\/wp\/v2\/media?parent=264"}],"curies":[{"name":"wp","href":"https:\/\/api.w.org\/{rel}","templated":true}]}}