{"id":268,"date":"2015-08-11T14:44:24","date_gmt":"2015-08-11T14:44:24","guid":{"rendered":"http:\/\/wordpress.leibniz-institut.de\/?page_id=268"},"modified":"2017-09-16T09:41:01","modified_gmt":"2017-09-16T09:41:01","slug":"15-leibniz-konferenz-erneuerbare-energien-2013","status":"publish","type":"page","link":"https:\/\/leibniz-institut.de\/en\/konferenzen\/konferenz-archiv\/15-leibniz-konferenz-erneuerbare-energien-2013\/","title":{"rendered":"15. Leibniz-Konferenz &#8211; Erneuerbare Energien 2013"},"content":{"rendered":"<h2>Erneuerbare Energien 2013 \u2013 Neue Ideen f\u00fcr das Solarzeitalter<\/h2>\n<p>2. &#8211; 3. Mai 2013<br \/>\nBerlin Forum Adlershof, Rudower Chaussee 24, 12489 Berlin<\/p>\n<h2>Veranstalter:<\/h2>\n<p>LEIBNIZ-INSTITUT f\u00fcr interdisziplin\u00e4re Studien e.V. (LIFIS)<br \/>\nBerlin-Adlershof<\/p>\n<p>in Zusammenarbeit mit WISTA MANAGEMENT GmbH, Berlin-Adlershof<\/p>\n<h2>Programminhalte:<\/h2>\n<p>Klimawandel und absehbare Ersch\u00f6pfung der Ressourcen an fossilen Brennstoffen sowie der beschlossene Ausstieg aus der Atomenergienutzung in Deutschland haben zum anspruchsvollen Vorhaben der Energiewende gef\u00fchrt, die auf erneuerbaren Energieressourcen, Energieeffizienz und Energieeinsparung aufbaut. Dieses Vorhaben ist offensichtlich in Turbulenzen geraten. Die wissenschaftlich-technische und wirtschaftliche Gestaltung dieser neuen Energiestrategie ist eine wahrhaft interdisziplin\u00e4re Herausforderung. Davon sind Aspekte der direkten Elektroenergieerzeugung durch Photovoltaik mit der Konsequenz von notwendigen preiswerten und effektiven Energiespeichern sowie intelligenten Netzen ebenso betroffen wie die thermische Nutzung von Solarenergie, f\u00fcr Windkraftanlagen, die Nutzung von Biomasse wie auch die solare Stoffwandlung. Schlie\u00dflich reichen Gestaltungsvoraussetzungen wie die Konsequenzen des bevorstehenden Energiewandels bis in die pers\u00f6nliche Lebenssph\u00e4re jedes B\u00fcrgers. Das Leibniz-Institut f\u00fcr interdisziplin\u00e4re Studien f\u00fchrt deshalb die seit 2006 nunmehr vierte Konferenz \u00fcber die Probleme des Solarzeitalters mit dem Schwerpunkt der erneuerbaren Energien durch, um eine Plattform f\u00fcr den interdisziplin\u00e4ren Dialog unter Experten der verschiedensten Gebiete zu bieten. Mit der 15. Leibnizkonferenz werden alle Teilbereiche der Energiewende in ihrem Zusammenhang und interdisziplin\u00e4r \u00fcbergreifend diskutiert, um auch die vielf\u00e4ltigen Bet\u00e4tigungsfelder f\u00fcr KMU zu verdeutlichen, die sich aus diesem gr\u00f6\u00dften Konjunkturprogramm der letzten Jahrzehnte ergeben.<\/p>\n<p>Gegenstand der Konferenz ist der aktuelle Stand und die absehbare Entwicklung der Nutzung der Solarenergie f\u00fcr die photovoltaischen, thermischen und alle weiteren auf Sonnenenergie beruhenden Verfahren der Stromerzeugung sowie der solaren Stoffwandlung mit dem Ziel der Speicherung der Sonnenenergie.<\/p>\n<p>Die f\u00fcr die Nutzung der solaren Elektroenergie besonders interessanten Aspekte der Speicherung von W\u00e4rme und der stofflichen Speicherung von Energie (Wasserstoff und Kohlenwasserstoffe), des optimalen Energiemixes sowie des intelligenten Netzmanagements sind ebenso Gegenstand der Diskussion wie die gesellschaftlichen Aspekte dieser technologischen Entwicklung.<\/p>\n<p>Die Leibnizkonferenz findet diesmal nicht am traditionellen Standort Lichtenwalde statt, sondern auf dem Gel\u00e4nde des Wissenschafts- und Technologieparks Berlin-Adlershof, wo im April 2013 ein neues Technologiezentrum f\u00fcr Firmen aus dem Bereich der erneuerbaren Energien eingeweiht wird. Dieses &#8220;Zentrum f\u00fcr Photovoltaik und Erneuerbare Energien&#8221; verf\u00fcgt \u00fcber eine Fl\u00e4che von 8.000 m\u00b2, davon 2.800 m\u00b2 Labor-, 2.000 m\u00b2 Produktions-, 400 m\u00b2 Werkstatt- und 1.800 m\u00b2 B\u00fcrofl\u00e4che und \u00fcber eine hoch ausger\u00fcstete technische Infrastruktur, die ideale Voraussetzungen f\u00fcr Forschung-, Entwicklung und Produktion darstellt. Im Rahmen der Konferenz besteht die M\u00f6glichkeit, das Geb\u00e4ude zu besichtigen.<\/p>\n<h2>Programmschwerpunkte:<\/h2>\n<h3>Solare Energiewandlung<\/h3>\n<ul>\n<li>PV-Zellen und Module<\/li>\n<li>PV-Kraftwerke und PV-Architektur<\/li>\n<li>Solarthermische Systeme<\/li>\n<li>Solare Hybridsysteme<\/li>\n<li>Solarchemische Verfahren<\/li>\n<\/ul>\n<h3>Energiespeicherung<\/h3>\n<ul>\n<li>Elektrische Speicher<\/li>\n<li>W\u00e4rmespeicher<\/li>\n<li>Speicherung elektrischer Energie \u00fcber Stoffwandlung (Wasserstoff, Methan)<\/li>\n<\/ul>\n<h3>Energietransport und -verteilung<\/h3>\n<ul>\n<li>Gleichstromnetze<\/li>\n<li>Netzmanagement im Zeitalter erneuerbarer Energien (Smart Grids)<\/li>\n<li>Energietransport in Gassystemen<\/li>\n<\/ul>\n<h3>Rationelle Energienutzung<\/h3>\n<ul>\n<li>Energieeinsparung durch Innovationen<\/li>\n<li>Energie-Effizienz von Anlagen und Geb\u00e4uden<\/li>\n<li>Smart Metering<\/li>\n<\/ul>\n<h3>Gesellschaftliche Aspekte der Energiewende<\/h3>\n<ul>\n<li>Transformationsprozesse<\/li>\n<li>Chancen f\u00fcr KMU<\/li>\n<li>Dezentrale Energiewirtschaft<\/li>\n<\/ul>\n<h2>Programmbeirat:<\/h2>\n<ul>\n<li>Prof. Dr. Bernd Junghans, LIFIS e.V., Dresden<\/li>\n<li>Prof. Dr. Norbert Langhoff, IfG GmbH, Berlin<\/li>\n<li>Dr. Bernd Ludwig, WISTA MANAGEMENT GmbH, Berlin<\/li>\n<li>Dipl.-Ing. Hermann Marsch, Maicom Quarz GmbH, Posterstein<\/li>\n<li>Prof. Dr. Alexander Michaelis, FhG-IKTS, Dresden<\/li>\n<li>Prof. Dr. Detlev M\u00f6ller, BTU, Cottbus<\/li>\n<li>Prof. Dr. Gerhard \u00d6hlmann, Leibniz Soziet\u00e4t Berlin<\/li>\n<li>Gerhard Rauter, OE Consulting, Dresden<\/li>\n<li>Prof. H. Richter, GFWW e.V., Frankfurt\/O.<\/li>\n<li>Prof. Dr. Klaus Thiessen, WISTA, Berlin<\/li>\n<li>Dr. Michael Thomas, Brandenburg-Berliner Institut f\u00fcr<br \/>\nSozialwissenschaftliche Studien, Belin<\/li>\n<li>Prof. Dr. Gert Wangermann, LIFIS e.V., Berlin<\/li>\n<\/ul>\n<h2>Weitere Informationen und Downloads<\/h2>\n<ul>\n<li><a href=\"\/usr_files\/68_erneuerbare_energien2013.pdf\" target=\"_blank\"><strong>Ank\u00fcndigung<\/strong><\/a> (102KB, PDF-Format)<\/li>\n<li><a href=\"\/usr_files\/72_erneuerbare_energien2013_programm.pdf\" target=\"_blank\"><strong>Programm<\/strong><\/a> (102KB, PDF-Format)<\/li>\n<li><a href=\"\/usr_files\/74_erneuerbare_energien2013_abstracts.pdf\" target=\"_blank\"><strong>Abstracts<\/strong><\/a> (107KB, PDF-Format)<\/li>\n<li><a href=\"\/usr_files\/77_erneuerbare_energien2013_teilnehmer.pdf\" target=\"_blank\"><strong>Teilnehmer<\/strong><\/a> (102KB, PDF-Format)<\/li>\n<li><strong><a href=\"\/lk15-detail\/\">Programm mit Downloadoption der Vortr\u00e4ge<\/a><\/strong><\/li>\n<\/ul>\n","protected":false},"excerpt":{"rendered":"<p>Erneuerbare Energien 2013 \u2013 Neue Ideen f\u00fcr das Solarzeitalter 2. &#8211; 3. Mai 2013 Berlin Forum Adlershof, Rudower Chaussee 24, 12489 Berlin Veranstalter: LEIBNIZ-INSTITUT f\u00fcr interdisziplin\u00e4re Studien e.V. (LIFIS) Berlin-Adlershof <a class=\"more-link\" href=\"https:\/\/leibniz-institut.de\/en\/konferenzen\/konferenz-archiv\/15-leibniz-konferenz-erneuerbare-energien-2013\/\">Weiterlesen \u2192<\/a><\/p>\n","protected":false},"author":2,"featured_media":0,"parent":315,"menu_order":15,"comment_status":"closed","ping_status":"closed","template":"","meta":{"footnotes":""},"class_list":["post-268","page","type-page","status-publish","hentry"],"translation":{"provider":"WPGlobus","version":"3.0.2","language":"en","enabled_languages":["de","en","ru"],"languages":{"de":{"title":true,"content":true,"excerpt":false},"en":{"title":false,"content":false,"excerpt":false},"ru":{"title":false,"content":false,"excerpt":false}}},"_links":{"self":[{"href":"https:\/\/leibniz-institut.de\/en\/wp-json\/wp\/v2\/pages\/268","targetHints":{"allow":["GET"]}}],"collection":[{"href":"https:\/\/leibniz-institut.de\/en\/wp-json\/wp\/v2\/pages"}],"about":[{"href":"https:\/\/leibniz-institut.de\/en\/wp-json\/wp\/v2\/types\/page"}],"author":[{"embeddable":true,"href":"https:\/\/leibniz-institut.de\/en\/wp-json\/wp\/v2\/users\/2"}],"replies":[{"embeddable":true,"href":"https:\/\/leibniz-institut.de\/en\/wp-json\/wp\/v2\/comments?post=268"}],"version-history":[{"count":4,"href":"https:\/\/leibniz-institut.de\/en\/wp-json\/wp\/v2\/pages\/268\/revisions"}],"predecessor-version":[{"id":384,"href":"https:\/\/leibniz-institut.de\/en\/wp-json\/wp\/v2\/pages\/268\/revisions\/384"}],"up":[{"embeddable":true,"href":"https:\/\/leibniz-institut.de\/en\/wp-json\/wp\/v2\/pages\/315"}],"wp:attachment":[{"href":"https:\/\/leibniz-institut.de\/en\/wp-json\/wp\/v2\/media?parent=268"}],"curies":[{"name":"wp","href":"https:\/\/api.w.org\/{rel}","templated":true}]}}