{"id":271,"date":"2015-08-11T14:48:04","date_gmt":"2015-08-11T14:48:04","guid":{"rendered":"http:\/\/wordpress.leibniz-institut.de\/?page_id=271"},"modified":"2016-10-11T16:23:54","modified_gmt":"2016-10-11T16:23:54","slug":"lk15-detail","status":"publish","type":"page","link":"https:\/\/leibniz-institut.de\/en\/konferenzen\/konferenz-archiv\/15-leibniz-konferenz-erneuerbare-energien-2013\/lk15-detail\/","title":{"rendered":"Programm der 15. Leibniz-Konferenz"},"content":{"rendered":"<p><strong>Donnerstag, 2. Mai 2013<\/strong><\/p>\n<table border=\"0\" width=\"100%\" cellspacing=\"5\" cellpadding=\"5\">\n<tbody>\n<tr align=\"left\" valign=\"top\">\n<td width=\"20%\">09:00 \u2013 10:00<\/td>\n<td>Anmeldung\/ Registrierung<\/td>\n<\/tr>\n<tr align=\"left\" valign=\"top\">\n<td>10:00 \u2013 10:05<\/td>\n<td><strong>Begr\u00fc\u00dfung und Er\u00f6ffnung<br \/>\n<\/strong>B. Junghans, LIFIS e.V., Berlin<\/td>\n<\/tr>\n<tr align=\"left\" valign=\"top\">\n<td>10:05 \u2013 10:30<\/td>\n<td>P. AMBR\u00c9E<br \/>\nWISTA-MANAGEMENT GmbH, Berlin<br \/>\n<strong>\u201ePhotovoltaik und Erneuerbare Energien im Wissenschafts- und Technologiepark Berlin-Adlershof\u201c<br \/>\n<img decoding=\"async\" src=\"\/images\/pdf_icon.gif\" alt=\"\" \/><\/strong> <a href=\"\/Konferenzen\/ee2013\/ambree_photovoltaik_und_erneuerbare_energien.pdf\" target=\"_blank\"><strong>PDF-Download<\/strong><\/a> (1.2MB)<\/td>\n<\/tr>\n<\/tbody>\n<\/table>\n<table border=\"0\" width=\"100%\" cellspacing=\"5\" cellpadding=\"5\">\n<tbody>\n<tr align=\"left\" valign=\"top\">\n<td width=\"20%\">10:30 \u2013 12:30<\/td>\n<td><strong>SOLARE ENERGIEWANDLUNG (I)<br \/>\n<\/strong><\/td>\n<\/tr>\n<tr align=\"left\" valign=\"top\">\n<td width=\"20%\"><\/td>\n<td>V. QUASCHNING<br \/>\nHTW, Berlin<br \/>\n<strong>\u201eDie solare Revolution \u2013 Die Bedeutung der Photovoltaik f\u00fcr die Energiewende in Deutschland\u201c<br \/>\n<\/strong><img decoding=\"async\" src=\"\/images\/pdf_icon.gif\" alt=\"\" \/> <a href=\"\/Konferenzen\/ee2013\/quaschning_die_solare_revolution_-_bedeutung_der_photovoltaik.pdf\" target=\"_blank\"><strong>PDF-Download<\/strong><\/a> (3.3MB)<\/p>\n<p>B. RECH<br \/>\nHelmholtz Zentrum, Berlin<br \/>\n<strong>\u201ePhotovoltaik auf dem Weg zur Terawatt Technologie\u201c<\/strong><br \/>\n<img decoding=\"async\" src=\"\/images\/pdf_icon.gif\" alt=\"\" \/> <a href=\"\/Konferenzen\/ee2013\/rech_photovoltaik_auf_dem_wege_zur_terawatt_technologie.pdf\" target=\"_blank\"><strong>PDF-Download<\/strong><\/a> (2.3MB)<\/p>\n<p>R. SCHLATMANN<br \/>\n<strong>Kompetenzzentrum D\u00fcnnschicht- und Nanotechnologie f\u00fcr Photovoltaik, Berlin<br \/>\n\u201eTechnologien f\u00fcr die Solarzellen der Zukunft\u201c<\/strong><\/p>\n<p>J.-U. RASCHKE<br \/>\nGFWW e.V., Frankfurt (Oder)<br \/>\n<strong>\u201ePremiumqualit\u00e4t, Systeml\u00f6sungen und Kundenn\u00e4he \u2013 Chancen f\u00fcr die Photovoltaik \u201eMade in Germany\u201c<\/strong><br \/>\n<img decoding=\"async\" src=\"\/images\/pdf_icon.gif\" alt=\"\" \/> <a href=\"\/Konferenzen\/ee2013\/raschke_premiumqualitat,_systemlosungen_und_kundennahe.pdf\" target=\"_blank\"><strong>PDF-Download<\/strong><\/a> (0.5MB)<\/td>\n<\/tr>\n<tr align=\"left\" valign=\"top\">\n<td width=\"20%\">12:30 \u2013 13:30<\/td>\n<td>M I T T A G E S S E N<\/td>\n<\/tr>\n<tr align=\"left\" valign=\"top\">\n<td width=\"20%\">13:30 \u201315:55<\/td>\n<td><strong>SOLARE ENERGIEWANDLUNG (II)<\/strong><\/td>\n<\/tr>\n<tr align=\"left\" valign=\"top\">\n<td width=\"20%\">10:45 &#8211; 11:15<\/td>\n<td>B. RAU<br \/>\nRoth und Rau AG, Hohenstein-Ernstthal<br \/>\n<strong>\u201eN\u00e4chste Generation von Solarzellen und \u2013modulen auf der Basis von kristallinem Silizium\u201c<\/strong><br \/>\n<img decoding=\"async\" src=\"\/images\/pdf_icon.gif\" alt=\"\" \/> <a href=\"\/Konferenzen\/ee2013\/rau_naechste_generation_von_solarzellen.pdf\" target=\"_blank\"><strong>PDF-Download<\/strong><\/a> (4.9MB)<\/p>\n<p>R. MERKER (1), G.LIPPOLD (2), H. HARTER (3)<br \/>\n(1) pik service gmbh, Grafing b. M\u00fcnchen,<br \/>\n(2) PSC Polysilane Chemicals GmbH, Leipzig<br \/>\n(3) Activ Solar GmbH, Wien<br \/>\n<strong>\u201eHigh-tech-Material Silizium im Spannungsfeld zwischen kosteng\u00fcnstiger Herstellung und h\u00f6chsten Qualit\u00e4tsanspr\u00fcchen\u201c<\/strong><br \/>\n<img decoding=\"async\" src=\"\/images\/pdf_icon.gif\" alt=\"\" \/> <a href=\"\/Konferenzen\/ee2013\/merker_hight-tech-material_silicium_im_spannungsfeld.pdf\" target=\"_blank\"><strong>PDF-Download<\/strong><\/a> (1.1MB)<\/p>\n<p>M. EBERSTEIN, U. PARTSCH; A. MICHAELIS<br \/>\nFhG IKTS, Dresden<br \/>\n<strong>\u201eHocheffiziente Silicium-Solarzellen durch Niederohmkontakte aus Silber und Glas\u201c<\/strong><br \/>\n<img decoding=\"async\" src=\"\/images\/pdf_icon.gif\" alt=\"\" \/> <a href=\"\/Konferenzen\/ee2013\/eberstein_hocheffiziente_silicium-solarzellen_durch_niederohmkontakte.pdf\" target=\"_blank\"><strong>PDF-Download<\/strong><\/a> (2.6MB)<\/td>\n<\/tr>\n<tr align=\"left\" valign=\"top\">\n<td width=\"20%\">15:55 \u2013 16:15<\/td>\n<td>P A U S E<\/td>\n<\/tr>\n<\/tbody>\n<\/table>\n<table border=\"0\" width=\"100%\" cellspacing=\"5\" cellpadding=\"5\">\n<tbody>\n<tr align=\"left\" valign=\"top\">\n<td width=\"20%\">15:00 \u201315:30<\/td>\n<td><strong><strong>KEYNOTE<\/strong><\/strong><\/p>\n<p>R. HASELOFF<br \/>\nMinisterpr\u00e4sident Sachsen-Anhalt, Magdeburg<br \/>\n<strong>\u201eDie Quadratur des Kreises &#8211; was die Energiewende so schwierig macht\u201c<br \/>\n<\/strong><\/td>\n<\/tr>\n<tr align=\"left\" valign=\"top\">\n<td width=\"20%\">15:30 \u201316:00<\/td>\n<td>P A U S E und Er\u00f6ffnung der <strong>POSTER SESSION<\/strong><\/td>\n<\/tr>\n<tr align=\"left\" valign=\"top\">\n<td width=\"20%\"><\/td>\n<td>F. KENFACK, M. BAUER<br \/>\nFhG PYCO, Teltow<br \/>\n<strong>\u201eNeuartiges Phase Change Material (PCM) f\u00fcr die Speicherung und Nutzung von Prozessw\u00e4rme\u201c<\/strong><br \/>\n<img decoding=\"async\" src=\"\/images\/pdf_icon.gif\" alt=\"\" \/> <a href=\"\/Konferenzen\/ee2013\/kenfack_neuartiges_phase_change_material_pcm_fur_die_speicherung.pdf\" target=\"_blank\"><strong>PDF-Download<\/strong><\/a> (1.3MB)<\/p>\n<p>N. LANGHOFF (1), D. WALLACHER (2), D. KRUSCHKE (3), S. MOTHES (4)<br \/>\n(1) Institute for Scientific Instruments GmbH, Berlin<br \/>\n(2) Helmholtz-Zentrum f\u00fcr Materialien und Energie GmbH, Berlin<br \/>\n(3) Institut f\u00fcr angewandte Photonik e.V., Berlin<br \/>\n(4) Sigmar Mothes Hochdrucktechnik GmbH, Berlin<br \/>\n<strong>\u201eGrundsatzuntersuchungen zur Hochdruck-Wasserstoffspeicherung in Glaskapillaren\u201c<br \/>\n<\/strong><img decoding=\"async\" src=\"\/images\/pdf_icon.gif\" alt=\"\" \/> <a href=\"\/Konferenzen\/ee2013\/langhoff_grundsatzuntersuchungen_zur_hochdruck-wasserstoffspeicherung.pdf\" target=\"_blank\"><strong>PDF-Download<\/strong><\/a> (0.5MB)<\/p>\n<p>A. BJEOUMIKOV (1), N. LANGHOFF (1), T. TROBITZSCH-RYLL (1), R. GUBZHOKOV (1), M. OESKER (1), H-J. SCHRECK (1), A. G\u00dcNTHER (1), F. TRETNER (1), V. ARKADIEV (2), T. NITSCHE (2)<br \/>\n(1) Institute for Scientific Instruments GmbH, Berlin<br \/>\n(2) Institut f\u00fcr angewandte Photonik e.V., Berlin<br \/>\n<strong>\u201eELBRUS \u2013 innovative und vielf\u00e4ltig einsetzbare Sensoren f\u00fcr prozessnahe Analytik\u201c<\/strong><br \/>\n<img decoding=\"async\" src=\"\/images\/pdf_icon.gif\" alt=\"\" \/> <a href=\"\/Konferenzen\/ee2013\/bjeoumikov_elbrus_-_innovative_und_vielfaltig_einsetzbare_sensoren.pdf\" target=\"_blank\"><strong>PDF-Download<\/strong><\/a> (1.8MB)<\/td>\n<\/tr>\n<tr align=\"left\" valign=\"top\">\n<td width=\"20%\">16:00 \u201318:30<\/td>\n<td><strong>TECHNOLOGIEN F\u00dcR DIE ENERGIEWENDE<\/strong><\/td>\n<\/tr>\n<tr align=\"left\" valign=\"top\">\n<td width=\"20%\"><\/td>\n<td>H. LEHMANN<br \/>\nUmweltbundesamt, Dessau<br \/>\n<strong>\u201eArchetypen einer Vollversorgung mit erneuerbaren Energien\u201c<\/strong><br \/>\n<img decoding=\"async\" src=\"\/images\/pdf_icon.gif\" alt=\"\" \/> <a href=\"\/Konferenzen\/ee2013\/lehmann_archetypen_einer_vollversorgung_mit_erneuerbaren_energien.pdf\" target=\"_blank\"><strong>PDF-Download<\/strong><\/a> (2.5MB)<\/p>\n<p>St. KEMPEN, A. AVERBERG<br \/>\nAEG Power Solutions GmbH, Warstein<br \/>\n<strong>\u201eL\u00f6sungen zur Spannungsregelung in Verteilernetzen\u201c<br \/>\n<img decoding=\"async\" src=\"\/images\/pdf_icon.gif\" alt=\"\" \/><\/strong> <a href=\"\/Konferenzen\/ee2013\/averberg_losungen_zur_spannungsregelung_in_verteilernetzen.pdf\" target=\"_blank\"><strong>PDF-Download<\/strong><\/a> (1.2MB)<\/p>\n<p>K. KALBERLAH<br \/>\nEUROSUN UG, F\u00fcrstenwalde<br \/>\n<strong>\u201eSolare Hybridsysteme\u201c<br \/>\n<\/strong><img decoding=\"async\" src=\"\/images\/pdf_icon.gif\" alt=\"\" \/> <a href=\"\/Konferenzen\/ee2013\/kalberlah_solare_hybridsysteme.pdf\" target=\"_blank\"><strong>PDF-Download<\/strong><\/a> (1.6MB)<\/p>\n<p>R. SZYSZKA<br \/>\nTU Berlin<br \/>\n<strong>\u201eMaterial- und Prozessinnovationen in der industriellen Schicht- und Oberfl\u00e4chentechnik f\u00fcr die kosteng\u00fcnstige Bereitstellung erneuerbarer Energien\u201c<br \/>\n<img decoding=\"async\" src=\"\/images\/pdf_icon.gif\" alt=\"\" \/><\/strong> <a href=\"\/Konferenzen\/ee2013\/szyszka_material-_und_prozessinnovationen.pdf\" target=\"_blank\"><strong>PDF-Download<\/strong><\/a> (2.3MB)<\/p>\n<p>F. WESSENDORF<br \/>\nVDMA Frankfurt<br \/>\n<strong>\u201ePhotovoltaik-Maschinenbau Made in Germany &#8211; Chancen und Herausforderungen im globalen Wettbewerb\u201c<br \/>\n<img decoding=\"async\" src=\"\/images\/pdf_icon.gif\" alt=\"\" \/><\/strong> <a href=\"\/Konferenzen\/ee2013\/wessendorf_photovoltaik-maschinenbau_made_in_germany.pdf\" target=\"_blank\"><strong>PDF-Download<\/strong><\/a> (1.3MB)<\/td>\n<\/tr>\n<\/tbody>\n<\/table>\n<p><strong>Freitag, 3. Mai 2013<\/strong><\/p>\n<table border=\"0\" width=\"100%\" cellspacing=\"5\" cellpadding=\"5\">\n<tbody>\n<tr align=\"left\" valign=\"top\">\n<td width=\"20%\">08:30 \u201311:00<\/td>\n<td><strong>SPEICHERUNG, TRANSPORT UND RATIONELLE NUTZUNG ELEKTRISCHER ENERGIE<\/strong><\/td>\n<\/tr>\n<tr align=\"left\" valign=\"top\">\n<td width=\"20%\"><\/td>\n<td>A. MICHAELIS<br \/>\nFhG IKTS, Dresden<br \/>\n<strong>\u201eKeramische Technologien und Systeme f\u00fcr die effiziente Energiewandlung und -speicherung\u201c<br \/>\n<img decoding=\"async\" src=\"\/images\/pdf_icon.gif\" alt=\"\" \/><\/strong> <a href=\"\/Konferenzen\/ee2013\/michaelis_leramische_technologien_und_systeme.pdf\" target=\"_blank\"><strong>PDF-Download<\/strong><\/a> (2.6MB)<\/p>\n<p>M. G\u00d6TZ (1), F. SCHULDT (2)<br \/>\n(1) DMOS GmbH, Dresden,<br \/>\n(2) EWE-Forschungszentrum f\u00fcr Energietechnologie e.V., Oldenburg<br \/>\n<strong>\u201eEffiziente Nachnutzung von Traktionsbatterien als Pufferspeicher in Energieversorgungsnetzen\u201c<\/strong><br \/>\n<img decoding=\"async\" src=\"\/images\/pdf_icon.gif\" alt=\"\" \/> <a href=\"\/Konferenzen\/ee2013\/goetz_effiziente_nachnutzung_von_traktionsbatterien_als_pufferspeicher.pdf\" target=\"_blank\"><strong>PDF-Download<\/strong><\/a> (1.7MB)<\/p>\n<p>Ch. MUHR<br \/>\nH. M. Heizk\u00f6rper GmbH, Dingelst\u00e4dt<br \/>\n<strong>\u201eDie Thermobatterie &#8211; M\u00f6glichkeiten und Probleme von Latentw\u00e4rmespeichern in der Anwendung\u201c<br \/>\n<img decoding=\"async\" src=\"\/images\/pdf_icon.gif\" alt=\"\" \/><\/strong> <a href=\"\/Konferenzen\/ee2013\/muhr_die_thermobatterie_-_latentwarmespeichern_in_der_anwendung.pdf\" target=\"_blank\"><strong>PDF-Download<\/strong><\/a> (1.9MB)<\/p>\n<p>P. IRSIGLER<br \/>\nInfineon, Villach<br \/>\n<strong>\u201eLeistungshalbleiter und Technologien zur Verbesserung der globalen Energieeffizienz\u201c<br \/>\n<img decoding=\"async\" src=\"\/images\/pdf_icon.gif\" alt=\"\" \/><\/strong> <a href=\"\/Konferenzen\/ee2013\/irsigler_leistungshalbleiter_und_technologien.pdf\" target=\"_blank\"><strong>PDF-Download<\/strong><\/a> (2.0MB)<\/p>\n<p>H. SCHWARZ<br \/>\nBTU Cottbus<br \/>\n<strong>\u201eNetzintegration erneuerbarer Energien in Ostdeutschland\u201c<\/strong><br \/>\n<img decoding=\"async\" src=\"\/images\/pdf_icon.gif\" alt=\"\" \/> <a href=\"\/Konferenzen\/ee2013\/schwarz_netzintegration_erneuerbarer_energien_in_ostdeutschland.pdf\" target=\"_blank\"><strong>PDF-Download<\/strong><\/a> (1.6MB)<\/td>\n<\/tr>\n<tr align=\"left\" valign=\"top\">\n<td width=\"20%\">11:00 \u2013 11:30<\/td>\n<td>PAUSE<\/td>\n<\/tr>\n<\/tbody>\n<\/table>\n<table border=\"0\" width=\"100%\" cellspacing=\"5\" cellpadding=\"5\">\n<tbody>\n<tr align=\"left\" valign=\"top\">\n<td width=\"20%\">11:30 \u2013 13:00<\/td>\n<td><strong>BIOENERGIE UND WASSERSTOFF<\/strong><\/td>\n<\/tr>\n<tr align=\"left\" valign=\"top\">\n<td width=\"20%\"><\/td>\n<td>(1) D. THR\u00c4N, (2) A. KRAUTZ<br \/>\n(1) Helmholtz-Zentrum f\u00fcr Umweltforschung, Leipzig<br \/>\n(2) Deutsches Biomasseforschungszentrum, Leipzig<br \/>\n<strong>\u201eBedarfsgerechte Bereitstellung von Bioenergie \u2013 Herausforderungen und Chancen\u201c<\/strong><\/p>\n<p>K.-H. TETZLAFF<br \/>\nH2-Patent GmbH, Bad Iburg<br \/>\n<strong>\u201eMit Wasserstoff-Infrastruktur die Energiekosten senken\u201c<br \/>\n<img decoding=\"async\" src=\"\/images\/pdf_icon.gif\" alt=\"\" \/><\/strong> <a href=\"\/Konferenzen\/ee2013\/tetzlaff_mit_wasserstoff-infrastruktur_die_energiekosten_senken.pdf\" target=\"_blank\"><strong>PDF-Download<\/strong><\/a> (1.8MB)<\/p>\n<p>J. HANKE, Wittenberg<br \/>\nGraforce Hydro GmbH<br \/>\n<strong>\u201eWasserstoff und die magische Grenze von 3 \u20ac\/kg\u201c<\/strong><br \/>\n<img decoding=\"async\" src=\"\/images\/pdf_icon.gif\" alt=\"\" \/> <a href=\"\/Konferenzen\/ee2013\/hanke_wasserstoff_und_die_magische_grenze_von_3_eur_pro_kg.pdf\" target=\"_blank\"><strong>PDF-Download<\/strong><\/a> (1.8MB)<\/td>\n<\/tr>\n<tr align=\"left\" valign=\"top\">\n<td width=\"20%\">13:00 \u2013 14:00<\/td>\n<td>M I T T A G E S S E N<\/td>\n<\/tr>\n<tr align=\"left\" valign=\"top\">\n<td width=\"20%\">14:00 \u2013 15:00<\/td>\n<td><strong>GLOBALE ASPEKTE DER ENERGIEWENDE <\/strong><\/td>\n<\/tr>\n<tr align=\"left\" valign=\"top\">\n<td width=\"20%\"><\/td>\n<td>D. M\u00d6LLER<br \/>\nBTU Cottbus<br \/>\n<strong>\u201eDie Kohlendioxid-\u00d6konomie \u2013 eine L\u00f6sung f\u00fcr das globale Klima-Energie-Problem\u201c<br \/>\n<img decoding=\"async\" src=\"\/images\/pdf_icon.gif\" alt=\"\" \/><\/strong> <a href=\"\/Konferenzen\/ee2013\/moeller_die_kohlendioxid-oekonomie.pdf\" target=\"_blank\"><strong>PDF-Download<\/strong><\/a> (0.8MB)<\/p>\n<p>M. THOMAS<br \/>\nBISS e.V., Berlin<br \/>\n<strong>\u201eDer soziale Bias der Energiewende und einige Konsequenzen\u201c<\/strong><\/td>\n<\/tr>\n<tr align=\"left\" valign=\"top\">\n<td width=\"20%\">15:00 \u2013 16:30<\/td>\n<td><strong>ADLERSHOF und das ZENTRUM F\u00dcR PHOTOVOLTAIK UND ERNEUERBARE ENERGIEN <\/strong><\/td>\n<\/tr>\n<tr align=\"left\" valign=\"top\">\n<td width=\"20%\"><\/td>\n<td>K. THIESSEN<br \/>\nWISTA, Berlin<br \/>\n<strong>\u201eGeschichte der Photovoltaik in Adlershof\u201c<\/strong><br \/>\n<img decoding=\"async\" src=\"\/images\/pdf_icon.gif\" alt=\"\" \/> <a href=\"\/Konferenzen\/ee2013\/thiessen_geschichte_der_photovoltaik_in_adlershof.pdf\" target=\"_blank\"><strong>PDF-Download<\/strong><\/a> (2.0MB)<\/p>\n<p>B. LUDWIG<br \/>\nWISTA-MANAGEMENT GmbH, Berlin<br \/>\n<strong>\u201eBauen gegen den Trend: das ZPV in Adlershof\u201c<br \/>\nmit Besichtigung des ZPV<\/strong><br \/>\n<img decoding=\"async\" src=\"\/images\/pdf_icon.gif\" alt=\"\" \/> <a href=\"\/Konferenzen\/ee2013\/ludwig_bauen_gegen_den-trend.pdf\" target=\"_blank\"><strong>PDF-Download<\/strong><\/a> (1.6MB)<\/td>\n<\/tr>\n<\/tbody>\n<\/table>\n","protected":false},"excerpt":{"rendered":"<p>Donnerstag, 2. Mai 2013 09:00 \u2013 10:00 Anmeldung\/ Registrierung 10:00 \u2013 10:05 Begr\u00fc\u00dfung und Er\u00f6ffnung B. Junghans, LIFIS e.V., Berlin 10:05 \u2013 10:30 P. AMBR\u00c9E WISTA-MANAGEMENT GmbH, Berlin \u201ePhotovoltaik und <a class=\"more-link\" href=\"https:\/\/leibniz-institut.de\/en\/konferenzen\/konferenz-archiv\/15-leibniz-konferenz-erneuerbare-energien-2013\/lk15-detail\/\">Weiterlesen \u2192<\/a><\/p>\n","protected":false},"author":2,"featured_media":0,"parent":268,"menu_order":0,"comment_status":"closed","ping_status":"closed","template":"","meta":{"footnotes":""},"class_list":["post-271","page","type-page","status-publish","hentry"],"translation":{"provider":"WPGlobus","version":"3.0.2","language":"en","enabled_languages":["de","en","ru"],"languages":{"de":{"title":true,"content":true,"excerpt":false},"en":{"title":false,"content":false,"excerpt":false},"ru":{"title":false,"content":false,"excerpt":false}}},"_links":{"self":[{"href":"https:\/\/leibniz-institut.de\/en\/wp-json\/wp\/v2\/pages\/271","targetHints":{"allow":["GET"]}}],"collection":[{"href":"https:\/\/leibniz-institut.de\/en\/wp-json\/wp\/v2\/pages"}],"about":[{"href":"https:\/\/leibniz-institut.de\/en\/wp-json\/wp\/v2\/types\/page"}],"author":[{"embeddable":true,"href":"https:\/\/leibniz-institut.de\/en\/wp-json\/wp\/v2\/users\/2"}],"replies":[{"embeddable":true,"href":"https:\/\/leibniz-institut.de\/en\/wp-json\/wp\/v2\/comments?post=271"}],"version-history":[{"count":5,"href":"https:\/\/leibniz-institut.de\/en\/wp-json\/wp\/v2\/pages\/271\/revisions"}],"predecessor-version":[{"id":716,"href":"https:\/\/leibniz-institut.de\/en\/wp-json\/wp\/v2\/pages\/271\/revisions\/716"}],"up":[{"embeddable":true,"href":"https:\/\/leibniz-institut.de\/en\/wp-json\/wp\/v2\/pages\/268"}],"wp:attachment":[{"href":"https:\/\/leibniz-institut.de\/en\/wp-json\/wp\/v2\/media?parent=271"}],"curies":[{"name":"wp","href":"https:\/\/api.w.org\/{rel}","templated":true}]}}