{"id":274,"date":"2015-08-11T14:53:51","date_gmt":"2015-08-11T14:53:51","guid":{"rendered":"http:\/\/wordpress.leibniz-institut.de\/?page_id=274"},"modified":"2017-09-16T09:41:17","modified_gmt":"2017-09-16T09:41:17","slug":"16-leibniz-konferenz-stadtoekologie-2013","status":"publish","type":"page","link":"https:\/\/leibniz-institut.de\/en\/konferenzen\/konferenz-archiv\/16-leibniz-konferenz-stadtoekologie-2013\/","title":{"rendered":"16. Leibniz-Konferenz &#8211; Stadt\u00f6kologie 2013"},"content":{"rendered":"<h1>Stadt\u00f6kologie 2013 \u2013 Urbanisierung und Klimawandel<\/h1>\n<p>17. &#8211; 18. Oktober 2013<br \/>\nBerlin Forum Adlershof, Rudower Chaussee 24, 12489 Berlin<\/p>\n<h2>Veranstalter:<\/h2>\n<p>LEIBNIZ-INSTITUT f\u00fcr interdisziplin\u00e4re Studien e.V. (LIFIS)<br \/>\nBerlin-Adlershof<\/p>\n<h2>Programminhalte:<\/h2>\n<p>In Europa leben 80 % der Menschen in St\u00e4dten. Aber auch in den Schwellenl\u00e4ndern nimmt der Anteil der Stadtbev\u00f6lkerung schnell zu. Weltweit setzt sich der Urbanisierungsprozess gegenw\u00e4rtig mit gro\u00dfer Dynamik fort. Die Bev\u00f6lkerung in st\u00e4dtischen R\u00e4umen w\u00e4chst derzeit w\u00f6chentlich um mehr als 1 Mio. Pro Sekunde ziehen zwei Menschen vom Land in die Stadt. Innerhalb einer Woche entspricht das der Bev\u00f6lkerung von M\u00fcnchen. Eines der gr\u00f6\u00dften Probleme der schnell wachsenden St\u00e4dte ist die Versorgung mit Energie und der effiziente Umgang mit Energie.<\/p>\n<p>Das Wachstum der Landbev\u00f6lkerung wird hingegen im globalen Durchschnitt voraussichtlich bereits vor dem Jahr 2020 stagnieren; das dann verbleibende Nettobev\u00f6lkerungswachstum wird \u00fcberwiegend in St\u00e4dten stattfinden. Das f\u00fchrt zu \u00f6kologischen Problemen in den St\u00e4dten, die durch den Klimawandel versch\u00e4rft werden, und die ihrerseits Einfluss auf den Klimawandel haben. Die Sicherung gesunder Lebensbedingungen und einer hohen Lebensqualit\u00e4t ist eine entscheidende gesellschaftliche Aufgabe, die in ihrer Wechselwirkung zwischen Urbanisierung und Klimawandel auf dieser Leibnizkonferenz interdisziplin\u00e4r diskutiert wird. Berlin ist eine Modellstadt f\u00fcr den \u00f6kologischen Stadtumbau. Deshalb findet die 16. Leibnizkonferenz nicht am traditionellen Standort Lichtenwalde sondern in Berlin statt.<\/p>\n<p>Entscheidend f\u00fcr das Verst\u00e4ndnis der aktuellen und k\u00fcnftigen Probleme ist der interdisziplin\u00e4re Ansatz, der die Anpassung der Stadtentwicklung, des St\u00e4dtebaus und der st\u00e4dtischen Lebensprozesse an die Erfordernisse \u00f6kologischer Vertr\u00e4glichkeit untersucht und konkrete Handlungsans\u00e4tze f\u00fcr den \u00f6kologischen Stadtumbau in Zeiten des Klimawandels entwickelt. Ziel ist die umweltorientierte Weiterentwicklung des modernen St\u00e4dtebaus durch die Beachtung von ressourcensparenden, umweltschonenden und sich selbst regelnden Kreisl\u00e4ufen. Dazu werden im Rahmen dieser Leibnizkonferenz sowohl der aktuelle wissenschaftlichen Stand zur Kulturlandschaft unter den Bedingungen des Wandels, als auch Best-Practice-Beispiele f\u00fcr den \u00f6kologischen Stadtumbau diskutiert.<\/p>\n<p>Stadt\u00f6kologie bedeutet in diesem Zusammenhang die Erforschung urbaner Lebensr\u00e4ume mit den Ans\u00e4tzen und Methoden der \u00f6kologischen Forschung, die Untersuchung von Lebensr\u00e4umen und Biotoptypen, die spezifisch in St\u00e4dten vorkommen bzgl. Vegetation und Fauna. Anwendungen bestehen in Bezug auf Gr\u00fcnplanung und -gestaltung in St\u00e4dten, auf Naturerfahrung und Naturerlebnis sowie auf Naturschutz st\u00e4dtischer Lebensr\u00e4ume. Den Problemen, denen sich Megast\u00e4dte stellen m\u00fcssen, sehen sich auch mittelgro\u00dfe deutsche St\u00e4dte gegen\u00fcber. So ist das Transportsystem eines der dringendsten Aufgaben und zwar innerhalb der St\u00e4dte und zwischen diesen.<\/p>\n<p>Die besondere Herausforderung f\u00fcr den Klimaschutz besteht darin, dass die Verkn\u00fcpfung von rasanter Verst\u00e4dterung und zunehmendem Wohlstand ohne Umlenkung in klimavertr\u00e4gliche Bahnen eine erhebliche Verst\u00e4rkungswirkung auf den Klimawandel entfalten kann. Nachhaltige Stadtentwicklung in den am wenigsten entwickelten L\u00e4ndern muss daher wesentlich an der Verbesserung der Lebensbedingungen der Stadtbewohner ansetzen, sollte dabei aber von Anfang an mit Blick auf den Klimawandel Anpassungs- und Vermeidungsziele ber\u00fccksichtigen. St\u00e4dte sind nicht nur Treiber des Klimawandels, sie sind auch davon betroffen. Siedlungen sind besonders in K\u00fcstenzonen konzentriert und daher zunehmend von den Folgen des gestiegenen Meeresspiegels betroffen. Alle St\u00e4dte m\u00fcssen nachhaltige Systeme schaffen, nicht allein aus Kostengr\u00fcnden.<\/p>\n<p>Die Konferenz will einen aktiven Beitrag zur Verbesserung der weltweiten Umwelt- und Lebenssituation in den St\u00e4dten leisten.<\/p>\n<h2>Programmschwerpunkte:<\/h2>\n<h3>1. Stadt im Wandel<\/h3>\n<ul>\n<li>Bausteine zur Human\u00f6kologie<\/li>\n<li>Energiewandel und Wassernutzung<\/li>\n<li>Demografie<\/li>\n<li>sozialpolitische \u2013 sozialkulturelle Probleme<\/li>\n<li>Transportprobleme<\/li>\n<li>wirtschaftlich- technische Probleme<\/li>\n<\/ul>\n<h3>2. St\u00e4dtisches Leben<\/h3>\n<ul>\n<li>Leben in einer gesunden Stadt<\/li>\n<li>Stadtplanung und sozialer Wandel<\/li>\n<li>Stadterneuerung und innovativer Wohnungsbau<\/li>\n<li>\u00d6kologische Risikoanalyse<\/li>\n<\/ul>\n<h3>3. Die Natur der Stadt im Wandel des Klimas<\/h3>\n<ul>\n<li>Biodiversit\u00e4t in Kommunen<\/li>\n<li>Qualit\u00e4t der Stadtlandschaften<\/li>\n<li>Perspektiven der Stadtlandschaften<\/li>\n<li>Vielf\u00e4ltige Natur und ungleiche Entwicklung<\/li>\n<\/ul>\n<h3>4. \u00d6kologische Orientierung f\u00fcr Stadtplanung und Beispiell\u00f6sungen<\/h3>\n<ul>\n<li>Stadterneuerung und Bau von St\u00e4dten<\/li>\n<li>\u00d6kologischer Stadtumbau in Berlin<\/li>\n<li>SUP in China<\/li>\n<li>\u201eThe Crystal\u201c London<\/li>\n<\/ul>\n<h2>Programmbeirat:<\/h2>\n<ul>\n<li>Prof. Dr. Frieder Sieber, Leibniz-Institut f\u00fcr interdisziplin\u00e4re Studien e.V. (LIFIS), Chemnitz<\/li>\n<li>Prof. Dr. Karl-Heinz Bernhardt, Leibniz-Soziet\u00e4t der Wissenschaften zu Berlin<\/li>\n<li>Dr. Bouteiller, WISTA GmbH, Berlin<\/li>\n<li>Prof. Dr. Bernd Junghans, LIFIS e.V., Dresden<\/li>\n<li>Dr. Harry Lehmann, Umweltbundesamt Dessau<\/li>\n<li>Prof. Dr. Hans Petzold, FhG Dresden<\/li>\n<li>Prof. Dr. Dieter Rink, UFZ Leipzig<\/li>\n<li>Prof. Dr. Hannes Rose, FhG-IAO Stuttgart<\/li>\n<li>Hardy R. Schmitz, WISTA GmbH, Berlin<\/li>\n<li>Erhard Wagner, Architekt sia Geoplan e.V., St. Gallen<\/li>\n<li>Prof. Dr. Gert Wangermann, LIFIS e.V., Berlin<\/li>\n<\/ul>\n<h2>Weitere Informationen und Downloads<\/h2>\n<ul>\n<li><a href=\"http:\/\/www.leibniz-institut.de\/usr_files\/70_stadtoekologie2013.pdf\" target=\"_blank\"><strong>Ank\u00fcndigung<\/strong><\/a> (99KB, PDF-Format)<\/li>\n<li><a href=\"http:\/\/www.leibniz-institut.de\/usr_files\/80_stadtoekologie2013_programm.pdf\" target=\"_blank\"><strong>Programm<\/strong><\/a> (103KB, PDF-Format)<\/li>\n<\/ul>\n<h3>Downloads einzelner Beitr\u00e4ge<\/h3>\n<ul>\n<li>Ulrich Pfeiffer <em>(Empirika AG, Berlin\/Bonn\/Leipzig)<\/em>: Weniger r\u00e4umliche und soziale Ungleichheiten \u2013 die Gebiete der sozialen Stadt als Integrationsdrehscheibe. (<a href=\"\/Konferenzen\/so2013\/pfeiffer_weniger_raeumliche_und_soziale_ungleichheiten.pdf\" target=\"_blank\">pdf<\/a> &#8211; 450KB)<\/li>\n<li>Stephan Lachmann<em> (Tucher &amp; Smith GmbH, M\u00fcnchen)<\/em>: Der EU-China Sustainable Urbanisation Park (SUP). (<a href=\"\/Konferenzen\/so2013\/lachmann_der_eu-china_sustainable_urbanisation_park.pdf\" target=\"_blank\">pdf &#8211; <\/a>2.4MB)<\/li>\n<li>Gotthard Meinel <em>(Leibniz-Institut f\u00fcr \u00f6kologische Raumentwicklung e.V., Dresden)<\/em>: Fl\u00e4chennutzungsmonitoring und st\u00e4dtebauliche Dichte. (<a href=\"\/Konferenzen\/so2013\/meinel_flaechennutzungsmonitoring.pdf\" target=\"_blank\">pdf &#8211; <\/a>2.1MB)<\/li>\n<\/ul>\n","protected":false},"excerpt":{"rendered":"<p>Stadt\u00f6kologie 2013 \u2013 Urbanisierung und Klimawandel 17. &#8211; 18. Oktober 2013 Berlin Forum Adlershof, Rudower Chaussee 24, 12489 Berlin Veranstalter: LEIBNIZ-INSTITUT f\u00fcr interdisziplin\u00e4re Studien e.V. (LIFIS) Berlin-Adlershof Programminhalte: In Europa <a class=\"more-link\" href=\"https:\/\/leibniz-institut.de\/en\/konferenzen\/konferenz-archiv\/16-leibniz-konferenz-stadtoekologie-2013\/\">Weiterlesen \u2192<\/a><\/p>\n","protected":false},"author":2,"featured_media":0,"parent":315,"menu_order":16,"comment_status":"closed","ping_status":"closed","template":"","meta":{"footnotes":""},"class_list":["post-274","page","type-page","status-publish","hentry"],"translation":{"provider":"WPGlobus","version":"3.0.2","language":"en","enabled_languages":["de","en","ru"],"languages":{"de":{"title":true,"content":true,"excerpt":false},"en":{"title":false,"content":false,"excerpt":false},"ru":{"title":false,"content":false,"excerpt":false}}},"_links":{"self":[{"href":"https:\/\/leibniz-institut.de\/en\/wp-json\/wp\/v2\/pages\/274","targetHints":{"allow":["GET"]}}],"collection":[{"href":"https:\/\/leibniz-institut.de\/en\/wp-json\/wp\/v2\/pages"}],"about":[{"href":"https:\/\/leibniz-institut.de\/en\/wp-json\/wp\/v2\/types\/page"}],"author":[{"embeddable":true,"href":"https:\/\/leibniz-institut.de\/en\/wp-json\/wp\/v2\/users\/2"}],"replies":[{"embeddable":true,"href":"https:\/\/leibniz-institut.de\/en\/wp-json\/wp\/v2\/comments?post=274"}],"version-history":[{"count":3,"href":"https:\/\/leibniz-institut.de\/en\/wp-json\/wp\/v2\/pages\/274\/revisions"}],"predecessor-version":[{"id":494,"href":"https:\/\/leibniz-institut.de\/en\/wp-json\/wp\/v2\/pages\/274\/revisions\/494"}],"up":[{"embeddable":true,"href":"https:\/\/leibniz-institut.de\/en\/wp-json\/wp\/v2\/pages\/315"}],"wp:attachment":[{"href":"https:\/\/leibniz-institut.de\/en\/wp-json\/wp\/v2\/media?parent=274"}],"curies":[{"name":"wp","href":"https:\/\/api.w.org\/{rel}","templated":true}]}}