{"id":277,"date":"2015-08-11T14:56:57","date_gmt":"2015-08-11T14:56:57","guid":{"rendered":"http:\/\/wordpress.leibniz-institut.de\/?page_id=277"},"modified":"2022-03-06T08:02:06","modified_gmt":"2022-03-06T08:02:06","slug":"17-leibniz-konferenz-life-science-day-2013","status":"publish","type":"page","link":"https:\/\/leibniz-institut.de\/en\/konferenzen\/konferenz-archiv\/17-leibniz-konferenz-life-science-day-2013\/","title":{"rendered":"17. Leibniz-Konferenz &#8211; Life Science Day 2013"},"content":{"rendered":"<h1>Life Science Day: 2013 \u2013 Jahr der DNA<\/h1>\n<p>24. Oktober 2013<br \/>\nHenry-Ford-Bau der Freien Universit\u00e4t, Garystrasse 35, 14195 Berlin-Dahlem<\/p>\n<h2>Veranstalter:<\/h2>\n<p>Bezirksamt Steglitz-Zehlendorf<br \/>\nLEIBNIZ-INSTITUT f\u00fcr interdisziplin\u00e4re Studien e.V. (LIFIS)<br \/>\nRegionalmanagement Berlin-S\u00fcdwest<br \/>\nDNA24.net \u2013das internationale Webportal f\u00fcr DNA-Technologie<\/p>\n<h2>Programminhalte:<\/h2>\n<p>Mit der 17. Leibnizkonferenz, zugleich Life Science Day 2013 w\u00fcrdigt das Leibniz-Institut f\u00fcr interdisziplin\u00e4re Studien den 60. Jahrestag der Entdeckung der DNA, dem zentralen Molek\u00fcl der Genomforschung. Diese Entdeckung in der Molekularbiologie war grundlegend f\u00fcr die heutige Biomedizin und ist von unendlich gro\u00dfer Bedeutung f\u00fcr die menschliche Gesellschaft. Moderne Medizin ist heute ohne Genomforschung nicht mehr denkbar. Die ausgew\u00e4hlten Referenten f\u00fcr diese eint\u00e4gige Tagung repr\u00e4sentieren den aktuellen Stand der unterschiedlichen Gebiete der heutigen Genomforschung. Die Vortr\u00e4ge ergeben einen \u00dcberblick \u00fcber die verschiedenen Formen und die Bedeutung von DNA und RNA, moderne Trends in der Auswertung von Gendaten, die Nutzung der Ergebnisse f\u00fcr Biologie, Medizin, Gesellschafts- und Ingenieurwissenschaften. Themen sind z. B. Neanderthaler-Genom, mitochondriale DNA, Genexpression und nichtkodierende RNA, das Humane Genomprojekt, Evolution\u00e4re Genetik, DNA-Nanomaschinen, Amplifikationstechniken, Next-Generation-Sequenzierung, Genetischer Fingerabdruck, Personal Genomics, DNA-Medikamente, Stammzellen und Konservierung von Tiergenomen.<\/p>\n<p>Am Vorabend der 17. Leibnizkonferenz \u2013 \u201eLife Science Day 2013\u201c besteht f\u00fcr alle Interessierten die M\u00f6glichkeit einer F\u00fchrung durch das Museum f\u00fcr Naturkunde Berlin mit Besuch der Sonderausstellung \u201e60 Jahre DNA\u201c und der Besichtigung des weltber\u00fchmten Saurierskeletts, als Zeugnis der Sch\u00f6pfungskraft pr\u00e4historischer DNA.<\/p>\n<h2>Programmschwerpunkte:<\/h2>\n<h3>Die Vielfalt der DNA<\/h3>\n<ul>\n<li>DNA-Nanotechnologie<\/li>\n<li>Mitochondriale DNA<\/li>\n<li>RNA<\/li>\n<\/ul>\n<h3>Die Vielfalt der RNA<\/h3>\n<ul>\n<li>Genexpression<\/li>\n<li>microRNA und andere nichtkodierende RNA-Molek\u00fcle<\/li>\n<li>Silencing-RNA<\/li>\n<\/ul>\n<h3>Humanes Genom<\/h3>\n<ul>\n<li>Sequenzierung von Chromosomen<\/li>\n<li>Evolution der Genome<\/li>\n<\/ul>\n<h3>DNA-Analytik<\/h3>\n<ul>\n<li>Neue DNA-Nachweistechniken<\/li>\n<li>DNA-Diagnostik im Umbruch<\/li>\n<\/ul>\n<h3>Medizinische DNA-Technologie<\/h3>\n<ul>\n<li>Innovative Therapeutika<\/li>\n<li>Biobanking<\/li>\n<li>Stammzellen f\u00fcr DNA<\/li>\n<\/ul>\n<h2>Programmbeirat:<\/h2>\n<ul>\n<li>D. La\u00dfner (Berlin)<\/li>\n<li>F. Bier (Potsdam)<\/li>\n<li>V. Erdmann (Berlin)<\/li>\n<li>B. Junghans (Dresden)<\/li>\n<li>P. Seibel (Leipzig)<\/li>\n<\/ul>\n<h2>Partner und Supporter:<\/h2>\n<p><img decoding=\"async\" src=\"\/images\/23_lsd_footer.jpg\" alt=\"\" width=\"515\" \/><\/p>\n<h2>Weitere Informationen und Downloads<\/h2>\n<ul>\n<li><a href=\"http:\/\/www.leibniz-institut.de\/usr_files\/75_lsd2013.pdf\" target=\"_blank\" rel=\"noopener\"><strong>Ank\u00fcndigung<\/strong><\/a> (95KB, PDF-Format)<\/li>\n<li><a href=\"http:\/\/www.leibniz-institut.de\/usr_files\/79_lsd2013_programm.pdf\" target=\"_blank\" rel=\"noopener\"><strong>Programm<\/strong><\/a> (135KB, PDF-Format)<\/li>\n<li><a href=\"http:\/\/www.leibniz-institut.de\/usr_files\/81_lsd2013_abstractbook.pdf\" target=\"_blank\" rel=\"noopener\"><strong>Abstracts<\/strong><\/a> (109KB, PDF-Format)<\/li>\n<li><a href=\"http:\/\/leibniz-institut.de\/lk17-detail\/\"><strong>Programm mit Downloadoption der Beitr\u00e4ge<\/strong><\/a><\/li>\n<\/ul>\n","protected":false},"excerpt":{"rendered":"<p>Life Science Day: 2013 \u2013 Jahr der DNA 24. Oktober 2013 Henry-Ford-Bau der Freien Universit\u00e4t, Garystrasse 35, 14195 Berlin-Dahlem Veranstalter: Bezirksamt Steglitz-Zehlendorf LEIBNIZ-INSTITUT f\u00fcr interdisziplin\u00e4re Studien e.V. (LIFIS) Regionalmanagement Berlin-S\u00fcdwest <a class=\"more-link\" href=\"https:\/\/leibniz-institut.de\/en\/konferenzen\/konferenz-archiv\/17-leibniz-konferenz-life-science-day-2013\/\">Weiterlesen \u2192<\/a><\/p>\n","protected":false},"author":2,"featured_media":0,"parent":315,"menu_order":17,"comment_status":"closed","ping_status":"closed","template":"","meta":{"footnotes":""},"class_list":["post-277","page","type-page","status-publish","hentry"],"translation":{"provider":"WPGlobus","version":"3.0.2","language":"en","enabled_languages":["de","en","ru"],"languages":{"de":{"title":true,"content":true,"excerpt":false},"en":{"title":false,"content":false,"excerpt":false},"ru":{"title":false,"content":false,"excerpt":false}}},"_links":{"self":[{"href":"https:\/\/leibniz-institut.de\/en\/wp-json\/wp\/v2\/pages\/277","targetHints":{"allow":["GET"]}}],"collection":[{"href":"https:\/\/leibniz-institut.de\/en\/wp-json\/wp\/v2\/pages"}],"about":[{"href":"https:\/\/leibniz-institut.de\/en\/wp-json\/wp\/v2\/types\/page"}],"author":[{"embeddable":true,"href":"https:\/\/leibniz-institut.de\/en\/wp-json\/wp\/v2\/users\/2"}],"replies":[{"embeddable":true,"href":"https:\/\/leibniz-institut.de\/en\/wp-json\/wp\/v2\/comments?post=277"}],"version-history":[{"count":6,"href":"https:\/\/leibniz-institut.de\/en\/wp-json\/wp\/v2\/pages\/277\/revisions"}],"predecessor-version":[{"id":1575,"href":"https:\/\/leibniz-institut.de\/en\/wp-json\/wp\/v2\/pages\/277\/revisions\/1575"}],"up":[{"embeddable":true,"href":"https:\/\/leibniz-institut.de\/en\/wp-json\/wp\/v2\/pages\/315"}],"wp:attachment":[{"href":"https:\/\/leibniz-institut.de\/en\/wp-json\/wp\/v2\/media?parent=277"}],"curies":[{"name":"wp","href":"https:\/\/api.w.org\/{rel}","templated":true}]}}