{"id":283,"date":"2015-08-11T15:01:33","date_gmt":"2015-08-11T15:01:33","guid":{"rendered":"http:\/\/wordpress.leibniz-institut.de\/?page_id=283"},"modified":"2017-09-16T09:41:55","modified_gmt":"2017-09-16T09:41:55","slug":"18-leibniz-konferenz-sensorsysteme-2014","status":"publish","type":"page","link":"https:\/\/leibniz-institut.de\/en\/konferenzen\/konferenz-archiv\/18-leibniz-konferenz-sensorsysteme-2014\/","title":{"rendered":"18. Leibniz-Konferenz &#8211; Sensorsysteme 2014"},"content":{"rendered":"<h1>Sensorsysteme 2014<\/h1>\n<p>16. &#8211; 17. Oktober 2014<br \/>\nBest Western Hotel am Schlosspark, 09577 Lichtenwalde (Sachsen)<\/p>\n<h2>Veranstalter:<\/h2>\n<p>LEIBNIZ-INSTITUT f\u00fcr interdisziplin\u00e4re Studien e.V. (LIFIS)<br \/>\nBerlin-Adlershof<\/p>\n<h2>Programminhalte:<\/h2>\n<p>Die Konferenz \u00fcber Sensorsysteme findet im Zweijahresrhythmus bereits zum f\u00fcnften Mal statt. Die vorangegangenen Konferenzen haben den interdisziplin\u00e4ren Dialog \u00fcber dieses Zukunftsthema bef\u00f6rdert und lebhaftes Interesse bei den Teilnehmern und dar\u00fcber hinaus gefunden. Ermutigt durch die positive Resonanz des Fachpublikums m\u00f6chte das LIFIS diese Tradition mit der 18. Leibniz\u2013Konferenz im Oktober 2014 fortsetzen.<\/p>\n<p>Die vorangegangenen Leibniz-Konferenzen \u00fcber Sensorsysteme haben die st\u00fcrmische Entwicklung der Sensorsysteme in Richtung Miniaturisierung, Leistungssteigerung, neuer Wirkprinzipien, Interkonnektivit\u00e4t und Anwendungsvielfalt an vielen Beispielen eindrucksvoll dokumentiert. In immer mehr Bereichen menschlicher T\u00e4tigkeit\u00a0 wie in der Geb\u00e4ude-, Verkehrs- und Industrieautomatisierung, in der Medizintechnik, in der Logistik, im Sicherheitsbereich, in der Milit\u00e4rtechnik, in der Umwelttechnologie\u00a0 und -\u00fcberwachung sowie der Pr\u00e4zisionslandwirtschaft haben diese technischen \u201eSinnesorgane\u201c zu enormen Produktivit\u00e4tssteigerungen, Qualit\u00e4tsverbesserungen, Kostensenkungen und teilweise v\u00f6llig neuen L\u00f6sungen f\u00fcr komplexe Entwicklungsprobleme gef\u00fchrt.<\/p>\n<p>Dazu sind insbesondere in <a href=\"http:\/\/leibniz-institut.de\/lifis-online\/\">LIFIS-Online<\/a> in den letzten Jahren einige hochinteressante Beitr\u00e4ge von Teilnehmern der Leibniz-Konferenzen und dar\u00fcber hinaus ver\u00f6ffentlicht worden.<\/p>\n<p>Der Markt f\u00fcr Sensorsysteme bleibt ein Wachstumstreiber f\u00fcr die Industrie mit weit \u00fcberdurchschnittlichen Wachstumsraten. \u00d6konomische, juristische und ethische\u00a0 Probleme, die sich mit der wachsenden Anwendung immer leistungsf\u00e4higerer Sensorsysteme in einem Massenmarkt ergeben, sind vorausschauend zu diskutieren und daf\u00fcr geeignete L\u00f6sungen vorzuschlagen.<\/p>\n<p>Die Breite und Vielfalt der Anwendungsm\u00f6glichkeiten von Sensorsystemen ist sehr gro\u00df und wird st\u00e4ndig gr\u00f6\u00dfer. Das \u00f6ffnet ein weites Feld f\u00fcr Innovationen, insbesondere an den Schnittstellen unterschiedlicher Fachdisziplinen. Dies zu initiieren und zu f\u00f6rdern ist in Fortsetzung der vorangegangen Leibniz-Konferenzen das haupts\u00e4chliche Ziel auch der diesj\u00e4hrigen Konferenz \u201eSensorsysteme 2014\u201c.<\/p>\n<h2>Programmschwerpunkte:<\/h2>\n<h3>1. Sensorsysteme f\u00fcr Prozess- und Zustands\u00fcberwachung<\/h3>\n<ul>\n<li>Industrieautomatisierung<\/li>\n<li>Umweltmonitoring (Umwelt\u00fcberwachung von Fl\u00fcssen oder unbewohnten Gegenden, Pr\u00e4zisionslandwirtschaft)<\/li>\n<li>Zustandsmonitoring f\u00fcr kritische Komponenten, Ger\u00e4te, Systeme, Anlagen in Industrie, Verkehr und Service<\/li>\n<li>Bio- und Chemosensoren f\u00fcr medizinische und umweltanalytische Anwendungen Sensorsysteme f\u00fcr intelligente Logistik (\u00dcberwachung und Optimierung von Produktions- und Logistikprozessen)<\/li>\n<li>Positionsbestimmung im Internet der Dinge<\/li>\n<\/ul>\n<h3>2. Energieversorgung und -einsparung<\/h3>\n<ul>\n<li>Autarke Energieversorgung durch mechanische, thermische, Strahlungs- und andere Wandler<\/li>\n<li>Energiegewinnung und optimierte Verteilung im Netz<\/li>\n<li>Energiespeicherung in Batterien und Superkondensatoren zur Pufferung<\/li>\n<li>Energieverbrauchsminimierung durch Hardware und SoftwareEnergieeinsparung mit Hilfe von Sensorsystemen<\/li>\n<\/ul>\n<h3>3. Sensorsysteme<\/h3>\n<ul>\n<li>Drahtgebundene und drahtlose Sensornetzwerke<\/li>\n<li>Sensorfusion<\/li>\n<li>Betriebssysteme f\u00fcr Sensornetzwerke<\/li>\n<li>Netzarchitekturen (Struktur, Datenweiterleitung, daten- und ereigniszentrierte Kommunikation, Speicherung im Netz, Fernprogrammierung)<\/li>\n<li>Sicherheit im Netz (physische Sicherheit, Datensicherheit)<\/li>\n<li>Selbstorganisation, Robustheit, Fehlertoleranz<\/li>\n<li>Leistungsarme Schaltungstechniken<\/li>\n<li>Konditionierung und Kalibrierung von Sensorsignalen<\/li>\n<li>Zuverl\u00e4ssigkeit, Sicherheit und Lebensdauer von Sensorsystemen<\/li>\n<li>Echtzeitsysteme<\/li>\n<li>Datenspeicherung<\/li>\n<li>Protokollumsetzung und Verschl\u00fcsselung (incl. Standards)<\/li>\n<\/ul>\n<h3>4. Sensorsysteme im Verkehrswesen<\/h3>\n<ul>\n<li>Drahtlose und drahtgebundene Sensorsysteme in Verkehrssystemen<\/li>\n<li>Sensorsysteme im Kraftfahrzeug und zur Kommunikation zwischen Kraftfahrzeugen sowie Kraftfahrzeugen und Infrastruktur<\/li>\n<li>Sensorsysteme in Flugzeugen und Bahnsystemen<\/li>\n<li>Sicherheitstechnik, Antiterrorsysteme (\u00dcberwachung von Personen und Objekten &#8211; station\u00e4r und mobil)<\/li>\n<\/ul>\n<h3>5. Sensorsysteme zur Haus- und Geb\u00e4udeautomatisierung<\/h3>\n<ul>\n<li>Haus- und Geb\u00e4udeautomatisierung<\/li>\n<li>Automatische Verbrauchserfassung von Energie und Medien<\/li>\n<li>Hausger\u00e4teautomatisierung<\/li>\n<\/ul>\n<h3>6. Sensorsysteme zur Zustandsdiagnose und Zustands\u00fcberwachung f\u00fcr Personen\u00a0und deren individuellem Umfeld<\/h3>\n<ul>\n<li>Telemedizin (insbesondere Telemonitoring)<\/li>\n<li>Arbeit in Haus und Garten<\/li>\n<li>Freizeit, Wellness<\/li>\n<li>Freizeit- und Leistungssport<\/li>\n<li>Individuelle Sicherheit (Safety) in allen Bereichen<\/li>\n<li>Kinder und \u00e4ltere Menschen (AAL -\u201eAmbient Assited Living\u201c)<\/li>\n<li>Netzwerksysteme f\u00fcr Safety und Security<\/li>\n<li>Internet der Dinge<\/li>\n<\/ul>\n<h3>7. Gesellschaftliche Aspekte des massenhaften Einsatzes von\u00a0Sensorsystemen<\/h3>\n<ul>\n<li>Schnittstelle Mensch-Sensorsystem<\/li>\n<li>Akzeptanz allgegenw\u00e4rtigen Monitorings (Datenschutz versus Sicherheit und Bequemlichkeit )<\/li>\n<li>Juristische Aspekte der ubiquit\u00e4ren Elektronik (z.B. AAL oder Fahrerassistenzsysteme in der Autoindustrie)<\/li>\n<li>Umweltaspekte und Energiebilanz<\/li>\n<li>Chancen f\u00fcr kleine und mittelst\u00e4ndische Unternehmen (KMU) auf dem Gebiet der Sensorsysteme<\/li>\n<li>Ver\u00e4nderung von Arbeitsinhalten (etwa Kraftfahrer, B\u00fcro- oder Industriearbeiter) und Qualifizierungsanforderungen<\/li>\n<li>Langfristige gesellschaftliche Konsequenzen der drastischen Arbeitsproduktivit\u00e4tssteigerung in nahezu allen Bereichen gesellschaftlicher Aktivit\u00e4ten im Ergebnis des durchg\u00e4ngigen und massenhaften Einsatzes von Robotern mit modernen Sensorsystemen<\/li>\n<li>Milit\u00e4r- und sicherheitspolitische Konsequenzen<\/li>\n<\/ul>\n<h2>Programmbeirat:<\/h2>\n<ul>\n<li><strong>Bernd Junghans, <\/strong>Leibniz-Institut f\u00fcr interdisziplin\u00e4re Studien (LIFIS), Dresden<\/li>\n<li>Gerald Gerlach, TU Dresden<\/li>\n<li>Volker Kempe, Leibniz-Soziet\u00e4t, Graz, \u00d6sterreich<\/li>\n<li>Peter Krause, First Sensor AG, Berlin<\/li>\n<li>Werner Kriesel, Leibniz-Soziet\u00e4t, Leipzig<\/li>\n<li>Norbert Meyendorf, FhG-Institut IKTS-MD, Berlin<\/li>\n<li>Thomas Otto, FhG-Institut f\u00fcr Elektronische Nano-Systeme, Chemnitz<\/li>\n<li>Hans Richter, GFWW, Frankfurt (Oder)<\/li>\n<li>Horst Szymanzik, Bosch Sensortec GmbH, Reutlingen<\/li>\n<li>Hannes T\u00f6pfer, TU Ilmenau<\/li>\n<li>Gert Wangermann, Leibniz-Institut f\u00fcr interdisziplin\u00e4re Studien (LIFIS), Berlin<\/li>\n<\/ul>\n<h2>Weitere Informationen und Downloads<\/h2>\n<ul>\n<li><a href=\"http:\/\/www.leibniz-institut.de\/usr_files\/82_sensorsysteme_2014.pdf\" target=\"_blank\"><strong>Ank\u00fcndigung<\/strong><\/a> (147KB, PDF-Format)<\/li>\n<li><a href=\"http:\/\/www.leibniz-institut.de\/usr_files\/83_programm_18_lk.pdf\" target=\"_blank\"><strong>Programm<\/strong><\/a> (126KB, PDF-Format)<\/li>\n<li><a href=\"http:\/\/www.leibniz-institut.de\/usr_files\/86_lk18-abstractbook.pdf\" target=\"_blank\"><strong>Abstractbook<\/strong><\/a> (178KB, PDF-Format)<\/li>\n<li><a href=\"http:\/\/leibniz-institut.de\/lk18-detail\/\"><strong>Abstracts zur Konferenz<\/strong><\/a> (mit Downloadoption der Beitr\u00e4ge)<\/li>\n<\/ul>\n","protected":false},"excerpt":{"rendered":"<p>Sensorsysteme 2014 16. &#8211; 17. Oktober 2014 Best Western Hotel am Schlosspark, 09577 Lichtenwalde (Sachsen) Veranstalter: LEIBNIZ-INSTITUT f\u00fcr interdisziplin\u00e4re Studien e.V. (LIFIS) Berlin-Adlershof Programminhalte: Die Konferenz \u00fcber Sensorsysteme findet im <a class=\"more-link\" href=\"https:\/\/leibniz-institut.de\/en\/konferenzen\/konferenz-archiv\/18-leibniz-konferenz-sensorsysteme-2014\/\">Weiterlesen \u2192<\/a><\/p>\n","protected":false},"author":2,"featured_media":0,"parent":315,"menu_order":18,"comment_status":"closed","ping_status":"closed","template":"","meta":{"footnotes":""},"class_list":["post-283","page","type-page","status-publish","hentry"],"translation":{"provider":"WPGlobus","version":"3.0.2","language":"en","enabled_languages":["de","en","ru"],"languages":{"de":{"title":true,"content":true,"excerpt":false},"en":{"title":false,"content":false,"excerpt":false},"ru":{"title":false,"content":false,"excerpt":false}}},"_links":{"self":[{"href":"https:\/\/leibniz-institut.de\/en\/wp-json\/wp\/v2\/pages\/283","targetHints":{"allow":["GET"]}}],"collection":[{"href":"https:\/\/leibniz-institut.de\/en\/wp-json\/wp\/v2\/pages"}],"about":[{"href":"https:\/\/leibniz-institut.de\/en\/wp-json\/wp\/v2\/types\/page"}],"author":[{"embeddable":true,"href":"https:\/\/leibniz-institut.de\/en\/wp-json\/wp\/v2\/users\/2"}],"replies":[{"embeddable":true,"href":"https:\/\/leibniz-institut.de\/en\/wp-json\/wp\/v2\/comments?post=283"}],"version-history":[{"count":7,"href":"https:\/\/leibniz-institut.de\/en\/wp-json\/wp\/v2\/pages\/283\/revisions"}],"predecessor-version":[{"id":592,"href":"https:\/\/leibniz-institut.de\/en\/wp-json\/wp\/v2\/pages\/283\/revisions\/592"}],"up":[{"embeddable":true,"href":"https:\/\/leibniz-institut.de\/en\/wp-json\/wp\/v2\/pages\/315"}],"wp:attachment":[{"href":"https:\/\/leibniz-institut.de\/en\/wp-json\/wp\/v2\/media?parent=283"}],"curies":[{"name":"wp","href":"https:\/\/api.w.org\/{rel}","templated":true}]}}