{"id":289,"date":"2015-08-11T15:07:34","date_gmt":"2015-08-11T15:07:34","guid":{"rendered":"http:\/\/wordpress.leibniz-institut.de\/?page_id=289"},"modified":"2022-01-16T19:11:29","modified_gmt":"2022-01-16T19:11:29","slug":"19-leibniz-konferenz-digitale-revolution-und-industrie-4-0","status":"publish","type":"page","link":"https:\/\/leibniz-institut.de\/en\/konferenzen\/konferenz-archiv\/19-leibniz-konferenz-digitale-revolution-und-industrie-4-0\/","title":{"rendered":"19. Leibniz-Konferenz 2015 &#8211; Digitale Revolution und Industrie 4.0"},"content":{"rendered":"<h2>25 Jahre Entwicklungsabschluss des Megaspeichers in Dresden<\/h2>\n<p>19. M\u00e4rz 2015<br \/>\nFraunhofer-Institut IPMS, Maria-Reiche-Str. 2, 01109 Dresden<\/p>\n<h3>Veranstalter:<\/h3>\n<p>LEIBNIZ-INSTITUT f\u00fcr interdisziplin\u00e4re Studien e.V. (LIFIS)<br \/>\nBerlin-Adlershof<\/p>\n<h3>Programminhalte:<\/h3>\n<p>Die digitale Revolution ist im Begriff unsere Gesellschaft in einer Weise zu ver\u00e4ndern, wie wir das bisher nur von der ersten industrielle Revolution seit \u00fcber 200 Jahren kennen.<\/p>\n<p>Heute sind die Ergebnisse dieser digitalen Revolution f\u00fcr jeden sp\u00fcrbar, greift sie doch bereits jetzt un\u00fcbersehbar in unseren Lebens- und Arbeitsstil ein. Vor 50 Jahren waren die ersten Ans\u00e4tze dieser neuen Technologie nur wenigen Vision\u00e4ren, beteiligten Wissenschaftlern und Technikern vertraut. Dennoch wurde mit der Schaffung einer mikroelektronischen Industriebasis damals bereits die Grundlage f\u00fcr die heutige dominierende Rolle der digitalen Revolution f\u00fcr die dramatische Steigerung der Arbeitsproduktivit\u00e4t in nahezu allen Sph\u00e4ren unserer Gesellschaft gelegt. Auch in der DDR wurden enorme Anstrengungen unternommen, um bei dieser entscheidenden Technologie f\u00fcr die Produktivit\u00e4tssteigerung Schritt mit dem internationalen Spitzenstand zu halten. Ein entscheidender Meilenstein auf diesem Weg war die Entwicklung eines 1M DRAM-Speichers als Prototyp f\u00fcr eine 1-Mikrometer-CMOS-Technologie, die dem damaligen Weltspitzenstand entsprach. Im M\u00e4rz 2015 j\u00e4hrt sich der Entwicklungsabschluss dieses Projektes zum 25-ten Male. Aus diesem Anlass soll die 19. Leibnizkonferenz die Voraussetzungen, Ergebnisse und Folgen dieser Entwicklung analysieren und in einen historischen Kontext stellen.<\/p>\n<p>Durch die an dieser Entwicklung unmittelbar beteiligten Zeitzeugen wird der Zusammenhang zwischen den damaligen wissenschaftlich-technischen Herausforderungen und den heutigen Perspektiven herausgearbeitet. Der Erfolg der Dresdner Mikroelektronik im heutigen europ\u00e4ischen Kontext beruht auch zu einem guten Teil auf dem mit der Entwicklung des 1M DRAM-Speichers geschaffenen Potentials an wissenschaftlich-technischen Kenntnissen, Forschungs- und Entwicklungsmethoden sowie personellen Ressourcen.<\/p>\n<h3>Programmbeirat:<\/h3>\n<ul>\n<li><strong>Bernd Junghans<\/strong>, Leibniz-Institut f\u00fcr interdisziplin\u00e4re Studien (LIFIS), Berlin<\/li>\n<li>Thomas Haase, FhG-IPMS, Dresden<\/li>\n<li>Jens Knobloch, FhG-IPMS, Dresden<\/li>\n<li>Dieter Landgraf-Dietz, Mitglied Silicon Saxony, Dresden<\/li>\n<li>J\u00f6rg Ludewig, vorm. MPD GmbH, Dresden<\/li>\n<li>Michael Raab, Globalfoundries, Dresden<\/li>\n<\/ul>\n<h3>Weitere Informationen und Downloads<\/h3>\n<ul>\n<li><a href=\"http:\/\/www.leibniz-institut.de\/usr_files\/84_digitale_revolution_2015.pdf\" target=\"_blank\" rel=\"noopener\"><strong>Ank\u00fcndigung<\/strong><\/a> (95KB, PDF-Format)<\/li>\n<li><a href=\"http:\/\/www.leibniz-institut.de\/usr_files\/85_programm_digitale_revolution_2015.pdf\" target=\"_blank\" rel=\"noopener\"><strong>Programm<\/strong><\/a> (105KB, PDF-Format)<\/li>\n<li><a href=\"http:\/\/leibniz-institut.de\/lk19-detail\/\"><strong>Konferenzbeitr\u00e4ge <\/strong><\/a>(mit Downloadoption der Folien)<\/li>\n<\/ul>\n","protected":false},"excerpt":{"rendered":"<p>25 Jahre Entwicklungsabschluss des Megaspeichers in Dresden 19. M\u00e4rz 2015 Fraunhofer-Institut IPMS, Maria-Reiche-Str. 2, 01109 Dresden Veranstalter: LEIBNIZ-INSTITUT f\u00fcr interdisziplin\u00e4re Studien e.V. (LIFIS) Berlin-Adlershof Programminhalte: Die digitale Revolution ist im <a class=\"more-link\" href=\"https:\/\/leibniz-institut.de\/en\/konferenzen\/konferenz-archiv\/19-leibniz-konferenz-digitale-revolution-und-industrie-4-0\/\">Weiterlesen \u2192<\/a><\/p>\n","protected":false},"author":2,"featured_media":0,"parent":315,"menu_order":19,"comment_status":"closed","ping_status":"closed","template":"","meta":{"footnotes":""},"class_list":["post-289","page","type-page","status-publish","hentry"],"translation":{"provider":"WPGlobus","version":"3.0.2","language":"en","enabled_languages":["de","en","ru"],"languages":{"de":{"title":true,"content":true,"excerpt":false},"en":{"title":false,"content":false,"excerpt":false},"ru":{"title":false,"content":false,"excerpt":false}}},"_links":{"self":[{"href":"https:\/\/leibniz-institut.de\/en\/wp-json\/wp\/v2\/pages\/289","targetHints":{"allow":["GET"]}}],"collection":[{"href":"https:\/\/leibniz-institut.de\/en\/wp-json\/wp\/v2\/pages"}],"about":[{"href":"https:\/\/leibniz-institut.de\/en\/wp-json\/wp\/v2\/types\/page"}],"author":[{"embeddable":true,"href":"https:\/\/leibniz-institut.de\/en\/wp-json\/wp\/v2\/users\/2"}],"replies":[{"embeddable":true,"href":"https:\/\/leibniz-institut.de\/en\/wp-json\/wp\/v2\/comments?post=289"}],"version-history":[{"count":9,"href":"https:\/\/leibniz-institut.de\/en\/wp-json\/wp\/v2\/pages\/289\/revisions"}],"predecessor-version":[{"id":1537,"href":"https:\/\/leibniz-institut.de\/en\/wp-json\/wp\/v2\/pages\/289\/revisions\/1537"}],"up":[{"embeddable":true,"href":"https:\/\/leibniz-institut.de\/en\/wp-json\/wp\/v2\/pages\/315"}],"wp:attachment":[{"href":"https:\/\/leibniz-institut.de\/en\/wp-json\/wp\/v2\/media?parent=289"}],"curies":[{"name":"wp","href":"https:\/\/api.w.org\/{rel}","templated":true}]}}