{"id":31,"date":"2015-02-08T21:50:12","date_gmt":"2015-02-08T21:50:12","guid":{"rendered":"http:\/\/eastpress.de\/lifis\/?page_id=31"},"modified":"2021-05-30T07:57:33","modified_gmt":"2021-05-30T07:57:33","slug":"konferenzen","status":"publish","type":"page","link":"https:\/\/leibniz-institut.de\/en\/konferenzen\/","title":{"rendered":"Die Leibniz-Konferenzen"},"content":{"rendered":"<p>sollen zwischen Wissenschaft und Wirtschaft Br\u00fccken schlagen \u2013 auf Gebieten, zu Themen, die f\u00fcr die Zukunft der Gesellschaft von wesentlicher Bedeutung sind oder werden k\u00f6nnen. Beispielsweise<\/p>\n<ul>\n<li>Wissenschaft im Kontext,<\/li>\n<li>Nano-, Mikrostrukturen \/ Neue Materialien,<\/li>\n<li>Sensor- und Aktorsysteme \/ Ubiquit\u00e4re Elektronik<\/li>\n<li>Innovative Energie- und Stoffwandlung \/ Klimawandel,<\/li>\n<li>Intelligente Logistik, Kompetenzmanagement \/ Kognitionstechnologien<\/li>\n<li>Interdisziplin\u00e4re Aus- und Weiterbildung.<\/li>\n<\/ul>\n<p>Die Komplexit\u00e4t dieser Themen verlangt zunehmend eine koordinierte Zusammenarbeit von Wissens-, Erfahrungs- und Entscheidungstr\u00e4gern unterschiedlicher Herkunft und Pr\u00e4gung \u2013 von Wissenschaftlern und Unternehmern, interdisziplin\u00e4r und fach\u00fcbergreifend.<\/p>\n<p>Ertragreiche Zusammenarbeit setzt jedoch gegenseitiges Verstehen der Partner voraus \u2013 durch verst\u00e4ndliche Darstellung des aktuellen Standes der Wissenschaft sowie des Bedarfs der Wirtschaft. Und umgekehrt.<\/p>\n<p>Das LIFIS sieht sich dabei \u2013 gemeinsam mit jeweiligen Kompetenzzentren \u2013 als Initiator, Organisator und Moderator, als &#8220;F\u00e4hrmann zwischen den Ufern&#8221; und die Leibniz-Konferenzen als taugliche Mittel zum Zweck.<\/p>\n<p>Die Konferenzen finden haupts\u00e4chlich im modernen Tagungshotel am Schlosspark Lichtenwalde statt \u2013 an der Autobahn A4 (Dresden-Chemnitz) gelegen und dem Barockschloss Lichtenwalde eng benachbart.<\/p>\n<p>Jeweils bis zu 100 Teilnehmern ist dort Gelegenheit gegeben, in Fachvortr\u00e4gen, Poster- bzw. Unternehmenspr\u00e4sentationen Standpunkte, Probleme und L\u00f6sungsvorschl\u00e4ge zu er\u00f6rtern, um schlie\u00dflich neue, grenz\u00fcberschreitende Partnerschaften anzuregen sowie bestehende zu vertiefen.<\/p>\n<p>Konferenzen finden in der Regel jeweils im Mai und Oktober eines Jahres statt.<\/p>\n<p>Unmittelbar nach Ende der Konferenzen werden alle jeweils relevanten Informationen &#8211; Programme, Vortr\u00e4ge, Abstracts, Teilnehmerliste &#8211; archiviert und sind als Download-Optionen verf\u00fcgbar. Damit sind Voraussetzungen gegeben, den Informationsaustausch zwischen und mit den Teilnehmern ohne Zeitverzug konventioneller Publikationswege zu erm\u00f6glichen.<\/p>\n<p>Zu ausgew\u00e4hlten Vortragsthemen sind ausf\u00fchrlichere Text-\/Bildbeitr\u00e4ge in der Internetzeitschrift des LIFIS unter LIFIS ONLINE (<a href=\"http:\/\/www.lifis-online.de\">www.lifis-online.de<\/a>) zu finden.<\/p>\n","protected":false},"excerpt":{"rendered":"<p>sollen zwischen Wissenschaft und Wirtschaft Br\u00fccken schlagen \u2013 auf Gebieten, zu Themen, die f\u00fcr die Zukunft der Gesellschaft von wesentlicher Bedeutung sind oder werden k\u00f6nnen. Beispielsweise Wissenschaft im Kontext, Nano-, <a class=\"more-link\" href=\"https:\/\/leibniz-institut.de\/en\/konferenzen\/\">Weiterlesen \u2192<\/a><\/p>\n","protected":false},"author":2,"featured_media":0,"parent":0,"menu_order":0,"comment_status":"closed","ping_status":"closed","template":"","meta":{"footnotes":""},"class_list":["post-31","page","type-page","status-publish","hentry"],"translation":{"provider":"WPGlobus","version":"3.0.2","language":"en","enabled_languages":["de","en","ru"],"languages":{"de":{"title":true,"content":true,"excerpt":false},"en":{"title":false,"content":false,"excerpt":false},"ru":{"title":false,"content":true,"excerpt":false}}},"_links":{"self":[{"href":"https:\/\/leibniz-institut.de\/en\/wp-json\/wp\/v2\/pages\/31","targetHints":{"allow":["GET"]}}],"collection":[{"href":"https:\/\/leibniz-institut.de\/en\/wp-json\/wp\/v2\/pages"}],"about":[{"href":"https:\/\/leibniz-institut.de\/en\/wp-json\/wp\/v2\/types\/page"}],"author":[{"embeddable":true,"href":"https:\/\/leibniz-institut.de\/en\/wp-json\/wp\/v2\/users\/2"}],"replies":[{"embeddable":true,"href":"https:\/\/leibniz-institut.de\/en\/wp-json\/wp\/v2\/comments?post=31"}],"version-history":[{"count":8,"href":"https:\/\/leibniz-institut.de\/en\/wp-json\/wp\/v2\/pages\/31\/revisions"}],"predecessor-version":[{"id":1431,"href":"https:\/\/leibniz-institut.de\/en\/wp-json\/wp\/v2\/pages\/31\/revisions\/1431"}],"wp:attachment":[{"href":"https:\/\/leibniz-institut.de\/en\/wp-json\/wp\/v2\/media?parent=31"}],"curies":[{"name":"wp","href":"https:\/\/api.w.org\/{rel}","templated":true}]}}