{"id":337,"date":"2015-09-07T18:59:15","date_gmt":"2015-09-07T18:59:15","guid":{"rendered":"http:\/\/wordpress.leibniz-institut.de\/?page_id=337"},"modified":"2022-01-16T19:12:05","modified_gmt":"2022-01-16T19:12:05","slug":"20-leibniz-konferenz-recycling","status":"publish","type":"page","link":"https:\/\/leibniz-institut.de\/en\/konferenzen\/konferenz-archiv\/20-leibniz-konferenz-recycling\/","title":{"rendered":"20. Leibniz-Konferenz 2016 &#8211; Recycling"},"content":{"rendered":"<h2>Recycling &#8211; Ressourcenmanagement als Beitrag zur gesicherten Rohstoffversorgung<\/h2>\n<p>19. &#8211; 20. Mai 2016<br \/>\n<a href=\"\/tagungshotel-lichtenwalde\/\">Best Western Hotel am Schlosspark<\/a><br \/>\nAugust Bebel Stra\u00dfe 1<br \/>\n09577 Lichtenwalde (Sachsen)<\/p>\n<h3>Veranstalter<\/h3>\n<p>LEIBNIZ-INSTITUT<br \/>\nf\u00fcr interdisziplin\u00e4re Studien e.V. (LIFIS)<br \/>\nBerlin-Adlershof<br \/>\nIn Zusammenarbeit mit<br \/>\nInstitut f\u00fcr angewandte Photonik e. V. Berlin<\/p>\n<h3>Programminhalte<\/h3>\n<p>Rohstoffe sind die Grundlage jeder industriellen Wertsch\u00f6pfung. Diese unverr\u00fcckbare Tatsache war in den letzten Jahrzehnten auch im Industrieland Deutschland fast in Vergessenheit geraten. Erst die tiefgreifenden, dauerhaften Ver\u00e4nderungen an den internationalen Rohstoffm\u00e4rkten seit Beginn des neuen Jahrtausends und ihre starken Auswirkungen auf die sichere und bezahlbare Rohstoffversorgung, gerade importabh\u00e4ngiger Industriestaaten, haben Rohstofffragen wieder st\u00e4rker in den Focus von Unternehmen und Politik ger\u00fcckt.<\/p>\n<p>Zur Bew\u00e4ltigung der komplexen Herausforderungen, die sich aus den technologischen, lagerst\u00e4ttenspezifischen und politischen Entwicklungen im Rohstoffbereich ergeben, sind staatliche und unternehmerische Strategien erforderlich. Ihre Umsetzung bedarf langfristig stabiler, berechenbarer, transparenter Rahmenbedingungen.<\/p>\n<p>Viele Staaten haben in den letzten Jahren derartige Strategien verabschiedet, u. a. die Europ\u00e4ische Union (2008, 2011) und die Bundesrepublik Deutschland (2010). Sie konzentrieren sich auf drei prinzipielle Themenbereiche:<\/p>\n<ul>\n<li>den freien, diskriminierungsfreien Zugang zu den internationalen Rohstoffm\u00e4rkten,<\/li>\n<li>die optimale Nutzung einheimischer prim\u00e4rer und sekund\u00e4rer Rohstoffpotentiale und<\/li>\n<li>die bestm\u00f6gliche Rohstoffeffizienz.<\/li>\n<\/ul>\n<p>L\u00f6sungen f\u00fcr diese vielschichtigen Aufgaben sind nur durch interdisziplin\u00e4re Arbeit und internationale Zusammenarbeit zu erreichen. Eine besondere Bedeutung kommt dabei einer starken, anwendungsorientierten Rohstoff- und Materialforschung zu.<\/p>\n<p>Die 20. Leibnizkonferenz behandelt schwerpunktm\u00e4\u00dfig das Thema Recycling, das in allen Rohstoffstrategien weltweit ein zentrales Thema ist. National und international sind durch Recycling gro\u00dfe Rohstoffpotentiale zu erschlie\u00dfen.<\/p>\n<p>Die Veranstaltung wird gemeinsam vom Leibniz-Institut f\u00fcr interdisziplin\u00e4re Studien (LIFIS) e.V. und dem Institut f\u00fcr angewandte Photonik e.V. (IAP) vorbereitet. Der Komplexit\u00e4t der Aufgabe entsprechend wird ein interdisziplin\u00e4rer Ansatz verfolgt, der Geologen, Bergbaufachleute, Materialwissenschaftler, Physiker, Chemiker, Technologen und Maschinenbauingenieure sowie Politikwissenschaftler, Soziologen und Juristen einbezieht. Dabei wird das IAP die Kontakte zu Geologen, Bergbaufachleuten, Physikern und Chemikern aus dem Bereich Prozessanalytik herstellen, \u00fcber das LIFIS werden weitere Wissenschaftler einbezogen und die Veranstaltung organisatorisch abgesichert.<\/p>\n<p>Die Leibnizkonferenz findet am traditionellen Standort Lichtenwalde statt<\/p>\n<h3>SCHWERPUNKTE der Programmgestaltung<\/h3>\n<ul>\n<li>Situation bei Entsorgung von Haus- und Industriem\u00fcll \u2013 Anforderungen der Zukunft mit Bezug auf die optimierte R\u00fcckf\u00fchrung (Sammlung) und Vorsortierung<\/li>\n<li>Technische M\u00f6glichkeiten des Recycling in der Gegenwart und Zukunftsaussichten, Sortierungsverfahren f\u00fcr verschiedene Materialien, Aufbereitung des getrennten Recyclingmaterials<\/li>\n<li>Herausforderung der Ressourceneffizienz-, Produkt- und Technologie-Entwicklung unter Ber\u00fccksichtigung von Materialeffizienz und Recyclingf\u00e4higkeit<\/li>\n<li>Gesellschaftliche Anforderungen an das Recycling von Wertstoffen und \u00f6konomische Zw\u00e4nge<\/li>\n<\/ul>\n<h3>Programmkomitee<\/h3>\n<p><strong>Dr. Reiner Wedell, IAP e.V., Berlin (Chair)<\/strong><br \/>\nProf. Dr. Norbert Langhoff, IAP e.V., Berlin<br \/>\nProf. Dr. Bernd Junghans, LIFIS e. V., Berlin<br \/>\nProf. Dr.-Ing. Sylvia Schade-Dannewitz, Hochschule Nordhausen<br \/>\nDr. Christian Adam, BAM, Berlin<br \/>\nDr. Axel Renno, Helmholtz-Institut f\u00fcr Ressourcentechnologie, Freiberg<br \/>\nDr. Ing. habil. Manfred Goedecke, Geokompetenzzentrum Freiberg e.V.<\/p>\n<h3>Programm<\/h3>\n<ul>\n<li><a href=\"http:\/\/leibniz-institut.de\/Konferenzen\/Recycling-2016\/Ankuendigung.pdf\">Ank\u00fcndigung<\/a><\/li>\n<li><a href=\"http:\/\/leibniz-institut.de\/Konferenzen\/Recycling-2016\/Abstractbook.pdf\">Programm und Abstractbook<\/a><\/li>\n<li><a href=\"http:\/\/leibniz-institut.de\/lk20-detail\/\">Abstracts zur Konferenz<\/a> mit Downloadoption der Folien zu den Beitr\u00e4gen.<\/li>\n<\/ul>\n","protected":false},"excerpt":{"rendered":"<p>Recycling &#8211; Ressourcenmanagement als Beitrag zur gesicherten Rohstoffversorgung 19. &#8211; 20. Mai 2016 Best Western Hotel am Schlosspark August Bebel Stra\u00dfe 1 09577 Lichtenwalde (Sachsen) Veranstalter LEIBNIZ-INSTITUT f\u00fcr interdisziplin\u00e4re Studien <a class=\"more-link\" href=\"https:\/\/leibniz-institut.de\/en\/konferenzen\/konferenz-archiv\/20-leibniz-konferenz-recycling\/\">Weiterlesen \u2192<\/a><\/p>\n","protected":false},"author":2,"featured_media":0,"parent":315,"menu_order":20,"comment_status":"closed","ping_status":"closed","template":"","meta":{"footnotes":""},"class_list":["post-337","page","type-page","status-publish","hentry"],"translation":{"provider":"WPGlobus","version":"3.0.2","language":"en","enabled_languages":["de","en","ru"],"languages":{"de":{"title":true,"content":true,"excerpt":false},"en":{"title":false,"content":false,"excerpt":false},"ru":{"title":false,"content":false,"excerpt":false}}},"_links":{"self":[{"href":"https:\/\/leibniz-institut.de\/en\/wp-json\/wp\/v2\/pages\/337","targetHints":{"allow":["GET"]}}],"collection":[{"href":"https:\/\/leibniz-institut.de\/en\/wp-json\/wp\/v2\/pages"}],"about":[{"href":"https:\/\/leibniz-institut.de\/en\/wp-json\/wp\/v2\/types\/page"}],"author":[{"embeddable":true,"href":"https:\/\/leibniz-institut.de\/en\/wp-json\/wp\/v2\/users\/2"}],"replies":[{"embeddable":true,"href":"https:\/\/leibniz-institut.de\/en\/wp-json\/wp\/v2\/comments?post=337"}],"version-history":[{"count":18,"href":"https:\/\/leibniz-institut.de\/en\/wp-json\/wp\/v2\/pages\/337\/revisions"}],"predecessor-version":[{"id":801,"href":"https:\/\/leibniz-institut.de\/en\/wp-json\/wp\/v2\/pages\/337\/revisions\/801"}],"up":[{"embeddable":true,"href":"https:\/\/leibniz-institut.de\/en\/wp-json\/wp\/v2\/pages\/315"}],"wp:attachment":[{"href":"https:\/\/leibniz-institut.de\/en\/wp-json\/wp\/v2\/media?parent=337"}],"curies":[{"name":"wp","href":"https:\/\/api.w.org\/{rel}","templated":true}]}}