{"id":353,"date":"2015-10-10T14:39:43","date_gmt":"2015-10-10T14:39:43","guid":{"rendered":"http:\/\/wordpress.leibniz-institut.de\/?page_id=353"},"modified":"2021-07-02T16:05:45","modified_gmt":"2021-07-02T16:05:45","slug":"rohrbacher-kreis","status":"publish","type":"page","link":"https:\/\/leibniz-institut.de\/en\/rohrbacher-kreis\/","title":{"rendered":"Neuer Rohrbacher Kreis"},"content":{"rendered":"<p>Ein wichtiges Anliegen von LIFIS ist die Pflege eines interdisziplin\u00e4ren Diskurses zu den komplexen Fragen unserer Zeit in der Tradition der Philosophischen Fakult\u00e4ten alten Zuschnitts, in denen die Naturwissenschaftler und die Philosophen noch unter einem institutionellen Dach vereint waren. Die Motivation hierf\u00fcr entspringt neben einem allgemeinen akademischen Interesse vor allem dem dr\u00e4ngenden kulturell-philosophischen Reflexionsbedarf von Natur- und Technikwissenschaftlern zu den Bedingtheiten eigenen wissenschaftlichen Handelns.<\/p>\n<p>Die Institutionalisierung derartiger Diskurse als <em>Form der akademischen Selbsterm\u00e4chtigung<\/em> stie\u00df zu allen Zeiten an zeitliche, ideologische und gesellschaftliche Grenzen, da die Ergebnisse eines solchen inter- und transdisziplin\u00e4ren Austauschs schwerlich in Einheiten von &#8220;N\u00fctzlichkeit&#8221; gemessen werden k\u00f6nnen und ein &#8220;sapere aude!&#8221; schon immer die W\u00e4chter ideologischer Reinheit auf den Plan gerufen hat.<\/p>\n<p>Entsprechend ambivalent mag aus heutiger Sicht die Geschichte des <a href=\"http:\/\/www.dorfwiki.org\/wiki.cgi?HansGertGraebe\/RohrbacherKreis\" target=\"_blank\" rel=\"noopener noreferrer\">Rohrbacher Kreises<\/a> erscheinen, an dessen akademische Traditionslinie des Austauschs zwischen Natur-, Technik- und Geisteswissenschaftlern zun\u00e4chst an der Leipziger Universit\u00e4t und sp\u00e4ter als au\u00dferuniversit\u00e4rer Gespr\u00e4chskreis in der Region Leipzig wir ankn\u00fcpfen. Diese Traditionslinie, die vor allem mit dem Namen von <a href=\"https:\/\/www.uni-leipzig.de\/unigeschichte\/professorenkatalog\/leipzig\/Rochhausen_2506.pdf\">Prof. Rudolf Rochhausen<\/a> verbunden ist und \u00fcber 20 Jahre lang unter verschiedenen gesellschaftlichen Bedingungen einen solchen Ort des Austauschs lebendig halten konnte, wollen wir mit dem <strong>Neuen Rohrbacher Kreis<\/strong> unter st\u00e4rkerer Betonung der <em>akademischen<\/em> Traditionen fortf\u00fchren.<\/p>\n<p>Bitte beachten Sie auch die <a href=\"https:\/\/groups.google.com\/forum\/?fromgroups#!forum\/rohrbacher-kreis\">Google-Mailingliste<\/a> des Rohrbacher Kreises, \u00fcber die aktuelle Informationen weitergegeben und Diskussionen gef\u00fchrt werden.<\/p>\n<h2>Aktivit\u00e4ten des Neuen Rohrbacher Kreises<\/h2>\n<div class=\"textwidget\">\n<ul>\n<li><a href=\"http:\/\/www.dorfwiki.org\/wiki.cgi?HansGertGraebe\/RohrbacherKreis\/2020-09\">11.-12. September 2020<\/a>: Erfinderschulen, TRIZ und Dialektik<\/li>\n<li><a href=\"http:\/\/www.dorfwiki.org\/wiki.cgi?HansGertGraebe\/RohrbacherKreis\/TRIZ-18\">22.-23. Juni 2018<\/a>: Workshop TRIZ in der Praxis<\/li>\n<li><a href=\"http:\/\/www.dorfwiki.org\/wiki.cgi?HansGertGraebe\/RohrbacherKreis\/Grossbothen-17\">27.-29. September 2017<\/a>: Workshop Paradigmenwechsel in Wissenschaft, Technik und Wirtschaft<\/li>\n<\/ul>\n<p>Der Neue Rohrbacher Kreis setzt au\u00dferdem mit den <em><a href=\"http:\/\/www.dorfwiki.org\/wiki.cgi?HansGertGraebe\/RohrbacherKreis\/RohrbacherManuskripte\">Rohrbacher Manuskripten (Neue Reihe)<\/a><\/em> die Publikationstraditionen des urspr\u00fcnglichen Rohrbacher Kreises fort.<\/p>\n<\/div>\n<h2>Weitere Leipziger Aktivit\u00e4ten<\/h2>\n<ul>\n<li><a href=\"http:\/\/www.dorfwiki.org\/wiki.cgi?HansGertGraebe\/InterdisziplinaeresGespraech\">Interdisziplin\u00e4re Gespr\u00e4che<\/a><\/li>\n<li><a href=\"http:\/\/www.dorfwiki.org\/wiki.cgi?HansGertGraebe\/SeminarWissen\/Bisher\">Seminar Wissen<\/a><\/li>\n<li><a href=\"http:\/\/www.dorfwiki.org\/wiki.cgi?HansGertGraebe\/PhiloDebatte\">Philodebatte<\/a><\/li>\n<\/ul>\n","protected":false},"excerpt":{"rendered":"<p>Ein wichtiges Anliegen von LIFIS ist die Pflege eines interdisziplin\u00e4ren Diskurses zu den komplexen Fragen unserer Zeit in der Tradition der Philosophischen Fakult\u00e4ten alten Zuschnitts, in denen die Naturwissenschaftler und <a class=\"more-link\" href=\"https:\/\/leibniz-institut.de\/en\/rohrbacher-kreis\/\">Weiterlesen \u2192<\/a><\/p>\n","protected":false},"author":2,"featured_media":0,"parent":0,"menu_order":0,"comment_status":"closed","ping_status":"closed","template":"","meta":{"footnotes":""},"class_list":["post-353","page","type-page","status-publish","hentry"],"translation":{"provider":"WPGlobus","version":"3.0.2","language":"en","enabled_languages":["de","en","ru"],"languages":{"de":{"title":true,"content":true,"excerpt":false},"en":{"title":false,"content":false,"excerpt":false},"ru":{"title":true,"content":true,"excerpt":false}}},"_links":{"self":[{"href":"https:\/\/leibniz-institut.de\/en\/wp-json\/wp\/v2\/pages\/353","targetHints":{"allow":["GET"]}}],"collection":[{"href":"https:\/\/leibniz-institut.de\/en\/wp-json\/wp\/v2\/pages"}],"about":[{"href":"https:\/\/leibniz-institut.de\/en\/wp-json\/wp\/v2\/types\/page"}],"author":[{"embeddable":true,"href":"https:\/\/leibniz-institut.de\/en\/wp-json\/wp\/v2\/users\/2"}],"replies":[{"embeddable":true,"href":"https:\/\/leibniz-institut.de\/en\/wp-json\/wp\/v2\/comments?post=353"}],"version-history":[{"count":20,"href":"https:\/\/leibniz-institut.de\/en\/wp-json\/wp\/v2\/pages\/353\/revisions"}],"predecessor-version":[{"id":1468,"href":"https:\/\/leibniz-institut.de\/en\/wp-json\/wp\/v2\/pages\/353\/revisions\/1468"}],"wp:attachment":[{"href":"https:\/\/leibniz-institut.de\/en\/wp-json\/wp\/v2\/media?parent=353"}],"curies":[{"name":"wp","href":"https:\/\/api.w.org\/{rel}","templated":true}]}}