{"id":361,"date":"2015-10-10T14:50:27","date_gmt":"2015-10-10T14:50:27","guid":{"rendered":"http:\/\/wordpress.leibniz-institut.de\/?page_id=361"},"modified":"2021-05-30T08:14:01","modified_gmt":"2021-05-30T08:14:01","slug":"hintergrund","status":"publish","type":"page","link":"https:\/\/leibniz-institut.de\/en\/rohrbacher-kreis\/hintergrund\/","title":{"rendered":"Hintergrund"},"content":{"rendered":"<p>Der urspr\u00fcngliche <em>Rohrbacher Kreis<\/em> war ein Gespr\u00e4chskreis zwischen Natur- und Geisteswissenschaftlern zu den komplexen Fragen unserer Zeit, der sich der langen Tradition eines inter- und transdisziplin\u00e4ren Austauschs verpflichtet sah, in dem vor allem der dr\u00e4ngende kulturell-philosophische Reflexionsbedarf von Natur- und Technikwissenschaftlern zu den Bedingtheiten eigenen wissenschaftlichen Handelns Resonanz fand.<\/p>\n<p>Eine solche Gespr\u00e4chskultur hat in der Leipziger Region eine lange Tradition, die seit den 1980er Jahren vor allem mit dem Namen des Technikphilosophen <em>Rudolf Rochhausen<\/em> verbunden war, der einen solchen interdisziplin\u00e4ren Gespr\u00e4chskreis an der Leipziger Universit\u00e4t organisierte und nach der Wende mit Unterst\u00fctzung durch den Verbund der Rosa-Luxemburg-Stiftungen weiterf\u00fchren konnte. Der Rohrbacher Kreis organisierte in dieser Zeit Einzelveranstaltungen, Jahrestagungen und gab die <a class=\"body\" href=\"http:\/\/www.dorfwiki.org\/wiki.cgi?HansGertGraebe\/RohrbacherKreis\/RohrbacherManuskripte\">Rohrbacher Manuskripte<\/a> heraus.<\/p>\n<p>Nach der Aufk\u00fcndigung der Unterst\u00fctzung durch den Stiftungsverbund Anfang 2012 fehlten die personellen und finanziellen Ressourcen, um die Arbeit auf dem bisherigen Niveau fortzuf\u00fchren. Im Kontext von LIFIS sollen diese akademischen Traditionen neu belebt werden.<\/p>\n<p>Wesentliche Aktivit\u00e4ten des Rohrbacher Kreises:<\/p>\n<ul>\n<li><a href=\"http:\/\/www.dorfwiki.org\/wiki.cgi?HansGertGraebe\/RohrbacherKreis\" target=\"_blank\" rel=\"noopener\">Jahrestagungen und weitere Veranstaltungen<\/a><\/li>\n<li>Publikationsreihe <a href=\"http:\/\/www.dorfwiki.org\/wiki.cgi?HansGertGraebe\/RohrbacherKreis\/RohrbacherManuskripte\" target=\"_blank\" rel=\"noopener\">&#8220;Rohrbacher Manuskripte&#8221;<\/a><\/li>\n<\/ul>\n<p>Weitere Aktivit\u00e4ten in diesem Kontext:<\/p>\n<ul>\n<li><a href=\"http:\/\/www.dorfwiki.org\/wiki.cgi?HansGertGraebe\/InterdisziplinaeresGespraech\" target=\"_blank\" rel=\"noopener\">Interdisziplin\u00e4re Gespr\u00e4che<\/a> an der Leipziger Universit\u00e4t<\/li>\n<\/ul>\n","protected":false},"excerpt":{"rendered":"<p>Der urspr\u00fcngliche Rohrbacher Kreis war ein Gespr\u00e4chskreis zwischen Natur- und Geisteswissenschaftlern zu den komplexen Fragen unserer Zeit, der sich der langen Tradition eines inter- und transdisziplin\u00e4ren Austauschs verpflichtet sah, in <a class=\"more-link\" href=\"https:\/\/leibniz-institut.de\/en\/rohrbacher-kreis\/hintergrund\/\">Weiterlesen \u2192<\/a><\/p>\n","protected":false},"author":2,"featured_media":0,"parent":353,"menu_order":0,"comment_status":"closed","ping_status":"closed","template":"","meta":{"footnotes":""},"class_list":["post-361","page","type-page","status-publish","hentry"],"translation":{"provider":"WPGlobus","version":"3.0.2","language":"en","enabled_languages":["de","en","ru"],"languages":{"de":{"title":true,"content":true,"excerpt":false},"en":{"title":false,"content":false,"excerpt":false},"ru":{"title":false,"content":true,"excerpt":false}}},"_links":{"self":[{"href":"https:\/\/leibniz-institut.de\/en\/wp-json\/wp\/v2\/pages\/361","targetHints":{"allow":["GET"]}}],"collection":[{"href":"https:\/\/leibniz-institut.de\/en\/wp-json\/wp\/v2\/pages"}],"about":[{"href":"https:\/\/leibniz-institut.de\/en\/wp-json\/wp\/v2\/types\/page"}],"author":[{"embeddable":true,"href":"https:\/\/leibniz-institut.de\/en\/wp-json\/wp\/v2\/users\/2"}],"replies":[{"embeddable":true,"href":"https:\/\/leibniz-institut.de\/en\/wp-json\/wp\/v2\/comments?post=361"}],"version-history":[{"count":6,"href":"https:\/\/leibniz-institut.de\/en\/wp-json\/wp\/v2\/pages\/361\/revisions"}],"predecessor-version":[{"id":1451,"href":"https:\/\/leibniz-institut.de\/en\/wp-json\/wp\/v2\/pages\/361\/revisions\/1451"}],"up":[{"embeddable":true,"href":"https:\/\/leibniz-institut.de\/en\/wp-json\/wp\/v2\/pages\/353"}],"wp:attachment":[{"href":"https:\/\/leibniz-institut.de\/en\/wp-json\/wp\/v2\/media?parent=361"}],"curies":[{"name":"wp","href":"https:\/\/api.w.org\/{rel}","templated":true}]}}