{"id":380,"date":"2015-11-18T16:47:19","date_gmt":"2015-11-18T16:47:19","guid":{"rendered":"http:\/\/leibniz-institut.de\/?page_id=380"},"modified":"2025-04-02T18:00:33","modified_gmt":"2025-04-02T18:00:33","slug":"impressum","status":"publish","type":"page","link":"https:\/\/leibniz-institut.de\/en\/startseite\/impressum\/","title":{"rendered":"Impressum"},"content":{"rendered":"\n<p>LEIBNIZ-INSTITUT f\u00fcr interdisziplin\u00e4re Studien e.V. (LIFIS)<br>\n\u2013 Sitz und Gesch\u00e4ftsstelle Berlin \u2013<br>\nAlbert-Einstein-Str. 16<br>\nD \u2013 12489 Berlin-Adlershof<br>\nFon: +49 (0)30 6392-80180<br>\nFax:&nbsp;&nbsp; +49 (0)30 6392-80182<br>\nE-Mail: post@leibniz-institut.de<br>\n<a href=\"http:\/\/www.leibniz-institut.de\">http:\/\/www.leibniz-institut.de<\/a><br>\n________________________________<\/p>\n\n\n\n<p>&#8211; Gesch\u00e4ftsstelle Chemnitz &#8211;<br>\nNeefestra\u00dfe 88<br>\nD &#8211; 09116 Chemnitz<br>\nFon: +49 (0)371 852027<br>\nFax:&nbsp;&nbsp; +49 (0)371 27836983<\/p>\n\n\n\n<p><strong>Vertretungsbefugt lt. \u00a7 26 BGB:<\/strong><\/p>\n\n\n\n<p><em>Vorsitzender und kommissarischer Schatzmeister:<br><\/em>Prof. Dr. Werner Regen<br> D \u2013 07552 Gera, Am Stublacher Weg 19<br> E-Mail: dr.regen@googlemail.com<\/p>\n\n\n\n<p><em>Stellv. Vorsitzender:<\/em><br>\nProf. Dr. Bernd Junghans<br>\nD \u2013 01097 Dresden, Theresienstra\u00dfe 9d<br>\nE-Mail: bernd.junghans@leibniz-institut.de<\/p>\n\n\n\n<p><em>Stellv. Vorsitzender:<br><\/em>Prof. Dr. Frieder Sieber<br> D \u2013 09113 Chemnitz, Stra\u00dfe der Nationen 146<br> E-Mail: dr.f.sieber@web.de<\/p>\n\n\n\n<p><strong>Das Impressum gilt f\u00fcr:<\/strong><br>http:\/\/leibniz-institut.de, http:\/\/lifis-online.de<\/p>\n\n\n\n<p>Registriert unter VR 31624 B beim AG Berlin-Charlottenburg<br>St.-Nr. 27\/640\/61631<\/p>\n\n\n\n<p><strong>Inhaltlich Verantwortlicher nach \u00a7 55 Abs. 2 RStV:<\/strong><br>Prof. Dr. Hans-Gert Gr\u00e4be<br>04279 Leipzig, Herwigstra\u00dfe 30<br>E-Mail: graebe@informatik.uni-leipzig.de<\/p>\n\n\n\n<p><strong>Verantwortlich f\u00fcr die technische Realisierung:<br><\/strong>Prof. Dr. Hans-Gert Gr\u00e4be<br>04279 Leipzig, Herwigstra\u00dfe 30<br>E-Mail: graebe@informatik.uni-leipzig.de<\/p>\n\n\n\n<p>Dr. Lars G\u00f6hler<br><a href=\"http:\/\/www.eastpress.de\/\">www.eastpress.de<\/a><br>04109 Leipzig, Thomasiusstra\u00dfe 28<br>E-Mail: lgoehler@eastpress.de<\/p>\n\n\n\n<p><strong>Haftungshinweis:<\/strong><br>Trotz sorgf\u00e4ltiger inhaltlicher Kontrolle \u00fcbernehmen wir keine Haftung f\u00fcr die Inhalte externer Links. F\u00fcr den Inhalt der verlinkten Seiten sind ausschlie\u00dflich deren Betreiber verantwortlich.<\/p>\n\n\n\n<p>Bitte beachten Sie auch unsere <a href=\"https:\/\/leibniz-institut.de\/datenschutz\">Hinweise zum Datenschutz<\/a>.<\/p>\n","protected":false},"excerpt":{"rendered":"<p>LEIBNIZ-INSTITUT f\u00fcr interdisziplin\u00e4re Studien e.V. (LIFIS) \u2013 Sitz und Gesch\u00e4ftsstelle Berlin \u2013 Albert-Einstein-Str. 16 D \u2013 12489 Berlin-Adlershof Fon: +49 (0)30 6392-80180 Fax:&nbsp;&nbsp; +49 (0)30 6392-80182 E-Mail: post@leibniz-institut.de http:\/\/www.leibniz-institut.de ________________________________ <a class=\"more-link\" href=\"https:\/\/leibniz-institut.de\/en\/startseite\/impressum\/\">Weiterlesen \u2192<\/a><\/p>\n","protected":false},"author":2,"featured_media":0,"parent":39,"menu_order":7,"comment_status":"closed","ping_status":"closed","template":"","meta":{"footnotes":""},"class_list":["post-380","page","type-page","status-publish","hentry"],"translation":{"provider":"WPGlobus","version":"3.0.2","language":"en","enabled_languages":["de","en","ru"],"languages":{"de":{"title":true,"content":true,"excerpt":false},"en":{"title":false,"content":false,"excerpt":false},"ru":{"title":true,"content":true,"excerpt":false}}},"_links":{"self":[{"href":"https:\/\/leibniz-institut.de\/en\/wp-json\/wp\/v2\/pages\/380","targetHints":{"allow":["GET"]}}],"collection":[{"href":"https:\/\/leibniz-institut.de\/en\/wp-json\/wp\/v2\/pages"}],"about":[{"href":"https:\/\/leibniz-institut.de\/en\/wp-json\/wp\/v2\/types\/page"}],"author":[{"embeddable":true,"href":"https:\/\/leibniz-institut.de\/en\/wp-json\/wp\/v2\/users\/2"}],"replies":[{"embeddable":true,"href":"https:\/\/leibniz-institut.de\/en\/wp-json\/wp\/v2\/comments?post=380"}],"version-history":[{"count":24,"href":"https:\/\/leibniz-institut.de\/en\/wp-json\/wp\/v2\/pages\/380\/revisions"}],"predecessor-version":[{"id":2156,"href":"https:\/\/leibniz-institut.de\/en\/wp-json\/wp\/v2\/pages\/380\/revisions\/2156"}],"up":[{"embeddable":true,"href":"https:\/\/leibniz-institut.de\/en\/wp-json\/wp\/v2\/pages\/39"}],"wp:attachment":[{"href":"https:\/\/leibniz-institut.de\/en\/wp-json\/wp\/v2\/media?parent=380"}],"curies":[{"name":"wp","href":"https:\/\/api.w.org\/{rel}","templated":true}]}}