{"id":53,"date":"2015-02-13T20:49:06","date_gmt":"2015-02-13T20:49:06","guid":{"rendered":"http:\/\/eastpress.de\/lifis\/?page_id=53"},"modified":"2025-10-26T13:29:23","modified_gmt":"2025-10-26T13:29:23","slug":"vorstand","status":"publish","type":"page","link":"https:\/\/leibniz-institut.de\/en\/startseite\/vorstand\/","title":{"rendered":"Vorstand und Sitz des LIFIS"},"content":{"rendered":"\n<h2 class=\"wp-block-heading\">Vorstand des LIFIS<\/h2>\n\n\n\n<figure class=\"wp-block-table\"><table><tbody><tr><td><strong>Vorsitzender:&nbsp;<\/strong><\/td><td>Prof. Dr.<strong> Werner Regen<\/strong>, Gera<\/td><\/tr><tr><td><strong>Stellvertreter:<\/strong><\/td><td><strong>Hermann Marsch<\/strong>, Posterstein<br>Dr. <strong>Rolf Merker<\/strong>, Grafing<\/td><\/tr><tr><td><strong>Schatzmeister:<\/strong><\/td><td><strong>Hermann Marsch<\/strong>, Posterstein<\/td><\/tr><tr><td><strong>Beisitzer:<\/strong><\/td><td>Dr. <strong>Dirk La\u00dfner<\/strong>, Berlin<br><strong>Olaf Weber<\/strong>, Potsdam<\/td><\/tr><\/tbody><\/table><\/figure>\n\n\n\n<p>Der Vorstand wurde satzungsgem\u00e4\u00df auf der Mitgliederversammlung des LIFIS am 24. Oktober 2025 gew\u00e4hlt.<\/p>\n\n\n\n<p><strong>Ehrenvorsitzender:<\/strong> Prof. Dr. Frieder Klaus Sieber<\/p>\n\n\n\n<p>(Beschluss des Vorstandes v. 25.08.2024: aufgrund seiner hervorragenden Verdienste in Wissenschaft und seines beispielhaften Beitrages zur Entwicklung des am 03.Mai 2002 gegr\u00fcndeten Leibniz Instituts f\u00fcr Interdisziplin\u00e4re Studien e.V. (LIFIS).)<\/p>\n\n\n\n<h2 class=\"wp-block-heading\">Sitz des LIFIS<\/h2>\n\n\n\n<p>Bis zum 31. Dezember 2011 im Barockschloss Lichtenwalde (nahe Chemnitz) angesiedelt, befindet sich der Sitz des LIFIS seit dem 1. Januar 2012 auf dem WISTA-Gel\u00e4nde, <strong>Berlin-Adlershof<\/strong>, einem der bedeutendsten Wissenschafts- und Technologiestandorte Deutschlands.<\/p>\n\n\n\n<p>Umgeben von mathematischen und naturwissenschaftlichen Instituten der Humboldt-Universit\u00e4t Berlin, Einrichtungen der Fraunhofer-Gesellschaft, der Helmholtz-Gemeinschaft (u.a. dem Berliner Elektronensynchroton BESY), dem Technologie- und Gr\u00fcnderzentrum Berlin sowie zahlreichen wissenschaftsnahen Unternehmen und Institutionen, befindet sich der Sitz des LIFIS dort in der <strong>Albert-Einstein-Str. 16<\/strong>.<\/p>\n\n\n\n<p>Das LIFIS ist mit S-Bahn und PKW schnell zu erreichen, d.h.<\/p>\n\n\n\n<ul class=\"wp-block-list\">\n<li>in ca. 10 Min. vom Flughafen Berlin-Sch\u00f6nefeld,<\/li>\n\n\n\n<li>in ca. 30 Min. vom Alexanderplatz,<\/li>\n\n\n\n<li>in ca. 40 Min. vom Hauptbahnhof.<\/li>\n<\/ul>\n\n\n\n<figure class=\"wp-block-table\"><table><tbody><tr><td><p align=\"justify\"><strong>Und so finden Sie uns:<\/strong><\/p><p>Leibniz-Institut<br>f\u00fcr interdisziplin\u00e4re Studien e.V. (LIFIS)<br>Albert-Einstein-Str. 16<br>12489 Berlin-Adlershof<\/p><p>Fon: +49 (0) 30 6392-80180<br>Fax: +49 (0) 30 6392-80182<br><a href=\"mailto:post@leibniz-institut.de\">post@leibniz-institut.de<\/a><\/p> <p><strong>Routenplanung:<\/strong><br><a href=\"https:\/\/maps.google.de\/maps?q=Albert-Einstein-Str.+16,+12489+Berlin-Adlershof&amp;hl=de&amp;ie=UTF8&amp;sll=52.459019,13.015776&amp;sspn=6.636541,13.392334&amp;hnear=Albert-Einstein-Stra%C3%9Fe+16,+Treptow-K%C3%B6penick+12489+Berlin&amp;t=m&amp;z=17\" target=\"_blank\" rel=\"noopener noreferrer\">In Google Maps aufrufen<\/a> &gt;&gt;<\/p><\/td><td>\n<figure><img loading=\"lazy\" decoding=\"async\" src=\"\/images\/24_einsteinstr.jpg\" alt=\"\" width=\"200\" height=\"238\"><\/figure><p align=\"center\"><\/p>\n<\/td><\/tr><\/tbody><\/table><\/figure>\n\n\n\n<p><strong>Bankverbindung<\/strong><br>IBAN: DE91 1009 0000 2357 1110 08<br>BIC: BEVODEBB<br>bei der Berliner Volksbank<\/p>\n","protected":false},"excerpt":{"rendered":"<p>Vorstand des LIFIS Vorsitzender:&nbsp; Prof. Dr. Werner Regen, Gera Stellvertreter: Hermann Marsch, PostersteinDr. Rolf Merker, Grafing Schatzmeister: Hermann Marsch, Posterstein Beisitzer: Dr. Dirk La\u00dfner, BerlinOlaf Weber, Potsdam Der Vorstand wurde <a class=\"more-link\" href=\"https:\/\/leibniz-institut.de\/en\/startseite\/vorstand\/\">Weiterlesen \u2192<\/a><\/p>\n","protected":false},"author":2,"featured_media":0,"parent":39,"menu_order":4,"comment_status":"closed","ping_status":"closed","template":"","meta":{"footnotes":""},"class_list":["post-53","page","type-page","status-publish","hentry"],"translation":{"provider":"WPGlobus","version":"3.0.2","language":"en","enabled_languages":["de","en","ru"],"languages":{"de":{"title":true,"content":true,"excerpt":false},"en":{"title":false,"content":false,"excerpt":false},"ru":{"title":true,"content":true,"excerpt":false}}},"_links":{"self":[{"href":"https:\/\/leibniz-institut.de\/en\/wp-json\/wp\/v2\/pages\/53","targetHints":{"allow":["GET"]}}],"collection":[{"href":"https:\/\/leibniz-institut.de\/en\/wp-json\/wp\/v2\/pages"}],"about":[{"href":"https:\/\/leibniz-institut.de\/en\/wp-json\/wp\/v2\/types\/page"}],"author":[{"embeddable":true,"href":"https:\/\/leibniz-institut.de\/en\/wp-json\/wp\/v2\/users\/2"}],"replies":[{"embeddable":true,"href":"https:\/\/leibniz-institut.de\/en\/wp-json\/wp\/v2\/comments?post=53"}],"version-history":[{"count":34,"href":"https:\/\/leibniz-institut.de\/en\/wp-json\/wp\/v2\/pages\/53\/revisions"}],"predecessor-version":[{"id":2276,"href":"https:\/\/leibniz-institut.de\/en\/wp-json\/wp\/v2\/pages\/53\/revisions\/2276"}],"up":[{"embeddable":true,"href":"https:\/\/leibniz-institut.de\/en\/wp-json\/wp\/v2\/pages\/39"}],"wp:attachment":[{"href":"https:\/\/leibniz-institut.de\/en\/wp-json\/wp\/v2\/media?parent=53"}],"curies":[{"name":"wp","href":"https:\/\/api.w.org\/{rel}","templated":true}]}}