{"id":552,"date":"2016-08-21T12:58:10","date_gmt":"2016-08-21T12:58:10","guid":{"rendered":"http:\/\/leibniz-institut.de\/?page_id=552"},"modified":"2025-09-30T13:45:51","modified_gmt":"2025-09-30T13:45:51","slug":"erfinden","status":"publish","type":"page","link":"https:\/\/leibniz-institut.de\/en\/schwerpunktthemen\/erfinden\/","title":{"rendered":"Innovation management and systematic invention (TRIZ)"},"content":{"rendered":"\n<p>Coordination: <a href=\"http:\/\/leibniz-institut.de\/startseite\/mitglieder\/\">Prof. Hans-Gert Gr\u00e4be<\/a><\/p>\n\n\n\n<h2 class=\"wp-block-heading\">Background<\/h2>\n\n\n\n<p>In times of ever shorter innovation cycles, the importance of structured innovation management increases both on the company organizational and engineering level. Questions of the systematic approach to requirements loaded with contradictions also play a central role in the requirements engineering of computer science. In times of great social challenges such as demographic problems, climate change or global migration movements, it is also becoming increasingly important to also take into account overarching social factors.<\/p>\n\n\n\n<p>In this area, in particular, the \u201cTheory of inventive problem solving\u201d (TRIZ) can look back on 70 years of history, which has repeatedly proven its methodological performance, particularly in complex engineering-technical contexts.<\/p>\n\n\n\n<p>The beginnings go to the methodologist G.S. Altshuller back, who developed the classic TRIZ into the 1990s. Offshoots of TRIZ have been formed in various Eastern Bloc countries since the 1960s, with new variants and varying theoretical approaches emerging in the course of adaptation to the respective local conditions. After 1990, offshoots of the TRIZ methodology also gained a foothold beyond the former Iron Curtain and developed further variants there. For over ten years, TRIZ has been used as a method worldwide by both medium-sized companies and large corporations such as Samsung or Ford.<\/p>\n\n\n\n<p>It becomes clear in the debates that many interdisciplinary cross-connections that go far beyond the core area of \u200b\u200bTRIZ require a more detailed analysis, ranging from the refounding of philosophical approaches in Hegelian tradition to complex contradiction-based modeling questions in the Semantic Web or problem situations in innovation management or integration engineering.<\/p>\n\n\n\n<p>With this focus we want to participate in the processing of this story and also address these overarching aspects in an interdisciplinary context.<\/p>\n\n\n\n<h2 class=\"wp-block-heading\">Activities on the subject<\/h2>\n\n\n\n<ul class=\"wp-block-list\"><li><a href=\"http:\/\/www.dorfwiki.org\/wiki.cgi?HansGertGraebe\/RohrbacherKreis\/2020-09\">Workshop<\/a> \u201eInventor Schools, TRIZ, Dialectics. On the Ocassion of Rainer Thiel&#8217;s 90th Birthday\u201c September 11-12, 2020<\/li><li>Inventor Schools, TRIZ, Dialectics. <a href=\"https:\/\/www.bod.de\/buchshop\/erfinderschulen-triz-und-dialektik-9783751983228\">Rohrbacher Manuskripte, Heft 20<\/a>. September 2020. 150 S. ISBN 9783751983228.<\/li><li><a href=\"https:\/\/leibniz-institut.de\/konferenzen\/25-leibniz-konferenz-kreativitaet-4-0\/\">25. Leibniz-Conference Kreativity 4.0<\/a> November 2019<\/li><li><a href=\"http:\/\/www.dorfwiki.org\/wiki.cgi?HansGertGraebe\/RohrbacherKreis\/TRIZ-18\">Workshop<\/a> \u201cTRIZ in practice\u201d June 22-24, 2018<\/li><li><a href=\"http:\/\/www.dorfwiki.org\/wiki.cgi?HansGertGraebe\/RohrbacherKreis\/Grossbothen-17\">Workshop<\/a> \u201cParadigm shift in science, technology and business\u201d September 27-29, 2017<\/li><li>\u201cOpen Discovery\u201d project for semantic modeling of TRIZ.<\/li><li><a href=\"http:\/\/leibniz-institut.de\/konferenzen\/21-leibniz-konferenz-triz-systematisches-erfinden\/\">21st Leibniz Conference Systematic Inventing<\/a> November 2016<\/li><li><a href=\"http:\/\/www.dorfwiki.org\/wiki.cgi?HansGertGraebe\/LeipzigerGespraeche\/2016-07-01\">11th interdisciplinary discussion<\/a> \u201cHegel logic and systematic invention \u2013 the TRIZ methodology\u201d July 1, 2016<\/li><\/ul>\n\n\n\n<div class=\"wp-block-columns is-layout-flex wp-container-core-columns-is-layout-9d6595d7 wp-block-columns-is-layout-flex\">\n<div class=\"wp-block-column is-layout-flow wp-block-column-is-layout-flow\" style=\"flex-basis:100%\">\n<div class=\"wp-block-group\"><div class=\"wp-block-group__inner-container is-layout-flow wp-block-group-is-layout-flow\"><\/div><\/div>\n<\/div>\n<\/div>\n\n\n\n<h2 class=\"wp-block-heading\">Articles on the topic at LIFIS-Online (in reverse chronological order)<\/h2>\n\n\n\n<div class=\"lifis-paper\"><div class=\"author\">Gr\u00e4be, Hans-Gert<\/div>\n<div class=\"title\">Nachruf auf Rainer Thiel<\/div>\n<div class=\"issued\">Eingereicht am 26.12.2021<\/div>\n<div class=\"cat\">Themenbereich: Innovation und Systematisches Erfinden<\/div>\n<div class=\"doi\">DOI: <a href=\"https:\/\/doi.org\/10.14625\/KXP:1786342723\">https:\/\/doi.org\/10.14625\/KXP:1786342723<\/a><\/div>\n<div class=\"url\">Lokale URL: <a href=\"http:\/\/leibniz-institut.de\/archiv\/graebe_20211226.pdf\">http:\/\/leibniz-institut.de\/archiv\/graebe_20211226.pdf<\/a><\/div>\n<div class=\"license\">Licensed under the terms of <a href=\"https:\/\/creativecommons.org\/licenses\/by\/3.0\/de\/\">CC-BY<\/a><\/div>\n<\/div>\n\n<div class=\"lifis-paper\"><div class=\"author\">Gr\u00e4be, Hans-Gert; Thiel, Rainer<\/div>\n<div class=\"title\">ProHEAL Basics \u2013 Extended Version<\/div>\n<div class=\"issued\">Eingereicht am 18.12.2021<\/div>\n<div class=\"cat\">Themenbereich: Innovation und Systematisches Erfinden<\/div>\n<div class=\"doi\">DOI: <a href=\"https:\/\/doi.org\/10.14625\/KXP:1786341522\">https:\/\/doi.org\/10.14625\/KXP:1786341522<\/a><\/div>\n<div class=\"url\">Lokale URL: <a href=\"http:\/\/leibniz-institut.de\/archiv\/graebe_thiel_20211218.pdf\">http:\/\/leibniz-institut.de\/archiv\/graebe_thiel_20211218.pdf<\/a><\/div>\n<div class=\"license\">Licensed under the terms of <a href=\"https:\/\/creativecommons.org\/licenses\/by\/3.0\/de\/\">CC-BY<\/a><\/div>\n<\/div>\n\n<div class=\"lifis-paper\"><div class=\"author\">Gr\u00e4be, Hans-Gert; Thiel, Rainer<\/div>\n<div class=\"title\">ProHEAL \u2013 Social Needs and Sustainability Aspects in the Methodology of the GDR Inventor Schools<\/div>\n<div class=\"issued\">Eingereicht am 15.08.2021<\/div>\n<div class=\"cat\">Themenbereich: Innovation und Systematisches Erfinden<\/div>\n<div class=\"doi\">DOI: <a href=\"http:\/\/dx.doi.org\/10.14625\/graebe_20210815\">http:\/\/dx.doi.org\/10.14625\/graebe_20210815<\/a><\/div>\n<div class=\"url\">Lokale URL: <a href=\"http:\/\/leibniz-institut.de\/archiv\/graebe_20210815.pdf\">http:\/\/leibniz-institut.de\/archiv\/graebe_20210815.pdf<\/a><\/div>\n<div class=\"license\">Licensed under the terms of <a href=\"https:\/\/creativecommons.org\/licenses\/by\/3.0\/de\/\">CC-BY<\/a><\/div>\n<\/div>\n\n<div class=\"lifis-paper\"><div class=\"author\">Gr\u00e4be, Hans-Gert<\/div>\n<div class=\"title\">Towards a Linked Open Data TRIZ Ontology<\/div>\n<div class=\"issued\">Eingereicht am 13.08.2021<\/div>\n<div class=\"cat\">Themenbereich: Innovation und Systematisches Erfinden<\/div>\n<div class=\"doi\">DOI: <a href=\"http:\/\/dx.doi.org\/10.14625\/graebe_20210813\">http:\/\/dx.doi.org\/10.14625\/graebe_20210813<\/a><\/div>\n<div class=\"url\">Lokale URL: <a href=\"http:\/\/leibniz-institut.de\/archiv\/graebe_20210813.pdf\">http:\/\/leibniz-institut.de\/archiv\/graebe_20210813.pdf<\/a><\/div>\n<div class=\"license\">Licensed under the terms of <a href=\"https:\/\/creativecommons.org\/licenses\/by\/3.0\/de\/\">CC-BY<\/a><\/div>\n<\/div>\n\n<div class=\"lifis-paper\"><div class=\"author\">Thiel, Rainer<\/div>\n<div class=\"title\">ProHEAL und TRIZ - Erfindemethodik seit 50 Jahren<\/div>\n<div class=\"issued\">Eingereicht am 26.01.2021<\/div>\n<div class=\"cat\">Themenbereich: Innovation und Systematisches Erfinden<\/div>\n<div class=\"doi\">DOI: <a href=\"http:\/\/dx.doi.org\/10.14625\/thiel_20210126\">http:\/\/dx.doi.org\/10.14625\/thiel_20210126<\/a><\/div>\n<div class=\"url\">Lokale URL: <a href=\"http:\/\/leibniz-institut.de\/archiv\/thiel_20210126.pdf\">http:\/\/leibniz-institut.de\/archiv\/thiel_20210126.pdf<\/a><\/div>\n<div class=\"license\">Licensed under the terms of <a href=\"https:\/\/creativecommons.org\/licenses\/by\/3.0\/de\/\">CC-BY<\/a><\/div>\n<\/div>\n\n<div class=\"lifis-paper\"><div class=\"author\">Fuchs-Kittowski, Klaus<\/div>\n<div class=\"title\">Die Allm\u00e4hlichkeit der Revolution. Zur Relativierung des Sprungs und Rettung der Qualit\u00e4ten<\/div>\n<div class=\"issued\">Eingereicht am 20.11.2020<\/div>\n<div class=\"cat\">Themenbereich: Innovation und Systematisches Erfinden<\/div>\n<div class=\"doi\">DOI: <a href=\"http:\/\/dx.doi.org\/10.14625\/fuchskittowski_20201120\">http:\/\/dx.doi.org\/10.14625\/fuchskittowski_20201120<\/a><\/div>\n<div class=\"url\">Lokale URL: <a href=\"http:\/\/leibniz-institut.de\/archiv\/fuchskittowski_20201120.pdf\">http:\/\/leibniz-institut.de\/archiv\/fuchskittowski_20201120.pdf<\/a><\/div>\n<div class=\"license\">Licensed under the terms of <a href=\"https:\/\/creativecommons.org\/licenses\/by\/3.0\/de\/\">CC-BY<\/a><\/div>\n<\/div>\n\n<div class=\"lifis-paper\"><div class=\"author\">Stanke, Klaus<\/div>\n<div class=\"title\">Innovationen mit Widerspruchsl\u00f6sungen als realisierte probleml\u00f6sende Kreativit\u00e4t<\/div>\n<div class=\"issued\">Eingereicht am 30.07.2020<\/div>\n<div class=\"cat\">Themenbereich: Innovation und Systematisches Erfinden<\/div>\n<div class=\"doi\">DOI: <a href=\"http:\/\/dx.doi.org\/10.14625\/stanke_20200730\">http:\/\/dx.doi.org\/10.14625\/stanke_20200730<\/a><\/div>\n<div class=\"url\">Lokale URL: <a href=\"http:\/\/leibniz-institut.de\/archiv\/stanke_20200730.pdf\">http:\/\/leibniz-institut.de\/archiv\/stanke_20200730.pdf<\/a><\/div>\n<div class=\"license\">Licensed under the terms of <a href=\"https:\/\/creativecommons.org\/licenses\/by\/3.0\/de\/\">CC-BY<\/a><\/div>\n<\/div>\n\n<div class=\"lifis-paper\"><div class=\"author\">Gr\u00e4be, Hans-Gert<\/div>\n<div class=\"title\">TRIZ und Transformationen sozio-technischer und sozio-\u00f6kologischer Systeme<\/div>\n<div class=\"issued\">Eingereicht am 27.06.2020<\/div>\n<div class=\"cat\">Themenbereich: Innovation und Systematisches Erfinden<\/div>\n<div class=\"doi\">DOI: <a href=\"http:\/\/dx.doi.org\/10.14625\/graebe_20200627\">http:\/\/dx.doi.org\/10.14625\/graebe_20200627<\/a><\/div>\n<div class=\"url\">Lokale URL: <a href=\"http:\/\/leibniz-institut.de\/archiv\/graebe_20200627.pdf\">http:\/\/leibniz-institut.de\/archiv\/graebe_20200627.pdf<\/a><\/div>\n<div class=\"license\">Licensed under the terms of <a href=\"https:\/\/creativecommons.org\/licenses\/by\/3.0\/de\/\">CC-BY<\/a><\/div>\n<\/div>\n\n<div class=\"lifis-paper\"><div class=\"author\">Gr\u00e4be, Hans-Gert<\/div>\n<div class=\"title\">Die Menschen und ihre technischen Systeme<\/div>\n<div class=\"issued\">Eingereicht am 19.05.2020<\/div>\n<div class=\"cat\">Themenbereich: Innovation und Systematisches Erfinden<\/div>\n<div class=\"doi\">DOI: <a href=\"http:\/\/dx.doi.org\/10.14625\/graebe_20200519\">http:\/\/dx.doi.org\/10.14625\/graebe_20200519<\/a><\/div>\n<div class=\"url\">Lokale URL: <a href=\"http:\/\/leibniz-institut.de\/archiv\/graebe_20200519.pdf\">http:\/\/leibniz-institut.de\/archiv\/graebe_20200519.pdf<\/a><\/div>\n<div class=\"license\">Licensed under the terms of <a href=\"https:\/\/creativecommons.org\/licenses\/by\/3.0\/de\/\">CC-BY<\/a><\/div>\n<\/div>\n\n<div class=\"lifis-paper\"><div class=\"author\">Thiel, Rainer<\/div>\n<div class=\"title\">Kreativit\u00e4t und Industrie 4.0. Interdisziplin\u00e4re Konsequenzen<\/div>\n<div class=\"issued\">Eingereicht am 20.01.2020<\/div>\n<div class=\"cat\">Themenbereich: Innovation und Systematisches Erfinden<\/div>\n<div class=\"doi\">DOI: <a href=\"http:\/\/dx.doi.org\/10.14625\/thiel_20200120\">http:\/\/dx.doi.org\/10.14625\/thiel_20200120<\/a><\/div>\n<div class=\"url\">Lokale URL: <a href=\"http:\/\/leibniz-institut.de\/archiv\/thiel_20200120.pdf\">http:\/\/leibniz-institut.de\/archiv\/thiel_20200120.pdf<\/a><\/div>\n<div class=\"license\">Licensed under the terms of <a href=\"https:\/\/creativecommons.org\/licenses\/by\/3.0\/de\/\">CC-BY<\/a><\/div>\n<\/div>\n\n<div class=\"lifis-paper\"><div class=\"author\">Zobel, Dietmar<\/div>\n<div class=\"title\">Beitr\u00e4ge zur Weiterentwicklung der TRIZ<\/div>\n<div class=\"issued\">Eingereicht am 19.01.2020<\/div>\n<div class=\"cat\">Themenbereich: Innovation und Systematisches Erfinden<\/div>\n<div class=\"doi\">DOI: <a href=\"http:\/\/dx.doi.org\/10.14625\/zobel_20200119\">http:\/\/dx.doi.org\/10.14625\/zobel_20200119<\/a><\/div>\n<div class=\"url\">Lokale URL: <a href=\"http:\/\/leibniz-institut.de\/archiv\/zobel_20200119.pdf\">http:\/\/leibniz-institut.de\/archiv\/zobel_20200119.pdf<\/a><\/div>\n<div class=\"license\">Licensed under the terms of <a href=\"https:\/\/creativecommons.org\/licenses\/by\/3.0\/de\/\">CC-BY<\/a><\/div>\n<\/div>\n\n<div class=\"lifis-paper\"><div class=\"author\">Balzer, Dietrich<\/div>\n<div class=\"title\">Gemeinsamkeiten und Unterschiede von TRIZ, k\u00fcnstlicher Intelligenz und Kybernetik als wissensbasierte Methoden f\u00fcr die L\u00f6sung technischer Probleme<\/div>\n<div class=\"issued\">Eingereicht am 10.01.2017<\/div>\n<div class=\"cat\">Themenbereich: Innovation und Systematisches Erfinden<\/div>\n<div class=\"doi\">DOI: <a href=\"http:\/\/dx.doi.org\/10.14625\/balzer_20170110\">http:\/\/dx.doi.org\/10.14625\/balzer_20170110<\/a><\/div>\n<div class=\"url\">Lokale URL: <a href=\"http:\/\/leibniz-institut.de\/archiv\/balzer_20170110.pdf\">http:\/\/leibniz-institut.de\/archiv\/balzer_20170110.pdf<\/a><\/div>\n<div class=\"license\">Licensed under the terms of <a href=\"https:\/\/creativecommons.org\/licenses\/by\/3.0\/de\/\">CC-BY<\/a><\/div>\n<\/div>\n\n<div class=\"lifis-paper\"><div class=\"author\">Thiel, Rainer<\/div>\n<div class=\"title\">Hegel, Altschuller, TRIZ. Zehn Anmerkungen<\/div>\n<div class=\"issued\">Eingereicht am 25.09.2016<\/div>\n<div class=\"cat\">Themenbereich: Innovation und Systematisches Erfinden<\/div>\n<div class=\"doi\">DOI: <a href=\"http:\/\/dx.doi.org\/10.14625\/thiel_20160925\">http:\/\/dx.doi.org\/10.14625\/thiel_20160925<\/a><\/div>\n<div class=\"url\">Lokale URL: <a href=\"http:\/\/leibniz-institut.de\/archiv\/thiel_20160925.pdf\">http:\/\/leibniz-institut.de\/archiv\/thiel_20160925.pdf<\/a><\/div>\n<div class=\"license\">Licensed under the terms of <a href=\"https:\/\/creativecommons.org\/licenses\/by\/3.0\/de\/\">CC-BY<\/a><\/div>\n<\/div>\n\n<div class=\"lifis-paper\"><div class=\"author\">Thiel, Rainer<\/div>\n<div class=\"title\">Erfinderschulen \u2013 Probleml\u00f6se-Workshops. Projekt und Praxis<\/div>\n<div class=\"issued\">Eingereicht am 03.07.2016<\/div>\n<div class=\"cat\">Themenbereich: Innovation und Systematisches Erfinden<\/div>\n<div class=\"doi\">DOI: <a href=\"http:\/\/dx.doi.org\/10.14625\/thiel_20160703\">http:\/\/dx.doi.org\/10.14625\/thiel_20160703<\/a><\/div>\n<div class=\"url\">Lokale URL: <a href=\"http:\/\/leibniz-institut.de\/archiv\/thiel_20160703.pdf\">http:\/\/leibniz-institut.de\/archiv\/thiel_20160703.pdf<\/a><\/div>\n<div class=\"license\">Licensed under the terms of <a href=\"https:\/\/creativecommons.org\/licenses\/by\/3.0\/de\/\">CC-BY<\/a><\/div>\n<\/div>\n\n<div class=\"lifis-paper\"><div class=\"author\">Stahl, J\u00fcrgen<\/div>\n<div class=\"title\">Konstruktion - Antizipation und gestaltende F\u00e4higkeit des Subjekts<\/div>\n<div class=\"issued\">Eingereicht am 22.07.2014<\/div>\n<div class=\"cat\">Themenbereich: Innovation und Systematisches Erfinden<\/div>\n<div class=\"doi\">DOI: <a href=\"http:\/\/dx.doi.org\/10.14625\/stahl_20140731\">http:\/\/dx.doi.org\/10.14625\/stahl_20140731<\/a><\/div>\n<div class=\"url\">Lokale URL: <a href=\"http:\/\/leibniz-institut.de\/archiv\/2014-07-31.pdf\">http:\/\/leibniz-institut.de\/archiv\/2014-07-31.pdf<\/a><\/div>\n<\/div>\n\n<div class=\"lifis-paper\"><div class=\"author\">Petzold, Jana-Cordelia<\/div>\n<div class=\"title\">Kompetenzentwicklung - Voraussetzung f\u00fcr F\u00fchrung und Zusammenarbeit<\/div>\n<div class=\"issued\">Eingereicht am 26.04.2011<\/div>\n<div class=\"cat\">Themenbereich: Innovation und Systematisches Erfinden<\/div>\n<div class=\"doi\">DOI: <a href=\"http:\/\/dx.doi.org\/10.14625\/KXP:178629740X\">http:\/\/dx.doi.org\/10.14625\/KXP:178629740X<\/a><\/div>\n<div class=\"url\">Lokale URL: <a href=\"http:\/\/leibniz-institut.de\/archiv\/petzold_26_04_11.pdf\">http:\/\/leibniz-institut.de\/archiv\/petzold_26_04_11.pdf<\/a><\/div>\n<\/div>\n\n","protected":false},"excerpt":{"rendered":"<p>Coordination: Prof. Hans-Gert Gr\u00e4be Background In times of ever shorter innovation cycles, the importance of structured innovation management increases both on the company organizational and engineering level. Questions of the <a class=\"more-link\" href=\"https:\/\/leibniz-institut.de\/en\/schwerpunktthemen\/erfinden\/\">Weiterlesen \u2192<\/a><\/p>\n","protected":false},"author":2,"featured_media":0,"parent":357,"menu_order":4,"comment_status":"closed","ping_status":"closed","template":"","meta":{"footnotes":""},"class_list":["post-552","page","type-page","status-publish","hentry"],"translation":{"provider":"WPGlobus","version":"3.0.2","language":"en","enabled_languages":["de","en","ru"],"languages":{"de":{"title":true,"content":true,"excerpt":false},"en":{"title":true,"content":true,"excerpt":false},"ru":{"title":true,"content":true,"excerpt":false}}},"_links":{"self":[{"href":"https:\/\/leibniz-institut.de\/en\/wp-json\/wp\/v2\/pages\/552","targetHints":{"allow":["GET"]}}],"collection":[{"href":"https:\/\/leibniz-institut.de\/en\/wp-json\/wp\/v2\/pages"}],"about":[{"href":"https:\/\/leibniz-institut.de\/en\/wp-json\/wp\/v2\/types\/page"}],"author":[{"embeddable":true,"href":"https:\/\/leibniz-institut.de\/en\/wp-json\/wp\/v2\/users\/2"}],"replies":[{"embeddable":true,"href":"https:\/\/leibniz-institut.de\/en\/wp-json\/wp\/v2\/comments?post=552"}],"version-history":[{"count":51,"href":"https:\/\/leibniz-institut.de\/en\/wp-json\/wp\/v2\/pages\/552\/revisions"}],"predecessor-version":[{"id":1723,"href":"https:\/\/leibniz-institut.de\/en\/wp-json\/wp\/v2\/pages\/552\/revisions\/1723"}],"up":[{"embeddable":true,"href":"https:\/\/leibniz-institut.de\/en\/wp-json\/wp\/v2\/pages\/357"}],"wp:attachment":[{"href":"https:\/\/leibniz-institut.de\/en\/wp-json\/wp\/v2\/media?parent=552"}],"curies":[{"name":"wp","href":"https:\/\/api.w.org\/{rel}","templated":true}]}}