{"id":556,"date":"2016-08-21T13:01:55","date_gmt":"2016-08-21T13:01:55","guid":{"rendered":"http:\/\/leibniz-institut.de\/?page_id=556"},"modified":"2021-05-30T08:15:15","modified_gmt":"2021-05-30T08:15:15","slug":"nanoscience","status":"publish","type":"page","link":"https:\/\/leibniz-institut.de\/en\/schwerpunktthemen\/weitere-themen\/nanoscience\/","title":{"rendered":"Nanoscience und neue Materialien"},"content":{"rendered":"<p><strong>Koordination:<\/strong> <a href=\"http:\/\/leibniz-institut.de\/startseite\/mitglieder\/\">Dr. Dirk La\u00dfner<\/a><\/p>\n<h2>Hintergrund<\/h2>\n<p>Nanotechnologie ist eine der sechs <a href=\"https:\/\/ec.europa.eu\/growth\/industry\/key-enabling-technologies\/description_en\">Key Enabling Technologies<\/a> (KETs), die die Europ\u00e4ische Kommission f\u00fcr den n\u00e4chsten Zeitraum identifiziert hat. Nanotechnologien finden heute in einer sehr breiten Palette von Produkten Eingang und f\u00fchren h\u00e4ufig zu gravierenden Verbesserungen der technischen und \u00f6konomischen Parameter traditioneller Produkte sowie zur Schaffung v\u00f6llig neuer Produkte, die ohne die Nanotechnologien nicht denkbar w\u00e4ren.<\/p>\n<p>Gegenw\u00e4rtige Hauptanwendungen der Nanowissenschaften liegen auf den Gebieten der Medizin, Elektronik und Energietechnik. In diesem Schwerpunkt soll in gemeinsamer Beratung zwischen Vertretern aus Wissenschaft, Wirtschaft und Politik auf ausgew\u00e4hlten Themenfeldern diskutiert werden, wie Ergebnisse aus der Forschung m\u00f6glichst effektiv und schnell zur Anwendung gebracht werden k\u00f6nnen. Dazu sollen Vorschl\u00e4ge und Beispiele studiert sowie der interdisziplin\u00e4re Dialog als eine der Triebfedern f\u00fcr Innovationen bef\u00f6rdert werden.<\/p>\n<h2>Leibnizkonferenzen zum Schwerpunkt<\/h2>\n<ul>\n<li class=\"page_item page-item-103\"><a href=\"http:\/\/leibniz-institut.de\/konferenzen\/1-leibniz-konferenz-nanoscience-2005\/\">1. Leibniz-Konferenz Nanoscience 2005<\/a><\/li>\n<li class=\"page_item page-item-110\"><a href=\"http:\/\/leibniz-institut.de\/konferenzen\/5-leibniz-konferenz-nanoscience-2007\/\">5. Leibniz-Konferenz Nanoscience 2007<\/a><\/li>\n<li class=\"page_item page-item-153 has_children\"><a href=\"http:\/\/leibniz-institut.de\/konferenzen\/9-leibniz-konferenz-nanoscience-2009\/\">9. Leibniz-Konferenz Nanoscience 2009<\/a><\/li>\n<li class=\"page_item page-item-249 has_children\"><a href=\"http:\/\/leibniz-institut.de\/konferenzen\/13-leibniz-konferenz-nanoscience-2012\/\">13. Leibniz-Konferenz Nanoscience 2012<\/a><\/li>\n<\/ul>\n<h2>Beitr\u00e4ge zum Thema bei LIFIS-Online (in revers chronologischer Ordnung)<\/h2>\n<p>Nano- und Mikrostrukturen, Neue Materialien<\/p>\n<div class=\"lifis-paper\"><div class=\"author\">Simmel, Friedrich C.<\/div>\n<div class=\"title\">DNA - Nanostrukturen und molekulare Maschinen aus DNA<\/div>\n<div class=\"issued\">Eingereicht am 26.01.2014<\/div>\n<div class=\"cat\">Themenbereich: Nano- und Mikrostrukturen \/ Neue Materialien<\/div>\n<div class=\"doi\">DOI: <a href=\"http:\/\/dx.doi.org\/10.14625\/simmel_26_01_14\">http:\/\/dx.doi.org\/10.14625\/simmel_26_01_14<\/a><\/div>\n<div class=\"url\">Lokale URL: <a href=\"http:\/\/leibniz-institut.de\/archiv\/simmel_26_01_14.pdf\">http:\/\/leibniz-institut.de\/archiv\/simmel_26_01_14.pdf<\/a><\/div>\n<\/div>\n\n<div class=\"lifis-paper\"><div class=\"author\">Michel, Bernd; Winkler, Thomas<\/div>\n<div class=\"title\">EUCEMAN - The European Center on MicroNanoRelability<\/div>\n<div class=\"issued\">Eingereicht am 06.09.2012<\/div>\n<div class=\"cat\">Themenbereich: Nano- und Mikrostrukturen \/ Neue Materialien<\/div>\n<div class=\"doi\">DOI: <a href=\"http:\/\/dx.doi.org\/10.14625\/KXP:1786295318\">http:\/\/dx.doi.org\/10.14625\/KXP:1786295318<\/a><\/div>\n<div class=\"url\">Lokale URL: <a href=\"http:\/\/leibniz-institut.de\/archiv\/michel_06_09_12.pdf\">http:\/\/leibniz-institut.de\/archiv\/michel_06_09_12.pdf<\/a><\/div>\n<\/div>\n\n<div class=\"lifis-paper\"><div class=\"author\">Schmidt, Christian; Sel, Saadettin; Storsberg, Joachim<\/div>\n<div class=\"title\">Artifical Cornea (Keratoprosthesis) - A Nanotechnologically Modified Biomaterial To Restore Eyesight To Ultimo Ratio Patients<\/div>\n<div class=\"issued\">Eingereicht am 29.08.2012<\/div>\n<div class=\"cat\">Themenbereich: Nano- und Mikrostrukturen \/ Neue Materialien<\/div>\n<div class=\"doi\">DOI: <a href=\"http:\/\/dx.doi.org\/10.14625\/KXP:1786295733\">http:\/\/dx.doi.org\/10.14625\/KXP:1786295733<\/a><\/div>\n<div class=\"url\">Lokale URL: <a href=\"http:\/\/leibniz-institut.de\/archiv\/storsberg_29_08_12.pdf\">http:\/\/leibniz-institut.de\/archiv\/storsberg_29_08_12.pdf<\/a><\/div>\n<\/div>\n\n<div class=\"lifis-paper\"><div class=\"author\">Peters, Falk<\/div>\n<div class=\"title\">Zur rechtlichen Haftung f\u00fcr sch\u00e4dliche Folgen der Verwendung von Nanomaterialien - ein Neuland unter rechtstheoretischer Betrachtung<\/div>\n<div class=\"issued\">Eingereicht am 11.04.2012<\/div>\n<div class=\"cat\">Themenbereich: Nano- und Mikrostrukturen \/ Neue Materialien<\/div>\n<div class=\"doi\">DOI: <a href=\"http:\/\/dx.doi.org\/10.14625\/KXP:1786296012\">http:\/\/dx.doi.org\/10.14625\/KXP:1786296012<\/a><\/div>\n<div class=\"url\">Lokale URL: <a href=\"http:\/\/leibniz-institut.de\/archiv\/peters_11_04_12.pdf\">http:\/\/leibniz-institut.de\/archiv\/peters_11_04_12.pdf<\/a><\/div>\n<\/div>\n\n<div class=\"lifis-paper\"><div class=\"author\">Kohlert, Christian<\/div>\n<div class=\"title\">Nanotechnologie zur Eigenschaftsvariation polymerer Folien<\/div>\n<div class=\"issued\">Eingereicht am 10.02.2011<\/div>\n<div class=\"cat\">Themenbereich: Nano- und Mikrostrukturen \/ Neue Materialien<\/div>\n<div class=\"doi\">DOI: <a href=\"http:\/\/dx.doi.org\/10.14625\/KXP:1786303434\">http:\/\/dx.doi.org\/10.14625\/KXP:1786303434<\/a><\/div>\n<div class=\"url\">Lokale URL: <a href=\"http:\/\/leibniz-institut.de\/archiv\/kohlert_10_02_11.pdf\">http:\/\/leibniz-institut.de\/archiv\/kohlert_10_02_11.pdf<\/a><\/div>\n<\/div>\n\n<div class=\"lifis-paper\"><div class=\"author\">Csaki, Andrea; Fritzsche, Wolfgang; Jahr, Norbert; Schneider, Thomas; Stranik, Ondrej<\/div>\n<div class=\"title\">Nanoparticles and DNA on Chips - Realization of a Nanobiotechnology Toolbox for Single Particle Bioanalysis<\/div>\n<div class=\"issued\">Eingereicht am 06.09.2010<\/div>\n<div class=\"cat\">Themenbereich: Nano- und Mikrostrukturen \/ Neue Materialien<\/div>\n<div class=\"doi\">DOI: <a href=\"http:\/\/dx.doi.org\/10.14625\/KXP:1786304244\">http:\/\/dx.doi.org\/10.14625\/KXP:1786304244<\/a><\/div>\n<div class=\"url\">Lokale URL: <a href=\"http:\/\/leibniz-institut.de\/archiv\/schneider_06_09_10.pdf\">http:\/\/leibniz-institut.de\/archiv\/schneider_06_09_10.pdf<\/a><\/div>\n<\/div>\n\n<div class=\"lifis-paper\"><div class=\"author\">K\u00f6hler, Michael<\/div>\n<div class=\"title\">Mikroreaktionstechnik als Instrumentarium f\u00fcr die Nanotechnologie. Von der kontinuierlichen Synthese von Nanopartikeln zum \"fluidischen Nano-Engineering\"<\/div>\n<div class=\"issued\">Eingereicht am 28.06.2010<\/div>\n<div class=\"cat\">Themenbereich: Nano- und Mikrostrukturen \/ Neue Materialien<\/div>\n<div class=\"doi\">DOI: <a href=\"http:\/\/dx.doi.org\/10.14625\/KXP:1786305062\">http:\/\/dx.doi.org\/10.14625\/KXP:1786305062<\/a><\/div>\n<div class=\"url\">Lokale URL: <a href=\"http:\/\/leibniz-institut.de\/archiv\/koehler_28_06_10.pdf\">http:\/\/leibniz-institut.de\/archiv\/koehler_28_06_10.pdf<\/a><\/div>\n<\/div>\n\n<div class=\"lifis-paper\"><div class=\"author\">Edtmaier, Christian; Januschewski, Judith; Kast, Michael; K\u00f6ck, Anton; Maier, Thomas; Stepper, Christoph; Tischner, Alexandra<\/div>\n<div class=\"title\">Metalloxid-Nanostrukturen f\u00fcr die Gassensorik<\/div>\n<div class=\"issued\">Eingereicht am 20.02.2008<\/div>\n<div class=\"cat\">Themenbereich: Nano- und Mikrostrukturen \/ Neue Materialien<\/div>\n<div class=\"doi\">DOI: <a href=\"http:\/\/dx.doi.org\/10.14625\/KXP:1786324563\">http:\/\/dx.doi.org\/10.14625\/KXP:1786324563<\/a><\/div>\n<div class=\"url\">Lokale URL: <a href=\"http:\/\/leibniz-institut.de\/archiv\/koeck_20_02_08.pdf\">http:\/\/leibniz-institut.de\/archiv\/koeck_20_02_08.pdf<\/a><\/div>\n<\/div>\n\n<div class=\"lifis-paper\"><div class=\"author\">K\u00f6hler, Michael<\/div>\n<div class=\"title\">Nanotechnologie \u2013 Realit\u00e4t und Visionen<\/div>\n<div class=\"issued\">Eingereicht am 01.02.2008<\/div>\n<div class=\"cat\">Themenbereich: Nano- und Mikrostrukturen \/ Neue Materialien<\/div>\n<div class=\"doi\">DOI: <a href=\"http:\/\/dx.doi.org\/10.14625\/KXP:178632668X\">http:\/\/dx.doi.org\/10.14625\/KXP:178632668X<\/a><\/div>\n<div class=\"url\">Lokale URL: <a href=\"http:\/\/leibniz-institut.de\/archiv\/koehler_01_02_08.pdf\">http:\/\/leibniz-institut.de\/archiv\/koehler_01_02_08.pdf<\/a><\/div>\n<\/div>\n\n<div class=\"lifis-paper\"><div class=\"author\">Werner, Matthias<\/div>\n<div class=\"title\">Wirtschaftliche Perspektiven der Nanotechnologie<\/div>\n<div class=\"issued\">Eingereicht am 23.11.2007<\/div>\n<div class=\"cat\">Themenbereich: Nano- und Mikrostrukturen \/ Neue Materialien<\/div>\n<div class=\"doi\">DOI: <a href=\"http:\/\/dx.doi.org\/10.14625\/KXP:1786327910\">http:\/\/dx.doi.org\/10.14625\/KXP:1786327910<\/a><\/div>\n<div class=\"url\">Lokale URL: <a href=\"http:\/\/leibniz-institut.de\/archiv\/werner_23_11_07.pdf\">http:\/\/leibniz-institut.de\/archiv\/werner_23_11_07.pdf<\/a><\/div>\n<\/div>\n\n<div class=\"lifis-paper\"><div class=\"author\">Bauer, Monika; Kahle, Olaf<\/div>\n<div class=\"title\">Von der Ellipsometrie zur Nano-TMA\/TGA\/DVS \u2013 Methode und Anwendungen<\/div>\n<div class=\"issued\">Eingereicht am 27.09.2007<\/div>\n<div class=\"cat\">Themenbereich: Nano- und Mikrostrukturen \/ Neue Materialien<\/div>\n<div class=\"doi\">DOI: <a href=\"http:\/\/dx.doi.org\/10.14625\/KXP:1786328631\">http:\/\/dx.doi.org\/10.14625\/KXP:1786328631<\/a><\/div>\n<div class=\"url\">Lokale URL: <a href=\"http:\/\/leibniz-institut.de\/archiv\/kahle_bauer_27_09_07.pdf\">http:\/\/leibniz-institut.de\/archiv\/kahle_bauer_27_09_07.pdf<\/a><\/div>\n<\/div>\n\n<div class=\"lifis-paper\"><div class=\"author\">Grimmeiss, Hermann<\/div>\n<div class=\"title\">Nanoscience: Vom Forschungsergebnis zum Industrieprodukt<\/div>\n<div class=\"issued\">Eingereicht am 23.02.2007<\/div>\n<div class=\"cat\">Themenbereich: Nano- und Mikrostrukturen \/ Neue Materialien<\/div>\n<div class=\"doi\">DOI: <a href=\"http:\/\/dx.doi.org\/10.14625\/KXP:1786329999\">http:\/\/dx.doi.org\/10.14625\/KXP:1786329999<\/a><\/div>\n<div class=\"url\">Lokale URL: <a href=\"http:\/\/leibniz-institut.de\/archiv\/grimmeiss_23_02_07.pdf\">http:\/\/leibniz-institut.de\/archiv\/grimmeiss_23_02_07.pdf<\/a><\/div>\n<\/div>\n\n<div class=\"lifis-paper\"><div class=\"author\">K\u00f6hler, Michael<\/div>\n<div class=\"title\">Nanotechnologie im chemischen und im biochemischen Labor: Mikrodurchflu\u00dfreaktoren und Nanolitersegmenttechnik<\/div>\n<div class=\"issued\">Eingereicht am 22.02.2007<\/div>\n<div class=\"cat\">Themenbereich: Nano- und Mikrostrukturen \/ Neue Materialien<\/div>\n<div class=\"doi\">DOI: <a href=\"http:\/\/dx.doi.org\/10.14625\/KXP:1786330202\">http:\/\/dx.doi.org\/10.14625\/KXP:1786330202<\/a><\/div>\n<div class=\"url\">Lokale URL: <a href=\"http:\/\/leibniz-institut.de\/archiv\/koehler_22_02_07.pdf\">http:\/\/leibniz-institut.de\/archiv\/koehler_22_02_07.pdf<\/a><\/div>\n<\/div>\n\n","protected":false},"excerpt":{"rendered":"<p>Koordination: Dr. Dirk La\u00dfner Hintergrund Nanotechnologie ist eine der sechs Key Enabling Technologies (KETs), die die Europ\u00e4ische Kommission f\u00fcr den n\u00e4chsten Zeitraum identifiziert hat. Nanotechnologien finden heute in einer sehr <a class=\"more-link\" href=\"https:\/\/leibniz-institut.de\/en\/schwerpunktthemen\/weitere-themen\/nanoscience\/\">Weiterlesen \u2192<\/a><\/p>\n","protected":false},"author":2,"featured_media":0,"parent":1242,"menu_order":0,"comment_status":"closed","ping_status":"closed","template":"","meta":{"footnotes":""},"class_list":["post-556","page","type-page","status-publish","hentry"],"translation":{"provider":"WPGlobus","version":"3.0.2","language":"en","enabled_languages":["de","en","ru"],"languages":{"de":{"title":true,"content":true,"excerpt":false},"en":{"title":false,"content":false,"excerpt":false},"ru":{"title":false,"content":true,"excerpt":false}}},"_links":{"self":[{"href":"https:\/\/leibniz-institut.de\/en\/wp-json\/wp\/v2\/pages\/556","targetHints":{"allow":["GET"]}}],"collection":[{"href":"https:\/\/leibniz-institut.de\/en\/wp-json\/wp\/v2\/pages"}],"about":[{"href":"https:\/\/leibniz-institut.de\/en\/wp-json\/wp\/v2\/types\/page"}],"author":[{"embeddable":true,"href":"https:\/\/leibniz-institut.de\/en\/wp-json\/wp\/v2\/users\/2"}],"replies":[{"embeddable":true,"href":"https:\/\/leibniz-institut.de\/en\/wp-json\/wp\/v2\/comments?post=556"}],"version-history":[{"count":8,"href":"https:\/\/leibniz-institut.de\/en\/wp-json\/wp\/v2\/pages\/556\/revisions"}],"predecessor-version":[{"id":1453,"href":"https:\/\/leibniz-institut.de\/en\/wp-json\/wp\/v2\/pages\/556\/revisions\/1453"}],"up":[{"embeddable":true,"href":"https:\/\/leibniz-institut.de\/en\/wp-json\/wp\/v2\/pages\/1242"}],"wp:attachment":[{"href":"https:\/\/leibniz-institut.de\/en\/wp-json\/wp\/v2\/media?parent=556"}],"curies":[{"name":"wp","href":"https:\/\/api.w.org\/{rel}","templated":true}]}}