{"id":561,"date":"2016-08-21T13:04:37","date_gmt":"2016-08-21T13:04:37","guid":{"rendered":"http:\/\/leibniz-institut.de\/?page_id=561"},"modified":"2021-05-30T08:15:59","modified_gmt":"2021-05-30T08:15:59","slug":"recycling","status":"publish","type":"page","link":"https:\/\/leibniz-institut.de\/en\/schwerpunktthemen\/weitere-themen\/recycling\/","title":{"rendered":"Recycling"},"content":{"rendered":"<h2>Hintergrund<\/h2>\n<p>Rohstoffe sind die Grundlage jeder industriellen Wertsch\u00f6pfung. Diese unverr\u00fcckbare Tatsache war in den letzten Jahrzehnten auch im Industrieland Deutschland fast in Vergessenheit geraten. Erst die tiefgreifenden, dauerhaften Ver\u00e4nderungen an den internationalen Rohstoffm\u00e4rkten seit Beginn des neuen Jahrtausends und ihre starken Auswirkungen auf die sichere und bezahlbare Rohstoffversorgung, gerade importabh\u00e4ngiger Industriestaaten, haben Rohstofffragen wieder st\u00e4rker in den Focus von Unternehmen und Politik ger\u00fcckt.<\/p>\n<p>Zur Bew\u00e4ltigung der komplexen Herausforderungen, die sich aus den technologischen, lagerst\u00e4ttenspezifischen und politischen Entwicklungen im Rohstoffbereich ergeben, sind staatliche und unternehmerische Strategien erforderlich. Ihre Umsetzung bedarf langfristig stabiler, berechenbarer, transparenter Rahmenbedingungen.<\/p>\n<p>Viele Staaten haben in den letzten Jahren derartige Strategien verabschiedet, u. a. die Europ\u00e4ische Union (2008, 2011) und die Bundesrepublik Deutschland (2010). Sie konzentrieren sich auf drei prinzipielle Themenbereiche:<\/p>\n<ul>\n<li>den freien, diskriminierungsfreien Zugang zu den internationalen Rohstoffm\u00e4rkten,<\/li>\n<li>die optimale Nutzung einheimischer prim\u00e4rer und sekund\u00e4rer Rohstoffpotentiale und<\/li>\n<li>die bestm\u00f6gliche Rohstoffeffizienz.<\/li>\n<\/ul>\n<p>L\u00f6sungen f\u00fcr diese vielschichtigen Aufgaben sind nur durch interdisziplin\u00e4re Arbeit und internationale Zusammenarbeit zu erreichen. Eine besondere Bedeutung kommt dabei einer starken, anwendungsorientierten Rohstoff- und Materialforschung zu.<\/p>\n<p>In diesem Schwerpunkt sollen die inh\u00e4rent interdisziplin\u00e4ren Aspekte dieser nationalen und globalen Herausforderung genauer beleuchtet werden.<\/p>\n<h2>Leibnizkonferenzen zum Schwerpunkt<\/h2>\n<ul>\n<li class=\"page_item page-item-277 has_children\"><a title=\"Permalink: 20. Leibniz-Konferenz \u2013 Recycling 2016\" href=\"http:\/\/leibniz-institut.de\/konferenzen\/20-leibniz-konferenz-recycling\/\" rel=\"bookmark\">20. Leibniz-Konferenz Recycling 2016<\/a><\/li>\n<\/ul>\n","protected":false},"excerpt":{"rendered":"<p>Hintergrund Rohstoffe sind die Grundlage jeder industriellen Wertsch\u00f6pfung. Diese unverr\u00fcckbare Tatsache war in den letzten Jahrzehnten auch im Industrieland Deutschland fast in Vergessenheit geraten. Erst die tiefgreifenden, dauerhaften Ver\u00e4nderungen an <a class=\"more-link\" href=\"https:\/\/leibniz-institut.de\/en\/schwerpunktthemen\/weitere-themen\/recycling\/\">Weiterlesen \u2192<\/a><\/p>\n","protected":false},"author":2,"featured_media":0,"parent":1242,"menu_order":0,"comment_status":"closed","ping_status":"closed","template":"","meta":{"footnotes":""},"class_list":["post-561","page","type-page","status-publish","hentry"],"translation":{"provider":"WPGlobus","version":"3.0.2","language":"en","enabled_languages":["de","en","ru"],"languages":{"de":{"title":true,"content":true,"excerpt":false},"en":{"title":false,"content":false,"excerpt":false},"ru":{"title":false,"content":true,"excerpt":false}}},"_links":{"self":[{"href":"https:\/\/leibniz-institut.de\/en\/wp-json\/wp\/v2\/pages\/561","targetHints":{"allow":["GET"]}}],"collection":[{"href":"https:\/\/leibniz-institut.de\/en\/wp-json\/wp\/v2\/pages"}],"about":[{"href":"https:\/\/leibniz-institut.de\/en\/wp-json\/wp\/v2\/types\/page"}],"author":[{"embeddable":true,"href":"https:\/\/leibniz-institut.de\/en\/wp-json\/wp\/v2\/users\/2"}],"replies":[{"embeddable":true,"href":"https:\/\/leibniz-institut.de\/en\/wp-json\/wp\/v2\/comments?post=561"}],"version-history":[{"count":9,"href":"https:\/\/leibniz-institut.de\/en\/wp-json\/wp\/v2\/pages\/561\/revisions"}],"predecessor-version":[{"id":1455,"href":"https:\/\/leibniz-institut.de\/en\/wp-json\/wp\/v2\/pages\/561\/revisions\/1455"}],"up":[{"embeddable":true,"href":"https:\/\/leibniz-institut.de\/en\/wp-json\/wp\/v2\/pages\/1242"}],"wp:attachment":[{"href":"https:\/\/leibniz-institut.de\/en\/wp-json\/wp\/v2\/media?parent=561"}],"curies":[{"name":"wp","href":"https:\/\/api.w.org\/{rel}","templated":true}]}}