{"id":564,"date":"2016-08-21T13:05:32","date_gmt":"2016-08-21T13:05:32","guid":{"rendered":"http:\/\/leibniz-institut.de\/?page_id=564"},"modified":"2021-05-30T08:16:50","modified_gmt":"2021-05-30T08:16:50","slug":"sensorsysteme","status":"publish","type":"page","link":"https:\/\/leibniz-institut.de\/en\/schwerpunktthemen\/weitere-themen\/sensorsysteme\/","title":{"rendered":"Sensorsysteme"},"content":{"rendered":"<p><strong>Koordination:<\/strong> <a href=\"http:\/\/leibniz-institut.de\/startseite\/mitglieder\/\">Prof. Bernd Junghans<\/a><\/p>\n<h2>Hintergrund<\/h2>\n<p>Sensorsysteme sind ein Kernbestandteil der technologischen Revolution, die oft als <em>Industrie 4.0<\/em> bezeichnet wird, und deren umfassender gesellschaftsver\u00e4ndernder Einfluss auf unsere Art zu arbeiten, zu agieren und zusammenzuleben nicht zu \u00fcbersehen ist.<\/p>\n<p>Mit unseren Konferenzen \u00fcber Sensorsysteme haben wir den interdisziplin\u00e4ren Dialog \u00fcber dieses Zukunftsthema bef\u00f6rdert und lebhaftes Interesse bei den Teilnehmern und dar\u00fcber hinaus gefunden.<\/p>\n<p>Wir haben die st\u00fcrmische Entwicklung der Sensorsysteme in Richtung Miniaturisierung, Leistungssteigerung, neuer Wirkprinzipien, Interkonnektivit\u00e4t und Anwendungsvielfalt an vielen Beispielen eindrucksvoll dokumentiert. In immer mehr Bereichen menschlicher T\u00e4tigkeit&nbsp; wie in der Geb\u00e4ude-, Verkehrs- und Industrieautomatisierung, in der Medizintechnik, in der Logistik, im Sicherheitsbereich, in der Milit\u00e4rtechnik, in der Umwelttechnologie&nbsp; und -\u00fcberwachung sowie der Pr\u00e4zisionslandwirtschaft haben diese technischen \u201eSinnesorgane\u201c zu enormen Produktivit\u00e4tssteigerungen, Qualit\u00e4tsverbesserungen, Kostensenkungen und teilweise v\u00f6llig neuen L\u00f6sungen f\u00fcr komplexe Entwicklungsprobleme gef\u00fchrt. Dazu sind auch in <a href=\"http:\/\/leibniz-institut.de\/lifis-online\/\">LIFIS-Online<\/a> eine Reihe&nbsp; hochinteressanter Beitr\u00e4ge ver\u00f6ffentlicht worden.<\/p>\n<p>Der Markt f\u00fcr Sensorsysteme bleibt ein Wachstumstreiber f\u00fcr die Industrie mit weit \u00fcberdurchschnittlichen Wachstumsraten. \u00d6konomische, juristische und ethische&nbsp; Probleme, die sich mit der wachsenden Anwendung immer leistungsf\u00e4higerer Sensorsysteme in einem Massenmarkt ergeben, sind vorausschauend zu diskutieren und daf\u00fcr geeignete L\u00f6sungen vorzuschlagen.<\/p>\n<p>Die Breite und Vielfalt der Anwendungsm\u00f6glichkeiten von Sensorsystemen ist sehr gro\u00df und wird st\u00e4ndig gr\u00f6\u00dfer. Das \u00f6ffnet ein weites Feld f\u00fcr Innovationen, insbesondere an den Schnittstellen unterschiedlicher Fachdisziplinen. Dies zu initiieren und zu f\u00f6rdern ist das haupts\u00e4chliche Ziel dieses Themenschwerpunkts.<\/p>\n<h2>Leibnizkonferenzen zum Thema<\/h2>\n<ul>\n<li class=\"page_item page-item-108\"><a href=\"http:\/\/leibniz-institut.de\/konferenzen\/3-leibniz-konferenz-sensorsysteme-2006\/\">3. Leibniz-Konferenz Sensorsysteme 2006<\/a><\/li>\n<li class=\"page_item page-item-114 has_children\"><a href=\"http:\/\/leibniz-institut.de\/konferenzen\/7-leibnizkonferenz-sensorsysteme-2008\/\">7. Leibniz-Konferenz Sensorsysteme 2008<\/a><\/li>\n<li class=\"page_item page-item-171 has_children\"><a href=\"http:\/\/leibniz-institut.de\/konferenzen\/4-leibniz-konferenz-intelligente-logistik-2009\/\">4. Leibniz-Konferenz Intelligente Logistik 2009<\/a><\/li>\n<li class=\"page_item page-item-127 has_children\"><a href=\"http:\/\/leibniz-institut.de\/konferenzen\/10-leibniz-konferenz-sensorsysteme-2010\/\">10. Leibniz-Konferenz Sensorsysteme 2010<\/a><\/li>\n<li class=\"page_item page-item-260 has_children\"><a href=\"http:\/\/leibniz-institut.de\/konferenzen\/14-leibniz-konferenz-sensorsysteme-2012\/\">14. Leibniz-Konferenz Sensorsysteme 2012<\/a><\/li>\n<li class=\"page_item page-item-283 has_children\"><a href=\"http:\/\/leibniz-institut.de\/konferenzen\/18-leibniz-konferenz-sensorsysteme-2014\/\">18. Leibniz-Konferenz Sensorsysteme 2014<\/a><\/li>\n<\/ul>\n<h2>Beitr\u00e4ge zum Thema bei LIFIS-Online (in revers chronologischer Ordnung)<\/h2>\n<p>Sensor- und Aktorsysteme \/ Ubiquit\u00e4re Elektronik<\/p>\n<div class=\"lifis-paper\"><div class=\"author\">Kempe, Volker<\/div>\n<div class=\"title\">Inertial MEMS - Winzlinge messen Tr\u00e4gheit<\/div>\n<div class=\"issued\">Eingereicht am 09.10.2013<\/div>\n<div class=\"cat\">Themenbereich: Sensor- und Aktorsysteme \/ Ubiquit\u00e4re Elektronik<\/div>\n<div class=\"doi\">DOI: <a href=\"http:\/\/dx.doi.org\/10.14625\/KXP:1786295121\">http:\/\/dx.doi.org\/10.14625\/KXP:1786295121<\/a><\/div>\n<div class=\"url\">Lokale URL: <a href=\"http:\/\/leibniz-institut.de\/archiv\/kempe_09_10_13.pdf\">http:\/\/leibniz-institut.de\/archiv\/kempe_09_10_13.pdf<\/a><\/div>\n<\/div>\n\n<div class=\"lifis-paper\"><div class=\"author\">Renneberg, Reinhard<\/div>\n<div class=\"title\">Biosensoren - Eine \u00dcbersicht<\/div>\n<div class=\"issued\">Eingereicht am 31.05.2013<\/div>\n<div class=\"cat\">Themenbereich: Sensor- und Aktorsysteme \/ Ubiquit\u00e4re Elektronik<\/div>\n<div class=\"doi\">DOI: <a href=\"http:\/\/dx.doi.org\/10.14625\/KXP:1786295288\">http:\/\/dx.doi.org\/10.14625\/KXP:1786295288<\/a><\/div>\n<div class=\"url\">Lokale URL: <a href=\"http:\/\/leibniz-institut.de\/archiv\/renneberg_31_05_13.pdf\">http:\/\/leibniz-institut.de\/archiv\/renneberg_31_05_13.pdf<\/a><\/div>\n<\/div>\n\n<div class=\"lifis-paper\"><div class=\"author\">Krause, Peter; Michels, Hendrik; Varma, Gyaneshwar<\/div>\n<div class=\"title\">Trends of Piezoresistive Sensor Technology<\/div>\n<div class=\"issued\">Eingereicht am 25.05.2011<\/div>\n<div class=\"cat\">Themenbereich: Sensor- und Aktorsysteme \/ Ubiquit\u00e4re Elektronik<\/div>\n<div class=\"doi\">DOI: <a href=\"http:\/\/dx.doi.org\/10.14625\/KXP:1786297329\">http:\/\/dx.doi.org\/10.14625\/KXP:1786297329<\/a><\/div>\n<div class=\"url\">Lokale URL: <a href=\"http:\/\/leibniz-institut.de\/archiv\/krause_p_25_05_11.pdf\">http:\/\/leibniz-institut.de\/archiv\/krause_p_25_05_11.pdf<\/a><\/div>\n<\/div>\n\n<div class=\"lifis-paper\"><div class=\"author\">Budzier, Helmut; Gerhard, Gerald<\/div>\n<div class=\"title\">Infrarot-Sensoren f\u00fcr die Thermografie - Stand und Tendenzen<\/div>\n<div class=\"issued\">Eingereicht am 22.03.2011<\/div>\n<div class=\"cat\">Themenbereich: Sensor- und Aktorsysteme \/ Ubiquit\u00e4re Elektronik<\/div>\n<div class=\"doi\">DOI: <a href=\"http:\/\/dx.doi.org\/10.14625\/KXP:1786303167\">http:\/\/dx.doi.org\/10.14625\/KXP:1786303167<\/a><\/div>\n<div class=\"url\">Lokale URL: <a href=\"http:\/\/leibniz-institut.de\/archiv\/budzier_22_03_11.pdf\">http:\/\/leibniz-institut.de\/archiv\/budzier_22_03_11.pdf<\/a><\/div>\n<\/div>\n\n<div class=\"lifis-paper\"><div class=\"author\">Junghans, Bernd<\/div>\n<div class=\"title\">Inter- und Transdisziplinarit\u00e4t als Voraussetzungen f\u00fcr den wissenschaftlichen und technischen Fortschritt<\/div>\n<div class=\"issued\">Eingereicht am 11.07.2010<\/div>\n<div class=\"cat\">Themenbereich: Sensor- und Aktorsysteme \/ Ubiquit\u00e4re Elektronik<\/div>\n<div class=\"doi\">DOI: <a href=\"http:\/\/dx.doi.org\/10.14625\/KXP:1786304600\">http:\/\/dx.doi.org\/10.14625\/KXP:1786304600<\/a><\/div>\n<div class=\"url\">Lokale URL: <a href=\"http:\/\/leibniz-institut.de\/archiv\/junghans_11_07_10.pdf\">http:\/\/leibniz-institut.de\/archiv\/junghans_11_07_10.pdf<\/a><\/div>\n<\/div>\n\n<div class=\"lifis-paper\"><div class=\"author\">Fischer, Wolf-Joachim; Heinig, Andreas; Steinert, Marian<\/div>\n<div class=\"title\">Langzeit-Bewegungsmonitoring und Energieumsatzbestimmung mittels eines portablen Diagnoseger\u00e4tes<\/div>\n<div class=\"issued\">Eingereicht am 28.05.2009<\/div>\n<div class=\"cat\">Themenbereich: Sensor- und Aktorsysteme \/ Ubiquit\u00e4re Elektronik<\/div>\n<div class=\"doi\">DOI: <a href=\"http:\/\/dx.doi.org\/10.14625\/KXP:1786320207\">http:\/\/dx.doi.org\/10.14625\/KXP:1786320207<\/a><\/div>\n<div class=\"url\">Lokale URL: <a href=\"http:\/\/leibniz-institut.de\/archiv\/fischer_wolf_28_05_09.pdf\">http:\/\/leibniz-institut.de\/archiv\/fischer_wolf_28_05_09.pdf<\/a><\/div>\n<\/div>\n\n<div class=\"lifis-paper\"><div class=\"author\">Bertz, Andreas; Dittrich, Claus; Gessner, Thomas; Thieme, Torsten<\/div>\n<div class=\"title\">Eine neue Technologie zur Herstellung kosteng\u00fcnstiger Inertialsensoren<\/div>\n<div class=\"issued\">Eingereicht am 10.03.2009<\/div>\n<div class=\"cat\">Themenbereich: Sensor- und Aktorsysteme \/ Ubiquit\u00e4re Elektronik<\/div>\n<div class=\"doi\">DOI: <a href=\"http:\/\/dx.doi.org\/10.14625\/KXP:178632055X\">http:\/\/dx.doi.org\/10.14625\/KXP:178632055X<\/a><\/div>\n<div class=\"url\">Lokale URL: <a href=\"http:\/\/leibniz-institut.de\/archiv\/thieme_10_03_09.pdf\">http:\/\/leibniz-institut.de\/archiv\/thieme_10_03_09.pdf<\/a><\/div>\n<\/div>\n\n<div class=\"lifis-paper\"><div class=\"author\">Heuer, Henning; K\u00f6hler, Bernd; Kr\u00fcger, Peter; Meyendorf, Norbert; Netzelmann, Udo; Oppermann, Martin; Schubert, Frank; Striegler, Andr\u00e9; Wolter, Klaus-J\u00fcrgen<\/div>\n<div class=\"title\">Zerst\u00f6rungsfreie Pr\u00fcfverfahren f\u00fcr strukturintegrierte elektronische Systeme \u2013 Forderungen und M\u00f6glichkeiten<\/div>\n<div class=\"issued\">Eingereicht am 19.02.2008<\/div>\n<div class=\"cat\">Themenbereich: Sensor- und Aktorsysteme \/ Ubiquit\u00e4re Elektronik<\/div>\n<div class=\"doi\">DOI: <a href=\"http:\/\/dx.doi.org\/10.14625\/KXP:1786324997\">http:\/\/dx.doi.org\/10.14625\/KXP:1786324997<\/a><\/div>\n<div class=\"url\">Lokale URL: <a href=\"http:\/\/leibniz-institut.de\/archiv\/wolter_19_02_08.pdf\">http:\/\/leibniz-institut.de\/archiv\/wolter_19_02_08.pdf<\/a><\/div>\n<\/div>\n\n<div class=\"lifis-paper\"><div class=\"author\">Gessner, Thomas; Martin, J\u00f6rg; Otto, Thomas<\/div>\n<div class=\"title\">Nanotechnologie f\u00fcr polymerbasierte Sensor- und Aktorarrays<\/div>\n<div class=\"issued\">Eingereicht am 16.11.2007<\/div>\n<div class=\"cat\">Themenbereich: Sensor- und Aktorsysteme \/ Ubiquit\u00e4re Elektronik<\/div>\n<div class=\"doi\">DOI: <a href=\"http:\/\/dx.doi.org\/10.14625\/KXP:1786328070\">http:\/\/dx.doi.org\/10.14625\/KXP:1786328070<\/a><\/div>\n<div class=\"url\">Lokale URL: <a href=\"http:\/\/leibniz-institut.de\/archiv\/otto_16_11_07.pdf\">http:\/\/leibniz-institut.de\/archiv\/otto_16_11_07.pdf<\/a><\/div>\n<\/div>\n\n<div class=\"lifis-paper\"><div class=\"author\">Meyendorf, Norbert<\/div>\n<div class=\"title\">Neue Konzepte f\u00fcr Bauteil- und Material\u00fcberwachung in der Verkehrstechnik \u2013 speziell in Bahn und Flugzeug<\/div>\n<div class=\"issued\">Eingereicht am 04.05.2007<\/div>\n<div class=\"cat\">Themenbereich: Sensor- und Aktorsysteme \/ Ubiquit\u00e4re Elektronik<\/div>\n<div class=\"doi\">DOI: <a href=\"http:\/\/dx.doi.org\/10.14625\/KXP:1786329247\">http:\/\/dx.doi.org\/10.14625\/KXP:1786329247<\/a><\/div>\n<div class=\"url\">Lokale URL: <a href=\"http:\/\/leibniz-institut.de\/archiv\/meyendorf_04_05_07.pdf\">http:\/\/leibniz-institut.de\/archiv\/meyendorf_04_05_07.pdf<\/a><\/div>\n<\/div>\n\n","protected":false},"excerpt":{"rendered":"<p>Koordination: Prof. Bernd Junghans Hintergrund Sensorsysteme sind ein Kernbestandteil der technologischen Revolution, die oft als Industrie 4.0 bezeichnet wird, und deren umfassender gesellschaftsver\u00e4ndernder Einfluss auf unsere Art zu arbeiten, zu <a class=\"more-link\" href=\"https:\/\/leibniz-institut.de\/en\/schwerpunktthemen\/weitere-themen\/sensorsysteme\/\">Weiterlesen \u2192<\/a><\/p>\n","protected":false},"author":2,"featured_media":0,"parent":1242,"menu_order":0,"comment_status":"closed","ping_status":"closed","template":"","meta":{"footnotes":""},"class_list":["post-564","page","type-page","status-publish","hentry"],"translation":{"provider":"WPGlobus","version":"3.0.2","language":"en","enabled_languages":["de","en","ru"],"languages":{"de":{"title":true,"content":true,"excerpt":false},"en":{"title":false,"content":false,"excerpt":false},"ru":{"title":false,"content":true,"excerpt":false}}},"_links":{"self":[{"href":"https:\/\/leibniz-institut.de\/en\/wp-json\/wp\/v2\/pages\/564","targetHints":{"allow":["GET"]}}],"collection":[{"href":"https:\/\/leibniz-institut.de\/en\/wp-json\/wp\/v2\/pages"}],"about":[{"href":"https:\/\/leibniz-institut.de\/en\/wp-json\/wp\/v2\/types\/page"}],"author":[{"embeddable":true,"href":"https:\/\/leibniz-institut.de\/en\/wp-json\/wp\/v2\/users\/2"}],"replies":[{"embeddable":true,"href":"https:\/\/leibniz-institut.de\/en\/wp-json\/wp\/v2\/comments?post=564"}],"version-history":[{"count":10,"href":"https:\/\/leibniz-institut.de\/en\/wp-json\/wp\/v2\/pages\/564\/revisions"}],"predecessor-version":[{"id":1457,"href":"https:\/\/leibniz-institut.de\/en\/wp-json\/wp\/v2\/pages\/564\/revisions\/1457"}],"up":[{"embeddable":true,"href":"https:\/\/leibniz-institut.de\/en\/wp-json\/wp\/v2\/pages\/1242"}],"wp:attachment":[{"href":"https:\/\/leibniz-institut.de\/en\/wp-json\/wp\/v2\/media?parent=564"}],"curies":[{"name":"wp","href":"https:\/\/api.w.org\/{rel}","templated":true}]}}