{"id":6,"date":"2015-01-26T12:53:52","date_gmt":"2015-01-26T12:53:52","guid":{"rendered":"http:\/\/eastpress.de\/lifis\/?page_id=6"},"modified":"2025-10-24T19:00:10","modified_gmt":"2025-10-24T19:00:10","slug":"ueber-uns","status":"publish","type":"page","link":"https:\/\/leibniz-institut.de\/en\/startseite\/ueber-uns\/","title":{"rendered":"\u00dcber uns"},"content":{"rendered":"\n<h2 class=\"wp-block-heading\">Das Leibniz-Institut f\u00fcr interdisziplin\u00e4re Studien e.V. (LIFIS) &#8230;<\/h2>\n\n\n\n<p>&#8230; wurde am 3. Mai 2002 gegr\u00fcndet \u2013 auf Anregung der <a href=\"http:\/\/leibnizsozietaet.de\/\">Leibniz-Soziet\u00e4t der Wissenschaften zu Berlin e.V.<\/a>, jener im Jahr 1700 von Kurf\u00fcrst Friedrich III. von Brandenburg, dem sp\u00e4teren K\u00f6nig Friedrich I. in Preu\u00dfen, als churbrandenburgische Societ\u00e4t der Wissenschaften gestifteten Gelehrtengesellschaft.<\/p>\n\n\n\n<h2 class=\"wp-block-heading\">Der Zweck des LIFIS &#8230;<\/h2>\n\n\n\n<p>.. ist es, zwischen der Wissenschaft im Allgemeinen, der Leibniz-Soziet\u00e4t der Wissenschaften zu Berlin e.V. (kurz Leibniz-Soziet\u00e4t) im Besonderen, sowie anderen Bereichen der Gesellschaft \u2013 vorrangig der klein- und mittelst\u00e4ndischen Wirtschaft \u2013 praxisrelevante Beziehungen zu initiieren und zu f\u00f6rdern.<\/p>\n\n\n\n<p>Mit Blick auf die zunehmende Komplexit\u00e4t gegenw\u00e4rtiger und zuk\u00fcnftiger Problemstellungen steht dabei die interdisziplin\u00e4re bzw. fach\u00fcbergreifende Zusammenarbeit von Wissenschaft und Wirtschaft im Mittelpunkt aller Bem\u00fchungen. Dabei will das LIFIS keine Forschungseinrichtung im herk\u00f6mmlichen Sinne sein, sondern als \u201avirtuelle\u2019 Institution an anderen Orten verf\u00fcgbare Potentiale organisieren und koordinieren, also Netzwerke jeweils zweckm\u00e4\u00dfiger Kompetenz konstituieren.<\/p>\n\n\n\n<p>Diesem Anliegen \u2013 und damit dem Alleinstellungsmerkmal des LIFIS entsprechend \u2013 setzen sich Vorstand und Mitgliederbestand sowohl aus Vertretern der Wissenschaft als auch der Wirtschaft zusammen. Mitglieder des Instituts k\u00f6nnen Einzelpersonen, Korporationen sowie F\u00f6rdermitglieder werden.<\/p>\n\n\n\n<p>Das LIFIS ist juristisch selbstst\u00e4ndig und hat seinen Sitz in Berlin-Adlershof. Das Institut finanziert seine T\u00e4tigkeit aus Mitgliedsbeitr\u00e4gen, Spenden und anderen Zuwendungen. Derzeit gilt die am 14. M\u00e4rz 2013 von der Mitgliederversammlung verabschiedete Fassung der Satzung sowie der Beitragsordnung des LIFIS.<\/p>\n\n\n\n<p>Die Zusammenarbeit mit der Leibniz-Soziet\u00e4t ist in einer <a href=\"https:\/\/leibniz-institut.de\/WordPress_01\/wp-content\/uploads\/Kooperationsvereinbarung_LS-20220520.pdf\" data-type=\"attachment\" data-id=\"2163\">Kooperationsvereinbarung<\/a> geregelt. Diese wurde allerdings seitens der Leibniz-Soziet\u00e4t zum Ende 2025 gek\u00fcndigt.<\/p>\n\n\n\n<p>Zum 20. Jahrestag der LIFIS-Gr\u00fcndung wurde die <a href=\"https:\/\/leibniz-institut.de\/LIFIS-Aktuell\/Heft_3.pdf\">Publikation &#8220;20 Jahre LIFIS \u2013 20 Jahre in Tradition mit Leibniz&#8221;<\/a> erstellt, in der die LIFIS-Aktivit\u00e4ten umfassender dargestellt sind.<\/p>\n\n\n\n<h2 class=\"wp-block-heading\">Zielgruppen des LIFIS<\/h2>\n\n\n\n<ul class=\"wp-block-list\">\n<li>Wissenschaftler bzw. Wissenschaftsinstitutionen unterschiedlicher disziplin\u00e4rer Ausrichtung<\/li>\n\n\n\n<li>Wirtschaftsunternehmen unterschiedlicher fachlicher Ausrichtung,<\/li>\n\n\n\n<li>Vertreter aus Wissenschafts- und Wirtschaftspolitik,<\/li>\n\n\n\n<li>wissenschaftlicher und wissenschaftlich-technischer Nachwuchs,<\/li>\n\n\n\n<li>wissenschaftlich und wissenschaftlich-technisch interessierte \u00d6ffentlichkeit.<\/li>\n<\/ul>\n\n\n\n<h2 class=\"wp-block-heading\">Aktivit\u00e4ten des LIFIS<\/h2>\n\n\n\n<ul class=\"wp-block-list\">\n<li>Veranstaltung der LEIBNIZ-KONFERENZEN, von Foren, Symposien u.\u00e4.,<\/li>\n\n\n\n<li>Initiierung, Organisierung und Koordinierung interdisziplin\u00e4r bzw. fach\u00fcbergreifend<br>angelegter Projekte,<\/li>\n\n\n\n<li>Wissenschaftliche Beratung im Rahmen solcher Projekte,<\/li>\n\n\n\n<li>Edition der Internet-Zeitschrift LIFIS ONLINE,<\/li>\n\n\n\n<li>Mitwirkung an Aus- und Weiterbildungsvorhaben.<\/li>\n<\/ul>\n\n\n\n<p>Die Aktivit\u00e4ten von LIFIS sind in einer Reihe von <a href=\"http:\/\/leibniz-institut.de\/schwerpunktthemen\/\">Schwerpunktthemen<\/a>&nbsp;zusammengefasst. Jedes Schwerpunktthema wird von jeweils einem Vereinsfreund koordiniert.<\/p>\n\n\n\n<h2 class=\"wp-block-heading\">Vereinsunterlagen<\/h2>\n\n\n\n<ul class=\"wp-block-list\">\n<li><img decoding=\"async\" src=\"\/images\/linktyp_pdf.jpg\" alt=\"\"> <a href=\"\/Verein\/Satzung.pdf\" target=\"_blank\" rel=\"noopener\">Satzung<\/a><\/li>\n\n\n\n<li><img decoding=\"async\" src=\"\/images\/linktyp_pdf.jpg\" alt=\"\"> <a href=\"\/Verein\/Ethikrichtlinie.pdf\" target=\"_blank\" rel=\"noopener\">Ethikrichtlinie<\/a><\/li>\n\n\n\n<li><img decoding=\"async\" src=\"\/images\/linktyp_pdf.jpg\" alt=\"\"> <a href=\"\/Verein\/Beitragsordnung.pdf\" target=\"_blank\" rel=\"noopener\">Beitragsordnung<\/a><\/li>\n\n\n\n<li><img decoding=\"async\" src=\"\/images\/linktyp_pdf.jpg\" alt=\"\"> <a href=\"\/Verein\/Aufnahmeantrag.pdf\" target=\"_blank\" rel=\"noopener\">Aufnahmeantrag<\/a><\/li>\n\n\n\n<li><a href=\"https:\/\/leibniz-institut.de\/WordPress_01\/wp-content\/uploads\/Kooperationsvereinbarung_LS-20220520.pdf\" data-type=\"attachment\" data-id=\"2163\">Kooperationsvereinbarung<\/a> mit der Leibniz-Soziet\u00e4t<\/li>\n<\/ul>\n","protected":false},"excerpt":{"rendered":"<p>Das Leibniz-Institut f\u00fcr interdisziplin\u00e4re Studien e.V. (LIFIS) &#8230; &#8230; wurde am 3. Mai 2002 gegr\u00fcndet \u2013 auf Anregung der Leibniz-Soziet\u00e4t der Wissenschaften zu Berlin e.V., jener im Jahr 1700 von <a class=\"more-link\" href=\"https:\/\/leibniz-institut.de\/en\/startseite\/ueber-uns\/\">Weiterlesen \u2192<\/a><\/p>\n","protected":false},"author":1,"featured_media":0,"parent":39,"menu_order":1,"comment_status":"closed","ping_status":"closed","template":"","meta":{"footnotes":""},"class_list":["post-6","page","type-page","status-publish","hentry"],"translation":{"provider":"WPGlobus","version":"3.0.2","language":"en","enabled_languages":["de","en","ru"],"languages":{"de":{"title":true,"content":true,"excerpt":false},"en":{"title":false,"content":false,"excerpt":false},"ru":{"title":true,"content":true,"excerpt":false}}},"_links":{"self":[{"href":"https:\/\/leibniz-institut.de\/en\/wp-json\/wp\/v2\/pages\/6","targetHints":{"allow":["GET"]}}],"collection":[{"href":"https:\/\/leibniz-institut.de\/en\/wp-json\/wp\/v2\/pages"}],"about":[{"href":"https:\/\/leibniz-institut.de\/en\/wp-json\/wp\/v2\/types\/page"}],"author":[{"embeddable":true,"href":"https:\/\/leibniz-institut.de\/en\/wp-json\/wp\/v2\/users\/1"}],"replies":[{"embeddable":true,"href":"https:\/\/leibniz-institut.de\/en\/wp-json\/wp\/v2\/comments?post=6"}],"version-history":[{"count":26,"href":"https:\/\/leibniz-institut.de\/en\/wp-json\/wp\/v2\/pages\/6\/revisions"}],"predecessor-version":[{"id":2264,"href":"https:\/\/leibniz-institut.de\/en\/wp-json\/wp\/v2\/pages\/6\/revisions\/2264"}],"up":[{"embeddable":true,"href":"https:\/\/leibniz-institut.de\/en\/wp-json\/wp\/v2\/pages\/39"}],"wp:attachment":[{"href":"https:\/\/leibniz-institut.de\/en\/wp-json\/wp\/v2\/media?parent=6"}],"curies":[{"name":"wp","href":"https:\/\/api.w.org\/{rel}","templated":true}]}}