{"id":613,"date":"2016-08-21T15:49:06","date_gmt":"2016-08-21T15:49:06","guid":{"rendered":"http:\/\/leibniz-institut.de\/?page_id=613"},"modified":"2016-08-21T15:49:06","modified_gmt":"2016-08-21T15:49:06","slug":"esn","status":"publish","type":"page","link":"https:\/\/leibniz-institut.de\/en\/lifis-online\/beitraege\/esn\/","title":{"rendered":"Innovative Energie-, Stoffwandlung und -nutzung"},"content":{"rendered":"<p><span style=\"color: #b71223;\"><strong><span style=\"font-size: large;\">LIFIS ONLINE<\/span><\/strong><br \/>\n<\/span><strong>Internet-Zeitschrift des Leibniz-Instituts f\u00fcr interdisziplin\u00e4re Studien e.V. (LIFIS)<br \/>\n[ ISSN 1864-6972 ]<\/strong><\/p>\n<h2>Beitr\u00e4ge zum Thema &#8220;Innovative Energie-, Stoffwandlung und -nutzung&#8221; (in revers chronologischer Ordnung)<\/h2>\n<div class=\"lifis-paper\"><div class=\"author\">Quaschning, Volker<\/div>\n<div class=\"title\">Bedeutung der Photovoltaik f\u00fcr die Energiewende in Deutschland<\/div>\n<div class=\"issued\">Eingereicht am 26.09.2013<\/div>\n<div class=\"cat\">Themenbereich: Innovative Energie-, Stoffwandlung und -nutzung<\/div>\n<div class=\"doi\">DOI: <a href=\"http:\/\/dx.doi.org\/10.14625\/KXP:1786295199\">http:\/\/dx.doi.org\/10.14625\/KXP:1786295199<\/a><\/div>\n<div class=\"url\">Lokale URL: <a href=\"http:\/\/leibniz-institut.de\/archiv\/quaschning_26_09_13.pdf\">http:\/\/leibniz-institut.de\/archiv\/quaschning_26_09_13.pdf<\/a><\/div>\n<\/div>\n\n<div class=\"lifis-paper\"><div class=\"author\">Dotzauer, Martin; Krautz, Alexander; Thr\u00e4n, Daniela<\/div>\n<div class=\"title\">Bedarfsgerechte Bereitstellung von Bioenergie - Herausforderungen und Chancen<\/div>\n<div class=\"issued\">Eingereicht am 10.07.2013<\/div>\n<div class=\"cat\">Themenbereich: Innovative Energie-, Stoffwandlung und -nutzung<\/div>\n<div class=\"doi\">DOI: <a href=\"http:\/\/dx.doi.org\/10.14625\/KXP:1786295261\">http:\/\/dx.doi.org\/10.14625\/KXP:1786295261<\/a><\/div>\n<div class=\"url\">Lokale URL: <a href=\"http:\/\/leibniz-institut.de\/archiv\/thraen_10_07_13.pdf\">http:\/\/leibniz-institut.de\/archiv\/thraen_10_07_13.pdf<\/a><\/div>\n<\/div>\n\n<div class=\"lifis-paper\"><div class=\"author\">Habermann, Boris; Ritzi, Emma<\/div>\n<div class=\"title\">Spezialtenside f\u00fcr die Gew\u00e4sser- und Bodensanierung auf Basis biogener Reststoffe - TiNasid<\/div>\n<div class=\"issued\">Eingereicht am 09.08.2012<\/div>\n<div class=\"cat\">Themenbereich: Innovative Energie-, Stoffwandlung und -nutzung<\/div>\n<div class=\"doi\">DOI: <a href=\"http:\/\/dx.doi.org\/10.14625\/KXP:1786295768\">http:\/\/dx.doi.org\/10.14625\/KXP:1786295768<\/a><\/div>\n<div class=\"url\">Lokale URL: <a href=\"http:\/\/leibniz-institut.de\/archiv\/ritzi_09_08_12.pdf\">http:\/\/leibniz-institut.de\/archiv\/ritzi_09_08_12.pdf<\/a><\/div>\n<\/div>\n\n<div class=\"lifis-paper\"><div class=\"author\">Lahl, Uwe; Zeschmar-Lahl, Barbara<\/div>\n<div class=\"title\">Weg vom \u00d6l durch \u00b4feedstock change\u00b4 in der Chemieindustrie<\/div>\n<div class=\"issued\">Eingereicht am 23.07.2012<\/div>\n<div class=\"cat\">Themenbereich: Innovative Energie-, Stoffwandlung und -nutzung<\/div>\n<div class=\"doi\">DOI: <a href=\"http:\/\/dx.doi.org\/10.14625\/KXP:1786295881\">http:\/\/dx.doi.org\/10.14625\/KXP:1786295881<\/a><\/div>\n<div class=\"url\">Lokale URL: <a href=\"http:\/\/leibniz-institut.de\/archiv\/lahl_23_07_12.pdf\">http:\/\/leibniz-institut.de\/archiv\/lahl_23_07_12.pdf<\/a><\/div>\n<\/div>\n\n<div class=\"lifis-paper\"><div class=\"author\">Thomas, Michael<\/div>\n<div class=\"title\">Der erfolgreiche Einstieg in die Energiewende und den sozial\u00f6kologischen Umbau als Voraussetzung einer \"Gro\u00dfen Transformation\"<\/div>\n<div class=\"issued\">Eingereicht am 28.06.2012<\/div>\n<div class=\"cat\">Themenbereich: Innovative Energie-, Stoffwandlung und -nutzung<\/div>\n<div class=\"doi\">DOI: <a href=\"http:\/\/dx.doi.org\/10.14625\/KXP:1786295962\">http:\/\/dx.doi.org\/10.14625\/KXP:1786295962<\/a><\/div>\n<div class=\"url\">Lokale URL: <a href=\"http:\/\/leibniz-institut.de\/archiv\/thomas_28_06_12.pdf\">http:\/\/leibniz-institut.de\/archiv\/thomas_28_06_12.pdf<\/a><\/div>\n<\/div>\n\n<div class=\"lifis-paper\"><div class=\"author\">Bernhardt, Karl-Heinz<\/div>\n<div class=\"title\">Klima im Wandel<\/div>\n<div class=\"issued\">Eingereicht am 01.02.2012<\/div>\n<div class=\"cat\">Themenbereich: Innovative Energie-, Stoffwandlung und -nutzung<\/div>\n<div class=\"doi\">DOI: <a href=\"http:\/\/dx.doi.org\/10.14625\/KXP:1786296276\">http:\/\/dx.doi.org\/10.14625\/KXP:1786296276<\/a><\/div>\n<div class=\"url\">Lokale URL: <a href=\"http:\/\/leibniz-institut.de\/archiv\/bernhardt_01_02_12.pdf\">http:\/\/leibniz-institut.de\/archiv\/bernhardt_01_02_12.pdf<\/a><\/div>\n<\/div>\n\n<div class=\"lifis-paper\"><div class=\"author\">Herforth, Christian; Lehmann, Harry<\/div>\n<div class=\"title\">2050: In Deutschland Strom zu 100 % aus erneuerbaren Energien<\/div>\n<div class=\"issued\">Eingereicht am 11.01.2012<\/div>\n<div class=\"cat\">Themenbereich: Innovative Energie-, Stoffwandlung und -nutzung<\/div>\n<div class=\"doi\">DOI: <a href=\"http:\/\/dx.doi.org\/10.14625\/KXP:178629639X\">http:\/\/dx.doi.org\/10.14625\/KXP:178629639X<\/a><\/div>\n<div class=\"url\">Lokale URL: <a href=\"http:\/\/leibniz-institut.de\/archiv\/lehmann_11_01_12.pdf\">http:\/\/leibniz-institut.de\/archiv\/lehmann_11_01_12.pdf<\/a><\/div>\n<\/div>\n\n<div class=\"lifis-paper\"><div class=\"author\">Dehne, Tilo; Petrova, Aneliya; Ringe, Jochen; Valbuena, Rafael; Westphal, G\u00fcnter<\/div>\n<div class=\"title\">Gewinnung von l\u00f6slichen Kollagenen aus Schweineschwarten und deren Verwendung in der regenerativen Medizin<\/div>\n<div class=\"issued\">Eingereicht am 09.11.2011<\/div>\n<div class=\"cat\">Themenbereich: Innovative Energie-, Stoffwandlung und -nutzung<\/div>\n<div class=\"doi\">DOI: <a href=\"http:\/\/dx.doi.org\/10.14625\/KXP:1786296527\">http:\/\/dx.doi.org\/10.14625\/KXP:1786296527<\/a><\/div>\n<div class=\"url\">Lokale URL: <a href=\"http:\/\/leibniz-institut.de\/archiv\/petrova_09_11_11.pdf\">http:\/\/leibniz-institut.de\/archiv\/petrova_09_11_11.pdf<\/a><\/div>\n<\/div>\n\n<div class=\"lifis-paper\"><div class=\"author\">Szarka, Nora; Thr\u00e4n, Daniela<\/div>\n<div class=\"title\">Die Rolle der Bioenergie in einer zuk\u00fcnftigen Energieversorgung<\/div>\n<div class=\"issued\">Eingereicht am 04.10.2011<\/div>\n<div class=\"cat\">Themenbereich: Innovative Energie-, Stoffwandlung und -nutzung<\/div>\n<div class=\"doi\">DOI: <a href=\"http:\/\/dx.doi.org\/10.14625\/KXP:1786296705\">http:\/\/dx.doi.org\/10.14625\/KXP:1786296705<\/a><\/div>\n<div class=\"url\">Lokale URL: <a href=\"http:\/\/leibniz-institut.de\/archiv\/thraen_04_10_11.pdf\">http:\/\/leibniz-institut.de\/archiv\/thraen_04_10_11.pdf<\/a><\/div>\n<\/div>\n\n<div class=\"lifis-paper\"><div class=\"author\">Petrova, Aneliya; Ringe, Jochen; Valbuena, Rafael; Westphal, G\u00fcnter<\/div>\n<div class=\"title\">Struktur und technofunktionelle Eigenschaften von Kollagenen tierischen Ursprungs<\/div>\n<div class=\"issued\">Eingereicht am 13.09.2011<\/div>\n<div class=\"cat\">Themenbereich: Innovative Energie-, Stoffwandlung und -nutzung<\/div>\n<div class=\"doi\">DOI: <a href=\"http:\/\/dx.doi.org\/10.14625\/KXP:1786296861\">http:\/\/dx.doi.org\/10.14625\/KXP:1786296861<\/a><\/div>\n<div class=\"url\">Lokale URL: <a href=\"http:\/\/leibniz-institut.de\/archiv\/petrova_13_09_11.pdf\">http:\/\/leibniz-institut.de\/archiv\/petrova_13_09_11.pdf<\/a><\/div>\n<\/div>\n\n<div class=\"lifis-paper\"><div class=\"author\">M\u00f6ller, Detlev<\/div>\n<div class=\"title\">Das SONNE-Konzept: Die Kohlendioxid-Wirtschaft<\/div>\n<div class=\"issued\">Eingereicht am 15.08.2011<\/div>\n<div class=\"cat\">Themenbereich: Innovative Energie-, Stoffwandlung und -nutzung<\/div>\n<div class=\"doi\">DOI: <a href=\"http:\/\/dx.doi.org\/10.14625\/KXP:1786296934\">http:\/\/dx.doi.org\/10.14625\/KXP:1786296934<\/a><\/div>\n<div class=\"url\">Lokale URL: <a href=\"http:\/\/leibniz-institut.de\/archiv\/moeller_15_08_11.pdf\">http:\/\/leibniz-institut.de\/archiv\/moeller_15_08_11.pdf<\/a><\/div>\n<\/div>\n\n<div class=\"lifis-paper\"><div class=\"author\">Balzer, Dietrich; Linke, Bernd<\/div>\n<div class=\"title\">Wissensbasierte Steuerung von Horizontalfermentern als System mit verteilten Parametern<\/div>\n<div class=\"issued\">Eingereicht am 27.06.2011<\/div>\n<div class=\"cat\">Themenbereich: Innovative Energie-, Stoffwandlung und -nutzung<\/div>\n<div class=\"doi\">DOI: <a href=\"http:\/\/dx.doi.org\/10.14625\/KXP:1786297078\">http:\/\/dx.doi.org\/10.14625\/KXP:1786297078<\/a><\/div>\n<div class=\"url\">Lokale URL: <a href=\"http:\/\/leibniz-institut.de\/archiv\/balzer_27_06_11.pdf\">http:\/\/leibniz-institut.de\/archiv\/balzer_27_06_11.pdf<\/a><\/div>\n<\/div>\n\n<div class=\"lifis-paper\"><div class=\"author\">Golbs, Andreas; Weber, Stefan; Werner, Petra<\/div>\n<div class=\"title\">Innovative Speichertechnologie als Grundlage einer Neugestaltung der Energieversorgung im individuellen Wohnbereich<\/div>\n<div class=\"issued\">Eingereicht am 31.05.2011<\/div>\n<div class=\"cat\">Themenbereich: Innovative Energie-, Stoffwandlung und -nutzung<\/div>\n<div class=\"doi\">DOI: <a href=\"http:\/\/dx.doi.org\/10.14625\/KXP:1786297191\">http:\/\/dx.doi.org\/10.14625\/KXP:1786297191<\/a><\/div>\n<div class=\"url\">Lokale URL: <a href=\"http:\/\/leibniz-institut.de\/archiv\/golbs_31_05_11.pdf\">http:\/\/leibniz-institut.de\/archiv\/golbs_31_05_11.pdf<\/a><\/div>\n<\/div>\n\n<div class=\"lifis-paper\"><div class=\"author\">Haussmann, Thomas; Schossig, Peter<\/div>\n<div class=\"title\">W\u00e4rme- und K\u00e4ltespeicherung - Stand der Technik und Ausblicke<\/div>\n<div class=\"issued\">Eingereicht am 11.04.2011<\/div>\n<div class=\"cat\">Themenbereich: Innovative Energie-, Stoffwandlung und -nutzung<\/div>\n<div class=\"doi\">DOI: <a href=\"http:\/\/dx.doi.org\/10.14625\/KXP:1786302837\">http:\/\/dx.doi.org\/10.14625\/KXP:1786302837<\/a><\/div>\n<div class=\"url\">Lokale URL: <a href=\"http:\/\/leibniz-institut.de\/archiv\/schossig_11_04_11.pdf\">http:\/\/leibniz-institut.de\/archiv\/schossig_11_04_11.pdf<\/a><\/div>\n<\/div>\n\n<div class=\"lifis-paper\"><div class=\"author\">Bossel, Ulf<\/div>\n<div class=\"title\">Wasserstoff l\u00f6st keine Energieprobleme<\/div>\n<div class=\"issued\">Eingereicht am 16.12.2010<\/div>\n<div class=\"cat\">Themenbereich: Innovative Energie-, Stoffwandlung und -nutzung<\/div>\n<div class=\"doi\">DOI: <a href=\"http:\/\/dx.doi.org\/10.14625\/KXP:1786303604\">http:\/\/dx.doi.org\/10.14625\/KXP:1786303604<\/a><\/div>\n<div class=\"url\">Lokale URL: <a href=\"http:\/\/leibniz-institut.de\/archiv\/bossel_16_12_10.pdf\">http:\/\/leibniz-institut.de\/archiv\/bossel_16_12_10.pdf<\/a><\/div>\n<\/div>\n\n<div class=\"lifis-paper\"><div class=\"author\">Bernhardt, Karl-Heinz<\/div>\n<div class=\"title\">Thesen zur Klimadebatte<\/div>\n<div class=\"issued\">Eingereicht am 14.12.2010<\/div>\n<div class=\"cat\">Themenbereich: Innovative Energie-, Stoffwandlung und -nutzung<\/div>\n<div class=\"doi\">DOI: <a href=\"http:\/\/dx.doi.org\/10.14625\/KXP:1786303787\">http:\/\/dx.doi.org\/10.14625\/KXP:1786303787<\/a><\/div>\n<div class=\"url\">Lokale URL: <a href=\"http:\/\/leibniz-institut.de\/archiv\/bernhardt_14_12_10.pdf\">http:\/\/leibniz-institut.de\/archiv\/bernhardt_14_12_10.pdf<\/a><\/div>\n<\/div>\n\n<div class=\"lifis-paper\"><div class=\"author\">Gerhardt, Norman; Saint-Drenan, Yves-Marie; Specht, Michael; Sterner, Michael; St\u00fcrmer, Bernd; Zuberb\u00fchler, Ulrich<\/div>\n<div class=\"title\">Erneuerbares Methan. Ein innovatives Konzept zur Speicherung und Integration Erneuerbarer Energien sowie zur regenerativen Vollversorgung<\/div>\n<div class=\"issued\">Eingereicht am 09.07.2010<\/div>\n<div class=\"cat\">Themenbereich: Innovative Energie-, Stoffwandlung und -nutzung<\/div>\n<div class=\"doi\">DOI: <a href=\"http:\/\/dx.doi.org\/10.14625\/KXP:1786304848\">http:\/\/dx.doi.org\/10.14625\/KXP:1786304848<\/a><\/div>\n<div class=\"url\">Lokale URL: <a href=\"http:\/\/leibniz-institut.de\/archiv\/sterner_09_07_10.pdf\">http:\/\/leibniz-institut.de\/archiv\/sterner_09_07_10.pdf<\/a><\/div>\n<\/div>\n\n<div class=\"lifis-paper\"><div class=\"author\">Morisseau, Gassam A.<\/div>\n<div class=\"title\">Vernetzung von Proteinen und Polysacchariden aus nachwachsenden Rohstoffen<\/div>\n<div class=\"issued\">Eingereicht am 22.04.2010<\/div>\n<div class=\"cat\">Themenbereich: Innovative Energie-, Stoffwandlung und -nutzung<\/div>\n<div class=\"doi\">DOI: <a href=\"http:\/\/dx.doi.org\/10.14625\/KXP:1786306611\">http:\/\/dx.doi.org\/10.14625\/KXP:1786306611<\/a><\/div>\n<div class=\"url\">Lokale URL: <a href=\"http:\/\/leibniz-institut.de\/archiv\/morisseau_22_04_10.pdf\">http:\/\/leibniz-institut.de\/archiv\/morisseau_22_04_10.pdf<\/a><\/div>\n<\/div>\n\n<div class=\"lifis-paper\"><div class=\"author\">Bossel, Ulf<\/div>\n<div class=\"title\">CCS: Aber wohin mit dem CO<sub>2<\/sub>?<\/div>\n<div class=\"issued\">Eingereicht am 27.10.2009<\/div>\n<div class=\"cat\">Themenbereich: Innovative Energie-, Stoffwandlung und -nutzung<\/div>\n<div class=\"doi\">DOI: <a href=\"http:\/\/dx.doi.org\/10.14625\/KXP:1786318806\">http:\/\/dx.doi.org\/10.14625\/KXP:1786318806<\/a><\/div>\n<div class=\"url\">Lokale URL: <a href=\"http:\/\/leibniz-institut.de\/archiv\/bossel_27_10_09.pdf\">http:\/\/leibniz-institut.de\/archiv\/bossel_27_10_09.pdf<\/a><\/div>\n<\/div>\n\n<div class=\"lifis-paper\"><div class=\"author\">Kamm, Birgit<\/div>\n<div class=\"title\">Gr\u00fcne Bioraffinerie-Demonstrationsanlage im Havelland<\/div>\n<div class=\"issued\">Eingereicht am 17.10.2009<\/div>\n<div class=\"cat\">Themenbereich: Innovative Energie-, Stoffwandlung und -nutzung<\/div>\n<div class=\"doi\">DOI: <a href=\"http:\/\/dx.doi.org\/10.14625\/KXP:1786319012\">http:\/\/dx.doi.org\/10.14625\/KXP:1786319012<\/a><\/div>\n<div class=\"url\">Lokale URL: <a href=\"http:\/\/leibniz-institut.de\/archiv\/kamm_17_10_09.pdf\">http:\/\/leibniz-institut.de\/archiv\/kamm_17_10_09.pdf<\/a><\/div>\n<\/div>\n\n<div class=\"lifis-paper\"><div class=\"author\">Birkholz, Mario<\/div>\n<div class=\"title\">Konvergenz in Sicht: Zur gemeinsamen Perspektive von Mikroelektronik und Biotechnologie<\/div>\n<div class=\"issued\">Eingereicht am 29.07.2009<\/div>\n<div class=\"cat\">Themenbereich: Innovative Energie-, Stoffwandlung und -nutzung<\/div>\n<div class=\"doi\">DOI: <a href=\"http:\/\/dx.doi.org\/10.14625\/KXP:1786319578\">http:\/\/dx.doi.org\/10.14625\/KXP:1786319578<\/a><\/div>\n<div class=\"url\">Lokale URL: <a href=\"http:\/\/leibniz-institut.de\/archiv\/birkholz_29_07_09.pdf\">http:\/\/leibniz-institut.de\/archiv\/birkholz_29_07_09.pdf<\/a><\/div>\n<\/div>\n\n<div class=\"lifis-paper\"><div class=\"author\">Blumenthal, Gert<\/div>\n<div class=\"title\">Kernfusionsenergie - eine untaugliche Alternative<\/div>\n<div class=\"issued\">Eingereicht am 30.03.2009<\/div>\n<div class=\"cat\">Themenbereich: Innovative Energie-, Stoffwandlung und -nutzung<\/div>\n<div class=\"doi\">DOI: <a href=\"http:\/\/dx.doi.org\/10.14625\/KXP:1786320347\">http:\/\/dx.doi.org\/10.14625\/KXP:1786320347<\/a><\/div>\n<div class=\"url\">Lokale URL: <a href=\"http:\/\/leibniz-institut.de\/archiv\/blumenthal_30_03_09.pdf\">http:\/\/leibniz-institut.de\/archiv\/blumenthal_30_03_09.pdf<\/a><\/div>\n<\/div>\n\n<div class=\"lifis-paper\"><div class=\"author\">Bitsch, Rainer; Fichtner, Wolf; Pfeiffer, Klaus; Pforte, Rene; Schwarz, Harald<\/div>\n<div class=\"title\">Netzintegration Erneuerbarer Energien in Brandenburg<\/div>\n<div class=\"issued\">Eingereicht am 24.11.2008<\/div>\n<div class=\"cat\">Themenbereich: Innovative Energie-, Stoffwandlung und -nutzung<\/div>\n<div class=\"doi\">DOI: <a href=\"http:\/\/dx.doi.org\/10.14625\/KXP:1786321556\">http:\/\/dx.doi.org\/10.14625\/KXP:1786321556<\/a><\/div>\n<div class=\"url\">Lokale URL: <a href=\"http:\/\/leibniz-institut.de\/archiv\/schwarz_24_11_08.pdf\">http:\/\/leibniz-institut.de\/archiv\/schwarz_24_11_08.pdf<\/a><\/div>\n<\/div>\n\n<div class=\"lifis-paper\"><div class=\"author\">Fleischer, Lutz-G\u00fcnther<\/div>\n<div class=\"title\">Reflexionen zur Triade Energie-Entropie-Exergie \u2013 einer universellen Qualit\u00e4t der Energie<\/div>\n<div class=\"issued\">Eingereicht am 21.10.2008<\/div>\n<div class=\"cat\">Themenbereich: Innovative Energie-, Stoffwandlung und -nutzung<\/div>\n<div class=\"doi\">DOI: <a href=\"http:\/\/dx.doi.org\/10.14625\/KXP:1786322005\">http:\/\/dx.doi.org\/10.14625\/KXP:1786322005<\/a><\/div>\n<div class=\"url\">Lokale URL: <a href=\"http:\/\/leibniz-institut.de\/archiv\/fleischer_21_10_08.pdf\">http:\/\/leibniz-institut.de\/archiv\/fleischer_21_10_08.pdf<\/a><\/div>\n<\/div>\n\n<div class=\"lifis-paper\"><div class=\"author\">Auner, Norbert; Lippold, Gerd<\/div>\n<div class=\"title\">Von Sand und Sonne zu Elektrizit\u00e4t und Wasserstoff<\/div>\n<div class=\"issued\">Eingereicht am 29.08.2008<\/div>\n<div class=\"cat\">Themenbereich: Innovative Energie-, Stoffwandlung und -nutzung<\/div>\n<div class=\"doi\">DOI: <a href=\"http:\/\/dx.doi.org\/10.14625\/KXP:1786322595\">http:\/\/dx.doi.org\/10.14625\/KXP:1786322595<\/a><\/div>\n<div class=\"url\">Lokale URL: <a href=\"http:\/\/leibniz-institut.de\/archiv\/auner_29_08_08.pdf\">http:\/\/leibniz-institut.de\/archiv\/auner_29_08_08.pdf<\/a><\/div>\n<\/div>\n\n<div class=\"lifis-paper\"><div class=\"author\">Kamm, Birgit<\/div>\n<div class=\"title\">Biomasse-Wirtschaft und Bioraffinerie-Systeme<\/div>\n<div class=\"issued\">Eingereicht am 16.07.2008<\/div>\n<div class=\"cat\">Themenbereich: Innovative Energie-, Stoffwandlung und -nutzung<\/div>\n<div class=\"doi\">DOI: <a href=\"http:\/\/dx.doi.org\/10.14625\/KXP:1786322749\">http:\/\/dx.doi.org\/10.14625\/KXP:1786322749<\/a><\/div>\n<div class=\"url\">Lokale URL: <a href=\"http:\/\/leibniz-institut.de\/archiv\/kamm_16_07_08.pdf\">http:\/\/leibniz-institut.de\/archiv\/kamm_16_07_08.pdf<\/a><\/div>\n<\/div>\n\n<div class=\"lifis-paper\"><div class=\"author\">Flach, G\u00fcnter<\/div>\n<div class=\"title\">Physikalische Grundlagen des Energieproblems<\/div>\n<div class=\"issued\">Eingereicht am 30.06.2008<\/div>\n<div class=\"cat\">Themenbereich: Innovative Energie-, Stoffwandlung und -nutzung<\/div>\n<div class=\"doi\">DOI: <a href=\"http:\/\/dx.doi.org\/10.14625\/KXP:1786322889\">http:\/\/dx.doi.org\/10.14625\/KXP:1786322889<\/a><\/div>\n<div class=\"url\">Lokale URL: <a href=\"http:\/\/leibniz-institut.de\/archiv\/flach_30_06_08.pdf\">http:\/\/leibniz-institut.de\/archiv\/flach_30_06_08.pdf<\/a><\/div>\n<\/div>\n\n<div class=\"lifis-paper\"><div class=\"author\">Scheer, Hermann<\/div>\n<div class=\"title\">Solare Energie und Rohstoffe als Basis zukunftsf\u00e4higen Wirtschaftens<\/div>\n<div class=\"issued\">Eingereicht am 20.05.2008<\/div>\n<div class=\"cat\">Themenbereich: Innovative Energie-, Stoffwandlung und -nutzung<\/div>\n<div class=\"doi\">DOI: <a href=\"http:\/\/dx.doi.org\/10.14625\/KXP:1786323052\">http:\/\/dx.doi.org\/10.14625\/KXP:1786323052<\/a><\/div>\n<div class=\"url\">Lokale URL: <a href=\"http:\/\/leibniz-institut.de\/archiv\/scheer_20_05_08.pdf\">http:\/\/leibniz-institut.de\/archiv\/scheer_20_05_08.pdf<\/a><\/div>\n<\/div>\n\n<div class=\"lifis-paper\"><div class=\"author\">Fischer, Hermann<\/div>\n<div class=\"title\">Land- und Forstwirte als Grundstoffproduzenten \u2013 Aktuelle Risiken und neue Chancen<\/div>\n<div class=\"issued\">Eingereicht am 26.04.2008<\/div>\n<div class=\"cat\">Themenbereich: Innovative Energie-, Stoffwandlung und -nutzung<\/div>\n<div class=\"doi\">DOI: <a href=\"http:\/\/dx.doi.org\/10.14625\/KXP:1786323265\">http:\/\/dx.doi.org\/10.14625\/KXP:1786323265<\/a><\/div>\n<div class=\"url\">Lokale URL: <a href=\"http:\/\/leibniz-institut.de\/archiv\/fischer_25_04_08.pdf\">http:\/\/leibniz-institut.de\/archiv\/fischer_25_04_08.pdf<\/a><\/div>\n<\/div>\n\n<div class=\"lifis-paper\"><div class=\"author\">Kaltschmitt, Martin; Lenz, Volker; Thr\u00e4n, Daniela<\/div>\n<div class=\"title\">Zur energetischen Nutzung von Biomasse in Deutschland \u2013 Potenziale, Stand und Perspektiven<\/div>\n<div class=\"issued\">Eingereicht am 25.04.2008<\/div>\n<div class=\"cat\">Themenbereich: Innovative Energie-, Stoffwandlung und -nutzung<\/div>\n<div class=\"doi\">DOI: <a href=\"http:\/\/dx.doi.org\/10.14625\/KXP:1786323486\">http:\/\/dx.doi.org\/10.14625\/KXP:1786323486<\/a><\/div>\n<div class=\"url\">Lokale URL: <a href=\"http:\/\/leibniz-institut.de\/archiv\/kaltschmitt_25_04_08.pdf\">http:\/\/leibniz-institut.de\/archiv\/kaltschmitt_25_04_08.pdf<\/a><\/div>\n<\/div>\n\n<div class=\"lifis-paper\"><div class=\"author\">\u00d6hlmann, Gerhard<\/div>\n<div class=\"title\">Integrierte Energie- und Klimapolitik \u2013 Pl\u00e4ne und Probleme 2007<\/div>\n<div class=\"issued\">Eingereicht am 10.03.2008<\/div>\n<div class=\"cat\">Themenbereich: Innovative Energie-, Stoffwandlung und -nutzung<\/div>\n<div class=\"doi\">DOI: <a href=\"http:\/\/dx.doi.org\/10.14625\/KXP:1786324121\">http:\/\/dx.doi.org\/10.14625\/KXP:1786324121<\/a><\/div>\n<div class=\"url\">Lokale URL: <a href=\"http:\/\/leibniz-institut.de\/archiv\/oehlmann_10_03_08.pdf\">http:\/\/leibniz-institut.de\/archiv\/oehlmann_10_03_08.pdf<\/a><\/div>\n<\/div>\n\n<div class=\"lifis-paper\"><div class=\"author\">Brichta, Walter; Hammel, Ernst; Mauthner, Klaus<\/div>\n<div class=\"title\">Nanotechnology as a useful contribution to the reduction Carbon Dioxide Emissions<\/div>\n<div class=\"issued\">Eingereicht am 27.11.2007<\/div>\n<div class=\"cat\">Themenbereich: Innovative Energie-, Stoffwandlung und -nutzung<\/div>\n<div class=\"doi\">DOI: <a href=\"http:\/\/dx.doi.org\/10.14625\/KXP:1786327740\">http:\/\/dx.doi.org\/10.14625\/KXP:1786327740<\/a><\/div>\n<div class=\"url\">Lokale URL: <a href=\"http:\/\/leibniz-institut.de\/archiv\/hammel_27_11_07.pdf\">http:\/\/leibniz-institut.de\/archiv\/hammel_27_11_07.pdf<\/a><\/div>\n<\/div>\n\n<div class=\"lifis-paper\"><div class=\"author\">Blumenthal, Gert<\/div>\n<div class=\"title\">Die Sonne und GAIA<\/div>\n<div class=\"issued\">Eingereicht am 12.05.2007<\/div>\n<div class=\"cat\">Themenbereich: Innovative Energie-, Stoffwandlung und -nutzung<\/div>\n<div class=\"doi\">DOI: <a href=\"http:\/\/dx.doi.org\/10.14625\/KXP:1786329042\">http:\/\/dx.doi.org\/10.14625\/KXP:1786329042<\/a><\/div>\n<div class=\"url\">Lokale URL: <a href=\"http:\/\/leibniz-institut.de\/archiv\/blumenthal_12_05_07.pdf\">http:\/\/leibniz-institut.de\/archiv\/blumenthal_12_05_07.pdf<\/a><\/div>\n<\/div>\n\n<div class=\"lifis-paper\"><div class=\"author\">Brunner, Herwig; Schmid-Staiger, Ulrike; Tr\u00f6sch, Walter<\/div>\n<div class=\"title\">Neue Ans\u00e4tze zur Stoffproduktion mit Mikroalgen<\/div>\n<div class=\"issued\">Eingereicht am 21.02.2007<\/div>\n<div class=\"cat\">Themenbereich: Innovative Energie-, Stoffwandlung und -nutzung<\/div>\n<div class=\"doi\">DOI: <a href=\"http:\/\/dx.doi.org\/10.14625\/KXP:1786330377\">http:\/\/dx.doi.org\/10.14625\/KXP:1786330377<\/a><\/div>\n<div class=\"url\">Lokale URL: <a href=\"http:\/\/leibniz-institut.de\/archiv\/brunner_21_02_07.pdf\">http:\/\/leibniz-institut.de\/archiv\/brunner_21_02_07.pdf<\/a><\/div>\n<\/div>\n\n<div class=\"lifis-paper\"><div class=\"author\">\u00d6hlmann, Gerhard<\/div>\n<div class=\"title\">Solarzeitalter \u2013 Auf dem Wege zur Realit\u00e4t<\/div>\n<div class=\"issued\">Eingereicht am 14.02.2007<\/div>\n<div class=\"cat\">Themenbereich: Innovative Energie-, Stoffwandlung und -nutzung<\/div>\n<div class=\"doi\">DOI: <a href=\"http:\/\/dx.doi.org\/10.14625\/KXP:1786330865\">http:\/\/dx.doi.org\/10.14625\/KXP:1786330865<\/a><\/div>\n<div class=\"url\">Lokale URL: <a href=\"http:\/\/leibniz-institut.de\/archiv\/oehlmann_14_02_07.pdf\">http:\/\/leibniz-institut.de\/archiv\/oehlmann_14_02_07.pdf<\/a><\/div>\n<\/div>\n\n<div class=\"lifis-paper\"><div class=\"author\">Scheer, Hermann<\/div>\n<div class=\"title\">Energie \u2013 Neu denken!<\/div>\n<div class=\"issued\">Eingereicht am 15.01.2007<\/div>\n<div class=\"cat\">Themenbereich: Innovative Energie-, Stoffwandlung und -nutzung<\/div>\n<div class=\"doi\">DOI: <a href=\"http:\/\/dx.doi.org\/10.14625\/KXP:178633111X\">http:\/\/dx.doi.org\/10.14625\/KXP:178633111X<\/a><\/div>\n<div class=\"url\">Lokale URL: <a href=\"http:\/\/leibniz-institut.de\/archiv\/scheer_15_01_07.pdf\">http:\/\/leibniz-institut.de\/archiv\/scheer_15_01_07.pdf<\/a><\/div>\n<\/div>\n\n<div class=\"lifis-paper\"><div class=\"author\">Bitsch, Rainer<\/div>\n<div class=\"title\">Integration von erneuerbaren Energiequellen und dezentralen Erzeugungen in bestehende Elektro-Energiesysteme<\/div>\n<div class=\"issued\">Eingereicht am 25.11.2006<\/div>\n<div class=\"cat\">Themenbereich: Innovative Energie-, Stoffwandlung und -nutzung<\/div>\n<div class=\"doi\">DOI: <a href=\"http:\/\/dx.doi.org\/10.14625\/KXP:1786134683\">http:\/\/dx.doi.org\/10.14625\/KXP:1786134683<\/a><\/div>\n<div class=\"url\">Lokale URL: <a href=\"http:\/\/leibniz-institut.de\/archiv\/bitsch_25_11_06.pdf\">http:\/\/leibniz-institut.de\/archiv\/bitsch_25_11_06.pdf<\/a><\/div>\n<\/div>\n\n","protected":false},"excerpt":{"rendered":"<p>LIFIS ONLINE Internet-Zeitschrift des Leibniz-Instituts f\u00fcr interdisziplin\u00e4re Studien e.V. (LIFIS) [ ISSN 1864-6972 ] Beitr\u00e4ge zum Thema &#8220;Innovative Energie-, Stoffwandlung und -nutzung&#8221; (in revers chronologischer Ordnung)<\/p>\n","protected":false},"author":2,"featured_media":0,"parent":20,"menu_order":0,"comment_status":"closed","ping_status":"closed","template":"","meta":{"footnotes":""},"class_list":["post-613","page","type-page","status-publish","hentry"],"translation":{"provider":"WPGlobus","version":"3.0.2","language":"en","enabled_languages":["de","en","ru"],"languages":{"de":{"title":true,"content":true,"excerpt":false},"en":{"title":false,"content":false,"excerpt":false},"ru":{"title":false,"content":false,"excerpt":false}}},"_links":{"self":[{"href":"https:\/\/leibniz-institut.de\/en\/wp-json\/wp\/v2\/pages\/613","targetHints":{"allow":["GET"]}}],"collection":[{"href":"https:\/\/leibniz-institut.de\/en\/wp-json\/wp\/v2\/pages"}],"about":[{"href":"https:\/\/leibniz-institut.de\/en\/wp-json\/wp\/v2\/types\/page"}],"author":[{"embeddable":true,"href":"https:\/\/leibniz-institut.de\/en\/wp-json\/wp\/v2\/users\/2"}],"replies":[{"embeddable":true,"href":"https:\/\/leibniz-institut.de\/en\/wp-json\/wp\/v2\/comments?post=613"}],"version-history":[{"count":1,"href":"https:\/\/leibniz-institut.de\/en\/wp-json\/wp\/v2\/pages\/613\/revisions"}],"predecessor-version":[{"id":614,"href":"https:\/\/leibniz-institut.de\/en\/wp-json\/wp\/v2\/pages\/613\/revisions\/614"}],"up":[{"embeddable":true,"href":"https:\/\/leibniz-institut.de\/en\/wp-json\/wp\/v2\/pages\/20"}],"wp:attachment":[{"href":"https:\/\/leibniz-institut.de\/en\/wp-json\/wp\/v2\/media?parent=613"}],"curies":[{"name":"wp","href":"https:\/\/api.w.org\/{rel}","templated":true}]}}