{"id":626,"date":"2016-08-21T15:57:17","date_gmt":"2016-08-21T15:57:17","guid":{"rendered":"http:\/\/leibniz-institut.de\/?page_id=626"},"modified":"2016-08-21T15:57:17","modified_gmt":"2016-08-21T15:57:17","slug":"logistik","status":"publish","type":"page","link":"https:\/\/leibniz-institut.de\/en\/lifis-online\/beitraege\/logistik\/","title":{"rendered":"Intelligente Logistik und Kompetenzmanagement"},"content":{"rendered":"<p><span style=\"color: #b71223;\"><strong><span style=\"font-size: large;\">LIFIS ONLINE<\/span><\/strong><br \/>\n<\/span><strong>Internet-Zeitschrift des Leibniz-Instituts f\u00fcr interdisziplin\u00e4re Studien e.V. (LIFIS)<br \/>\n[ ISSN 1864-6972 ]<\/strong><\/p>\n<h2>Beitr\u00e4ge zum Thema &#8220;Intelligente Logistik und Kompetenzmanagement&#8221; (in revers chronologischer Ordnung)<\/h2>\n<div class=\"lifis-paper\"><div class=\"author\">Ke\u00dfler, Stephan; Schmidt, Achim; Wagenitz, Axel<\/div>\n<div class=\"title\">Intelligente Logistik in gro\u00dfen Netzen<\/div>\n<div class=\"issued\">Eingereicht am 09.03.2010<\/div>\n<div class=\"cat\">Themenbereich: Intelligente Logistik \/ Kompetenzmanagement<\/div>\n<div class=\"doi\">DOI: <a href=\"http:\/\/dx.doi.org\/10.14625\/KXP:1786314428\">http:\/\/dx.doi.org\/10.14625\/KXP:1786314428<\/a><\/div>\n<div class=\"url\">Lokale URL: <a href=\"http:\/\/leibniz-institut.de\/archiv\/kessler_08_03_10.pdf\">http:\/\/leibniz-institut.de\/archiv\/kessler_08_03_10.pdf<\/a><\/div>\n<\/div>\n\n<div class=\"lifis-paper\"><div class=\"author\">Stabenau, Hanspeter<\/div>\n<div class=\"title\">Integrierte Logistikforschung - Basis der Produktivit\u00e4tsgewinnung in der Supply Chain<\/div>\n<div class=\"issued\">Eingereicht am 16.02.2010<\/div>\n<div class=\"cat\">Themenbereich: Intelligente Logistik \/ Kompetenzmanagement<\/div>\n<div class=\"doi\">DOI: <a href=\"http:\/\/dx.doi.org\/10.14625\/KXP:1786318164\">http:\/\/dx.doi.org\/10.14625\/KXP:1786318164<\/a><\/div>\n<div class=\"url\">Lokale URL: <a href=\"http:\/\/leibniz-institut.de\/archiv\/stabenau_16_02_10.pdf\">http:\/\/leibniz-institut.de\/archiv\/stabenau_16_02_10.pdf<\/a><\/div>\n<\/div>\n\n<div class=\"lifis-paper\"><div class=\"author\">Wirth, Siegfried<\/div>\n<div class=\"title\">Logistikintegrierte Kompetenznetze<\/div>\n<div class=\"issued\">Eingereicht am 13.01.2010<\/div>\n<div class=\"cat\">Themenbereich: Intelligente Logistik \/ Kompetenzmanagement<\/div>\n<div class=\"doi\">DOI: <a href=\"http:\/\/dx.doi.org\/10.14625\/KXP:1786318466\">http:\/\/dx.doi.org\/10.14625\/KXP:1786318466<\/a><\/div>\n<div class=\"url\">Lokale URL: <a href=\"http:\/\/leibniz-institut.de\/archiv\/wirth_13_01_10.pdf\">http:\/\/leibniz-institut.de\/archiv\/wirth_13_01_10.pdf<\/a><\/div>\n<\/div>\n\n<div class=\"lifis-paper\"><div class=\"author\">Taube, Michael; Zastrow, Marcus<\/div>\n<div class=\"title\">Selbstorganisierende Funksensornetzwerke<\/div>\n<div class=\"issued\">Eingereicht am 27.02.2009<\/div>\n<div class=\"cat\">Themenbereich: Intelligente Logistik \/ Kompetenzmanagement<\/div>\n<div class=\"doi\">DOI: <a href=\"http:\/\/dx.doi.org\/10.14625\/KXP:1786320800\">http:\/\/dx.doi.org\/10.14625\/KXP:1786320800<\/a><\/div>\n<div class=\"url\">Lokale URL: <a href=\"http:\/\/leibniz-institut.de\/archiv\/zastrow_27_02_09.pdf\">http:\/\/leibniz-institut.de\/archiv\/zastrow_27_02_09.pdf<\/a><\/div>\n<\/div>\n\n","protected":false},"excerpt":{"rendered":"<p>LIFIS ONLINE Internet-Zeitschrift des Leibniz-Instituts f\u00fcr interdisziplin\u00e4re Studien e.V. (LIFIS) [ ISSN 1864-6972 ] Beitr\u00e4ge zum Thema &#8220;Intelligente Logistik und Kompetenzmanagement&#8221; (in revers chronologischer Ordnung)<\/p>\n","protected":false},"author":2,"featured_media":0,"parent":20,"menu_order":0,"comment_status":"closed","ping_status":"closed","template":"","meta":{"footnotes":""},"class_list":["post-626","page","type-page","status-publish","hentry"],"translation":{"provider":"WPGlobus","version":"3.0.2","language":"en","enabled_languages":["de","en","ru"],"languages":{"de":{"title":true,"content":true,"excerpt":false},"en":{"title":false,"content":false,"excerpt":false},"ru":{"title":false,"content":false,"excerpt":false}}},"_links":{"self":[{"href":"https:\/\/leibniz-institut.de\/en\/wp-json\/wp\/v2\/pages\/626","targetHints":{"allow":["GET"]}}],"collection":[{"href":"https:\/\/leibniz-institut.de\/en\/wp-json\/wp\/v2\/pages"}],"about":[{"href":"https:\/\/leibniz-institut.de\/en\/wp-json\/wp\/v2\/types\/page"}],"author":[{"embeddable":true,"href":"https:\/\/leibniz-institut.de\/en\/wp-json\/wp\/v2\/users\/2"}],"replies":[{"embeddable":true,"href":"https:\/\/leibniz-institut.de\/en\/wp-json\/wp\/v2\/comments?post=626"}],"version-history":[{"count":1,"href":"https:\/\/leibniz-institut.de\/en\/wp-json\/wp\/v2\/pages\/626\/revisions"}],"predecessor-version":[{"id":627,"href":"https:\/\/leibniz-institut.de\/en\/wp-json\/wp\/v2\/pages\/626\/revisions\/627"}],"up":[{"embeddable":true,"href":"https:\/\/leibniz-institut.de\/en\/wp-json\/wp\/v2\/pages\/20"}],"wp:attachment":[{"href":"https:\/\/leibniz-institut.de\/en\/wp-json\/wp\/v2\/media?parent=626"}],"curies":[{"name":"wp","href":"https:\/\/api.w.org\/{rel}","templated":true}]}}