{"id":772,"date":"2017-07-04T15:41:18","date_gmt":"2017-07-04T15:41:18","guid":{"rendered":"https:\/\/leibniz-institut.de\/?page_id=772"},"modified":"2025-04-02T18:02:24","modified_gmt":"2025-04-02T18:02:24","slug":"datenschutz","status":"publish","type":"page","link":"https:\/\/leibniz-institut.de\/en\/startseite\/datenschutz\/","title":{"rendered":"Hinweise zum Datenschutz"},"content":{"rendered":"<p>Personenbezogene Daten werden auf der Basis der Datenschutzordnung des Vereins verarbeitet. Das Recht auf Auskunft nach \u00a7 34 BDSG (neu) ist gegen\u00fcber dem <a href=\"https:\/\/leibniz-institut.de\/startseite\/impressum\/\">Vereinsvorsitzenden<\/a> geltendzu machen.<\/p>\n<h2>Keine Haftung f\u00fcr die Inhalte externer Links<\/h2>\n<p>Trotz sorgf\u00e4ltiger inhaltlicher Kontrolle \u00fcbernehmen wir keine Haftung f\u00fcr die Inhalte externer Links. F\u00fcr den Inhalt der verlinkten Seiten sind ausschlie\u00dflich deren Betreiber verantwortlich.<\/p>\n","protected":false},"excerpt":{"rendered":"<p>Personenbezogene Daten werden auf der Basis der Datenschutzordnung des Vereins verarbeitet. Das Recht auf Auskunft nach \u00a7 34 BDSG (neu) ist gegen\u00fcber dem Vereinsvorsitzenden geltendzu machen. Keine Haftung f\u00fcr die <a class=\"more-link\" href=\"https:\/\/leibniz-institut.de\/en\/startseite\/datenschutz\/\">Weiterlesen \u2192<\/a><\/p>\n","protected":false},"author":2,"featured_media":0,"parent":39,"menu_order":8,"comment_status":"closed","ping_status":"closed","template":"","meta":{"footnotes":""},"class_list":["post-772","page","type-page","status-publish","hentry"],"translation":{"provider":"WPGlobus","version":"3.0.2","language":"en","enabled_languages":["de","en","ru"],"languages":{"de":{"title":true,"content":true,"excerpt":false},"en":{"title":false,"content":false,"excerpt":false},"ru":{"title":false,"content":true,"excerpt":false}}},"_links":{"self":[{"href":"https:\/\/leibniz-institut.de\/en\/wp-json\/wp\/v2\/pages\/772","targetHints":{"allow":["GET"]}}],"collection":[{"href":"https:\/\/leibniz-institut.de\/en\/wp-json\/wp\/v2\/pages"}],"about":[{"href":"https:\/\/leibniz-institut.de\/en\/wp-json\/wp\/v2\/types\/page"}],"author":[{"embeddable":true,"href":"https:\/\/leibniz-institut.de\/en\/wp-json\/wp\/v2\/users\/2"}],"replies":[{"embeddable":true,"href":"https:\/\/leibniz-institut.de\/en\/wp-json\/wp\/v2\/comments?post=772"}],"version-history":[{"count":10,"href":"https:\/\/leibniz-institut.de\/en\/wp-json\/wp\/v2\/pages\/772\/revisions"}],"predecessor-version":[{"id":2157,"href":"https:\/\/leibniz-institut.de\/en\/wp-json\/wp\/v2\/pages\/772\/revisions\/2157"}],"up":[{"embeddable":true,"href":"https:\/\/leibniz-institut.de\/en\/wp-json\/wp\/v2\/pages\/39"}],"wp:attachment":[{"href":"https:\/\/leibniz-institut.de\/en\/wp-json\/wp\/v2\/media?parent=772"}],"curies":[{"name":"wp","href":"https:\/\/api.w.org\/{rel}","templated":true}]}}