{"id":793,"date":"2017-09-16T09:32:48","date_gmt":"2017-09-16T09:32:48","guid":{"rendered":"https:\/\/leibniz-institut.de\/?page_id=793"},"modified":"2018-05-18T19:18:32","modified_gmt":"2018-05-18T19:18:32","slug":"22-leibniz-konferenz-menschen-im-weltraum","status":"publish","type":"page","link":"https:\/\/leibniz-institut.de\/en\/konferenzen\/22-leibniz-konferenz-menschen-im-weltraum\/","title":{"rendered":"22. Leibniz-Konferenz 2018 &#8211; Menschen im Weltraum"},"content":{"rendered":"<h1>40 Jahre Weltraumforschung \u2013 Phantasie und Wirklichkeit<\/h1>\n<h2>Interdisziplin\u00e4re Zusammenarbeit in der Raumfahrt \u2013 zukunftsorientiert f\u00fcr Kinder bis Gro\u00dfeltern<\/h2>\n<p>17.-18. Mai 2018, Berlin<\/p>\n<ul>\n<li>17. Mai: <a href=\"http:\/\/www.leibnizschule-berlin.de\/\">Leibniz-Gymnasium Kreuzberg<\/a>, Schleiermacherstra\u00dfe 23, 10961 Berlin<\/li>\n<li>18. Mai: B\u00fcrgeramt Rathaus Berlin-Tiergarten, Mathilde-Jacob-Platz 1, 10551 Berlin, Saal der Bezirksabgeordnetenversammlung (BVV-Saal)<\/li>\n<\/ul>\n<h3>Veranstalter:<\/h3>\n<p>Eine gemeinsame Konferenz des Leibniz-Instituts f\u00fcr interdisziplin\u00e4re Studien e.V. (LIFIS), Berlin-Adlershof und der <a href=\"https:\/\/leibnizsozietaet.de\">Leibniz-Soziet\u00e4t der Wissenschaften zu Berlin e.V.<\/a><\/p>\n<h3>Hintergrund<\/h3>\n<p>Anlass der Konferenz ist der bevorstehende 40. Jahrestag der Weltraummission Sojus 31\/Sojus29, an der Sigmund J\u00e4hn, aktiver Jagdflieger, Inspekteur f\u00fcr Flugsicherheit im Kommando Luftstreitkr\u00e4fte\/Luftverteidigung der Nationalen Volksarmee der DDR, delegiert durch die Akademie der Wissenschaften der DDR, als Forschungskosmonaut beteiligt war.<\/p>\n<p>Die Mission im August\/September 1978 war erst die dritte Weltraummission unter Beteiligung eines Raumfahrers, der weder Staatsb\u00fcrger der UdSSR noch Staatsb\u00fcrger der USA war. Die UdSSR hatte zu Beginn des Jahres 1978 ein gro\u00dfes Raumschiff (Salut-6) im Erdorbit stationiert, das mit zwei Andockstutzen ausgestattet war, so dass die Besatzungen von zwei Sojus-Raumschiffen gleichzeitig an Bord der Orbitalstation ihre jeweiligen Missionen erf\u00fcllen konnten. Zur Beteiligung am Salut-Sojus-Programm, das sp\u00e4ter durch das Mir-Sojus-Programm fortgesetzt wurde, hatte der Rat Interkosmos bei der Akademie der Wissenschaften der UdSSR alle interessierten Nationen eingeladen.<\/p>\n<p><a href=\"https:\/\/leibnizsozietaet.de\/wissenschaftliche-konferenz-menschen-im-weltraum-ankuendigung-und-einladung\/\">Mehr &#8230;<\/a><\/p>\n<h3>Programmkomitee<\/h3>\n<ul>\n<li>Prof. Dr. Gerhard Banse (MLS), Vorsitz der Programmkommission<\/li>\n<li>Prof. Dr. Lutz-G\u00fcnther Fleischer (MLS)<\/li>\n<li>Prof. Dr. Dieter B. Herrmann (MLS)<\/li>\n<li>Prof. Dr. Heinz Kautzleben (MLS)<\/li>\n<li>Prof. Dr. Heinz-J\u00fcrgen Rothe (MLS)<\/li>\n<li>Prof. Dr. Werner Regen (LIFIS)<\/li>\n<\/ul>\n<h3>Vorbereitungsgruppe LIFIS:<\/h3>\n<ul>\n<li>Prof. Dr. Werner Regen (LIFIS), Gera, Koordination<\/li>\n<li>Prof. Dr. Frieder Sieber (LIFIS), Chemnitz<\/li>\n<li>Prof. Dr. Bernd Junghans (LIFIS), Dresden<\/li>\n<li>Prof. Dr. Dietrich Balzer (LIFIS), Berlin<\/li>\n<li>Sergey J. Modestov (LIFIS), St. Petersburg<\/li>\n<li>Vjacheslav V. Timochin (National Aviation University), Kiev<\/li>\n<\/ul>\n<h3>Programm f\u00fcr den 17.5.<\/h3>\n<p>Mehr zum Programm am 17.5. auf den <a href=\"https:\/\/leibnizsozietaet.de\/event\/wissenschaftliche-konferenz-menschen-im-weltraum\/\">Seiten der Leibniz-Soziet\u00e4t<\/a><\/p>\n<h3>Programm f\u00fcr den 18.5.<\/h3>\n<ul>\n<li>10.00 \u2013 10.15 Uhr: Gerhard Banse (MLS) und Frieder Sieber (LIFIS), <em>Begr\u00fc\u00dfung<\/em><\/li>\n<li>10.15 \u2013 11.15 Uhr: Diana Wehmeier (<a href=\"https:\/\/plasma-magazine.com\/\">Journal \u201ePlasma\u201c<\/a>, ART &amp; SCIENCE MAGAZINE Dresden), <em>Kunst und Wissenschaft im Weltraum. Von Science-Fiction bis zur modernen Weltraumtechnik<\/em><\/li>\n<li>11.30 \u2013 12.30 Uhr: Werner Regen (LIFIS), Alexander Maria Fassbender (Space Coach Academy Hamburg), <em>Space up your life\u00a0\u2013 Roadshow und Blick in die Psyche der Weltraumpioniere<\/em><\/li>\n<li>12.30 \u2013 13.00 Uhr: Sergey Modestov (Staatl. Universit\u00e4t St. Petersburg),\u00a0 <em>Welchen Sinn macht Phantasie? <a href=\"https:\/\/de.wikipedia.org\/wiki\/TRIZ\">TRIZ<\/a> und Utopie \u00fcber Generationen hinweg. (Science fiction texts writing as a method of creative thinking development).<\/em> Workshop-Konzept und Projektvorstellung.<\/li>\n<li>13.00 \u2013 14.00 Uhr: Diskussionsrunde und Ausklang<\/li>\n<\/ul>\n<p>Die Veranstaltung wird unterst\u00fctzt vom <a href=\"http:\/\/www.go-east-generationen.de\">Go East Generationen e.V.<\/a>.<\/p>\n","protected":false},"excerpt":{"rendered":"<p>40 Jahre Weltraumforschung \u2013 Phantasie und Wirklichkeit Interdisziplin\u00e4re Zusammenarbeit in der Raumfahrt \u2013 zukunftsorientiert f\u00fcr Kinder bis Gro\u00dfeltern 17.-18. Mai 2018, Berlin 17. Mai: Leibniz-Gymnasium Kreuzberg, Schleiermacherstra\u00dfe 23, 10961 Berlin <a class=\"more-link\" href=\"https:\/\/leibniz-institut.de\/en\/konferenzen\/22-leibniz-konferenz-menschen-im-weltraum\/\">Weiterlesen \u2192<\/a><\/p>\n","protected":false},"author":2,"featured_media":0,"parent":31,"menu_order":22,"comment_status":"closed","ping_status":"closed","template":"","meta":{"footnotes":""},"class_list":["post-793","page","type-page","status-publish","hentry"],"translation":{"provider":"WPGlobus","version":"3.0.2","language":"en","enabled_languages":["de","en","ru"],"languages":{"de":{"title":true,"content":true,"excerpt":false},"en":{"title":false,"content":false,"excerpt":false},"ru":{"title":false,"content":false,"excerpt":false}}},"_links":{"self":[{"href":"https:\/\/leibniz-institut.de\/en\/wp-json\/wp\/v2\/pages\/793","targetHints":{"allow":["GET"]}}],"collection":[{"href":"https:\/\/leibniz-institut.de\/en\/wp-json\/wp\/v2\/pages"}],"about":[{"href":"https:\/\/leibniz-institut.de\/en\/wp-json\/wp\/v2\/types\/page"}],"author":[{"embeddable":true,"href":"https:\/\/leibniz-institut.de\/en\/wp-json\/wp\/v2\/users\/2"}],"replies":[{"embeddable":true,"href":"https:\/\/leibniz-institut.de\/en\/wp-json\/wp\/v2\/comments?post=793"}],"version-history":[{"count":32,"href":"https:\/\/leibniz-institut.de\/en\/wp-json\/wp\/v2\/pages\/793\/revisions"}],"predecessor-version":[{"id":965,"href":"https:\/\/leibniz-institut.de\/en\/wp-json\/wp\/v2\/pages\/793\/revisions\/965"}],"up":[{"embeddable":true,"href":"https:\/\/leibniz-institut.de\/en\/wp-json\/wp\/v2\/pages\/31"}],"wp:attachment":[{"href":"https:\/\/leibniz-institut.de\/en\/wp-json\/wp\/v2\/media?parent=793"}],"curies":[{"name":"wp","href":"https:\/\/api.w.org\/{rel}","templated":true}]}}