{"id":108,"date":"2015-03-13T08:10:09","date_gmt":"2015-03-13T08:10:09","guid":{"rendered":"http:\/\/eastpress.de\/lifis\/?page_id=108"},"modified":"2017-09-16T09:38:32","modified_gmt":"2017-09-16T09:38:32","slug":"3-leibniz-konferenz-sensorsysteme-2006","status":"publish","type":"page","link":"https:\/\/leibniz-institut.de\/ru\/konferenzen\/konferenz-archiv\/3-leibniz-konferenz-sensorsysteme-2006\/","title":{"rendered":"3. Leibniz-Konferenz Sensorsysteme 2006"},"content":{"rendered":"<h1>SENSORSYSTEME\u00a02006 &#8212; Sensornetzwerke, Stand der Forschung, Konsequenzen f\u00fcr die Gesellschaft<\/h1>\n<p>12. &#8212; 14. Oktober\u00a02006<br \/>\nBest Western Hotel am Schlosspark, 09577 Lichtenwalde (Sachsen), Deutschland<\/p>\n<h2>Veranstalter:<\/h2>\n<p>LEIBNIZ-INSTITUT f\u00fcr interdisziplin\u00e4re Studien e.V. (LIFIS)<br \/>\nSchloss Lichtenwalde<br \/>\nin Zusammenarbeit mit<br \/>\nLEIBNIZ-SOZIET\u00c4T e.V., Berlin<br \/>\nSILICON SAXONY e.V., Dresden<\/p>\n<h2>Programminhalte:<\/h2>\n<p>Sensorsysteme \u2013 insbesondere drahtlose Systeme \u2013 finden zunehmend Verbreitung in den unterschiedlichsten Gebieten menschlicher T\u00e4tigkeit, beispielsweise in der Geb\u00e4ude-, Verkehrs- und Industrieautomatisierung, in der Medizin u.a. zur Patienten\u00fcberwachung, im Sicherheitsbereich, der Milit\u00e4rtechnik, bei der Umwelt\u00fcberwachung und der Pr\u00e4zisionslandwirtschaft.<\/p>\n<p>Durch die enormen Produktivit\u00e4tssch\u00fcbe, die mit dieser Technik m\u00f6glich werden, beginnt sich ein Markt f\u00fcr die Produkte der Sensorsystemtechnik zu entwickeln, der das Potential hat, die bisherigen Volumentreiber f\u00fcr die elektronische Massenproduktion \u2013 Personalcomputer und Mobiltelefone \u2013 um wenigsten zwei Gr\u00f6\u00dfenordnungen zu \u00fcbertreffen. Ein Markt, der wegen der Breite und Vielfalt von Anwendungsm\u00f6glichkeiten sehr fragmentiert ist und daher erhebliche Chancen f\u00fcr hoch spezialisierte Klein- und mittelst\u00e4ndische Unternehmen bietet.<\/p>\n<p>Zugleich wachsen Anspr\u00fcche an die Entwicklung der Komponenten solcher Sensornetzwerke. Diese ergeben sich aus den f\u00fcr einen wirtschaftlichen Erfolg entscheidenden Voraussetzungen \u2013 wie minimale Herstellungs- und Betriebskosten, zeitlich nahezu unbegrenztem energieautarkem Betrieb, h\u00f6chster Zuverl\u00e4ssigkeit und Sicherheit sowie minimaler Baugr\u00f6\u00dfe.<\/p>\n<p>Daher werden gegenw\u00e4rtig vielf\u00e4ltige Entwicklungen f\u00fcr Miniatursensoren, extrem energiesparende Hard- und Software-L\u00f6sungen, autarke Energiegeneratoren und selbstorganisierende Netzwerke betrieben.<\/p>\n<p>Mit der massenhaften Verbreitung von Sensornetzwerken entstehen zudem eine Reihe folgenreicher gesellschaftsrelevanter Probleme, die darzustellen, zu diskutieren und zu kl\u00e4ren sind. Dazu z\u00e4hlen die gesellschaftliche Akzeptanz einer \u2013 technisch m\u00f6glichen \u2013 vollst\u00e4ndigen \u00dcberwachung nahezu aller Lebensbereiche durch allgegenw\u00e4rtige Monitorsysteme, die Auswirkung einer alle bisherigen Vorstellungen \u00fcbertreffende Produktivit\u00e4tssteigerung auf die Arbeitswelt und damit auf die gesellschaftlichen Strukturen, bis hin zur Problemen des Umweltschutzes \u2013 etwa bei der Entsorgung von Milliarden \u00fcber den Globus verteilter Sensorsysteme.<\/p>\n<p>Die 3. Leibniz-Konferenz des LIFIS versteht sich als interdisziplin\u00e4res Forum f\u00fcr die Darstellung und Diskussion dieser die absehbare Zukunft unserer Gesellschaft wesentlich bestimmenden Entwicklungstendenzen.<\/p>\n<h2>SCHWERPUNKTE (Sessionen) des Konferenzprogramms sind:<\/h2>\n<ul>\n<li>Grundlagen und Anwendung von Sensorsystemen<\/li>\n<li>Sensoren f\u00fcr integrierte Sensorsysteme<\/li>\n<li>Autarke Energieversorgung f\u00fcr Sensorsysteme<\/li>\n<li>Elektronische Signalverarbeitung in Sensorsystemen<\/li>\n<li>Sensornetzwerke<\/li>\n<li>Gesellschaftliche Aspekte des massenhaften Einsatzes von Sensorsystemen<\/li>\n<\/ul>\n<h2>Programmkomitee:<\/h2>\n<ul>\n<li>B. Junghans, Silicon Saxony e.V., Dresden (Vorsitz)<\/li>\n<li>G. Banse, BTU Cottbus<\/li>\n<li>L.-G. Fleischer, TU Berlin<\/li>\n<li>P. Fleissner, TU Wien<\/li>\n<li>U. Meinberg, BTU Cottbus<\/li>\n<li>B. Michel, FhG IZM Berlin und Chemnitz<\/li>\n<li>H. Richter, IHP GmbH, Frankfurt (Oder)<\/li>\n<li>G. Wangermann, LIFIS e.V., Schloss Lichtenwalde<\/li>\n<li>B. Wilhelmi, Jenoptik AG, Jena<\/li>\n<\/ul>\n<h2>Weitere Informationen und Downloads<\/h2>\n<ul>\n<li><a href=\"http:\/\/www.leibniz-institut.de\/usr_files\/8_sensorsysteme_programm.pdf\" target=\"_blank\"><strong>Programm <\/strong><\/a>(45KB, PDF-Format)<\/li>\n<li><a href=\"http:\/\/www.leibniz-institut.de\/usr_files\/10_sensorsysteme_teilnehmer.pdf\" target=\"_blank\"><strong>Teilnehmerliste <\/strong><\/a>(130KB, PDF-Format)<\/li>\n<\/ul>\n","protected":false},"excerpt":{"rendered":"<p>SENSORSYSTEME\u00a02006 &#8212; Sensornetzwerke, Stand der Forschung, Konsequenzen f\u00fcr die Gesellschaft 12. &#8212; 14. Oktober\u00a02006 Best Western Hotel am Schlosspark, 09577 Lichtenwalde (Sachsen), Deutschland Veranstalter: LEIBNIZ-INSTITUT f\u00fcr interdisziplin\u00e4re Studien e.V. (LIFIS) <a class=\"more-link\" href=\"https:\/\/leibniz-institut.de\/ru\/konferenzen\/konferenz-archiv\/3-leibniz-konferenz-sensorsysteme-2006\/\">Weiterlesen \u2192<\/a><\/p>\n","protected":false},"author":2,"featured_media":0,"parent":315,"menu_order":3,"comment_status":"closed","ping_status":"closed","template":"","meta":{"footnotes":""},"class_list":["post-108","page","type-page","status-publish","hentry"],"translation":{"provider":"WPGlobus","version":"3.0.2","language":"ru","enabled_languages":["de","en","ru"],"languages":{"de":{"title":true,"content":true,"excerpt":false},"en":{"title":false,"content":false,"excerpt":false},"ru":{"title":false,"content":false,"excerpt":false}}},"_links":{"self":[{"href":"https:\/\/leibniz-institut.de\/ru\/wp-json\/wp\/v2\/pages\/108","targetHints":{"allow":["GET"]}}],"collection":[{"href":"https:\/\/leibniz-institut.de\/ru\/wp-json\/wp\/v2\/pages"}],"about":[{"href":"https:\/\/leibniz-institut.de\/ru\/wp-json\/wp\/v2\/types\/page"}],"author":[{"embeddable":true,"href":"https:\/\/leibniz-institut.de\/ru\/wp-json\/wp\/v2\/users\/2"}],"replies":[{"embeddable":true,"href":"https:\/\/leibniz-institut.de\/ru\/wp-json\/wp\/v2\/comments?post=108"}],"version-history":[{"count":2,"href":"https:\/\/leibniz-institut.de\/ru\/wp-json\/wp\/v2\/pages\/108\/revisions"}],"predecessor-version":[{"id":132,"href":"https:\/\/leibniz-institut.de\/ru\/wp-json\/wp\/v2\/pages\/108\/revisions\/132"}],"up":[{"embeddable":true,"href":"https:\/\/leibniz-institut.de\/ru\/wp-json\/wp\/v2\/pages\/315"}],"wp:attachment":[{"href":"https:\/\/leibniz-institut.de\/ru\/wp-json\/wp\/v2\/media?parent=108"}],"curies":[{"name":"wp","href":"https:\/\/api.w.org\/{rel}","templated":true}]}}