{"id":1093,"date":"2019-01-10T14:07:00","date_gmt":"2019-01-10T14:07:00","guid":{"rendered":"https:\/\/leibniz-institut.de\/?page_id=1093"},"modified":"2019-11-26T14:07:19","modified_gmt":"2019-11-26T14:07:19","slug":"24-leibniz-konferenz-2019-welt-der-spiele","status":"publish","type":"page","link":"https:\/\/leibniz-institut.de\/ru\/konferenzen\/24-leibniz-konferenz-2019-welt-der-spiele\/","title":{"rendered":"24. Leibniz-Konferenz 2019 &#8212; Lebens-Welt der Spiele"},"content":{"rendered":"\n<h3 class=\"wp-block-heading\">Termin<\/h3>\n\n\n\n<p>Freitag, 8. November 2019, 10 &#8212; 17 Uhr<\/p>\n\n\n\n<h3 class=\"wp-block-heading\">Konferenzort und Anmeldung<\/h3>\n\n\n\n<p>Deutsches SPIELEmuseum Chemnitz<br>Neefestra\u00dfe 78a<br>09119 Chemnitz<\/p>\n\n\n\n<h3 class=\"wp-block-heading\">Veranstalter<\/h3>\n\n\n\n<p>LEIBNIZ-INSTITUT<br>f\u00fcr interdisziplin\u00e4re Studien e.V. (LIFIS)<br>Berlin-Adlershof<\/p>\n\n\n\n<h3 class=\"wp-block-heading\">Zielstellung<\/h3>\n\n\n\n<p>Inhalt der Konferenz ist das Kulturgut Spiel, die k\u00fcnftige Entwicklung sowie die Bedeutung der Spiele im internationalen Rahmen.<\/p>\n\n\n\n<h3 class=\"wp-block-heading\">Programmkomitee<\/h3>\n\n\n\n<ul class=\"wp-block-list\"><li> Prof. Dr. Frieder Sieber, Leibniz-Soziet\u00e4t e.V., Berlin <\/li><li> Prof<strong>. <\/strong>Dr. Eberhard Neumann, Deutsches SPIELEmuseum, Chemnitz<\/li><li>Dipl.-Ing. Gert<strong> <\/strong>Gauder, Deutsches SPIELEmuseum, Chemnitz<\/li><li>Prof. Dr. Dietrich Balzer, LIFIS e.V., Berlin<\/li><li> Prof. Werner Regen, LIFIS e.V., St. Peterburg<\/li><li> Prof. Olena Chepelyuk, Technische Universit\u00e4t Cherson<\/li><\/ul>\n\n\n\n<h3 class=\"wp-block-heading\">Tagungsprogramm <\/h3>\n\n\n\n<ul class=\"wp-block-list\"><li>10.00 Uhr Er\u00f6ffnung<br>Prof. Dr. Frieder Sieber, Vorsitzender des LIFIS e.V., Berlin<br>Ralph Burghart, Kulturb\u00fcrgermeister der Stadt Chemnitz<\/li><li>10.10 Uhr Deutsches SPIELEmuseum \u2013 seit 1995 in Chemnitz &#8212; warum und wie?<br>Dipl.-Ing. Gerd Gauder, Chemnitz<\/li><li>10.20 Uhr Spiele als Kulturgut<br>Prof. Dr. Max Kobbert, M\u00fcnster<\/li><li>11.00 Uhr Spiele und Design<br>Prof. Dr. Olena Chepelyuk, Cherson, Ukraine<\/li><li>11.40 Uhr  Spieletheorie und Kommunikationstheorie<br>Prof. Werner Regen, Sankt Petersburg<\/li><li>12.00 Uhr Mittagspause, Imbiss im Solaristurm<\/li><li>13.00 Uhr Leitfaden f\u00fcr Spielerfahrung<br>Tom Werneck, M\u00fcnchen<\/li><li>13.30 Uhr Innovation im Spiel<br>Prof. Dr. Sergej Modestov, St. Petersburg<\/li><li>13.45 Uhr Spiele und \u00d6konomie<br>Prof. Dr. Juri Panibratow, St. Petersburg<\/li><li>14.00 Uhr E-Gaming<br>Peter Lemcke, Hamburg<\/li><li>14.30 Uhr K\u00fcnstliche Intelligenz und Spieltheorie<br>Prof. Dr. Dietrich Balzer, LIFIS e.V. Berlin<\/li><li>14.50 Uhr Schlusswort <br>Prof. Dr. Frieder Sieber, Vorsitzender des LIFIS e.V., Berlin<\/li><li>15.00 Uhr Kaffeepause<\/li><li>15.30 Uhr  Rundgang durch das Deutsche SPIELEmuseum<br>Prof. Dr. h.c. Eberhard Neumann, Constanze Schweigler, Justiziarin<\/li><li> 16.00 \u2013 17.00 Uhr Spiele nach Wunsch<\/li><\/ul>\n\n\n\n<p>Die Konferenzsprache ist Deutsch, \u00dcbersetzung aus dem Russischen von Prof. Dr. Regen, LIFIS.<\/p>\n\n\n\n<ul class=\"wp-block-list\"><li><a href=\"https:\/\/leibniz-institut.de\/Konferenzen\/Spiele-2019\/Flyer.pdf\">Konferenzflyer<\/a><\/li><li><a href=\"https:\/\/leibniz-institut.de\/programm-der-24-leibniz-konferenz\/\">Abstracts zur Konferenz<\/a> mit Downloadoption der Folien zu den Beitr\u00e4gen.<\/li><\/ul>\n","protected":false},"excerpt":{"rendered":"<p>Termin Freitag, 8. November 2019, 10 &#8212; 17 Uhr Konferenzort und Anmeldung Deutsches SPIELEmuseum ChemnitzNeefestra\u00dfe 78a09119 Chemnitz Veranstalter LEIBNIZ-INSTITUTf\u00fcr interdisziplin\u00e4re Studien e.V. (LIFIS)Berlin-Adlershof Zielstellung Inhalt der Konferenz ist das Kulturgut <a class=\"more-link\" href=\"https:\/\/leibniz-institut.de\/ru\/konferenzen\/24-leibniz-konferenz-2019-welt-der-spiele\/\">Weiterlesen \u2192<\/a><\/p>\n","protected":false},"author":2,"featured_media":0,"parent":31,"menu_order":24,"comment_status":"closed","ping_status":"closed","template":"","meta":{"footnotes":""},"class_list":["post-1093","page","type-page","status-publish","hentry"],"translation":{"provider":"WPGlobus","version":"3.0.2","language":"ru","enabled_languages":["de","en","ru"],"languages":{"de":{"title":true,"content":true,"excerpt":false},"en":{"title":false,"content":false,"excerpt":false},"ru":{"title":false,"content":false,"excerpt":false}}},"_links":{"self":[{"href":"https:\/\/leibniz-institut.de\/ru\/wp-json\/wp\/v2\/pages\/1093","targetHints":{"allow":["GET"]}}],"collection":[{"href":"https:\/\/leibniz-institut.de\/ru\/wp-json\/wp\/v2\/pages"}],"about":[{"href":"https:\/\/leibniz-institut.de\/ru\/wp-json\/wp\/v2\/types\/page"}],"author":[{"embeddable":true,"href":"https:\/\/leibniz-institut.de\/ru\/wp-json\/wp\/v2\/users\/2"}],"replies":[{"embeddable":true,"href":"https:\/\/leibniz-institut.de\/ru\/wp-json\/wp\/v2\/comments?post=1093"}],"version-history":[{"count":21,"href":"https:\/\/leibniz-institut.de\/ru\/wp-json\/wp\/v2\/pages\/1093\/revisions"}],"predecessor-version":[{"id":1186,"href":"https:\/\/leibniz-institut.de\/ru\/wp-json\/wp\/v2\/pages\/1093\/revisions\/1186"}],"up":[{"embeddable":true,"href":"https:\/\/leibniz-institut.de\/ru\/wp-json\/wp\/v2\/pages\/31"}],"wp:attachment":[{"href":"https:\/\/leibniz-institut.de\/ru\/wp-json\/wp\/v2\/media?parent=1093"}],"curies":[{"name":"wp","href":"https:\/\/api.w.org\/{rel}","templated":true}]}}