{"id":112,"date":"2015-03-13T08:24:11","date_gmt":"2015-03-13T08:24:11","guid":{"rendered":"http:\/\/eastpress.de\/lifis\/?page_id=112"},"modified":"2017-09-16T09:39:05","modified_gmt":"2017-09-16T09:39:05","slug":"6-leibniz-konferenz-solarzeitalter-2008","status":"publish","type":"page","link":"https:\/\/leibniz-institut.de\/ru\/konferenzen\/konferenz-archiv\/6-leibniz-konferenz-solarzeitalter-2008\/","title":{"rendered":"6. Leibniz-Konferenz Solarzeitalter 2008"},"content":{"rendered":"<h1>SOLARZEITALTER 2008. Erneuerbare Energien und Materialien. Visionen \u2013 Probleme \u2013 Perspektiven<\/h1>\n<div class=\"artikel\">15. &#8212; 17. Mai\u00a02008<br \/>\nBest Western Hotel am Schlosspark, 09577 Lichtenwalde (Sachsen), Deutschland<\/div>\n<h2>Veranstalter:<\/h2>\n<p>LEIBNIZ-INSTITUT f\u00fcr interdisziplin\u00e4re Studien e.V. (LIFIS)<br \/>\nSchloss Lichtenwalde<br \/>\nin Zusammenarbeit mit<br \/>\nLEIBNIZ-SOZIET\u00c4T DER WISSENSCHAFTEN ZU BERLIN<br \/>\nEUROSOLAR e.V., Bonn<\/p>\n<h2>Programminhalte:<\/h2>\n<p>Die 6. Leibniz-Konferenz steht konzeptionell in der Nachfolge der 2. Leibniz-Konferenz \u2013 SOLARZEITALTER 2006 \u2013 die im Mai 2006 in Lichtenwalde stattfand. Stand damals die Stoffproduktion im Solarzeitalter im Vordergrund, soll das Programm im Mai 2008 umfassender die Erneuerbaren Energien und Materialien beinhalten, wobei neben den Visionen und Perspektiven zugleich die Probleme ihrer realen Entwicklung sowie Wege zu ihrer L\u00f6sung Gegenst\u00e4nde von Vortr\u00e4gen und Diskussionen sein sollen. In \u00dcbereinstimmung mit dem Grundanliegen des LIFIS, den wissenschaftlichen und \u00f6kologisch-sozialen Fortschritt interdisziplin\u00e4r zu analysieren, sind Beitr\u00e4ge von Vertretern der Natur- und Technikwissenschaften sowie von Sozial- und Geisteswissenschaftlern erw\u00fcnscht.<\/p>\n<h2>SCHWERPUNKTE der Konferenzgestaltung sollen sein:<\/h2>\n<ul>\n<li>Erneuerbare Energien \u2013 Politische, \u00f6kologische und philosophische Aspekte<\/li>\n<li>Wachsende Energieeffizienz \u2013 Voraussetzung f\u00fcr das Solarzeitalter<\/li>\n<li>Die solare Vollversorgung \u2013 M\u00f6glichkeiten und Probleme<\/li>\n<li>Komplementarit\u00e4t von Energiespeicherung und Netz<\/li>\n<li>Solarzellen \u2013 Stand und Perspektiven<\/li>\n<li>Biomasse \u2013 Energetische und stoffliche Nutzung<\/li>\n<li>CO_2 als Chemierohstoff \u2013 Methanolwirtschaft<\/li>\n<li>Wasserstoff im Solarzeitalter<\/li>\n<li>Anorganische Polymere in einer Zeit zunehmender Kohlenstoffverknappung<\/li>\n<\/ul>\n<h2>Programmkomitee:<\/h2>\n<ul>\n<li>Prof. Dr. Detlev M\u00f6ller, BTU Cottbus (Vorsitz)<\/li>\n<li>Dr. Gert Blumenthal, Berlin<\/li>\n<li>Prof. Dr. Lutz-G\u00fcnther Fleischer, LIFIS e.V., Schloss Lichtenwalde<\/li>\n<li>Prof. Dr. Gerhard \u00d6hlmann, Leibniz-Soziet\u00e4t der Wissenschaften zu Berlin<\/li>\n<li>Prof. Dr. Hans Richter, IHP GmbH, Frankfurt (Oder)<\/li>\n<li>Dr. Dietrich Sp\u00e4nkuch, Leibniz-Soziet\u00e4t der Wissenschaften zu Berlin<\/li>\n<li>Dr. Hermann Scheer\/MdB, EUROSOLAR e.V., Bonn<\/li>\n<li>Prof. Dr. Gert Wangermann, LIFIS e.V., Schloss Lichtenwalde<\/li>\n<\/ul>\n<p><strong>Die Leibniz-Konferenz SOLARZEITALTER 2008 wurde durch den Stifterverband der Deutschen Wissenschaft gef\u00f6rdert.\u00a0<\/strong><\/p>\n<h2>Weitere Informationen und Downloads<\/h2>\n<ul>\n<li><a href=\"http:\/\/www.leibniz-institut.de\/usr_files\/13_solarzeitalter2008_programm.pdf\" target=\"_blank\"><strong>Programm <\/strong><\/a>(88KB, PDF-Format)<\/li>\n<li><a href=\"http:\/\/www.leibniz-institut.de\/usr_files\/14_solarzeitalter2008_teilnehmer.pdf\" target=\"_blank\"><strong>Teilnehmerliste <\/strong><\/a>(129KB, PDF-Format)<\/li>\n<li><strong><a href=\"http:\/\/leibniz-institut.de\/LK6-Detail\/\">Programm und Vortr\u00e4ge mit Downloadoption\u00a0<\/a><\/strong><\/li>\n<\/ul>\n","protected":false},"excerpt":{"rendered":"<p>SOLARZEITALTER 2008. Erneuerbare Energien und Materialien. Visionen \u2013 Probleme \u2013 Perspektiven 15. &#8212; 17. Mai\u00a02008 Best Western Hotel am Schlosspark, 09577 Lichtenwalde (Sachsen), Deutschland Veranstalter: LEIBNIZ-INSTITUT f\u00fcr interdisziplin\u00e4re Studien e.V. <a class=\"more-link\" href=\"https:\/\/leibniz-institut.de\/ru\/konferenzen\/konferenz-archiv\/6-leibniz-konferenz-solarzeitalter-2008\/\">Weiterlesen \u2192<\/a><\/p>\n","protected":false},"author":2,"featured_media":0,"parent":315,"menu_order":6,"comment_status":"closed","ping_status":"closed","template":"","meta":{"footnotes":""},"class_list":["post-112","page","type-page","status-publish","hentry"],"translation":{"provider":"WPGlobus","version":"3.0.2","language":"ru","enabled_languages":["de","en","ru"],"languages":{"de":{"title":true,"content":true,"excerpt":false},"en":{"title":false,"content":false,"excerpt":false},"ru":{"title":false,"content":false,"excerpt":false}}},"_links":{"self":[{"href":"https:\/\/leibniz-institut.de\/ru\/wp-json\/wp\/v2\/pages\/112","targetHints":{"allow":["GET"]}}],"collection":[{"href":"https:\/\/leibniz-institut.de\/ru\/wp-json\/wp\/v2\/pages"}],"about":[{"href":"https:\/\/leibniz-institut.de\/ru\/wp-json\/wp\/v2\/types\/page"}],"author":[{"embeddable":true,"href":"https:\/\/leibniz-institut.de\/ru\/wp-json\/wp\/v2\/users\/2"}],"replies":[{"embeddable":true,"href":"https:\/\/leibniz-institut.de\/ru\/wp-json\/wp\/v2\/comments?post=112"}],"version-history":[{"count":6,"href":"https:\/\/leibniz-institut.de\/ru\/wp-json\/wp\/v2\/pages\/112\/revisions"}],"predecessor-version":[{"id":503,"href":"https:\/\/leibniz-institut.de\/ru\/wp-json\/wp\/v2\/pages\/112\/revisions\/503"}],"up":[{"embeddable":true,"href":"https:\/\/leibniz-institut.de\/ru\/wp-json\/wp\/v2\/pages\/315"}],"wp:attachment":[{"href":"https:\/\/leibniz-institut.de\/ru\/wp-json\/wp\/v2\/media?parent=112"}],"curies":[{"name":"wp","href":"https:\/\/api.w.org\/{rel}","templated":true}]}}