{"id":127,"date":"2015-03-13T21:29:16","date_gmt":"2015-03-13T21:29:16","guid":{"rendered":"http:\/\/eastpress.de\/lifis\/?page_id=127"},"modified":"2022-03-06T07:55:16","modified_gmt":"2022-03-06T07:55:16","slug":"10-leibniz-konferenz-sensorsysteme-2010","status":"publish","type":"page","link":"https:\/\/leibniz-institut.de\/ru\/konferenzen\/konferenz-archiv\/10-leibniz-konferenz-sensorsysteme-2010\/","title":{"rendered":"10. Leibniz-Konferenz Sensorsysteme 2010"},"content":{"rendered":"<h1>SENSORSYSTEME 2010. Sensornetzwerke &#8212; Stand der Forschung, Konsequenzen<br \/>\nf\u00fcr die Gesellschaft<\/h1>\n<p>07. &#8212; 08. Oktober 2010<br \/>\nBest Western Hotel am Schlosspark, 09577 Lichtenwalde (Sachsen), Deutschland<\/p>\n<h2>Veranstalter:<\/h2>\n<p>LEIBNIZ-INSTITUT f\u00fcr interdisziplin\u00e4re Studien e.V. (LIFIS), Schloss Lichtenwalde<br \/>\nin Zusammenarbeit mit<br \/>\nLEIBNIZ-SOZIET\u00c4T DER WISSENSCHAFTEN ZU BERLIN e.V.<\/p>\n<h2>Programminhalte:<\/h2>\n<p>Die Konferenz \u00fcber Sensorsysteme findet im Zweijahresrhytmus bereits zum dritten Mal statt. Die vorangegangenen Konferenzen haben den interdisziplin\u00e4ren Dialog \u00fcber dieses Zukunftsthema bef\u00f6rdert und lebhaftes Interesse bei den Teilnehmern und dar\u00fcber hinaus gefunden. Ermutigt durch die positive Resonanz des Fachpublikums m\u00f6chte das LIFIS diese Tradition mit der 10. Leibniz-Konferenz im Oktober 2010 fortsetzen.<\/p>\n<p>Sensorsysteme haben in den vergangenen Jahren, wie erwartet, eine weitere st\u00fcrmische Verbreitung gefunden. In immer mehr Bereichen menschlicher T\u00e4tigkeit \u2013 wie der Geb\u00e4ude-, Verkehrs- und Industrieautomatisierung, der Medizintechnik, Logistik, im Sicherheitsbereich, in der Milit\u00e4rtechnik, Umwelttechnologie und -\u00fcberwachung sowie der Pr\u00e4szisionslandwirtschaft \u2013 haben diese technischen \u201eSinnesorgane\u201c zu enormen Produktivit\u00e4tssteigerungen, Qualit\u00e4tsverbesserungen, Kostensenkungen und teilweise v\u00f6llig neuen L\u00f6sungen f\u00fcr komplexe Entwicklungsprobleme gef\u00fchrt.<\/p>\n<p>Der hohe Grad an Interdisziplinarit\u00e4t, der mit der weiteren Entwicklung und Verbreitung von Sensorsystemen einhergeht, wird deutlich, wenn man die wechselseitige Durchdringung von Sensorsystemen mit so hochaktuellen Gebieten wie Mikrosystemtechnik, Smart Systems, Nano- und Biotechnoloige betrachtet. Dazu sind insbesondere in LIFIS ONLINE in den letzten Jahren einige hochinteressante Beitr\u00e4ge von Teilnehmern der Leibniz-Konferenzen ver\u00f6ffentlicht worden.<\/p>\n<p>Der Markt f\u00fcr Sensorsysteme bleibt ein \u201eWachstumstreiber\u201c f\u00fcr die Industrie mit weit \u00fcberdurchschnittlichen Wachsumsraten. Die weitere Entwicklung dieses Marktes erfordert heute und zuk\u00fcnftig vielf\u00e4ltige wissenschaftliche Vorleistungen einer ganzen Reihe technisch-naturwissenschaftlicher Fachgebiete, aber auch den gesellschaftlichen Diskurs \u00fcber die Voraussetzungen und Konsequenzen dieser Technologie f\u00fcr die Gesellschaft. Juristische, ethische und \u00f6konomische Probleme, die sich mit der wachsenden Anwendung immer leistungef\u00e4higerer Sensorsysteme ergeben, sind vorausschauend zu diskutieren und daf\u00fcr geeignete L\u00f6sungen vorzuschlagen.<\/p>\n<p>Die Breite und Vielfalt der Anwendungsm\u00f6glichkeiten von Sensorsystemen ist gro\u00df und vergr\u00f6\u00dfert sich zunehmend. Der Markt ist daher sehr fragmentiert; das bietet jedoch ausgezeichnete Chancen f\u00fcr hoch spezialisierte klein- und mittelst\u00e4ndische Unternehmen. An die Entwicklung der System- und Netzwerkkomponenten werden st\u00e4ndig neue Anforderungen gestellt: nach minimalen Herstellungs- und Betriebskosten, zeitlich nahezu unbegrenztem energieautarken Betrieb, h\u00f6chster Zuverl\u00e4ssigkeit und Sicherheit sowie minimaler Baugr\u00f6\u00dfe und minimalem Energieverbrauch \u2013 Forderungen, die f\u00fcr den wirtschaftlichen Erfolg von Sensorsystemen entscheidend sind. Deshalb werden heute bereits vielf\u00e4ltige Entwicklungen f\u00fcr Miniatursensoren, extrem energiesparende Hard- und Software-L\u00f6sungen, autarke Energiegeneratoren und selbstorganisierende Netzwerke betrieben. Das \u00f6ffnet ein weites Feld f\u00fcr Innovationen, insbesondere an den Schnittstellen unterschiedlicher Fachbereiche und -disziplinen. Dies in Fortsetzung der vorgegangenen Leibniz-Konferenzen zu initiieren und zu f\u00f6rdern ist der hautps\u00e4chliche Zweck auch der diesj\u00e4hrigen Konferenz.<\/p>\n<h2>Schwerpunkte:<\/h2>\n<ul>\n<li>Sensorsysteme f\u00fcr Prozess- und Zustands\u00fcberwachung<\/li>\n<li>Energieversorgung und -einsparung<\/li>\n<li>Drahtlose Sensorsysteme<\/li>\n<li>Sensorsysteme im Verkehrswesen<\/li>\n<li>Sensorsysteme zur Haus- und Geb\u00e4udeautomatisierung<\/li>\n<li>Sensorsysteme zur Zustandsdiagnose und Zustands\u00fcberwachung f\u00fcr Personen und deren individuellem Umfeld<\/li>\n<li>Humane und Gesellschaftliche Aspekte des massenhaften Einsatzes von Sensorsystemen<\/li>\n<\/ul>\n<h2>Programmkomitee:<\/h2>\n<ul>\n<li>Bernd Junghans (Vorsitz), Leibniz-Institut f\u00fcr interdisziplin\u00e4re Studien, Dresden<\/li>\n<li>Matthias Ashauer, Institut f\u00fcr Mikro- und Informationstechnik, Villingen-Schwenningen<\/li>\n<li>Gerhard Banse, Institut f\u00fcr Technikfolgenabsch\u00e4tzung GmbH, Karlsruhe<\/li>\n<li>Lutz-G\u00fcnther Fleischer, Leibniz-Institut f\u00fcr interdisziplin\u00e4re Studien, Berlin<\/li>\n<li>Michael K\u00f6hler, Technische Universit\u00e4t Ilmenau, Institut f\u00fcr Physik, Ilmenau<\/li>\n<li>Norbert Meyendorf, FhG-Institut f\u00fcr Zerst\u00f6rungsfreie Pr\u00fcfverfahren, Dresden<\/li>\n<li>Horst Symanzik, Bosch Sensortec GmbH, Reutlingen<\/li>\n<li>Hans Richter, IHP, Frankfurt (Oder)<\/li>\n<li>Gert Wangermann, Leibniz-Institut f\u00fcr interdisziplin\u00e4re Studien, Berlin<\/li>\n<li>Bernd Wilhelmi, Leibniz-Soziet\u00e4t der Wissenschaften zu Berlin, Jena<\/li>\n<\/ul>\n<h2>Weitere Informationen und Downloads<\/h2>\n<ul>\n<li><a href=\"\/usr_files\/39_sensorsysteme2010.pdf\" target=\"_blank\" rel=\"noopener\"><strong>Ank\u00fcndigung <\/strong><\/a>(550KB, PDF-Format)<\/li>\n<li><a href=\"\/usr_files\/42_sensorsysteme2010_programm.pdf\" target=\"_blank\" rel=\"noopener\"><strong>Programm <\/strong><\/a>(100KB, PDF-Format)<\/li>\n<li><a href=\"\/usr_files\/45_sensorsysteme2010_abstracts.pdf\" target=\"_blank\" rel=\"noopener\"><strong>Abstracts <\/strong><\/a>(160KB, PDF-Format)<\/li>\n<li><a href=\"\/usr_files\/46_sensorsysteme2010_teilnehmer.pdf\" target=\"_blank\" rel=\"noopener\"><strong>Teilnehmerliste <\/strong><\/a>(100KB, PDF-Format)<\/li>\n<li><a href=\"https:\/\/leibniz-institut.de\/lk10-detail\"><strong>Programm mit Downloadoption der Vortr\u00e4ge <\/strong><\/a><\/li>\n<\/ul>\n","protected":false},"excerpt":{"rendered":"<p>SENSORSYSTEME 2010. Sensornetzwerke &#8212; Stand der Forschung, Konsequenzen f\u00fcr die Gesellschaft 07. &#8212; 08. Oktober 2010 Best Western Hotel am Schlosspark, 09577 Lichtenwalde (Sachsen), Deutschland Veranstalter: LEIBNIZ-INSTITUT f\u00fcr interdisziplin\u00e4re Studien <a class=\"more-link\" href=\"https:\/\/leibniz-institut.de\/ru\/konferenzen\/konferenz-archiv\/10-leibniz-konferenz-sensorsysteme-2010\/\">Weiterlesen \u2192<\/a><\/p>\n","protected":false},"author":2,"featured_media":0,"parent":315,"menu_order":10,"comment_status":"closed","ping_status":"closed","template":"","meta":{"footnotes":""},"class_list":["post-127","page","type-page","status-publish","hentry"],"translation":{"provider":"WPGlobus","version":"3.0.2","language":"ru","enabled_languages":["de","en","ru"],"languages":{"de":{"title":true,"content":true,"excerpt":false},"en":{"title":false,"content":false,"excerpt":false},"ru":{"title":false,"content":false,"excerpt":false}}},"_links":{"self":[{"href":"https:\/\/leibniz-institut.de\/ru\/wp-json\/wp\/v2\/pages\/127","targetHints":{"allow":["GET"]}}],"collection":[{"href":"https:\/\/leibniz-institut.de\/ru\/wp-json\/wp\/v2\/pages"}],"about":[{"href":"https:\/\/leibniz-institut.de\/ru\/wp-json\/wp\/v2\/types\/page"}],"author":[{"embeddable":true,"href":"https:\/\/leibniz-institut.de\/ru\/wp-json\/wp\/v2\/users\/2"}],"replies":[{"embeddable":true,"href":"https:\/\/leibniz-institut.de\/ru\/wp-json\/wp\/v2\/comments?post=127"}],"version-history":[{"count":10,"href":"https:\/\/leibniz-institut.de\/ru\/wp-json\/wp\/v2\/pages\/127\/revisions"}],"predecessor-version":[{"id":1571,"href":"https:\/\/leibniz-institut.de\/ru\/wp-json\/wp\/v2\/pages\/127\/revisions\/1571"}],"up":[{"embeddable":true,"href":"https:\/\/leibniz-institut.de\/ru\/wp-json\/wp\/v2\/pages\/315"}],"wp:attachment":[{"href":"https:\/\/leibniz-institut.de\/ru\/wp-json\/wp\/v2\/media?parent=127"}],"curies":[{"name":"wp","href":"https:\/\/api.w.org\/{rel}","templated":true}]}}