{"id":153,"date":"2015-03-13T08:33:11","date_gmt":"2015-03-13T08:33:11","guid":{"rendered":"http:\/\/eastpress.de\/lifis\/?page_id=153"},"modified":"2017-09-16T09:40:03","modified_gmt":"2017-09-16T09:40:03","slug":"9-leibniz-konferenz-nanoscience-2009","status":"publish","type":"page","link":"https:\/\/leibniz-institut.de\/ru\/konferenzen\/konferenz-archiv\/9-leibniz-konferenz-nanoscience-2009\/","title":{"rendered":"9. Leibniz-Konferenz Nanoscience 2009"},"content":{"rendered":"<h1>NANOSCIENCE 2009 \u2013 Konvergenzen von Nanoscience und Bioscience<\/h1>\n<p>1. Deutsch-Russisches Symposium zur Nanobiotechnologie<\/p>\n<p>15. &#8212; 17. Oktober 2009<br \/>\nBest Western Hotel am Schlosspark, 09577 Lichtenwalde (Sachsen)<\/p>\n<h2>Veranstalter:<\/h2>\n<p>LEIBNIZ-INSTITUT f\u00fcr interdisziplin\u00e4re Studien e.V. (LIFIS)<\/p>\n<h2>Programminhalte:<\/h2>\n<p>Die Nanotechnologie gilt \u2013 neben der Informationstechnologie \u2013 als eine der wesentlichen Grundlagen f\u00fcr die wissenschaftlich-technischen, \u00f6konomischen, aber auch sozialen Umgestaltungen der n\u00e4chsten Jahre. Die 9. Leibniz-Konferenz soll an Beispielen aus der biologischen Forschung und ihren nat\u00fcrlichen sowie technischen Pendants die technologischen und ethischen Potentiale und Risiken nanotechnolgischer Entwicklungen progresssiv und kritisch beleuchten. Vertreter der Naturwissenschaften (insbesondere der Biowissenschaften, Physik, Mahematik, Materialwissenschaften), nicht zuletzt der Technikwissenschaften (beispielsweise der Elektronik, der Biotechnologie, dem Automobilbau und anderen anwendungsorientierten Fachgebieten) aus Deutschland und Russland sollen das nanotechnologischen Potential von Biomolek\u00fclen und die Nutzung diesbez\u00fcglicher Erkenntnisse in technischen Anwendungen f\u00fcr die menschliche Gesellschaft skizzieren.<\/p>\n<h2>Schwerpunkte<\/h2>\n<ul>\n<li>Nanoeffekte, Nanomaterialien und Nanosensoren,<\/li>\n<li>Nanokomponenten und -systeme in Biologie und Technik,<\/li>\n<li>Selbstorganisation in makromolekularen und kolloidalen Systemen,<\/li>\n<li>Biovertr\u00e4glichkeit\/Nanotoxizit\u00e4t und Zuverl\u00e4ssigkeit von Nanokomponenten,<\/li>\n<li>Bioinformatorische Herausforderung und Potential der Genomforschung,<\/li>\n<li>Genomprojekt und Personal Genomics,<\/li>\n<li>Nanoapplikationen in Biomedizin und klinischer Diagnostik.<\/li>\n<\/ul>\n<h2>Programmkomitee:<\/h2>\n<ul>\n<li>D. La\u00dfner (Vorsitz), LIFIS e.V. und IKDT GmbH, Berlin<\/li>\n<li>L.-G. Fleischer, LIFIS e.V., Berlin und Lichtenwalde<\/li>\n<li>W. Fritzsche, IHPT e.V., Jena<\/li>\n<li>H. Grimmeiss, Universit\u00e4t Lund<\/li>\n<li>B. Junghans, LIFIS e.V., Dresden<\/li>\n<li>M. K\u00f6hler, TU Ilmenau<\/li>\n<li>B. Michel, FhG-IZM und ENAS, Berlin und Chemnitz<\/li>\n<li>A. Niyazmatov, ROHAT, Moskau<\/li>\n<li>H. Richter, IHP GmbH, Frankfurt (Oder)<\/li>\n<li>A. Wandrowski, Zukunftsagentur Berlin-Brandenburg, Eberswalde<\/li>\n<li>G. Wangermann, LIFIS e.V., Berlin<\/li>\n<\/ul>\n<h2>Eingeladene Vortragende:<\/h2>\n<p>F. B\u00f6ker (Aachen), F. Bier (Potsdam), B. B. Dzantiev (Moskau), J. Edelmann (Leipzig), U. Gross (Berlin), G. Grundmeier (Berlin), L. U. Jensen (Copenhagen), F. Freund (Darmstadt), A. R. Khokhlov (Moskau), M. P. Kirpitchnikov (Moskau), A. Ledlein (Teltow), C. Neupert (M\u00fcnchen), V. O. Popov (Moskau), A. N. Razumov (Moskau), K. G. Skriabin (Moskau), A. P. Sawitzki (Moskau)<\/p>\n<h2>Weitere Informationen und Downloads<\/h2>\n<ul>\n<li><a href=\"http:\/\/www.leibniz-institut.de\/usr_files\/28_nanoscience2009_announcement.pdf\" target=\"_blank\"><strong>Announcement<\/strong><\/a> (english, 60kB, PDF-Format)<\/li>\n<li><a href=\"http:\/\/www.leibniz-institut.de\/usr_files\/29_nanoscience_2009_programm_en.pdf\" target=\"_blank\"><strong>Program<\/strong><\/a> (english, 642kB, PDF-Format)<\/li>\n<li><a href=\"http:\/\/www.leibniz-institut.de\/usr_files\/36_nanoscience2009_abstracts.pdf\" target=\"_blank\"><strong>Abstracts<\/strong><\/a> (english, 850kB, PDF-Format)<\/li>\n<li><a href=\"http:\/\/www.leibniz-institut.de\/usr_files\/35_nanoscience2009_participants.pdf\" target=\"_blank\"><strong>List of Participants<\/strong><\/a> (english, 508kB, PDF-Format)<\/li>\n<li><strong><a href=\"http:\/\/leibniz-institut.de\/lk9-detail\/\">Talks and Slides<\/a><\/strong><\/li>\n<\/ul>\n","protected":false},"excerpt":{"rendered":"<p>NANOSCIENCE 2009 \u2013 Konvergenzen von Nanoscience und Bioscience 1. Deutsch-Russisches Symposium zur Nanobiotechnologie 15. &#8212; 17. Oktober 2009 Best Western Hotel am Schlosspark, 09577 Lichtenwalde (Sachsen) Veranstalter: LEIBNIZ-INSTITUT f\u00fcr interdisziplin\u00e4re <a class=\"more-link\" href=\"https:\/\/leibniz-institut.de\/ru\/konferenzen\/konferenz-archiv\/9-leibniz-konferenz-nanoscience-2009\/\">Weiterlesen \u2192<\/a><\/p>\n","protected":false},"author":2,"featured_media":0,"parent":315,"menu_order":9,"comment_status":"closed","ping_status":"closed","template":"","meta":{"footnotes":""},"class_list":["post-153","page","type-page","status-publish","hentry"],"translation":{"provider":"WPGlobus","version":"3.0.2","language":"ru","enabled_languages":["de","en","ru"],"languages":{"de":{"title":true,"content":true,"excerpt":false},"en":{"title":false,"content":false,"excerpt":false},"ru":{"title":false,"content":false,"excerpt":false}}},"_links":{"self":[{"href":"https:\/\/leibniz-institut.de\/ru\/wp-json\/wp\/v2\/pages\/153","targetHints":{"allow":["GET"]}}],"collection":[{"href":"https:\/\/leibniz-institut.de\/ru\/wp-json\/wp\/v2\/pages"}],"about":[{"href":"https:\/\/leibniz-institut.de\/ru\/wp-json\/wp\/v2\/types\/page"}],"author":[{"embeddable":true,"href":"https:\/\/leibniz-institut.de\/ru\/wp-json\/wp\/v2\/users\/2"}],"replies":[{"embeddable":true,"href":"https:\/\/leibniz-institut.de\/ru\/wp-json\/wp\/v2\/comments?post=153"}],"version-history":[{"count":7,"href":"https:\/\/leibniz-institut.de\/ru\/wp-json\/wp\/v2\/pages\/153\/revisions"}],"predecessor-version":[{"id":499,"href":"https:\/\/leibniz-institut.de\/ru\/wp-json\/wp\/v2\/pages\/153\/revisions\/499"}],"up":[{"embeddable":true,"href":"https:\/\/leibniz-institut.de\/ru\/wp-json\/wp\/v2\/pages\/315"}],"wp:attachment":[{"href":"https:\/\/leibniz-institut.de\/ru\/wp-json\/wp\/v2\/media?parent=153"}],"curies":[{"name":"wp","href":"https:\/\/api.w.org\/{rel}","templated":true}]}}