{"id":160,"date":"2015-03-13T08:32:03","date_gmt":"2015-03-13T08:32:03","guid":{"rendered":"http:\/\/eastpress.de\/lifis\/?page_id=160"},"modified":"2017-09-16T09:40:15","modified_gmt":"2017-09-16T09:40:15","slug":"8-leibniz-konferenz-wissenschaft-im-kontext","status":"publish","type":"page","link":"https:\/\/leibniz-institut.de\/ru\/konferenzen\/konferenz-archiv\/8-leibniz-konferenz-wissenschaft-im-kontext\/","title":{"rendered":"8. Leibniz-Konferenz Wissenschaft im Kontext 2009"},"content":{"rendered":"<h1>WISSENSCHAFT IM KONTEXT 2009 \u2013 Inter- und Transdisziplinarit\u00e4t in Theorie und Praxis<\/h1>\n<p>18. &#8212; 19. Mai 2009<br \/>\nBerlin-Adlershof, Deutschland<br \/>\nErnst-Augustin-Str. 15, in der Media City Adlershof<\/p>\n<h2>Veranstalter:<\/h2>\n<p>LEIBNIZ-INSTITUT f\u00fcr interdisziplin\u00e4re Studien e.V. (LIFIS)<br \/>\nund<br \/>\nLEIBNIZ-SOZIET\u00c4T DER WISSENSCHAFTEN ZU BERLIN e.V.<\/p>\n<h2>Programminhalte:<\/h2>\n<p>In den letzten Jahrzehnten dr\u00e4ngen sich zunehmend theoretische und praktische Probleme in den Vordergrund, die Prozesse der Gewinnung und Umsetzung einer wachsenden Vielzahl und Vielfalt wissenschaftlicher Erkenntnisse in alle Bereiche und Nutzungsformen der Gesellschaft umfassen.<\/p>\n<p>Diese Probleme betreffen die Institution Wissenschaft \u2013 mit ihren Funktionen Bildung, For-schung und Entwicklung \u2013 insbesondere bezogen auf die<\/p>\n<ul>\n<li>Priorit\u00e4ten ihres Wirkens,<\/li>\n<li>institutionelle Autonomie,<\/li>\n<li>effektiven inneren Organisationsstrukturen und Kooperationsformen,<\/li>\n<li>innerwissenschaftliche und gesamtgesellschaftliche Bewertung von Strategien und Ergebnissen,<\/li>\n<li>tats\u00e4chlich wahrnehmbare Verantwortung der Wissenschaftler f\u00fcr die schnelle, fort-schrittsf\u00f6rdernde und humanistische Nutzung der Ergebnisse,<\/li>\n<li>optimale Gestaltung der \u00dcberf\u00fchrungsprozesse in die gesellschaftliche Praxis,<\/li>\n<li>Zusammenarbeit von Wissenschaft und Wirtschaft sowie der Politikberatung.<\/li>\n<\/ul>\n<p>Die Wissenschaft steht \u2013 trotz aller Eigengesetzlichkeiten \u2013 in dialektisch verbundenen und politischen, \u00f6konomischen, \u00f6kologischen, sozialen, ethischen und geistig-kulturellen Kontexten. Zu ihren ma\u00dfgebenden Pflichten geh\u00f6rt, die relevanten Problemstrukturen zu analysieren, zu er\u00f6rtern, der \u00d6ffentlichkeit nahe zu bringen, L\u00f6sungsans\u00e4tze anzubieten \u2013 zumindest aber praktikable Wege zu skizzieren und effektiv zu begleiten.<\/p>\n<p>Ausgehend von<\/p>\n<ul>\n<li>den Erfahrungen aus bislang sieben Leibniz-Konferenzen \u201eof advanced science\u201c,<\/li>\n<li>den Erwartungen der Teilnehmer dieser Konferenzen aus Wissenschaft und Wirtschaft und<\/li>\n<li>bestimmt von den Maximen sowie Methoden der Inter- und Transdisziplinarit\u00e4t,<\/li>\n<\/ul>\n<p>soll die gemeinsam vom Leibniz-Institut f\u00fcr interdisziplin\u00e4re Studien (LIFIS) und der Leibniz-Soziet\u00e4t der Wissenschaften zu Berlin geplante 8. Leibniz-Konferenz gleicherma\u00dfen Fo-rum f\u00fcr Praktiker wie Theoretiker bilden.<\/p>\n<p>Initiativreferate eingeladener Wissenschaftler sowie renommierter Vertreter der Wirtschaft und Politik sollen thematisch relevante Meinungen und Erfahrungen vermitteln sowie den interdisziplin\u00e4ren Dialog anregen. Interessenten sind aufgerufen, sich mit Vortr\u00e4gen und Diskussionsbeitr\u00e4gen aktiv zu beteiligen.<\/p>\n<h2>Programmkomitee:<\/h2>\n<ul>\n<li>L.-G. Fleischer (Vorsitz), MLS; LIFIS e.V., Schloss Lichtewalde und Berlin<\/li>\n<li>G. Banse (Vorsitz), MLS; Forschungszentrum Karlsruhe<\/li>\n<li>H. Grimmeiss, MLS; Universit\u00e4t Lund\/Schweden<\/li>\n<li>H. H\u00f6rz, MLS; Berlin<\/li>\n<li>B. Junghans, MLS; LIFIS e.V., Dresden<\/li>\n<li>W. K\u00fcttler, MLS; Berlin<\/li>\n<li>G. \u00d6hlmann, MLS; LIFIS e.V., Berlin<\/li>\n<li>G. Wangermann, MLS; LIFIS e.V., Berlin<\/li>\n<\/ul>\n<h2>Weitere Informationen und Downloads<\/h2>\n<ul>\n<li><a href=\"http:\/\/www.leibniz-institut.de\/usr_files\/18_wissenschaft_im_kontext_2009.pdf\" target=\"_blank\"><strong>Ank\u00fcndigung<\/strong><\/a> (140kB, PDF-Format)<\/li>\n<li><a href=\"http:\/\/www.leibniz-institut.de\/usr_files\/20_wik_2009_programm.pdf\" target=\"_blank\"><strong>Programm<\/strong><\/a> (140kB, PDF-Format)<\/li>\n<li><a href=\"http:\/\/www.leibniz-institut.de\/usr_files\/24_wik_2009_teilnehmer.pdf\" target=\"_blank\"><strong>Teilnehmerliste<\/strong><\/a> (105kB, PDF-Format)<\/li>\n<\/ul>\n","protected":false},"excerpt":{"rendered":"<p>WISSENSCHAFT IM KONTEXT 2009 \u2013 Inter- und Transdisziplinarit\u00e4t in Theorie und Praxis 18. &#8212; 19. Mai 2009 Berlin-Adlershof, Deutschland Ernst-Augustin-Str. 15, in der Media City Adlershof Veranstalter: LEIBNIZ-INSTITUT f\u00fcr interdisziplin\u00e4re <a class=\"more-link\" href=\"https:\/\/leibniz-institut.de\/ru\/konferenzen\/konferenz-archiv\/8-leibniz-konferenz-wissenschaft-im-kontext\/\">Weiterlesen \u2192<\/a><\/p>\n","protected":false},"author":2,"featured_media":0,"parent":315,"menu_order":8,"comment_status":"closed","ping_status":"closed","template":"","meta":{"footnotes":""},"class_list":["post-160","page","type-page","status-publish","hentry"],"translation":{"provider":"WPGlobus","version":"3.0.2","language":"ru","enabled_languages":["de","en","ru"],"languages":{"de":{"title":true,"content":true,"excerpt":false},"en":{"title":false,"content":false,"excerpt":false},"ru":{"title":false,"content":false,"excerpt":false}}},"_links":{"self":[{"href":"https:\/\/leibniz-institut.de\/ru\/wp-json\/wp\/v2\/pages\/160","targetHints":{"allow":["GET"]}}],"collection":[{"href":"https:\/\/leibniz-institut.de\/ru\/wp-json\/wp\/v2\/pages"}],"about":[{"href":"https:\/\/leibniz-institut.de\/ru\/wp-json\/wp\/v2\/types\/page"}],"author":[{"embeddable":true,"href":"https:\/\/leibniz-institut.de\/ru\/wp-json\/wp\/v2\/users\/2"}],"replies":[{"embeddable":true,"href":"https:\/\/leibniz-institut.de\/ru\/wp-json\/wp\/v2\/comments?post=160"}],"version-history":[{"count":4,"href":"https:\/\/leibniz-institut.de\/ru\/wp-json\/wp\/v2\/pages\/160\/revisions"}],"predecessor-version":[{"id":162,"href":"https:\/\/leibniz-institut.de\/ru\/wp-json\/wp\/v2\/pages\/160\/revisions\/162"}],"up":[{"embeddable":true,"href":"https:\/\/leibniz-institut.de\/ru\/wp-json\/wp\/v2\/pages\/315"}],"wp:attachment":[{"href":"https:\/\/leibniz-institut.de\/ru\/wp-json\/wp\/v2\/media?parent=160"}],"curies":[{"name":"wp","href":"https:\/\/api.w.org\/{rel}","templated":true}]}}