{"id":1623,"date":"2022-05-30T07:10:27","date_gmt":"2022-05-30T07:10:27","guid":{"rendered":"https:\/\/leibniz-institut.de\/?page_id=1623"},"modified":"2025-09-30T13:45:31","modified_gmt":"2025-09-30T13:45:31","slug":"lifis-edu","status":"publish","type":"page","link":"https:\/\/leibniz-institut.de\/ru\/schwerpunktthemen\/lifis-edu\/","title":{"rendered":"LIFIS-EDU"},"content":{"rendered":"\n<p class=\"has-text-align-left\"><strong>Koordination:<\/strong> Olaf Weber<\/p>\n\n\n\n<p>Kurze anschauliche YouTube<strong> Videos<\/strong> mit Wiedererkennungsfaktor im <a href=\"https:\/\/www.youtube.com\/channel\/UC5-wEkLFRRm1Rbfnq2jIhWg\">Youtube-Kanal <em>LIFIS-EDU<\/em><\/a> schlagen eine Br\u00fccke zwischen Allgemeinbildung, neuen Studien und Forschungsergebnissen und strukturierten Probleml\u00f6sungstools. Letztere werden auf diesem Wege der Allgemeinheit zug\u00e4nglich gemacht.<br>Die einzigartige Kombination von (TRIZ-)Tools und Studien f\u00fchren zu einfacher, \u00fcbersichtlicher Erkl\u00e4rung und attraktiver Einf\u00fchrung in die unterschiedlichsten Themen. Das macht Forschung auch f\u00fcr Laien interessant und zug\u00e4nglich.<\/p>\n\n\n\n<p>Engagierte Forscher und Wissenschaftler (LIFIS, LS, externe) sind eingeladen, sich an der Serie zu beteiligen, dadurch bekannter zu werden und ggf. auch im LIFIS mitzuarbeiten.<\/p>\n\n\n\n<p>Beispielsweise k\u00f6nnen Gastredner auf LIFIS-Konferenzen und anderen Konferenzen in der Reihe <em>LIFIS-EDU-STUDIEN \u2013 Gemeinsam f\u00fcr eine bessere Welt<\/em>&#187; Ihre Themen im <a href=\"https:\/\/www.youtube.com\/channel\/UC5-wEkLFRRm1Rbfnq2jIhWg\" target=\"_blank\" rel=\"noreferrer noopener\">LIFIS-EDU-YouTube-Kanal<\/a> publizieren und dadurch angeregt werden, sich einer wachsenden und engagierten LIFIS Gemeinschaft anzuschlie\u00dfen.<\/p>\n\n\n\n<p>Bisher ver\u00f6ffentlichte Videos:<\/p>\n\n\n\n<ul class=\"wp-block-list\"><li><a href=\"https:\/\/www.youtube.com\/watch?v=DlGg28pO2kA\">LIFIS-EDU stellt sich vor<\/a><\/li><li><a href=\"https:\/\/www.youtube.com\/watch?v=Duhy5cpacpQ\">LIFIS-EDU &#8212; Gemeinsam f\u00fcr eine bessere Welt<\/a><\/li><li><a href=\"https:\/\/www.youtube.com\/watch?v=82If-QLbbKU\">LIFIS-EDU-TOOLS YUNING TAXONOMIE<\/a><\/li><li><a href=\"https:\/\/www.youtube.com\/watch?v=PGk8w8KI-Kg\">LIFIS-EDU-STUDIEN personalisierte Impfstoffe<\/a><\/li><\/ul>\n","protected":false},"excerpt":{"rendered":"<p>Koordination: Olaf Weber Kurze anschauliche YouTube Videos mit Wiedererkennungsfaktor im Youtube-Kanal LIFIS-EDU schlagen eine Br\u00fccke zwischen Allgemeinbildung, neuen Studien und Forschungsergebnissen und strukturierten Probleml\u00f6sungstools. Letztere werden auf diesem Wege der <a class=\"more-link\" href=\"https:\/\/leibniz-institut.de\/ru\/schwerpunktthemen\/lifis-edu\/\">Weiterlesen \u2192<\/a><\/p>\n","protected":false},"author":2,"featured_media":0,"parent":357,"menu_order":5,"comment_status":"closed","ping_status":"closed","template":"","meta":{"footnotes":""},"class_list":["post-1623","page","type-page","status-publish","hentry"],"translation":{"provider":"WPGlobus","version":"3.0.2","language":"ru","enabled_languages":["de","en","ru"],"languages":{"de":{"title":true,"content":true,"excerpt":false},"en":{"title":false,"content":false,"excerpt":false},"ru":{"title":false,"content":false,"excerpt":false}}},"_links":{"self":[{"href":"https:\/\/leibniz-institut.de\/ru\/wp-json\/wp\/v2\/pages\/1623","targetHints":{"allow":["GET"]}}],"collection":[{"href":"https:\/\/leibniz-institut.de\/ru\/wp-json\/wp\/v2\/pages"}],"about":[{"href":"https:\/\/leibniz-institut.de\/ru\/wp-json\/wp\/v2\/types\/page"}],"author":[{"embeddable":true,"href":"https:\/\/leibniz-institut.de\/ru\/wp-json\/wp\/v2\/users\/2"}],"replies":[{"embeddable":true,"href":"https:\/\/leibniz-institut.de\/ru\/wp-json\/wp\/v2\/comments?post=1623"}],"version-history":[{"count":3,"href":"https:\/\/leibniz-institut.de\/ru\/wp-json\/wp\/v2\/pages\/1623\/revisions"}],"predecessor-version":[{"id":1654,"href":"https:\/\/leibniz-institut.de\/ru\/wp-json\/wp\/v2\/pages\/1623\/revisions\/1654"}],"up":[{"embeddable":true,"href":"https:\/\/leibniz-institut.de\/ru\/wp-json\/wp\/v2\/pages\/357"}],"wp:attachment":[{"href":"https:\/\/leibniz-institut.de\/ru\/wp-json\/wp\/v2\/media?parent=1623"}],"curies":[{"name":"wp","href":"https:\/\/api.w.org\/{rel}","templated":true}]}}