{"id":171,"date":"2015-03-13T08:11:08","date_gmt":"2015-03-13T08:11:08","guid":{"rendered":"http:\/\/eastpress.de\/lifis\/?page_id=171"},"modified":"2017-09-16T09:38:45","modified_gmt":"2017-09-16T09:38:45","slug":"4-leibniz-konferenz-intelligente-logistik-2009","status":"publish","type":"page","link":"https:\/\/leibniz-institut.de\/ru\/konferenzen\/konferenz-archiv\/4-leibniz-konferenz-intelligente-logistik-2009\/","title":{"rendered":"4. Leibniz-Konferenz Intelligente Logistik 2009"},"content":{"rendered":"<h1>INTELLIGENTE LOGISTIK 2009 \u2013 Informationssysteme und Logistik<\/h1>\n<p>03. Dezember 2009<br \/>\nEurop\u00e4isches Bildungsinstitut INSE GmbH, 10969 Berlin-Mitte, Charlottenstr. 13<\/p>\n<h2>Veranstalter:<\/h2>\n<p>LEIBNIZ-INSTITUT<br \/>\nf\u00fcr interdisziplin\u00e4re Studien e.V. (LIFIS), Schloss Lichtenwalde<br \/>\nin Kooperation mit der AkaTe-Gruppe Chemnitz<\/p>\n<h2>Programminhalte:<\/h2>\n<p>In der Industrie f\u00fchrt der allgemeine Trend zur Reduzierung der Fertigungstiefe zu Unter-nehmensnetzwerken, in denen \u00fcberaus komplexe Informations- und Teilestr\u00f6me entstehen. F\u00fcr die effiziente Steuerung von Produktion und Logistik entstehen daher bei der Ver-folgung von Teilen, Baugruppen und Systemkomponenten sowie bei der R\u00fcckverfolgung dieser Objekte erh\u00f6hte Anforderungen. Der Einsatz der RFID-Technik ist eine vielversprechende Option f\u00fcr die L\u00f6sung dieser Aufgaben. Ohne eine integrierte Informationsverarbeitung sind moderne Logistiksysteme nicht mehr zu koordinieren. Dies f\u00fchrt zu hochgradig vernetzten und alle Prozesse durchdringenden IT-L\u00f6sungen. Intelligente Objekte k\u00f6nnen k\u00fcnftig selbst die Steuerung der Logistik \u00fcbernehmen \u2013 mit noch nicht abzusehenden Konsequenzen f\u00fcr die Produktionsgestaltung.<\/p>\n<p>F\u00fcr intelligente Logistiksysteme sind neben den Aspekten, die sich durch den Einsatz der neuen Technologie ergeben, technische und organisatorische Voraussetzungen zu schaffen, um den wachsenden Anforderungen hinsichtlich Mensch-Technik-Wechselwirkungen, der \u00f6kologischen Nachhaltigkeit und der Beachtung kultureller Aspekte der Globalisierung ge-recht zu werden.<\/p>\n<p>Intelligente Logistikl\u00f6sungen ber\u00fchren nahezu jeden Lebensbereich unserer modernen Ge-sellschaft. Neue Technologien in der Logistik und darauf abgestimmte organisatorische L\u00f6-sungen werden anl\u00e4sslich dieser Leibniz-Konferenz des LIFIS diskutiert. Damit bietet die Konferenz ein interdisziplin\u00e4res Forum f\u00fcr die Darstellung und Diskussion von Entwick-lungstendenzen, welche die absehbare Zukunft unserer Gesellschaft wesentlich bestimmen werden.<\/p>\n<h2>Schwerpunkte<\/h2>\n<ul>\n<li>Technische Logistik \u2013 Entwicklungen f\u00fcr Industrie und Handel<\/li>\n<li>IT f\u00fcr intelligente Logistiksysteme<\/li>\n<li>Organisation in Wertsch\u00f6pfungsnetzen<\/li>\n<li>RFID-Einsatzszenarien<\/li>\n<li>Gesellschaftliche Aspekte<\/li>\n<\/ul>\n<h2>Programmkomitee:<\/h2>\n<ul>\n<li>Bernd Junghans, LIFIS e.V, Dresden<\/li>\n<li>Gerhard Banse, Forschungszentrum Karlsruhe<\/li>\n<li>Lutz-G\u00fcnther Fleischer, LIFIS e.V., Schloss Lichtenwalde und Berlin<\/li>\n<li>Frank Husar, AVIPlan, Dresden<\/li>\n<li>Uwe Meinberg, Fraunhofer-Anwendungszentrum, Cottbus<\/li>\n<li>Frieder Sieber, AkaTe-Gruppe, Chemnitz<\/li>\n<li>Gert Wangermann, LIFIS e.V., Berlin<\/li>\n<li>Siegfried Wirth, TU Chemnitz<\/li>\n<\/ul>\n<h2>Weitere Informationen und Downloads<\/h2>\n<ul>\n<li><a href=\"http:\/\/www.leibniz-institut.de\/usr_files\/25_intelligente_logistik_2009.pdf\" target=\"_blank\"><strong>Ank\u00fcndigung<\/strong><\/a> (98kB, PDF-Format)<\/li>\n<li><a href=\"http:\/\/www.leibniz-institut.de\/usr_files\/30_intelligente_logistik2009_programm.pdf\" target=\"_blank\"><strong>Programm<\/strong><\/a> (509kB, PDF-Format)<\/li>\n<li><a href=\"http:\/\/www.leibniz-institut.de\/usr_files\/38_intelligente_logistik2009_abstracts.pdf\" target=\"_blank\"><strong>Abstracts<\/strong><\/a> (570kB, PDF-Format)<\/li>\n<li><a href=\"http:\/\/www.leibniz-institut.de\/usr_files\/37_intelligente_logistik2009_teilnehmer.pdf\" target=\"_blank\"><strong>Teilnehmerliste<\/strong><\/a> (490kB, PDF-Format)<\/li>\n<li><strong><a href=\"http:\/\/leibniz-institut.de\/lk4-detail\/\">Programm mit Downloadoption der Vortr\u00e4ge<\/a><\/strong><\/li>\n<\/ul>\n","protected":false},"excerpt":{"rendered":"<p>INTELLIGENTE LOGISTIK 2009 \u2013 Informationssysteme und Logistik 03. Dezember 2009 Europ\u00e4isches Bildungsinstitut INSE GmbH, 10969 Berlin-Mitte, Charlottenstr. 13 Veranstalter: LEIBNIZ-INSTITUT f\u00fcr interdisziplin\u00e4re Studien e.V. (LIFIS), Schloss Lichtenwalde in Kooperation mit <a class=\"more-link\" href=\"https:\/\/leibniz-institut.de\/ru\/konferenzen\/konferenz-archiv\/4-leibniz-konferenz-intelligente-logistik-2009\/\">Weiterlesen \u2192<\/a><\/p>\n","protected":false},"author":2,"featured_media":0,"parent":315,"menu_order":4,"comment_status":"closed","ping_status":"closed","template":"","meta":{"footnotes":""},"class_list":["post-171","page","type-page","status-publish","hentry"],"translation":{"provider":"WPGlobus","version":"3.0.2","language":"ru","enabled_languages":["de","en","ru"],"languages":{"de":{"title":true,"content":true,"excerpt":false},"en":{"title":false,"content":false,"excerpt":false},"ru":{"title":false,"content":false,"excerpt":false}}},"_links":{"self":[{"href":"https:\/\/leibniz-institut.de\/ru\/wp-json\/wp\/v2\/pages\/171","targetHints":{"allow":["GET"]}}],"collection":[{"href":"https:\/\/leibniz-institut.de\/ru\/wp-json\/wp\/v2\/pages"}],"about":[{"href":"https:\/\/leibniz-institut.de\/ru\/wp-json\/wp\/v2\/types\/page"}],"author":[{"embeddable":true,"href":"https:\/\/leibniz-institut.de\/ru\/wp-json\/wp\/v2\/users\/2"}],"replies":[{"embeddable":true,"href":"https:\/\/leibniz-institut.de\/ru\/wp-json\/wp\/v2\/comments?post=171"}],"version-history":[{"count":3,"href":"https:\/\/leibniz-institut.de\/ru\/wp-json\/wp\/v2\/pages\/171\/revisions"}],"predecessor-version":[{"id":505,"href":"https:\/\/leibniz-institut.de\/ru\/wp-json\/wp\/v2\/pages\/171\/revisions\/505"}],"up":[{"embeddable":true,"href":"https:\/\/leibniz-institut.de\/ru\/wp-json\/wp\/v2\/pages\/315"}],"wp:attachment":[{"href":"https:\/\/leibniz-institut.de\/ru\/wp-json\/wp\/v2\/media?parent=171"}],"curies":[{"name":"wp","href":"https:\/\/api.w.org\/{rel}","templated":true}]}}