{"id":1732,"date":"2023-02-08T20:41:36","date_gmt":"2023-02-08T20:41:36","guid":{"rendered":"https:\/\/leibniz-institut.de\/?page_id=1732"},"modified":"2025-01-24T09:34:16","modified_gmt":"2025-01-24T09:34:16","slug":"70-jahre-dna","status":"publish","type":"page","link":"https:\/\/leibniz-institut.de\/ru\/konferenzen\/70-jahre-dna\/","title":{"rendered":"30. Leibniz-Konferenz: 70 Jahre DNA \u2013 \u00c4ra der Translation"},"content":{"rendered":"\n<figure class=\"wp-block-image size-full\"><img loading=\"lazy\" decoding=\"async\" width=\"960\" height=\"540\" src=\"https:\/\/leibniz-institut.de\/WordPress_01\/wp-content\/uploads\/70jahre-dna-de.jpg\" alt=\"\" class=\"wp-image-1855\" srcset=\"https:\/\/leibniz-institut.de\/WordPress_01\/wp-content\/uploads\/70jahre-dna-de.jpg 960w, https:\/\/leibniz-institut.de\/WordPress_01\/wp-content\/uploads\/70jahre-dna-de-300x169.jpg 300w, https:\/\/leibniz-institut.de\/WordPress_01\/wp-content\/uploads\/70jahre-dna-de-768x432.jpg 768w\" sizes=\"auto, (max-width: 960px) 100vw, 960px\" \/><\/figure>\n\n\n\n<h3 class=\"wp-block-heading\">Veranstalter<\/h3>\n\n\n\n<p>LEIBNIZ-INSTITUT<br>f\u00fcr interdisziplin\u00e4re Studien e.V. (LIFIS)<br>Berlin-Adlershof<br><br>in Zusammenarbeit mit der <a href=\"https:\/\/www.fu-berlin.de\/\">Freien Universit\u00e4t Berlin<\/a>, dem <a href=\"https:\/\/www.rik-berlin.de\/\">Regionalinkubator Berlin S\u00fcdwest<\/a>, der Gesch\u00e4ftsstelle <a href=\"https:\/\/zukunftsorte.berlin\/\">Zukunftsorte Berlin<\/a> und <a href=\"https:\/\/www.dna24.net\/\">DNA24.net.<\/a><\/p>\n\n\n\n<p>Die Veranstaltung steht unter der Schirmherrschaft der Berliner Senatorin f\u00fcr Wissenschaft, Gesundheit und Pflege, Frau Dr. Ina Czyborra.<\/p>\n\n\n\n<p><strong>Partner:<\/strong> <em>bbb-life, DiagnostikNet-BB, Biotech Institute, fm-worx.de, Vietnam Medicine, \u2026<\/em><\/p>\n\n\n\n<ul class=\"wp-block-list\">\n<li><a href=\"https:\/\/leibniz-institut.de\/WordPress_01\/wp-content\/uploads\/announcement-20230826-de.pdf\">Konferenzank\u00fcndigung<\/a><\/li>\n\n\n\n<li><a href=\"https:\/\/leibniz-institut.de\/WordPress_01\/wp-content\/uploads\/Einladung-20230924-de.pdf\" data-type=\"attachment\" data-id=\"2007\">Einladung<\/a><\/li>\n\n\n\n<li><a href=\"https:\/\/leibniz-institut.de\/WordPress_01\/wp-content\/uploads\/Programm-20230929-de.pdf\" data-type=\"attachment\" data-id=\"1866\">Programm<\/a> <\/li>\n\n\n\n<li><a href=\"https:\/\/leibniz-institut.de\/konferenzen\/70-jahre-dna\/70-jahre-dna-impressionen\/\" data-type=\"page\" data-id=\"2066\">Impressionen<\/a><\/li>\n\n\n\n<li><a href=\"https:\/\/leibniz-institut.de\/WordPress_01\/wp-content\/uploads\/Abstractbook_30_LK_Jan2025-webversion.pdf\" data-type=\"attachment\" data-id=\"2116\">Abstractbook<\/a><\/li>\n<\/ul>\n\n\n\n<h3 class=\"wp-block-heading\">Programminhalt<\/h3>\n\n\n\n<p>Mit dieser 30. Leibnizkonferenz w\u00fcrdigt das <em>Leibniz-Institut f\u00fcr Interdisziplin\u00e4re Studien<\/em> (LIFIS e.V.) den 70. Jahrestag der Entdeckung der DNA, des zentralen Molek\u00fcls der Genomforschung. Diese Entdeckung in der Molekularbiologie war grundlegend f\u00fcr die heutige Biomedizin und ist von unendlich gro\u00dfer Bedeutung f\u00fcr die menschliche Gesellschaft. Moderne Medizin ist heute ohne Genomforschung nicht mehr denkbar.<\/p>\n\n\n\n<p>Wie auf der Vorg\u00e4ngerkonferenz <strong><a href=\"https:\/\/leibniz-institut.de\/konferenzen\/konferenz-archiv\/17-leibniz-konferenz-life-science-day-2013\/\" data-type=\"page\" data-id=\"277\">\u201e2013 \u2013 Jahr der DNA\u201c<\/a><\/strong> repr\u00e4sentieren die ausgew\u00e4hlten Referenten f\u00fcr diese eint\u00e4gige Tagung den aktuellen Stand der unterschiedlichen Gebiete der heutigen Genomforschung und zeigen die wichtigsten Erfolge der Translation dieser Ergebnisse zur Pr\u00e4vention und Heilung von Krankheiten vor und w\u00e4hrend der weltweiten Pandemie auf. Die Vortr\u00e4ge geben einen \u00dcberblick \u00fcber die verschiedenen Formen und die Bedeutung von DNA und RNA, moderne Trends in der Auswertung von Gendaten, die Nutzung der Ergebnisse f\u00fcr Biologie, Medizin, Gesellschafts- und Ingenieurwissenschaften. Themen sind z. B. Neanderthaler-Genom, mitochondriale DNA, Genexpression und nichtkodierende RNA, das Humane Genomprojekt, Evolution\u00e4re Genetik, DNA-Nanomaschinen, Amplifikationstechniken, Next-Generation-Sequenzierung, Genetischer Fingerabdruck, Personal Genomics, Nukleins\u00e4ure-Medikamente und -Impfstoffe, therapeutische Modifikationen der DNA, Stammzellen und Konservierung von Tiergenomen.<\/p>\n\n\n\n<p>Die Vortr\u00e4ge werden von international ausgewiesenen Spezialisten aus Forschung und Entwicklung gehalten und repr\u00e4sentieren ein breites Spektrum der derzeit angewandten Methoden. Diese Konferenz bietet eine hervorragende Gelegenheit f\u00fcr einen direkten Erfahrungsaustausch mit den Pioniern dieser etablierten und neuen Techniken.<\/p>\n\n\n\n<p>F\u00fcr Fachleute aus allen Bereichen der Forschung und Entwicklung auf dem Gebiet der Molekularbiologie ist diese wissenschaftliche Tagung eine ausgezeichnete M\u00f6glichkeit, sich mit den derzeitigen und zuk\u00fcnftigen Methoden bekannt zu machen. Wegen der breiten Anwendung dieser biochemischen Methoden wendet sich diese Tagung an Spezialisten und Interessierte aus den verschiedensten Wissenschaftsbereichen: Agrar- und Ern\u00e4hrungswissenschaften, Biochemie, Biotechnologie, Genetik, Molekularbiologie, Medizin und Pharmazie.<\/p>\n\n\n\n<p>Parallel zum wissenschaftlichen Programm findet wiederum eine Ausstellung von innovativen Diagnostik-Firmen aus Deutschland und dem Ausland sowie eine Posterausstellung statt.<\/p>\n\n\n\n<p>Am Vortag der 30. Leibnizkonferenz \u201e70 Jahre DNA\u201c findet 16-18 Uhr ein <em>separater <a href=\"https:\/\/leibniz-institut.de\/leibniz-konferenz-70-jahre-dna\/future-labs\/\" data-type=\"page\" data-id=\"1880\">Satelliten-Workshop \u201eLabs of Future \u2013 Future of Labs\u201c<\/a><\/em> in der PROFUND-Villa in Berlin-Dahlem statt (separate Anmeldung erforderlich). Dort wird \u00fcber die Zukunft der diagnostischen Labore durch den Einsatz von Multiomics-Technologien diskutiert.<\/p>\n\n\n\n<p class=\"has-text-align-left\">Zur Begr\u00fc\u00dfung externer G\u00e4ste und Referenten findet am 5.9.2023 ab 19 Uhr ein <em>Welcome-Evening<\/em> im Seminaris Campus Hotel, Takustrasse 84, 14195 Berlin statt mit einem Festvortrag um 20 Uhr <\/p>\n\n\n\n<p class=\"has-text-align-center\">Peter Spork, Wissenschaftjournalist und Bestseller-Autor<br>\u201eDer zweite Code. Wie die Epigenetik den Blick auf unsere Gesundheit ver\u00e4ndert\u201c<\/p>\n\n\n\n<p class=\"has-text-align-left\">und anschlie\u00dfendem Get-together. Auch hierf\u00fcr ist eine separate Anmeldung erforderlich. <\/p>\n\n\n\n<h3 class=\"wp-block-heading\">Schwerpunkte der Konferenz<\/h3>\n\n\n\n<h4 class=\"wp-block-heading\">Evolution der Genome<\/h4>\n\n\n\n<ul class=\"wp-block-list\">\n<li>Pr\u00e4historische DNA<\/li>\n\n\n\n<li>DNA-Nanotechnologie<\/li>\n\n\n\n<li>Mitochondriale DNA<\/li>\n\n\n\n<li>Integrierte Genome<\/li>\n\n\n\n<li>Systembiologie<\/li>\n\n\n\n<li>Artifizielle Organismen<\/li>\n\n\n\n<li>Bisherige und zuk\u00fcnftige Pandemien<\/li>\n<\/ul>\n\n\n\n<h4 class=\"wp-block-heading\">Die Vielfalt der RNA<\/h4>\n\n\n\n<ul class=\"wp-block-list\">\n<li>Genexpression<\/li>\n\n\n\n<li>microRNA und andere nichtkodierende RNA-Molek\u00fcle<\/li>\n\n\n\n<li>Silencing-RNA<\/li>\n<\/ul>\n\n\n\n<h4 class=\"wp-block-heading\">DNA-Analytik<\/h4>\n\n\n\n<ul class=\"wp-block-list\">\n<li>Neue DNA-Nachweistechniken<\/li>\n\n\n\n<li>Sequenzierung von Chromosomen<\/li>\n\n\n\n<li>DNA-Diagnostik im Umbruch, Precision Medicine<\/li>\n\n\n\n<li>Spatial Transcriptomics and Genomics<\/li>\n\n\n\n<li>Bioinformatik und KI<\/li>\n<\/ul>\n\n\n\n<h4 class=\"wp-block-heading\">Medizinische DNA-Technologie<\/h4>\n\n\n\n<ul class=\"wp-block-list\">\n<li>Innovative Therapeutika<\/li>\n\n\n\n<li>Biobanking<\/li>\n\n\n\n<li>Stammzelltherapie<\/li>\n\n\n\n<li>CAR-T Zellen<\/li>\n\n\n\n<li>CRISPR-CAS<\/li>\n<\/ul>\n\n\n\n<p>Die Konferenzsprachen sind Englisch und Deutsch. Vortragsfolien in Englisch erbeten. <\/p>\n\n\n\n<h3 class=\"wp-block-heading\">Programmbeirat<\/h3>\n\n\n\n<ul class=\"wp-block-list\">\n<li><strong>Dirk La\u00dfner (Vorsitzender)<\/strong>, LIFIS e.V. und DNA24.net, Berlin, Germany<\/li>\n\n\n\n<li>F. Heyd, FU Berlin, RNA Biochemie<\/li>\n\n\n\n<li>J. Hollidt, In.vent Diagnostica GmbH, Hennigsdorf, Germany<\/li>\n\n\n\n<li>B. Junghans, LIFIS e.V., Dresden, Germany<\/li>\n\n\n\n<li>N. A. Tien, VINMEC Hospital, Hanoi, Vietnam<\/li>\n\n\n\n<li>W. Regen, LIFIS e.V., Berlin und Chemnitz<\/li>\n\n\n\n<li>B. Samatanga, Biotech Institute, Harare, Zimbabwe<\/li>\n\n\n\n<li>F. Schaal, Regionalinkubator Berlin S\u00dcDWEST, Berlin, Germany<\/li>\n\n\n\n<li>S. Terberl, Gesch\u00e4ftsstelle ZUKUNFTSORTE Berlin, Berlin, Germany<\/li>\n\n\n\n<li>L.Vallier, MPI f\u00fcr Molekulare Genetik und BCRT, Berlin, Germany<\/li>\n\n\n\n<li>V. Velavan, Uni T\u00fcbingen und VG Care, Hanoi und T\u00fcbingen, Germany\/Vietnam<\/li>\n<\/ul>\n\n\n\n<p><strong>Vorgesehene Redner:<\/strong><\/p>\n\n\n\n<p>R. Baber (Leipzig); M. Benecke (K\u00f6ln); F. Bier (Potsdam); R. Dawkins (UK); E. Charpentier (Berlin); J. Claverie (France); M. Drosten (Berlin); H. Fechner (Berlin); A. Gerth (Leipzig); T. Grunwald (Leipzig); J. Hollidt (Hennigsdorf); Hummel (Berlin); B. Kaufert (Berlin); J. Krause (Jena); J. Kureck (Berlin); S. P\u00e4\u00e4bo (Leipzig), N. Rajewski (Berlin); B. Samatanga (Harare); A. Sanders (Berlin); J. Strauss (Potsdam); E. Southern (UK), N. A. Tien (Hanoi) und andere<\/p>\n\n\n\n<h3 class=\"wp-block-heading\">Unsere Sponsoren und Unterst\u00fctzer<\/h3>\n\n\n\n<figure class=\"wp-block-image size-full\"><img loading=\"lazy\" decoding=\"async\" width=\"741\" height=\"918\" src=\"https:\/\/leibniz-institut.de\/WordPress_01\/wp-content\/uploads\/Sponsoren-2.jpg\" alt=\"\" class=\"wp-image-2052\" srcset=\"https:\/\/leibniz-institut.de\/WordPress_01\/wp-content\/uploads\/Sponsoren-2.jpg 741w, https:\/\/leibniz-institut.de\/WordPress_01\/wp-content\/uploads\/Sponsoren-2-242x300.jpg 242w\" sizes=\"auto, (max-width: 741px) 100vw, 741px\" \/><\/figure>\n","protected":false},"excerpt":{"rendered":"<p>Veranstalter LEIBNIZ-INSTITUTf\u00fcr interdisziplin\u00e4re Studien e.V. (LIFIS)Berlin-Adlershof in Zusammenarbeit mit der Freien Universit\u00e4t Berlin, dem Regionalinkubator Berlin S\u00fcdwest, der Gesch\u00e4ftsstelle Zukunftsorte Berlin und DNA24.net. Die Veranstaltung steht unter der Schirmherrschaft der <a class=\"more-link\" href=\"https:\/\/leibniz-institut.de\/ru\/konferenzen\/70-jahre-dna\/\">Weiterlesen \u2192<\/a><\/p>\n","protected":false},"author":2,"featured_media":0,"parent":31,"menu_order":30,"comment_status":"closed","ping_status":"closed","template":"","meta":{"footnotes":""},"class_list":["post-1732","page","type-page","status-publish","hentry"],"translation":{"provider":"WPGlobus","version":"3.0.2","language":"ru","enabled_languages":["de","en","ru"],"languages":{"de":{"title":true,"content":true,"excerpt":false},"en":{"title":true,"content":true,"excerpt":false},"ru":{"title":false,"content":false,"excerpt":false}}},"_links":{"self":[{"href":"https:\/\/leibniz-institut.de\/ru\/wp-json\/wp\/v2\/pages\/1732","targetHints":{"allow":["GET"]}}],"collection":[{"href":"https:\/\/leibniz-institut.de\/ru\/wp-json\/wp\/v2\/pages"}],"about":[{"href":"https:\/\/leibniz-institut.de\/ru\/wp-json\/wp\/v2\/types\/page"}],"author":[{"embeddable":true,"href":"https:\/\/leibniz-institut.de\/ru\/wp-json\/wp\/v2\/users\/2"}],"replies":[{"embeddable":true,"href":"https:\/\/leibniz-institut.de\/ru\/wp-json\/wp\/v2\/comments?post=1732"}],"version-history":[{"count":71,"href":"https:\/\/leibniz-institut.de\/ru\/wp-json\/wp\/v2\/pages\/1732\/revisions"}],"predecessor-version":[{"id":2120,"href":"https:\/\/leibniz-institut.de\/ru\/wp-json\/wp\/v2\/pages\/1732\/revisions\/2120"}],"up":[{"embeddable":true,"href":"https:\/\/leibniz-institut.de\/ru\/wp-json\/wp\/v2\/pages\/31"}],"wp:attachment":[{"href":"https:\/\/leibniz-institut.de\/ru\/wp-json\/wp\/v2\/media?parent=1732"}],"curies":[{"name":"wp","href":"https:\/\/api.w.org\/{rel}","templated":true}]}}