{"id":211,"date":"2015-08-11T12:45:08","date_gmt":"2015-08-11T12:45:08","guid":{"rendered":"http:\/\/wordpress.leibniz-institut.de\/?page_id=211"},"modified":"2016-03-06T09:01:22","modified_gmt":"2016-03-06T09:01:22","slug":"lk6-detail","status":"publish","type":"page","link":"https:\/\/leibniz-institut.de\/ru\/konferenzen\/konferenz-archiv\/6-leibniz-konferenz-solarzeitalter-2008\/lk6-detail\/","title":{"rendered":"Programm der 6. Leibniz-Konferenz"},"content":{"rendered":"<p><strong>Donnerstag, 15. Mai 2008<\/strong><\/p>\n<table border=\"0\" width=\"100%\" cellspacing=\"5\" cellpadding=\"5\">\n<tbody>\n<tr align=\"left\" valign=\"top\">\n<td width=\"20%\">12:00 \u2013 13:00<\/td>\n<td>Anmeldung\/Registrierung<\/td>\n<\/tr>\n<tr align=\"left\" valign=\"top\">\n<td>13:00 \u2013 13:15<\/td>\n<td><img decoding=\"async\" src=\"\/images\/pdf_icon.gif\" alt=\"\" \/>  <a href=\"\/Konferenzen\/Sensorsysteme-2008\/Fleischer_Thesen_zur_Eroeffnung.pdf\" target=\"_blank\">Begr\u00fc\u00dfung und Er\u00f6ffnung<\/a> (PDF, 1.5MB)<br \/>\nLutz-G\u00fcnther Fleischer, Berlin<\/td>\n<\/tr>\n<\/tbody>\n<\/table>\n<p><strong>SESSION 1<br \/>\n<\/strong>Moderation: Lutz-G\u00fcnther Fleischer, Berlin<\/p>\n<table border=\"0\" width=\"100%\" cellspacing=\"5\" cellpadding=\"5\">\n<tbody>\n<tr align=\"left\" valign=\"top\">\n<td width=\"20%\">13:15 \u2013 14:00<\/td>\n<td>GERHARD BANSE, Karlsruhe<br \/>\n<img decoding=\"async\" src=\"\/images\/pdf_icon.gif\" alt=\"\" \/> <a href=\"\/Konferenzen\/Sensorsysteme-2008\/Banse_Zwischen_wissenschaftlicher_Erkenntnis.pdf\" target=\"_blank\">\u201eZwischen wissenschaftlicher Erkenntnis und gesellschaftlicher Nutzung. Das Beispiel zuk\u00fcnftiger Energiewandlung und -versorgung\u201c<\/a> (PDF, 309kB)<\/td>\n<\/tr>\n<tr align=\"left\" valign=\"top\">\n<td>14:00 \u2013 14:30<\/td>\n<td>HARRY LEHMANN, Dessau<br \/>\n\u201eSolare Vollversorgung am Beispiel Japan\u201c<\/td>\n<\/tr>\n<tr align=\"left\" valign=\"top\">\n<td>14:30 \u2013 15:00<\/td>\n<td>DIETER SP\u00c4NKUCH, Caputh<br \/>\n<img decoding=\"async\" src=\"\/images\/pdf_icon.gif\" alt=\"\" \/> <a href=\"\/Konferenzen\/Sensorsysteme-2008\/Spaenkuch_Globale_Erwaermung.pdf\" target=\"_blank\">\u201eGlobale Erw\u00e4rmung \u2013 Was haben wir zu erwarten?\u201c<\/a> (PDF, 6.6MB)<\/td>\n<\/tr>\n<tr align=\"left\" valign=\"top\">\n<td>15:00 \u2013 15:30<\/td>\n<td>P A U S E<\/td>\n<\/tr>\n<\/tbody>\n<\/table>\n<p><strong>SESSION 2<br \/>\n<\/strong>Moderation: Detlef M\u00f6ller, Cottbus\/Berlin<\/p>\n<table border=\"0\" width=\"100%\" cellspacing=\"5\" cellpadding=\"5\">\n<tbody>\n<tr align=\"left\" valign=\"top\">\n<td width=\"20%\">15:30 \u2013 16:00<\/td>\n<td>G\u00dcNTER FLACH, Dresden<br \/>\n\u201ePhysikalische Grundlagen des Energieproblems\u201c<\/td>\n<\/tr>\n<tr align=\"left\" valign=\"top\">\n<td>16:00 \u2013 16:30<\/td>\n<td>LUTZ-G\u00dcNTHER FLEISCHER, Berlin<br \/>\n<img decoding=\"async\" src=\"\/images\/pdf_icon.gif\" alt=\"\" \/> <a href=\"\/Konferenzen\/Sensorsysteme-2008\/Fleischer_Exergie_herausragende_Qualitaet_der_Energien.pdf\" target=\"_blank\">\u201eExergie \u2013 die herausragende Qualit\u00e4t der Energien\u201c<\/a> (PDF, 121kB)<\/td>\n<\/tr>\n<tr align=\"left\" valign=\"top\">\n<td>16:30 \u2013 17:00<\/td>\n<td>HERMANN SCHEER, Bonn<br \/>\n<img decoding=\"async\" src=\"\/images\/pdf_icon.gif\" alt=\"\" \/> <a href=\"\/Konferenzen\/Sensorsysteme-2008\/Scheer_Solare_Energie_und_Rohstoffe.pdf\" target=\"_blank\">\u201eSolare Energie und Rohstoffe als Basis zukunftsf\u00e4higen  Wirtschaftens\u201c<\/a><br \/>\n(PDF, 192kB)<\/td>\n<\/tr>\n<tr align=\"left\" valign=\"top\">\n<td>19:00<\/td>\n<td>A B E N D E S S E N im Schlossrestaurant \u201eVitzthum\u201c<\/td>\n<\/tr>\n<\/tbody>\n<\/table>\n<p><strong>Freitag, 16. Mai 2008<\/strong><\/p>\n<p><strong>SESSION 3<\/strong><br \/>\nModeration: Gert Wangermann, Berlin<\/p>\n<table border=\"0\" width=\"100%\" cellspacing=\"5\" cellpadding=\"5\">\n<tbody>\n<tr align=\"left\" valign=\"top\">\n<td width=\"20%\">09:00 \u2013 09:30<\/td>\n<td>PETER MOSER, Kassel<br \/>\n<img decoding=\"async\" src=\"\/images\/pdf_icon.gif\" alt=\"\" \/> <a href=\"\/Konferenzen\/Sensorsysteme-2008\/Moser_Erneuerbare_Energieregionen.pdf\" target=\"_blank\">\u201c100% Erneuerbare-Energie-Regionen \u2013 Entwicklungsperspektiven und Beispiele\u201c<\/a> (PDF, 3.7MB)<\/td>\n<\/tr>\n<tr align=\"left\" valign=\"top\">\n<td>09:30 \u2013 10.00<\/td>\n<td>NORBERT AUNER, Frankfurt\/Main<br \/>\n<img decoding=\"async\" src=\"\/images\/pdf_icon.gif\" alt=\"\" \/> <a href=\"\/Konferenzen\/Sensorsysteme-2008\/Auner_von_Sand_und_Sonne_zu_Elektrizitaet.pdf\" target=\"_blank\">\u201cVon Sand und Sonne zu Elektrizit\u00e4t und Wasserstoff\u201c<\/a> (PDF, 1.6MB)<\/td>\n<\/tr>\n<tr align=\"left\" valign=\"top\">\n<td>10:00 \u2013 10:30<\/td>\n<td>HOLGER SANDLA\u00df, Berlin<br \/>\n<img decoding=\"async\" src=\"\/images\/pdf_icon.gif\" alt=\"\" \/> <a href=\"\/Konferenzen\/Sensorsysteme-2008\/Sandlass_Wasserstoff_aus_erneuerbaren_Energien.pdf\" target=\"_blank\">\u201eDie Bereitstellung von Wasserstoff aus erneuerbaren Energien und seine Nutzung\u201c<\/a> (PDF, 1.7MB)<\/td>\n<\/tr>\n<tr align=\"left\" valign=\"top\">\n<td>10:30 \u2013 11.00<\/td>\n<td>P A U S E<\/td>\n<\/tr>\n<\/tbody>\n<\/table>\n<p><strong>SESSION 4<br \/>\n<\/strong>Moderation: Lutz-G\u00fcnther Fleischer, Berlin<\/p>\n<table border=\"0\" width=\"100%\" cellspacing=\"5\" cellpadding=\"5\">\n<tbody>\n<tr align=\"left\" valign=\"top\">\n<td width=\"20%\">11:00 \u2013 11:30<\/td>\n<td>GERD LIPPOLD, N. AUNER, Ch. BAUCH, R. DELTSCHEW, Bitterfeld-Wolfen<br \/>\n\u201eAnorganische Polymere auf Si-Basis f\u00fcr Anwendungen in<br \/>\nPV und Energiespeicherung \u2013 Stand der industriellen<br \/>\nEntwicklung\u201c<\/td>\n<\/tr>\n<tr align=\"left\" valign=\"top\">\n<td>11:30 \u2013 12:00<\/td>\n<td>ROLF MERKER, Freudenstadt<br \/>\n<img decoding=\"async\" src=\"\/images\/pdf_icon.gif\" alt=\"\" \/> <a href=\"\/Konferenzen\/Sensorsysteme-2008\/Merker_Silizium_das_hightech_Erfolgsmaterial.pdf\" target=\"_blank\">\u201eSilizium \u2013 das high-tech Erfolgsmaterial der Mikroelektronik erobert neue Einsatzgebiete\u201c<\/a> (PDF, 650kB)<\/td>\n<\/tr>\n<tr align=\"left\" valign=\"top\">\n<td>12:00 \u2013 12:30<\/td>\n<td>KARL-HEINZ HECKNER, Prenzlau<br \/>\n<img decoding=\"async\" src=\"\/images\/pdf_icon.gif\" alt=\"\" \/> <a href=\"\/Konferenzen\/Sensorsysteme-2008\/Heckner_Elektrochemische_Energiespeicher_wandler.pdf\" target=\"_blank\">\u201eElektrochemische Energiespeicher und -wandler f\u00fcr dynamische Anforderungen\u201c<\/a> (PDF, 3.1MB)<\/td>\n<\/tr>\n<tr align=\"left\" valign=\"top\">\n<td>12:30 \u2013 13:30<\/td>\n<td>M I T T A G E S S E N<\/td>\n<\/tr>\n<\/tbody>\n<\/table>\n<p><strong>SESSION 5<br \/>\n<\/strong>Moderation: Dieter Sp\u00e4nkuch, Caputh<\/p>\n<table border=\"0\" width=\"100%\" cellspacing=\"5\" cellpadding=\"5\">\n<tbody>\n<tr align=\"left\" valign=\"top\">\n<td width=\"20%\">13:30 \u2013 14:00<\/td>\n<td>HARALD SCHWARZ, Cottbus<br \/>\n\u201cNetzintegration erneuerbarer Energien\u201c<\/td>\n<\/tr>\n<tr align=\"left\" valign=\"top\">\n<td>14:00 \u2013 14:30<\/td>\n<td>BIRGIT KAMM, Teltow<br \/>\n<img decoding=\"async\" src=\"\/images\/pdf_icon.gif\" alt=\"\" \/> <a href=\"\/Konferenzen\/Sensorsysteme-2008\/Kamm_Bioraffinierien_Konzepte_und_Anlagen.pdf\" target=\"_blank\">\u201eBioraffinerien \u2013 Konzepte und Anlagen\u201c<\/a> (PDF, 700kB)<\/td>\n<\/tr>\n<tr align=\"left\" valign=\"top\">\n<td>\n<p align=\"left\">14:30 \u2013 15:00<\/p>\n<\/td>\n<td>TIMO LEUKEFELD, Freiberg<br \/>\n<img decoding=\"async\" src=\"\/images\/pdf_icon.gif\" alt=\"\" \/> <a href=\"\/Konferenzen\/Sensorsysteme-2008\/Leukefeld_%20Das_Ganzjahressolarhaus.pdf\" target=\"_blank\">\u201eDas Ganzjahressolarhaus\u201c<\/a> (PDF, 2.8MB)<\/td>\n<\/tr>\n<tr align=\"left\" valign=\"top\">\n<td>15:00 \u2013 15:30<\/td>\n<td>P A U S E<\/td>\n<\/tr>\n<\/tbody>\n<\/table>\n<p><strong>SESSION 6<br \/>\n<\/strong>Moderation: Gerhard \u00d6hlmann, Berlin<\/p>\n<table border=\"0\" width=\"100%\" cellspacing=\"5\" cellpadding=\"5\">\n<tbody>\n<tr align=\"left\" valign=\"top\">\n<td width=\"20%\">15:30 \u2013 16:00<\/td>\n<td>BERND SANKOL, Th. VEESER, Hamburg<br \/>\n<img decoding=\"async\" src=\"\/images\/pdf_icon.gif\" alt=\"\" \/> <a href=\"\/Konferenzen\/Sensorsysteme-2008\/Sankol_Veeser_%20Solarthermische_Kraftwerke.pdf\" target=\"_blank\">\u201cSolarthermische Kraftwerke mit Fresnel-Kollektoren\u201d<\/a> (PDF, 2.6MB)<\/td>\n<\/tr>\n<tr align=\"left\" valign=\"top\">\n<td>16:00 \u2013 16:30<\/td>\n<td>EVA SCHUBERT, Berlin<br \/>\n<img decoding=\"async\" src=\"\/images\/pdf_icon.gif\" alt=\"\" \/> <a href=\"\/Konferenzen\/Sensorsysteme-2008\/Schubert_KarEn_eV.pdf\" target=\"_blank\">\u201eDer Verein zur F\u00f6rderung alternativer Energien in der Karibik\u201c<\/a> (PDF, 905kB)<\/td>\n<\/tr>\n<tr align=\"left\" valign=\"top\">\n<td>16:30<\/td>\n<td>SCHLUSSWORT<\/td>\n<\/tr>\n<\/tbody>\n<\/table>\n","protected":false},"excerpt":{"rendered":"<p>Donnerstag, 15. Mai 2008 12:00 \u2013 13:00 Anmeldung\/Registrierung 13:00 \u2013 13:15 Begr\u00fc\u00dfung und Er\u00f6ffnung (PDF, 1.5MB) Lutz-G\u00fcnther Fleischer, Berlin SESSION 1 Moderation: Lutz-G\u00fcnther Fleischer, Berlin 13:15 \u2013 14:00 GERHARD BANSE, <a class=\"more-link\" href=\"https:\/\/leibniz-institut.de\/ru\/konferenzen\/konferenz-archiv\/6-leibniz-konferenz-solarzeitalter-2008\/lk6-detail\/\">Weiterlesen \u2192<\/a><\/p>\n","protected":false},"author":2,"featured_media":0,"parent":112,"menu_order":0,"comment_status":"closed","ping_status":"closed","template":"","meta":{"footnotes":""},"class_list":["post-211","page","type-page","status-publish","hentry"],"translation":{"provider":"WPGlobus","version":"3.0.2","language":"ru","enabled_languages":["de","en","ru"],"languages":{"de":{"title":true,"content":true,"excerpt":false},"en":{"title":false,"content":false,"excerpt":false},"ru":{"title":false,"content":false,"excerpt":false}}},"_links":{"self":[{"href":"https:\/\/leibniz-institut.de\/ru\/wp-json\/wp\/v2\/pages\/211","targetHints":{"allow":["GET"]}}],"collection":[{"href":"https:\/\/leibniz-institut.de\/ru\/wp-json\/wp\/v2\/pages"}],"about":[{"href":"https:\/\/leibniz-institut.de\/ru\/wp-json\/wp\/v2\/types\/page"}],"author":[{"embeddable":true,"href":"https:\/\/leibniz-institut.de\/ru\/wp-json\/wp\/v2\/users\/2"}],"replies":[{"embeddable":true,"href":"https:\/\/leibniz-institut.de\/ru\/wp-json\/wp\/v2\/comments?post=211"}],"version-history":[{"count":5,"href":"https:\/\/leibniz-institut.de\/ru\/wp-json\/wp\/v2\/pages\/211\/revisions"}],"predecessor-version":[{"id":504,"href":"https:\/\/leibniz-institut.de\/ru\/wp-json\/wp\/v2\/pages\/211\/revisions\/504"}],"up":[{"embeddable":true,"href":"https:\/\/leibniz-institut.de\/ru\/wp-json\/wp\/v2\/pages\/112"}],"wp:attachment":[{"href":"https:\/\/leibniz-institut.de\/ru\/wp-json\/wp\/v2\/media?parent=211"}],"curies":[{"name":"wp","href":"https:\/\/api.w.org\/{rel}","templated":true}]}}