{"id":2174,"date":"2025-09-30T13:30:55","date_gmt":"2025-09-30T13:30:55","guid":{"rendered":"https:\/\/leibniz-institut.de\/?page_id=2174"},"modified":"2025-10-16T07:24:05","modified_gmt":"2025-10-16T07:24:05","slug":"leibniz-symposia-on-multiomics","status":"publish","type":"page","link":"https:\/\/leibniz-institut.de\/ru\/lifis-akademie\/leibniz-symposia-on-multiomics\/","title":{"rendered":"Leibniz Symposia On Multiomics"},"content":{"rendered":"\n<h2 class=\"wp-block-heading\">Recent Advances in OMICS Technologies<\/h2>\n\n\n\n<h3 class=\"wp-block-heading\">Organisatoren: <\/h3>\n\n\n\n<p><a href=\"https:\/\/leibniz-institut.de\/multiomics\" data-type=\"page\" data-id=\"2088\">LEIBNIZ-INSTITUT f\u00fcr Interdisziplin\u00e4re Studien e.V.<\/a> (LIFIS) Berlin<br>in Zusammenarbeit mit <img loading=\"lazy\" decoding=\"async\" width=\"150\" height=\"76\" class=\"wp-image-2200\" style=\"width: 150px;\" src=\"https:\/\/leibniz-institut.de\/WordPress_01\/wp-content\/uploads\/dna24.jpg\" alt=\"dna24.net\"> und anderen Partnern<\/p>\n\n\n\n<h3 class=\"wp-block-heading\">Programminhalt:<\/h3>\n\n\n\n<p>Aufgrund der rasanten Entwicklungen bei Diagnoseplattformen in Richtung umfassender Multiplexit\u00e4t heute oder in naher Zukunft wird die Labordiagnostik ein neues Niveau erreichen, das ein weitgehend umfassendes Bild der untersuchten Person erm\u00f6glicht. Zuk\u00fcnftige Diagnosedaten werden zuverl\u00e4ssig und in hoch standardisierter Form mit einer sehr geringen Anzahl von Analysen auf einer begrenzten Anzahl von Diagnoseplattformen gewonnen werden k\u00f6nnen. Das bedeutet, dass eine Diagnose schneller gestellt und eine personalisierte Therapie bei Bedarf fr\u00fcher begonnen werden kann.<br>Die Grundidee dieser zugrunde liegenden Vision basiert auf einer standardisierten, multiplex-multiparametrischen Untersuchung aller verf\u00fcgbaren K\u00f6rperfl\u00fcssigkeiten, aber auch von Zellen, Geweben, Stuhlproben oder Biofilmen zur umfassenden Identifizierung von Krankheitserregern und gleichzeitigen Erkennung anderer pathogener Ver\u00e4nderungen im Genom, Transkriptom, Epigenom, Mikrobiom und parallel dazu im Proteom\/Peptidom und Metabolom.<br>Nach der Datenerfassung erfolgt unmittelbar ein KI-gesteuerter Abgleich mit speziellen Datenbanken, der nach dem Vergleich mit big data-basierten Referenzkollektiven in k\u00fcrzester Zeit pathologisch ver\u00e4nderte Parameter identifizieren l\u00e4sst. Diese validierten Informationen als Gesamtergebnis sollten dann, wenn m\u00f6glich, zu einem Vorschlag f\u00fcr eine personalisierte, optimierte Therapie f\u00fcr die jeweilige Person f\u00fchren. Konventionelle, leitlinienbasierte Therapieoptionen sollten Vorrang haben, aber auch alternative Behandlungsm\u00f6glichkeiten sollten identifiziert werden. Neue Therapieformen wie Stammzellen, CAR-T-Zellen und Genom-Editierung k\u00f6nnen ebenfalls vorgeschlagen werden, wenn alle pers\u00f6nlichen Daten verf\u00fcgbar sind. AlleTherapievorschl\u00e4ge m\u00fcssen auf evidenzbasierten Daten aus gro\u00dfen wissenschaftlich ver\u00f6ffentlichten Studien oder Kohortenanalysen auf der Grundlage realer Daten beruhen. Die zuk\u00fcnftige Struktur von Laboreinheiten f\u00fcr die schnelle Erstellung und Auswertung von Forschungs- und Labordaten soll in Form von Brainstorming-Sitzungen diskutiert werden. Die Referenten sind Vertreter verschiedener Unternehmen, die diagnostikrelevante Reagenzien, Technologien oder Ger\u00e4te herstellen. Sie werden die Vor- und Nachteile ihrer Plattformtechnologien mit anderen Vertretern oder Anwendern dieser Produkte diskutieren. Das Ziel dieser Symposien ist es, die derzeit umfassendsten und praktischsten Entwicklungen im Bereich der Multi-Omics vorzustellen. Dabei soll die Plattform mit dem vielf\u00e4ltigsten Anwendungsspektrum und den geringsten Anforderungen daf\u00fcr ermittelt werden. Nach einer kurzen Vorstellung der Gesamtidee durch den Symposiumsorganisator und einem<br>allgemeinen Einf\u00fchrungsvortrag wird ein Vertreter (vorzugsweise vom Premium-Partner) einen Plenarvortrag \u00fcber die bestehende Technologieentwicklung mit all ihren Anwendungsm\u00f6glichkeiten halten. Neben den datentechnischen, methodischen und ausstattungsbezogenen Aspekten der zuk\u00fcnftigen Laborarbeit werden auch r\u00e4umliche und netzwerkbezogene Anforderungen als zuk\u00fcnftige Laborentit\u00e4ten behandelt. Die folgenden Referenten orientieren sich an der Plenarvorlesung und stellen anschlie\u00dfend ihre analogen technologischen Entwicklungen vor, wobei sie insbesondere auf die Vorteile, weiteren Anwendungsbereiche und Grenzen ihrer eigenen oder anderer Plattformen eingehen.<br>Ziel dieser Symposien ist es, den aktuellen Stand der Technik f\u00fcr jeden OMICS-Bereich in<br>Forschung und Diagnostik zu ermitteln.<\/p>\n\n\n\n<h3 class=\"wp-block-heading\">Vorgesehener Programmablauf:<\/h3>\n\n\n\n<ul class=\"wp-block-list\">\n<li>Begr\u00fc\u00dfung \u2013 Dr. La\u00dfner, DNA24.net und LIFIS \u2013 15 Min.<\/li>\n\n\n\n<li>Einf\u00fchrungsvortrag (30 Min.) \u2013 verschiedene Referenten<\/li>\n\n\n\n<li>Leitvortrag zur technologischen Anwendung \u2013 vorzugsweise durch Premium-Partner (30-<br>60 Min.)<\/li>\n\n\n\n<li>2\u20133 Kurzvortr\u00e4ge von Vertretern konkurrierender Unternehmen (jeweils 15 Min.)<\/li>\n\n\n\n<li>Fragen und Antworten<\/li>\n\n\n\n<li>Symposium-Get-together<\/li>\n<\/ul>\n\n\n\n<p><strong>Workshop Tagungsort: <\/strong>Berlin, es wird verschiedene Tagungsorte geben<br><strong>Konferenz Sprache:<\/strong> Deutsch\/Englisch<\/p>\n\n\n\n<h3 class=\"wp-block-heading\"><a href=\"https:\/\/leibniz-institut.de\/leibniz-symposia-on-multinomics-program\/\" data-type=\"page\" data-id=\"2231\">Planung und Ank\u00fcndigung<\/a> der Symposia<\/h3>\n\n\n\n<p>Bitte kontaktieren Sie <a href=\"mailto:info@dna24.net\">D. La\u00dfner<\/a>, wenn Sie daran interessiert sind, in der Reihe eine Premium-Partnerschaft zu \u00fcbernehmen.<br><strong>Eingeladene Referenten<\/strong> <strong>(Auswahl)<\/strong>: Siehe Details zum jeweiligen Workshop<br><strong>Teilnahme:<\/strong> Hybrid &#8212; Teilnahme vor Ort und online m\u00f6glich<br>Bitte pr\u00fcfen Sie f\u00fcr jeden einzelnen Workshop, ob die Online-Option verf\u00fcgbar ist.<\/p>\n\n\n\n<p><strong>Anmeldung:<\/strong><br>Teilnahme vor Ort: maximal 60 Teilnehmer, Anmeldegeb\u00fchr: 60 Euro. Online-Anmeldung erforderlich <br>Online-Teilnahme: keine Begrenzung, Anmeldegeb\u00fchr: 20 Euro. Online-Anmeldung erforderlich, der Einwahlcode wird an die bei der Anmeldung angegebene E-Mail-Adresse gesendet.<\/p>\n\n\n\n<p><strong>Abonnement f\u00fcr 10 Workshops \u2013 Teilnahme vor Ort:<\/strong> 450 \u20ac<br>F\u00fcr das Abonnement k\u00f6nnen bestimmte Workshops ausgew\u00e4hlt werden; andernfalls gilt es<br>f\u00fcr die 10 aufeinanderfolgenden Veranstaltungen. Die Verf\u00fcgbarkeit ist Voraussetzung. Es<br>gilt das Prinzip \u201eWer zuerst kommt, mahlt zuerst\u201c.<\/p>\n\n\n\n<p><strong><a href=\"https:\/\/leibniz-institut.de\/multiomics-registration\/\" data-type=\"page\" data-id=\"2214\">Webseite<\/a> zur Anmeldung<\/strong><br><strong>Kontaktemail<\/strong> f\u00fcr Vortragende und Premium Partner: info@dna24.net<\/p>\n\n\n\n<p>K\u00fcnftig werden alle Symposien digital aufgezeichnet und eine Woche nach der Veranstaltung \u00fcber die LIFIS-EDU-Plattform f\u00fcr alle registrierten Teilnehmer online verf\u00fcgbar gemacht!<\/p>\n\n\n\n<h3 class=\"wp-block-heading\"><strong>Premium Partner Paket (500 Euro pro Workshop):<\/strong><\/h3>\n\n\n\n<ul class=\"wp-block-list\">\n<li>Teilnahme bis zu 5 Vertreter seiner Wahl inklusive dem Referenten<\/li>\n\n\n\n<li>beinhaltet nur das Aufstellen eines Roll-ups und\/oder die Auslage von Werbematerial<\/li>\n\n\n\n<li>Der Premium-Partner ist ein Marktf\u00fchrer und darf durch einen von ihm benannten Referen-<br>ten seine bisherige Technologie zu dem jeweiligen Thema vollumf\u00e4nglich als State-of the Art<br>auf diesen Workshops (30-60 min) darstellen.<\/li>\n<\/ul>\n\n\n\n<p>Nachfolgend:<\/p>\n\n\n\n<ul class=\"wp-block-list\">\n<li>Andere Anbieter (2-3) oder Nutzer k\u00f6nnen danach ihre Pros\/Cons f\u00fcr alternative technologi-<br>sche Anwendungen in kurzen Referaten (15 min) pr\u00e4sentieren.<\/li>\n\n\n\n<li>Alle Referate und angeprochenen Themen werden durch das Auditorium diskutiert.<\/li>\n<\/ul>\n\n\n\n<p>Das LIFIS, als wissenschaftliches Backup, w\u00fcrde bei allen Meeting im Nachgang eine kurze<br>Zusammenfassung und allgemeine Bewertung der vorgestellten Technologie mit allen<br>Pro\/Cons erstellen, welche \u00fcber die LIFIS-Homepage ver\u00f6ffentlicht werden.<br>Die Ergebnisse dieser Workshops und die dazugeh\u00f6rigen Zusammenfassungen des LIFIS<br>gelten als Empfehlungen f\u00fcr das virtuelle Projekt &#171;Labor der Zukunft&#187;.<\/p>\n\n\n\n<h3 class=\"wp-block-heading\">Werbem\u00f6glichkeiten f\u00fcr andere Partner (maximal 4 Partner pro Workshop) :<\/h3>\n\n\n\n<ul class=\"wp-block-list\">\n<li>Paket 1 : 200 Euro pro Workshop\n<ul class=\"wp-block-list\">\n<li>beinhaltet die Teilnahme von einem Vertreter und\/oder das Aufstellen eines Roll-ups und die Auslage von Werbematerial<\/li>\n<\/ul>\n<\/li>\n\n\n\n<li>Paket 2 : 100 Euro pro Workshop\n<ul class=\"wp-block-list\">\n<li>beinhaltet nur das Aufstellen eines Roll-ups und\/oder die Auslage von Werbematerial<\/li>\n<\/ul>\n<\/li>\n\n\n\n<li>Abo f\u00fcr 10 Workshops-Paket 1: 1.500 Euro (einmalige Zahlung)<\/li>\n\n\n\n<li>Abo f\u00fcr 10 Workshops-Paket 2: 800 Euro (einmalige Zahlung)<\/li>\n\n\n\n<li>F\u00fcr die Abo k\u00f6nnen bestimmte Workshops ausgew\u00e4hlt werden, sonst gelten diese f\u00fcr die 10 nachfolgenden Veranstaltungen. Voraussetzung ist die jeweilige Verf\u00fcgbarkeit. Es gilt das First-comes-First -Prinzip.<\/li>\n<\/ul>\n","protected":false},"excerpt":{"rendered":"<p>Recent Advances in OMICS Technologies Organisatoren: LEIBNIZ-INSTITUT f\u00fcr Interdisziplin\u00e4re Studien e.V. (LIFIS) Berlinin Zusammenarbeit mit und anderen Partnern Programminhalt: Aufgrund der rasanten Entwicklungen bei Diagnoseplattformen in Richtung umfassender Multiplexit\u00e4t heute <a class=\"more-link\" href=\"https:\/\/leibniz-institut.de\/ru\/lifis-akademie\/leibniz-symposia-on-multiomics\/\">Weiterlesen \u2192<\/a><\/p>\n","protected":false},"author":2,"featured_media":0,"parent":2192,"menu_order":3,"comment_status":"closed","ping_status":"closed","template":"","meta":{"footnotes":""},"class_list":["post-2174","page","type-page","status-publish","hentry"],"translation":{"provider":"WPGlobus","version":"3.0.2","language":"ru","enabled_languages":["de","en","ru"],"languages":{"de":{"title":true,"content":true,"excerpt":false},"en":{"title":true,"content":true,"excerpt":false},"ru":{"title":false,"content":false,"excerpt":false}}},"_links":{"self":[{"href":"https:\/\/leibniz-institut.de\/ru\/wp-json\/wp\/v2\/pages\/2174","targetHints":{"allow":["GET"]}}],"collection":[{"href":"https:\/\/leibniz-institut.de\/ru\/wp-json\/wp\/v2\/pages"}],"about":[{"href":"https:\/\/leibniz-institut.de\/ru\/wp-json\/wp\/v2\/types\/page"}],"author":[{"embeddable":true,"href":"https:\/\/leibniz-institut.de\/ru\/wp-json\/wp\/v2\/users\/2"}],"replies":[{"embeddable":true,"href":"https:\/\/leibniz-institut.de\/ru\/wp-json\/wp\/v2\/comments?post=2174"}],"version-history":[{"count":16,"href":"https:\/\/leibniz-institut.de\/ru\/wp-json\/wp\/v2\/pages\/2174\/revisions"}],"predecessor-version":[{"id":2246,"href":"https:\/\/leibniz-institut.de\/ru\/wp-json\/wp\/v2\/pages\/2174\/revisions\/2246"}],"up":[{"embeddable":true,"href":"https:\/\/leibniz-institut.de\/ru\/wp-json\/wp\/v2\/pages\/2192"}],"wp:attachment":[{"href":"https:\/\/leibniz-institut.de\/ru\/wp-json\/wp\/v2\/media?parent=2174"}],"curies":[{"name":"wp","href":"https:\/\/api.w.org\/{rel}","templated":true}]}}